{"id":106,"date":"2010-01-21T13:49:03","date_gmt":"2010-01-21T11:49:03","guid":{"rendered":"https:\/\/webs.uab.cat\/fonteseurasiae\/proyectos\/"},"modified":"2010-01-21T13:49:03","modified_gmt":"2010-01-21T11:49:03","slug":"proyectos","status":"publish","type":"page","link":"https:\/\/webs.uab.cat\/fonteseurasiae\/proyectos\/","title":{"rendered":"Proyectos"},"content":{"rendered":"<p>El punto de partida del presente grupo de investigaci\u00f3n fue la tesis doctoral del <a href=\"http:\/\/grupsderecerca.uab.cat\/fonteseurasiae\/sites\/grupsderecerca.uab.cat.fonteseurasiae\/files\/cv_alemany_05.2019.pdf\">Dr. Agust\u00ed Alemany<\/a>, tiulada&nbsp;<a href=\"http:\/\/www.tdx.cat\/handle\/10803\/5554\" target=\"_blank\" rel=\"noopener\"><em>Compendi cr\u00edtic de fonts per a l\u2019estudi de la hist\u00f2ria, cultura i llengua dels alans<\/em><\/a>&nbsp;(<strong>1997<\/strong>). Una traducci\u00f3n inglesa revisada y ampliada de la misma fue publicada por la&nbsp;editorial E.J. Brill (Leiden) como&nbsp;<a href=\"http:\/\/books.google.de\/books?id=8bZ4c5oZpNAC&amp;printsec=frontcover&amp;dq=sources+on+the+alans&amp;hl=es&amp;sa=X&amp;ei=depbUcqQKe-S7AabioDYBw&amp;ved=0CC4Q6AEwAA#v=onepage&amp;q=sources%20on%20the%20alans&amp;f=false\" target=\"_blank\" rel=\"noopener\"><em>Sources on the Alans. A Critical Compilation<\/em><\/a>&nbsp;(<strong>2000<\/strong>) dentro de la serie dedicada a Asia Central de su acreditada colecci\u00f3n&nbsp;<em>Handbuch der Orientalistik,&nbsp;<\/em>y posteriormente traducida al ruso como&nbsp;<a href=\"http:\/\/www.iriston.com\/nogbon\/news.php?newsid=438\" target=\"_blank\" rel=\"noopener\"><em>\u0410\u043b\u0430\u043d\u044b \u0432 \u0434\u0440\u0435\u0432\u043d\u0438\u0445 \u0438 \u0441\u0440\u0435\u0434\u043d\u0435\u0432\u0435\u043a\u043e\u0432\u044b\u0445 \u043f\u0438\u0441\u044c\u043c\u0435\u043d\u043d\u044b\u0445 \u0438\u0441\u0442\u043e\u0447\u043d\u0438\u043a\u0430\u0445<\/em><\/a>&nbsp;(<strong>2003<\/strong>) por la editorial Mened\u017eer (Mosc\u00fa). Tras la buena acogida que obtuvo esta obra, el Dr. Alemany pudo proseguir sus estudios sobre las fuentes relativas a Eurasia Central gracias a dos becas (1-2) y finalmente se plante\u00f3 la posibilidad de crear un grupo de investigaci\u00f3n pluridisciplinar que, por una parte, agrupara especialistas en las diferentes filolog\u00edas imprescindibles para acceder con garant\u00edas a dichas fuentes, prestando especial atenci\u00f3n a su estudio entendido como una ciencia auxiliar de la historia, y, por otra, ayudara a la implantaci\u00f3n de los estudios sobre Eur\u0430sia Central&nbsp;en Catalu\u00f1a y Espa\u00f1a&nbsp;(3-6).&nbsp;<\/p>\n<p>6. Proyecto de Investigaci\u00f3n&nbsp;FFI2014-58878-P (<strong>2015-2019<\/strong>)<br \/>\n<em>Prosopographia Eurasiae Centralis Antiquae et Medii Aevi<\/em><br \/>\nInvestigadores:&nbsp;Alemany [IP], G\u00f3mez, Kubyshina, Medina, Oller, Ram\u00edrez<br \/>\nMinisterio de Economia y Competitividad<\/p>\n<p>5. Proyecto de Investigaci\u00f3n FFI2010-18104 FILO (<strong>2011-2014<\/strong>)<br \/>\n<em>Fuentes para el Estudio del Contacto de Poblaciones en Eurasia Central Antigua y Medieval<\/em><br \/>\nInvestigadores:&nbsp;Alemany [IP], Cutillas, Ginest\u00ed, Kubyshina, Medina, Oller, Ram\u00edrez<br \/>\nMinisterio de Ciencia e Innovaci\u00f3n<\/p>\n<p>4. Grupo de Investigaci\u00f3n 2009SGR0018 (<strong>2009-2014<\/strong>)<br \/>\n<em>Fontes Eurasiae Septentrionalis Antiquae et Medii Aevi<\/em><br \/>\nInvestigadores:&nbsp;Alemany [IP], *Alborty,&nbsp;Antela, Arsentieva, Cutillas, G\u00f3mez, Jo, Kubyshina, \u00d1aco, Puigvert, Ram\u00edrez<br \/>\nDepartament d&#8217;Universitats, Recerca i Societat de la Informaci\u00f3<\/p>\n<p>3. Proyecto de Investigaci\u00f3n HUM2007-64919 (<strong>2007-2010<\/strong>)<br \/>\n<em>Fuentes Cl\u00e1sicas y Orientales sobre la Eurasia Central Preisl\u00e1mica<\/em><br \/>\nInvestigadores: Alemany [IP], Alborty, Ginest\u00ed, Kubyshina, Medina, Oller, Ram\u00edrez<br \/>\nMinisterio de Educaci\u00f3n y Ciencia<\/p>\n<p>2.&nbsp;Beca de Investigaci\u00f3n en el Seminar f\u00fcr Iranistik de la Universit\u00e4t G\u00f6ttingen (<strong>2007-2008<\/strong>)<br \/>\n<em>Der Niedergang der iranischsprachigen Steppennomaden.<\/em><br \/>\n<em>Sprach- und Kulturkontakte zwischen iranischen und t\u00fcrkischen Nomadenv\u00f6lkern in den westeurasischen Steppen vom 5. bis 10. Jh. n.Chr.<\/em><br \/>\nInvestigador: Alemany [IP]<br \/>\nAlexander von Humboldt Stiftung<\/p>\n<p>1. Distinci\u00f3n de la Generalitat de Catalunya para la Promoci\u00f3n de la Investigaci\u00f3n Universitaria \u201cJoven Investigador\u201d 2004DPRJI-00105 (<strong>2004-2008<\/strong>)<br \/>\n<em>Fuentes griegas sobre Eurasia Central<\/em><br \/>\nInvestigador: Alemany [IP]<br \/>\nDepartament d&#8217;Universitats, Recerca i Societat de la Informaci\u00f3<\/p>\n","protected":false},"excerpt":{"rendered":"<p>El punto de partida del presente grupo de investigaci\u00f3n fue la tesis doctoral del Dr. Agust\u00ed Alemany, tiulada&nbsp;Compendi cr\u00edtic de fonts per a l\u2019estudi de la hist\u00f2ria, cultura i llengua dels alans&nbsp;(1997). Una traducci\u00f3n inglesa revisada y ampliada de la misma fue publicada por la&nbsp;editorial E.J. Brill (Leiden) como&nbsp;Sources on the Alans. A Critical Compilation&nbsp;(2000) [&hellip;]<\/p>\n","protected":false},"author":20,"featured_media":0,"parent":0,"menu_order":0,"comment_status":"closed","ping_status":"closed","template":"","meta":{"footnotes":""},"class_list":["post-106","page","type-page","status-publish","hentry"],"_links":{"self":[{"href":"https:\/\/webs.uab.cat\/fonteseurasiae\/wp-json\/wp\/v2\/pages\/106","targetHints":{"allow":["GET"]}}],"collection":[{"href":"https:\/\/webs.uab.cat\/fonteseurasiae\/wp-json\/wp\/v2\/pages"}],"about":[{"href":"https:\/\/webs.uab.cat\/fonteseurasiae\/wp-json\/wp\/v2\/types\/page"}],"author":[{"embeddable":true,"href":"https:\/\/webs.uab.cat\/fonteseurasiae\/wp-json\/wp\/v2\/users\/20"}],"replies":[{"embeddable":true,"href":"https:\/\/webs.uab.cat\/fonteseurasiae\/wp-json\/wp\/v2\/comments?post=106"}],"version-history":[{"count":0,"href":"https:\/\/webs.uab.cat\/fonteseurasiae\/wp-json\/wp\/v2\/pages\/106\/revisions"}],"wp:attachment":[{"href":"https:\/\/webs.uab.cat\/fonteseurasiae\/wp-json\/wp\/v2\/media?parent=106"}],"curies":[{"name":"wp","href":"https:\/\/api.w.org\/{rel}","templated":true}]}}