{"id":113,"date":"2010-01-21T14:07:13","date_gmt":"2010-01-21T12:07:13","guid":{"rendered":"https:\/\/webs.uab.cat\/fonteseurasiae\/actividades\/"},"modified":"2022-09-28T10:42:50","modified_gmt":"2022-09-28T08:42:50","slug":"actividades","status":"publish","type":"page","link":"https:\/\/webs.uab.cat\/fonteseurasiae\/actividades\/","title":{"rendered":"Actividades"},"content":{"rendered":"\n<h2 class=\"wp-block-heading\"><strong><strong>Congresos<\/strong><\/strong>&nbsp;<strong>(UAB)<\/strong><\/h2>\n\n\n\n<p>7-10\/05\/<strong>2007<\/strong> (UAB)\u00a0International Conference\u00a0<em>Scythians, Sarmatians, Alans: Iranian-Speaking Nomads of the Eurasian Steppes, <\/em>organizada por Agust\u00ed Alemany y Irina Arzhantseva<em>\u00a0<\/em>en colaboraci\u00f3n con el\u00a0<em>Institut \u00c8tnologii i Antropologii Russkoj Akademii Nauk<\/em> (<em>I\u00c8A RAN<\/em>, Mosc\u00fa) <a href=\"https:\/\/webs.uab.cat\/fonteseurasiae\/wp-content\/uploads\/sites\/228\/2016\/10\/Final-Program-2007.pdf\" data-type=\"attachment\" data-id=\"117\">Programa<\/a>\u00a0<a href=\"https:\/\/webs.uab.cat\/fonteseurasiae\/wp-content\/uploads\/sites\/228\/2016\/10\/Abstracts-Barcelona.pdf\" data-type=\"attachment\" data-id=\"114\" target=\"_blank\" rel=\"noreferrer noopener\">Abstracts<\/a><\/p>\n\n\n\n<p>11\/03\/<strong>2013<\/strong> (UAB) I Workshop Internacional\u00a0<em>Asia Central en la antig\u00fcedad. Aproximaciones pluridisciplinares<\/em>, organizado por Borja Antela <a href=\"https:\/\/webs.uab.cat\/fonteseurasiae\/wp-content\/uploads\/sites\/228\/2016\/10\/Triptico-Asia-Central.pdf\" data-type=\"attachment\" data-id=\"116\">Programa<\/a><\/p>\n\n\n\n<p>4\/12\/<strong>2013<\/strong> (UAB) Workshop <em>Asia Central en la antig\u00fcedad: testimonios arqueol\u00f3gicos<\/em>, organizado por Ilaria Vincenzi. <a href=\"https:\/\/webs.uab.cat\/fonteseurasiae\/wp-content\/uploads\/sites\/228\/2016\/10\/Cartell-Workshop.pdf\" data-type=\"attachment\" data-id=\"115\">Programa<\/a><\/p>\n\n\n\n<p>19-20\/11\/<strong>2018<\/strong> (UAB) <em>4th Meeting of the Society of Iranian &amp; Turanian Studies:\u00a0Genealogy, Transmissions and Prosopography <\/em><a href=\"https:\/\/webs.uab.cat\/fonteseurasiae\/wp-content\/uploads\/sites\/228\/2019\/05\/4th_meeting_seit_flyer.pdf\" data-type=\"attachment\" data-id=\"153\">Programa<\/a><\/p>\n\n\n\n<h2 class=\"wp-block-heading\"><strong>Conferencias (UAB)<\/strong><\/h2>\n\n\n\n<p>03\/05\/<strong>2004<\/strong> Vera B. Kovalevskaja (<em>I\u00c8A RAN<\/em>, Mosc\u00fa)&nbsp;<em>Migration of&nbsp;<\/em><em>Asiatic Peoples to Western Europe<\/em><\/p>\n\n\n\n<p>28-30\/11\/<strong>2005&nbsp;<\/strong>Irina A. Arzhantseva&nbsp;(<em>I\u00c8A RAN<\/em>, Mosc\u00fa) ciclo de tres conferencias:&nbsp;<em>Archaeological Evidence for the North Caucasian Branch of&nbsp;<\/em><em>the Silk Road \/&nbsp;Christianization and Remains of Paganism in Ossetia-Alania \/&nbsp;<\/em><em>Between Islam and&nbsp;<\/em><em>Khazaria: the System of Fortresses of Medieval Alania (7th-9th c. AD<\/em><em>)<\/em><\/p>\n\n\n\n<p>2-3\/10\/<strong>2007<\/strong> Gocha Tsetskhladze (University of Melbourne) ciclo de dos conferencias:&nbsp;<em>Ionians around the Black Sea \/&nbsp;Mtskheta: Capital of Caucasian Iberia (Eastern Georgia)<\/em><\/p>\n\n\n\n<p>22\/10\/<strong>2012<\/strong> Gocha Tsetskhladze (University of Melbourne)&nbsp;<em>Pessinus in Central Turkey, Temple City of the Great Mother Goddess, Cybele<\/em><\/p>\n\n\n\n<p>01\/03\/<strong>2013<\/strong> Jos\u00e9 Andr\u00e9s Alonso de la Fuente (Instytut Orientalistyki, Uniwersytet Jagiello\u0144ski, Cracovia)&nbsp;<em>Filolog\u00eda y ling\u00fc\u00edstica en el mundo t\u00farquico<\/em><\/p>\n\n\n\n<p>08\/02\/<strong>2016<\/strong> Xiang Wan (Xi&#8217;an Jiaotong University) <em>The Silk Road: Past &amp; Present<\/em><\/p>\n\n\n\n<p>25\/04\/<strong>2017<\/strong> \u00c9ric Pirart (Universit\u00e9 de Li\u00e8ge) <em>Els viatges d\u2019Ar\u00edsteas de Proconn\u00e8s<\/em><\/p>\n\n\n\n<p>29\/04\/<strong>2019<\/strong> \u00c9ric Pirart (Universit\u00e9 de Li\u00e8ge) <em>Cops d\u2019estat a l\u2019Iran en el s. VI a.C.: qui \u00e9s qui? Una lectura orientalista d\u2019Her\u00f2dot<\/em><\/p>\n","protected":false},"excerpt":{"rendered":"<p>Congresos&nbsp;(UAB) 7-10\/05\/2007 (UAB)\u00a0International Conference\u00a0Scythians, Sarmatians, Alans: Iranian-Speaking Nomads of the Eurasian Steppes, organizada por Agust\u00ed Alemany y Irina Arzhantseva\u00a0en colaboraci\u00f3n con el\u00a0Institut \u00c8tnologii i Antropologii Russkoj Akademii Nauk (I\u00c8A RAN, Mosc\u00fa) Programa\u00a0Abstracts 11\/03\/2013 (UAB) I Workshop Internacional\u00a0Asia Central en la antig\u00fcedad. Aproximaciones pluridisciplinares, organizado por Borja Antela Programa 4\/12\/2013 (UAB) Workshop Asia Central en la [&hellip;]<\/p>\n","protected":false},"author":20,"featured_media":0,"parent":0,"menu_order":0,"comment_status":"closed","ping_status":"closed","template":"","meta":{"footnotes":""},"class_list":["post-113","page","type-page","status-publish","hentry"],"_links":{"self":[{"href":"https:\/\/webs.uab.cat\/fonteseurasiae\/wp-json\/wp\/v2\/pages\/113","targetHints":{"allow":["GET"]}}],"collection":[{"href":"https:\/\/webs.uab.cat\/fonteseurasiae\/wp-json\/wp\/v2\/pages"}],"about":[{"href":"https:\/\/webs.uab.cat\/fonteseurasiae\/wp-json\/wp\/v2\/types\/page"}],"author":[{"embeddable":true,"href":"https:\/\/webs.uab.cat\/fonteseurasiae\/wp-json\/wp\/v2\/users\/20"}],"replies":[{"embeddable":true,"href":"https:\/\/webs.uab.cat\/fonteseurasiae\/wp-json\/wp\/v2\/comments?post=113"}],"version-history":[{"count":2,"href":"https:\/\/webs.uab.cat\/fonteseurasiae\/wp-json\/wp\/v2\/pages\/113\/revisions"}],"predecessor-version":[{"id":202,"href":"https:\/\/webs.uab.cat\/fonteseurasiae\/wp-json\/wp\/v2\/pages\/113\/revisions\/202"}],"wp:attachment":[{"href":"https:\/\/webs.uab.cat\/fonteseurasiae\/wp-json\/wp\/v2\/media?parent=113"}],"curies":[{"name":"wp","href":"https:\/\/api.w.org\/{rel}","templated":true}]}}