{"id":123,"date":"2013-03-13T16:09:10","date_gmt":"2013-03-13T14:09:10","guid":{"rendered":"https:\/\/webs.uab.cat\/fonteseurasiae\/resultados\/"},"modified":"2022-09-28T10:39:38","modified_gmt":"2022-09-28T08:39:38","slug":"resultados","status":"publish","type":"page","link":"https:\/\/webs.uab.cat\/fonteseurasiae\/resultados\/","title":{"rendered":"Resultados"},"content":{"rendered":"\n<p>\u2014 <a href=\"https:\/\/webs.uab.cat\/fonteseurasiae\/griegos-poblaciones-escitosarmatas-s-vi-ac-iii-dc\/\" data-type=\"page\" data-id=\"125\">Griegos &amp; poblaciones escitos\u00e1rmatas (s. VI aC\u2013III dC)<\/a>: Abell\u00f3, Alemany, Ginest\u00ed, <strong>Oller<\/strong>.<br>\u2014 <a href=\"https:\/\/webs.uab.cat\/fonteseurasiae\/china-y-eurasia-central-s-ii-ac-xiv-dc\/\" data-type=\"page\" data-id=\"131\">China y Eurasia Central (s. II aC\u2013XIV dC)<\/a>:<strong> Ram\u00edrez<\/strong><br>\u2014 <a href=\"https:\/\/webs.uab.cat\/fonteseurasiae\/les-fonts-grecollatines-sobre-les-fronteres-septentrionals-de-liran-sassanida-trabajo-de-investigacion-dirigido-por-a-alemany\/\" data-type=\"page\" data-id=\"126\">Fronteras septentrionales del imperio sas\u00e1nida (s. III-VII)<\/a>: Alemany, <strong>Olaya<\/strong>, Sami<br>\u2014 <a href=\"https:\/\/webs.uab.cat\/fonteseurasiae\/nomadas-y-sedentarios-en-sogdiana-s-iv-viii\/\" data-type=\"page\" data-id=\"155\">N\u00f3madas y sedentarios en Sogdiana (s. IV-VIII)<\/a>: <strong>Vincenzi<\/strong><br>\u2014 <a href=\"https:\/\/webs.uab.cat\/fonteseurasiae\/nomadas-esteparios-iranofonos-turcofonos-s-v-x\/\" data-type=\"page\" data-id=\"124\">N\u00f3madas esteparios iran\u00f3fonos &amp; turc\u00f3fonos (s. V-X)<\/a>: <strong>Alemany<\/strong><br>\u2014 <a href=\"https:\/\/webs.uab.cat\/fonteseurasiae\/principados-rusos-y-nomadas-turcomongoles-s-ix-xiii\/\" data-type=\"page\" data-id=\"128\">Principados rusos y n\u00f3madas turcomongoles (s. IX-XIII)<\/a>: Alemany, <strong>Kubyshina<\/strong><br>\u2014 <a href=\"https:\/\/webs.uab.cat\/fonteseurasiae\/fuentes-latinas-medievales-esp-viajeros-europeos-en-el-imperio-mongol-s-xiii-xiv\/\" data-type=\"page\" data-id=\"129\">Fuentes latinas medievales, esp. viajeros y misioneros europeos en el imperio mongol (s. XIII-XIV)<\/a>: Alemany, <strong>Puigvert<\/strong><br>\u2014 <a href=\"https:\/\/webs.uab.cat\/fonteseurasiae\/mongoles-en-iran-s-xiii-xiv\/\" data-type=\"page\" data-id=\"127\">Mongoles en Ir\u00e1n (s. XIII-XIV)<\/a>:\u00a0<strong>Cutillas<\/strong><br>\u2014 <a href=\"https:\/\/webs.uab.cat\/fonteseurasiae\/filologi-y-linguistica-altaicas\/\" data-type=\"page\" data-id=\"145\">Filolog\u00eda y ling\u00fc\u00edstica altaicas<\/a>: <strong>Alonso de la Fuente<\/strong><br>\u2014 <a href=\"https:\/\/webs.uab.cat\/fonteseurasiae\/version-digor-de-la-epopeya-narta\/\" data-type=\"page\" data-id=\"130\">Versi\u00f3n digor de la epopeya narta<\/a>: <strong>Alborty<\/strong>,\u00a0Alemany<\/p>\n","protected":false},"excerpt":{"rendered":"<p>\u2014 Griegos &amp; poblaciones escitos\u00e1rmatas (s. VI aC\u2013III dC): Abell\u00f3, Alemany, Ginest\u00ed, Oller.\u2014 China y Eurasia Central (s. II aC\u2013XIV dC): Ram\u00edrez\u2014 Fronteras septentrionales del imperio sas\u00e1nida (s. III-VII): Alemany, Olaya, Sami\u2014 N\u00f3madas y sedentarios en Sogdiana (s. IV-VIII): Vincenzi\u2014 N\u00f3madas esteparios iran\u00f3fonos &amp; turc\u00f3fonos (s. V-X): Alemany\u2014 Principados rusos y n\u00f3madas turcomongoles (s. IX-XIII): [&hellip;]<\/p>\n","protected":false},"author":20,"featured_media":0,"parent":0,"menu_order":0,"comment_status":"closed","ping_status":"closed","template":"","meta":{"footnotes":""},"class_list":["post-123","page","type-page","status-publish","hentry"],"_links":{"self":[{"href":"https:\/\/webs.uab.cat\/fonteseurasiae\/wp-json\/wp\/v2\/pages\/123","targetHints":{"allow":["GET"]}}],"collection":[{"href":"https:\/\/webs.uab.cat\/fonteseurasiae\/wp-json\/wp\/v2\/pages"}],"about":[{"href":"https:\/\/webs.uab.cat\/fonteseurasiae\/wp-json\/wp\/v2\/types\/page"}],"author":[{"embeddable":true,"href":"https:\/\/webs.uab.cat\/fonteseurasiae\/wp-json\/wp\/v2\/users\/20"}],"replies":[{"embeddable":true,"href":"https:\/\/webs.uab.cat\/fonteseurasiae\/wp-json\/wp\/v2\/comments?post=123"}],"version-history":[{"count":1,"href":"https:\/\/webs.uab.cat\/fonteseurasiae\/wp-json\/wp\/v2\/pages\/123\/revisions"}],"predecessor-version":[{"id":199,"href":"https:\/\/webs.uab.cat\/fonteseurasiae\/wp-json\/wp\/v2\/pages\/123\/revisions\/199"}],"wp:attachment":[{"href":"https:\/\/webs.uab.cat\/fonteseurasiae\/wp-json\/wp\/v2\/media?parent=123"}],"curies":[{"name":"wp","href":"https:\/\/api.w.org\/{rel}","templated":true}]}}