{"id":128,"date":"2013-04-02T15:47:03","date_gmt":"2013-04-02T13:47:03","guid":{"rendered":"https:\/\/webs.uab.cat\/fonteseurasiae\/principados-rusos-y-nomadas-turcomongoles-s-ix-xiii\/"},"modified":"2013-04-02T15:47:03","modified_gmt":"2013-04-02T13:47:03","slug":"principados-rusos-y-nomadas-turcomongoles-s-ix-xiii","status":"publish","type":"page","link":"https:\/\/webs.uab.cat\/fonteseurasiae\/principados-rusos-y-nomadas-turcomongoles-s-ix-xiii\/","title":{"rendered":"Principados rusos y n\u00f3madas turcomongoles (s. IX-XIII)"},"content":{"rendered":"<p><strong>Publicaciones<\/strong><\/p>\n<p>\u2014&nbsp;Alemany, A.\u2013Kubyshina, N. (<strong>2013<\/strong>). <a href=\"http:\/\/ddd.uab.cat\/pub\/faventia\/faventia_a2010-11v32-33\/faventia_a2010-11v32-33p145.pdf\" target=\"_blank\" rel=\"noopener\">\u00abEl Relat dels anys passats com a font etnogr\u00e0fica per a l\u2019estudi de l\u2019est d\u2019Europa en \u00e8poca altomedieval\u00bb<\/a>, <em>Faventia<\/em> 32-33, p. 143-154.<\/p>\n<p>\u2014&nbsp;Alemany, A.\u2013Kubyshina, N. (2012-2014 [<strong>2016<\/strong>]).&nbsp;<a href=\"https:\/\/ddd.uab.cat\/pub\/faventia\/faventia_a2012-14v34-36\/faventia_a2012-14v34-36p267.pdf\">\u00abSeis etn\u00f3nimos turcos enigm\u00e1ticos en el&nbsp;<em>Cantar de la Hueste de \u00cdgor<\/em>\u00bb<\/a>,&nbsp;<em>Faventia&nbsp;<\/em>34-36, p. 267-279.<\/p>\n<p>\u2014&nbsp;Kubyshina, N. (<strong>2012<\/strong>).&nbsp;\u00ab\u041b\u0435\u0442\u043e\u043f\u0438\u0441\u043d\u044b\u0435 \u0440\u0430\u0441\u0441\u043a\u0430\u0437\u044b \u0432&nbsp;<em>\u041f\u043e\u0432\u0435\u0441\u0442\u0438 \u0432\u0440\u0435\u043c\u0435\u043d\u043d\u044b\u0445 \u043b\u0435\u0442&nbsp;<\/em>(Pasajes novelados en el&nbsp;<em>Relato de los a\u00f1os pasados<\/em>)\u00bb.<em>\u0418\u0437\u0443\u0447\u0435\u043d\u0438\u0435 \u0440\u0443\u0441\u0441\u043a\u043e\u0439 \u043b\u0438\u0442\u0435\u0440\u0430\u0442\u0443\u0440\u043d\u043e\u0439 \u043a\u043b\u0430\u0441\u0441\u0438\u043a\u0438 \u0432 \u0448\u043a\u043e\u043b\u0435: \u0432\u0447\u0435\u0440\u0430, \u0441\u0435\u0433\u043e\u0434\u043d\u044f, \u0437\u0430\u0432\u0442\u0440\u0430<\/em>, p. 82-87<em>&nbsp;<\/em>(materiales de las<em> \u0425IX \u0413\u043e\u043b\u0443\u0431\u043a\u043e\u0432\u0441\u043a\u0438\u0435 \u0447\u0442\u0435\u043d\u0438\u044f<\/em>,&nbsp;Mosc\u00fa, 24-25 marzo&nbsp;2011).<\/p>\n<p>\u2014&nbsp;Kubyshina, N. (<strong>2013<\/strong>).&nbsp;\u00ab\u0412\u0438\u0434\u044b \u044d\u0442\u043d\u043e\u043d\u0438\u043c\u043e\u0432 \u0432&nbsp;<em>\u0421\u043b\u043e\u0432\u0435 \u043e \u043f\u043e\u043b\u043a\u0443 \u0418\u0433\u043e\u0440\u0435\u0432\u0435<\/em>&nbsp;\u0438 \u0438\u0445 \u0445\u0443\u0434\u043e\u0436\u0435\u0441\u0442\u0432\u0435\u043d\u043d\u043e\u0435 \u0437\u043d\u0430\u0447\u0435\u043d\u0438\u0435 (Tipos de etn\u00f3nimos en el&nbsp;<em>Cantar de la hueste de \u00cdgor<\/em>&nbsp;y su importancia)\u00bb.&nbsp;<em>\u041b\u0438\u0442\u0435\u0440\u0430\u0442\u0443\u0440\u043d\u043e\u0435 \u043e\u0431\u0440\u0430\u0437\u043e\u0432\u0430\u043d\u0438\u0435 \u0432 \u0441\u043e\u0432\u0440\u0435\u043c\u0435\u043d\u043d\u043e\u043c \u043c\u0438\u0440\u0435: \u043f\u0440\u043e\u0431\u043b\u0435\u043c\u044b \u0438 \u0440\u0435\u0448\u0435\u043d\u0438\u044f<\/em>, p. 48-54&nbsp;(materiales de las<em><em> \u0425X \u0413\u043e\u043b\u0443\u0431\u043a\u043e\u0432\u0441\u043a\u0438\u0435 \u0447\u0442\u0435\u043d\u0438\u044f<\/em><\/em>, Mosc\u00fa, 15-16 marzo 2012).<\/p>\n<p>\u2014&nbsp;Kubyshina, N. (<strong>2015<\/strong>).&nbsp;<a href=\"http:\/\/revistaseug.ugr.es\/index.php\/cre\/article\/view\/3897\/3905\" target=\"_blank\" rel=\"noopener\">\u00ab<\/a><a href=\"http:\/\/revistaseug.ugr.es\/index.php\/cre\/article\/view\/3897\/3905\" target=\"_blank\" rel=\"noopener\">\u0420\u043e\u043b\u044c \u044d\u0442\u043d\u043e\u043d\u0438\u043c\u043e\u0432 \u0432 \u0432\u044b\u0440\u0430\u0436\u0435\u043d\u0438\u0438 \u044d\u0442\u043d\u0438\u0447\u0435\u0441\u043a\u043e\u0433\u043e \u0441\u043e\u0437\u043d\u0430\u043d\u0438\u044f \u0430\u0432\u0442\u043e\u0440\u0430 \u0432 <em>\u0421\u043b\u043e\u0432\u0435 \u043e \u043f\u043e\u043b\u043a\u0443 \u0418\u0433\u043e\u0440\u0435\u0432\u0435<\/em> (El papel de los gentilicios en la conciencia \u00e9tnica del autor del <\/a><a href=\"http:\/\/revistaseug.ugr.es\/index.php\/cre\/article\/view\/3897\/3905\" target=\"_blank\" rel=\"noopener\"><em>Cantar de la hueste de \u00cdgor<\/em>)<\/a><a href=\"http:\/\/revistaseug.ugr.es\/index.php\/cre\/article\/view\/3897\/3905\" target=\"_blank\" rel=\"noopener\">\u00bb<\/a>. <em>Cuadernos de Rus\u00edstica Espa\u00f1ola<\/em> 11, p. 33-46.<\/p>\n<p><strong>Comunicaciones<\/strong><\/p>\n<p>\u2014&nbsp;Kubyshina, N.: \u00ab<em>\u041f\u043e\u0432\u0435\u0441\u0442\u044c \u0432\u0440\u0435\u043c\u0435\u043d\u043d\u044b\u0445 \u043b\u0435\u0442<\/em>: \u0441\u043e\u0446\u0438\u043e\u043a\u0443\u043b\u044c\u0442\u0443\u0440\u043d\u044b\u0439 \u0430\u0441\u043f\u0435\u043a\u0442 (El<em> Relato de los a\u00f1os pasados<\/em>: aspectos socioculturales)\u00bb. <em>I Congreso Internacional Cient\u00edfico de Rus\u00edstica. Lengua, Visi\u00f3n del Mundo y Texto<\/em> (Granada, 28 junio\u20131 julio <strong>2011<\/strong>).<\/p>\n<p>\u2014&nbsp;Kubyshina, N.:&nbsp;\u00ab\u0421\u0440\u0430\u0432\u043d\u0438\u0442\u0435\u043b\u044c\u043d\u044b\u0439 \u0430\u043d\u0430\u043b\u0438\u0437 \u043f\u0440\u0438 \u0438\u0437\u0443\u0447\u0435\u043d\u0438\u0438 \u044d\u0442\u043d\u043e\u043d\u0438\u043c\u043e\u0432 \u0432 <em>\u0421\u043b\u043e\u0432\u0435 \u043e \u043f\u043e\u043b\u043a\u0443 \u0418\u0433\u043e\u0440\u0435\u0432\u0435&nbsp;<\/em>(An\u00e1lisis comparativo en el estudio de los etn\u00f3nimos del&nbsp;<em>Cantar de la hueste de \u00cdgor<\/em>)\u00bb. <em>\u0418\u0437\u0443\u0447\u0435\u043d\u0438\u0435 \u043b\u0438\u0442\u0435\u0440\u0430\u0442\u0443\u0440\u044b \u0432 \u043a\u043e\u043d\u0442\u0435\u043a\u0441\u0442\u0435 \u0441\u043e\u0432\u0440\u0435\u043c\u0435\u043d\u043d\u044b\u0445 \u043e\u0431\u0440\u0430\u0437\u043e\u0432\u0430\u0442\u0435\u043b\u044c\u043d\u044b\u0445 \u0441\u0442\u0440\u0430\u0442\u0435\u0433\u0438\u0439&nbsp;<em>\u2013&nbsp;\u0425XI \u0413\u043e\u043b\u0443\u0431\u043a\u043e\u0432\u0441\u043a\u0438\u0435 \u0447\u0442\u0435\u043d\u0438\u044f<\/em><\/em>&nbsp;(Mosc\u00fa, 20-21 marzo <strong>2013<\/strong>).<\/p>\n<p>\u2014&nbsp;Kubyshina, N.:&nbsp;\u00ab\u041f\u0440\u043e\u0431\u043b\u0435\u043c \u043a\u043b\u0430\u0441\u0441\u0438\u0444\u0438\u043a\u0430\u0446\u0438\u0438 \u044d\u0442\u043d\u043e\u043d\u0438\u043c\u043e\u0432&nbsp;\u0432&nbsp;<em>\u0421\u043b\u043e\u0432\u0435 \u043e \u043f\u043e\u043b\u043a\u0443 \u0418\u0433\u043e\u0440\u0435\u0432\u0435 <\/em>(El problema de la clasificaci\u00f3n de los etn\u00f3nimos en el<em>&nbsp;Cantar de la hueste de \u00cdgor<\/em>\u00bb.&nbsp;XIV \u041a\u0438\u0440\u0438\u043b\u043b\u043e-\u041c\u0435\u0444\u043e\u0434\u0438\u0435\u0432\u0441\u043a\u0438\u0435 \u0447\u0442\u0435\u043d\u0438\u044f 13-17 mayo <strong>2013<\/strong>).<\/p>\n","protected":false},"excerpt":{"rendered":"<p>Publicaciones \u2014&nbsp;Alemany, A.\u2013Kubyshina, N. (2013). \u00abEl Relat dels anys passats com a font etnogr\u00e0fica per a l\u2019estudi de l\u2019est d\u2019Europa en \u00e8poca altomedieval\u00bb, Faventia 32-33, p. 143-154. \u2014&nbsp;Alemany, A.\u2013Kubyshina, N. (2012-2014 [2016]).&nbsp;\u00abSeis etn\u00f3nimos turcos enigm\u00e1ticos en el&nbsp;Cantar de la Hueste de \u00cdgor\u00bb,&nbsp;Faventia&nbsp;34-36, p. 267-279. \u2014&nbsp;Kubyshina, N. (2012).&nbsp;\u00ab\u041b\u0435\u0442\u043e\u043f\u0438\u0441\u043d\u044b\u0435 \u0440\u0430\u0441\u0441\u043a\u0430\u0437\u044b \u0432&nbsp;\u041f\u043e\u0432\u0435\u0441\u0442\u0438 \u0432\u0440\u0435\u043c\u0435\u043d\u043d\u044b\u0445 \u043b\u0435\u0442&nbsp;(Pasajes novelados en el&nbsp;Relato de [&hellip;]<\/p>\n","protected":false},"author":20,"featured_media":0,"parent":0,"menu_order":0,"comment_status":"closed","ping_status":"closed","template":"","meta":{"footnotes":""},"class_list":["post-128","page","type-page","status-publish","hentry"],"_links":{"self":[{"href":"https:\/\/webs.uab.cat\/fonteseurasiae\/wp-json\/wp\/v2\/pages\/128","targetHints":{"allow":["GET"]}}],"collection":[{"href":"https:\/\/webs.uab.cat\/fonteseurasiae\/wp-json\/wp\/v2\/pages"}],"about":[{"href":"https:\/\/webs.uab.cat\/fonteseurasiae\/wp-json\/wp\/v2\/types\/page"}],"author":[{"embeddable":true,"href":"https:\/\/webs.uab.cat\/fonteseurasiae\/wp-json\/wp\/v2\/users\/20"}],"replies":[{"embeddable":true,"href":"https:\/\/webs.uab.cat\/fonteseurasiae\/wp-json\/wp\/v2\/comments?post=128"}],"version-history":[{"count":0,"href":"https:\/\/webs.uab.cat\/fonteseurasiae\/wp-json\/wp\/v2\/pages\/128\/revisions"}],"wp:attachment":[{"href":"https:\/\/webs.uab.cat\/fonteseurasiae\/wp-json\/wp\/v2\/media?parent=128"}],"curies":[{"name":"wp","href":"https:\/\/api.w.org\/{rel}","templated":true}]}}