{"id":131,"date":"2013-04-09T00:07:43","date_gmt":"2013-04-08T22:07:43","guid":{"rendered":"https:\/\/webs.uab.cat\/fonteseurasiae\/china-y-eurasia-central-s-ii-ac-xiv-dc\/"},"modified":"2013-04-09T00:07:43","modified_gmt":"2013-04-08T22:07:43","slug":"china-y-eurasia-central-s-ii-ac-xiv-dc","status":"publish","type":"page","link":"https:\/\/webs.uab.cat\/fonteseurasiae\/china-y-eurasia-central-s-ii-ac-xiv-dc\/","title":{"rendered":"China y Eurasia Central (s. II aC\u2013XIV dC)"},"content":{"rendered":"<p><strong>Publicaciones<\/strong><\/p>\n<p>\u2014&nbsp;Ram\u00edrez, L. (<strong>2010<\/strong>).&nbsp;<em>El viaje de Faxian<\/em>&nbsp;(edici\u00f3n, traducci\u00f3n y notas de L.R.).&nbsp;La Esfera De Los Libros. Madrid (ISBN:&nbsp;9788497349956).<\/p>\n","protected":false},"excerpt":{"rendered":"<p>Publicaciones \u2014&nbsp;Ram\u00edrez, L. (2010).&nbsp;El viaje de Faxian&nbsp;(edici\u00f3n, traducci\u00f3n y notas de L.R.).&nbsp;La Esfera De Los Libros. Madrid (ISBN:&nbsp;9788497349956).<\/p>\n","protected":false},"author":20,"featured_media":0,"parent":0,"menu_order":0,"comment_status":"closed","ping_status":"closed","template":"","meta":{"footnotes":""},"class_list":["post-131","page","type-page","status-publish","hentry"],"_links":{"self":[{"href":"https:\/\/webs.uab.cat\/fonteseurasiae\/wp-json\/wp\/v2\/pages\/131","targetHints":{"allow":["GET"]}}],"collection":[{"href":"https:\/\/webs.uab.cat\/fonteseurasiae\/wp-json\/wp\/v2\/pages"}],"about":[{"href":"https:\/\/webs.uab.cat\/fonteseurasiae\/wp-json\/wp\/v2\/types\/page"}],"author":[{"embeddable":true,"href":"https:\/\/webs.uab.cat\/fonteseurasiae\/wp-json\/wp\/v2\/users\/20"}],"replies":[{"embeddable":true,"href":"https:\/\/webs.uab.cat\/fonteseurasiae\/wp-json\/wp\/v2\/comments?post=131"}],"version-history":[{"count":0,"href":"https:\/\/webs.uab.cat\/fonteseurasiae\/wp-json\/wp\/v2\/pages\/131\/revisions"}],"wp:attachment":[{"href":"https:\/\/webs.uab.cat\/fonteseurasiae\/wp-json\/wp\/v2\/media?parent=131"}],"curies":[{"name":"wp","href":"https:\/\/api.w.org\/{rel}","templated":true}]}}