{"id":145,"date":"2013-04-12T15:55:19","date_gmt":"2013-04-12T13:55:19","guid":{"rendered":"https:\/\/webs.uab.cat\/fonteseurasiae\/filologi-y-linguistica-altaicas\/"},"modified":"2013-04-12T15:55:19","modified_gmt":"2013-04-12T13:55:19","slug":"filologi-y-linguistica-altaicas","status":"publish","type":"page","link":"https:\/\/webs.uab.cat\/fonteseurasiae\/filologi-y-linguistica-altaicas\/","title":{"rendered":"Filolog\u00eda y ling\u00fc\u00edstica altaicas"},"content":{"rendered":"<p><strong>Publicaciones<\/strong><\/p>\n<p>\u2014&nbsp;Alonso&nbsp;de la Fuente, J.A. (<strong>2010<\/strong>). <a href=\"http:\/\/www.filg.uj.edu.pl\/documents\/41616\/4333148\/12701-Fuente.pdf\" target=\"_blank\" rel=\"noopener\">\u00abUrban Legends: Turkish <em>kay\u0131k<\/em> \u2018boat\u2019 vs. \u201cEskimo\u201d <em>qayaq <\/em>\u2018kayak\u2019\u00bb<\/a>. <em>Studia Linguistica Universitatis Iagellonicae Cracoviensis<\/em> 127, p. 7-24.<\/p>\n<p>\u2014 Alonso de la Fuente, J.A. (<strong>2011<\/strong>).&nbsp;<em>Tense, Voice and&nbsp;Aktionsart&nbsp;in Tungusic.&nbsp;Another Case of \u201cAnalysis to Synthesis\u201d?&nbsp;<\/em>Wiesbaden: Harrassowitz&nbsp;(Tunguso-Sibirica 32: ISBN 978-3-447-06632-7).<\/p>\n<p>\u2014 Alonso de la Fuente, J.A. (<strong>2011<\/strong>).&nbsp;\u00abNorthern Tungusic *\/V\u00ba-tmAr\/ ~ *\/C\u00ba-d(\u00ef)mAr\/\u00bb.&nbsp;<em>Acta Orientalia Academiae Scientiarum Hungaricae<\/em>&nbsp;64\/2,&nbsp;p. 183-200.<\/p>\n<p>\u2014 Alonso de la Fuente, J.A. (<strong>2011<\/strong>).&nbsp;\u00abBolet\u00edn bibliogr\u00e1fico elemental sobre samanolog\u00eda desde 1972\u00bb.&nbsp;<em>\u2019Ilu<\/em>&nbsp;16,&nbsp;p. 279-310.<\/p>\n<p>\u2014 Alonso de la Fuente, J.A. (<strong>2012<\/strong>).&nbsp;<a href=\"http:\/\/www.filg.uj.edu.pl\/documents\/41616\/9859933\/alonso_de_la_fuente-the_first_imperative_of_tungusic.pdf\" target=\"_blank\" rel=\"noopener\">\u00abThe First Imperative of Tungusic<\/a><a href=\"http:\/\/www.filg.uj.edu.pl\/documents\/41616\/9859933\/alonso_de_la_fuente-the_first_imperative_of_tungusic.pdf\" target=\"_blank\" rel=\"noopener\">\u00bb<\/a>.&nbsp;<em><em>Studia Linguistica Universitatis Iagellonicae Cracoviensis<\/em>&nbsp;<\/em>129,&nbsp;p. 7-34.<\/p>\n<p><strong>Tesis y trabajos de investigaci\u00f3n<\/strong><\/p>\n<p>\u2014 Alonso de la Fuente, J.A.:&nbsp;<em>The Ainu Languages: Traditional Reconstruction, Eurasian Areal Linguistics and Diachronic (Holistic) Typology<\/em>. Tesis doctoral dirigida por &#8230; (Universidad del Pa\u00eds Vasco, noviembre <strong>2012<\/strong>).<\/p>\n","protected":false},"excerpt":{"rendered":"<p>Publicaciones \u2014&nbsp;Alonso&nbsp;de la Fuente, J.A. (2010). \u00abUrban Legends: Turkish kay\u0131k \u2018boat\u2019 vs. \u201cEskimo\u201d qayaq \u2018kayak\u2019\u00bb. Studia Linguistica Universitatis Iagellonicae Cracoviensis 127, p. 7-24. \u2014 Alonso de la Fuente, J.A. (2011).&nbsp;Tense, Voice and&nbsp;Aktionsart&nbsp;in Tungusic.&nbsp;Another Case of \u201cAnalysis to Synthesis\u201d?&nbsp;Wiesbaden: Harrassowitz&nbsp;(Tunguso-Sibirica 32: ISBN 978-3-447-06632-7). \u2014 Alonso de la Fuente, J.A. (2011).&nbsp;\u00abNorthern Tungusic *\/V\u00ba-tmAr\/ ~ *\/C\u00ba-d(\u00ef)mAr\/\u00bb.&nbsp;Acta Orientalia Academiae [&hellip;]<\/p>\n","protected":false},"author":20,"featured_media":0,"parent":0,"menu_order":0,"comment_status":"closed","ping_status":"closed","template":"","meta":{"footnotes":""},"class_list":["post-145","page","type-page","status-publish","hentry"],"_links":{"self":[{"href":"https:\/\/webs.uab.cat\/fonteseurasiae\/wp-json\/wp\/v2\/pages\/145","targetHints":{"allow":["GET"]}}],"collection":[{"href":"https:\/\/webs.uab.cat\/fonteseurasiae\/wp-json\/wp\/v2\/pages"}],"about":[{"href":"https:\/\/webs.uab.cat\/fonteseurasiae\/wp-json\/wp\/v2\/types\/page"}],"author":[{"embeddable":true,"href":"https:\/\/webs.uab.cat\/fonteseurasiae\/wp-json\/wp\/v2\/users\/20"}],"replies":[{"embeddable":true,"href":"https:\/\/webs.uab.cat\/fonteseurasiae\/wp-json\/wp\/v2\/comments?post=145"}],"version-history":[{"count":0,"href":"https:\/\/webs.uab.cat\/fonteseurasiae\/wp-json\/wp\/v2\/pages\/145\/revisions"}],"wp:attachment":[{"href":"https:\/\/webs.uab.cat\/fonteseurasiae\/wp-json\/wp\/v2\/media?parent=145"}],"curies":[{"name":"wp","href":"https:\/\/api.w.org\/{rel}","templated":true}]}}