{"id":146,"date":"2013-07-01T11:47:32","date_gmt":"2013-07-01T09:47:32","guid":{"rendered":"https:\/\/webs.uab.cat\/fonteseurasiae\/veteriora\/"},"modified":"2013-07-01T11:47:32","modified_gmt":"2013-07-01T09:47:32","slug":"veteriora","status":"publish","type":"page","link":"https:\/\/webs.uab.cat\/fonteseurasiae\/veteriora\/","title":{"rendered":"Veteriora"},"content":{"rendered":"<p><span style=\"line-height: 20.799999237060547px;\">\u2014 Alemany, A. (1990).&nbsp;<\/span><a href=\"http:\/\/ddd.uab.cat\/pub\/faventia\/02107570v12-13\/02107570v12-13p269.pdf\" target=\"_blank\" rel=\"noopener\">\u00abAlans contra catalans a Bizanci: l&#8217;origen dels alans de Girgon\u00bb<\/a><span style=\"line-height: 20.799999237060547px;\">.&nbsp;<\/span><em>Faventia&nbsp;<\/em><span style=\"line-height: 20.799999237060547px;\">12-13, p. 269-278.<\/span><\/p>\n<p>\u2014 Alemany, A. (1998).&nbsp;<a href=\"http:\/\/ddd.uab.cat\/pub\/faventia\/02107570v20n2\/02107570v20n2p45.pdf\" target=\"_blank\" rel=\"noopener\">\u00ab<\/a><a href=\"http:\/\/ddd.uab.cat\/pub\/faventia\/02107570v20n2\/02107570v20n2p45.pdf\" target=\"_blank\" rel=\"noopener\">L\u2019expedici\u00f3 dels kh\u00e0zars:&nbsp;un paral\u00b7lel cauc\u00e0sic d\u2019Her\u00f2dot?\u00bb<\/a>.&nbsp;<em>Faventia&nbsp;<\/em>20\/2, p. 45-60.<\/p>\n<p>\u2014 Alemany, A. (1999).&nbsp;<a href=\"http:\/\/ddd.uab.cat\/pub\/faventia\/02107570v21n1\/02107570v21n1p151.pdf\" target=\"_blank\" rel=\"noopener\">\u00abNotes a &#8220;L&#8217;expedici\u00f3 dels kh\u00e0zars&#8221;\u00bb<\/a>.&nbsp;<em>Faventia&nbsp;<\/em>21\/1, p. 151-153.<\/p>\n<p>\u2014 Alemany, A. (1999).&nbsp;<a href=\"http:\/\/ddd.uab.cat\/pub\/faventia\/02107570v21n2\/02107570v21n2p45.pdf\">\u00abEls &#8220;Cants arimaspeus&#8221; d\u2019Ar\u00edsteas de Proconn\u00e8s&nbsp;i la caiguda dels Zhou occidentals\u00bb<\/a>.&nbsp;<em>Faventia&nbsp;<\/em>21\/2, p. 45-55.<\/p>\n<p>\u2014 Alemany, A. (2002). <a href=\"http:\/\/ddd.uab.cat\/pub\/faventia\/02107570v24n2\/02107570v24n2p105.pdf\" target=\"_blank\" rel=\"noopener\">\u00ab<span style=\"line-height: 20px;\">Maes Titianos i la Torre de Pedra:&nbsp;<\/span><span style=\"line-height: 20px;\">una font grega sobre els or\u00edgens de la ruta&nbsp;<\/span><span style=\"line-height: 20px;\">de la seda<\/span>\u00bb.<\/a><a href=\"http:\/\/ddd.uab.cat\/pub\/faventia\/02107570v21n2\/02107570v21n2p45.pdf\"><\/a><span style=\"line-height: 20px;\">&nbsp;&nbsp;<\/span><em>Faventia&nbsp;<\/em><span style=\"line-height: 20px;\">24\/2, p. 105-120.<\/span><\/p>\n<p><span><span>\u2014 <\/span>Ram\u00edrez, L. (2000).&nbsp;<\/span><em>Historia secreta de los mongoles. Yuan Chao Bi Shi<\/em><span>&nbsp;(edici\u00f3n, traducci\u00f3n y notas de L.R.).&nbsp;<\/span><span>Miraguano Ediciones. Madrid (ISBN: <span>9788478132171<\/span>).<\/span><\/p>\n<p><span><span><span>\u2014 <\/span>Ram\u00edrez, L. (2004).&nbsp;<em>S\u016btra de Vimalak\u012brti&nbsp;<\/em>(presentaci\u00f3n, traducci\u00f3n y notas de L.R. a partir de la versi\u00f3n china de Kum\u0101raj\u012bva). Editorial Kair\u00f3s. Madrid (ISBN 9788472455504). <\/span><\/span><\/p>\n<p><span><br \/><\/span><\/p>\n<p><span style=\"line-height: 20px;\"><br \/><\/span><\/p>\n","protected":false},"excerpt":{"rendered":"<p>\u2014 Alemany, A. (1990).&nbsp;\u00abAlans contra catalans a Bizanci: l&#8217;origen dels alans de Girgon\u00bb.&nbsp;Faventia&nbsp;12-13, p. 269-278. \u2014 Alemany, A. (1998).&nbsp;\u00abL\u2019expedici\u00f3 dels kh\u00e0zars:&nbsp;un paral\u00b7lel cauc\u00e0sic d\u2019Her\u00f2dot?\u00bb.&nbsp;Faventia&nbsp;20\/2, p. 45-60. \u2014 Alemany, A. (1999).&nbsp;\u00abNotes a &#8220;L&#8217;expedici\u00f3 dels kh\u00e0zars&#8221;\u00bb.&nbsp;Faventia&nbsp;21\/1, p. 151-153. \u2014 Alemany, A. (1999).&nbsp;\u00abEls &#8220;Cants arimaspeus&#8221; d\u2019Ar\u00edsteas de Proconn\u00e8s&nbsp;i la caiguda dels Zhou occidentals\u00bb.&nbsp;Faventia&nbsp;21\/2, p. 45-55. \u2014 Alemany, A. [&hellip;]<\/p>\n","protected":false},"author":20,"featured_media":0,"parent":0,"menu_order":0,"comment_status":"closed","ping_status":"closed","template":"","meta":{"footnotes":""},"class_list":["post-146","page","type-page","status-publish","hentry"],"_links":{"self":[{"href":"https:\/\/webs.uab.cat\/fonteseurasiae\/wp-json\/wp\/v2\/pages\/146","targetHints":{"allow":["GET"]}}],"collection":[{"href":"https:\/\/webs.uab.cat\/fonteseurasiae\/wp-json\/wp\/v2\/pages"}],"about":[{"href":"https:\/\/webs.uab.cat\/fonteseurasiae\/wp-json\/wp\/v2\/types\/page"}],"author":[{"embeddable":true,"href":"https:\/\/webs.uab.cat\/fonteseurasiae\/wp-json\/wp\/v2\/users\/20"}],"replies":[{"embeddable":true,"href":"https:\/\/webs.uab.cat\/fonteseurasiae\/wp-json\/wp\/v2\/comments?post=146"}],"version-history":[{"count":0,"href":"https:\/\/webs.uab.cat\/fonteseurasiae\/wp-json\/wp\/v2\/pages\/146\/revisions"}],"wp:attachment":[{"href":"https:\/\/webs.uab.cat\/fonteseurasiae\/wp-json\/wp\/v2\/media?parent=146"}],"curies":[{"name":"wp","href":"https:\/\/api.w.org\/{rel}","templated":true}]}}