{"id":147,"date":"2014-03-04T10:36:24","date_gmt":"2014-03-04T08:36:24","guid":{"rendered":"https:\/\/webs.uab.cat\/fonteseurasiae\/sociedad-de-estudios-iranios-y-turanios\/"},"modified":"2022-09-28T10:48:21","modified_gmt":"2022-09-28T08:48:21","slug":"sociedad-de-estudios-iranios-y-turanios","status":"publish","type":"page","link":"https:\/\/webs.uab.cat\/fonteseurasiae\/sociedad-de-estudios-iranios-y-turanios\/","title":{"rendered":"Sociedad de Estudios Iranios y Turanios"},"content":{"rendered":"\n<p>La\u00a0Sociedad de Estudios Iranios y Turanios (de ahora en adelante: SEIT) tiene como fin difundir, fomentar y apoyar los estudios universitarios sobre ling\u00fc\u00edstica, literatura, historia, arqueolog\u00eda y antropolog\u00eda de las civilizaciones iranias y turanias, con fines estrictamente acad\u00e9micos y desde una perspectiva independiente.<br>La SEIT se ha creado por iniciativa de las personas f\u00edsicas relacionadas a continuaci\u00f3n, quienes han acordado los <a href=\"https:\/\/webs.uab.cat\/fonteseurasiae\/wp-content\/uploads\/sites\/228\/2016\/10\/Estatutos-SEIT.pdf\" data-type=\"attachment\" data-id=\"148\" target=\"_blank\" rel=\"noreferrer noopener\">estatutos<\/a> de la misma e integran los \u00f3rganos provisionales de gobierno que la representan: \u00c9ric Pirart, Profesor Em\u00e9rito de Filolog\u00eda Indoirania en la Universit\u00e9 de Li\u00e8ge (Presidente); Alberto Cantera, Profesor Titular de Ling\u00fc\u00edstica Indoeuropea en la Universidad de Salamanca (Vicepresidente); Agust\u00ed Alemany, Profesor Titular de Ling\u00fc\u00edstica Indoeuropea en la Universidad Aut\u00f3noma de Barcelona (Secretario); y Jos\u00e9 Francisco Cutillas, Profesor Titular de Filolog\u00eda Persa en la Universidad de Alicante (Tesorero).<br>La SEIT, inscrita en el Registro Nacional de Asociaciones (Grupo 1\u00ba, Secci\u00f3n 1\u00aa, N\u00famero Nacional 604853) por <a href=\"https:\/\/webs.uab.cat\/fonteseurasiae\/wp-content\/uploads\/sites\/228\/2016\/10\/Resolucion-Inscripcion-SEIT.pdf\" data-type=\"attachment\" data-id=\"149\" target=\"_blank\" rel=\"noreferrer noopener\">resoluci\u00f3n<\/a>\u00a0del 25 de febrero de 2014, se ha constituido conforme a la ley org\u00e1nica 1\/2002, de 22 de marzo, con personalidad jur\u00eddica y plena capacidad de obrar, sin \u00e1nimo de lucro, y teniendo como \u00e1mbito de actuaci\u00f3n el territorio del estado espa\u00f1ol.<br>\u00a0<\/p>\n\n\n\n<p><strong>1er Encuentro de la Sociedad de Estudios Iranios y Turanios<\/strong><br>Girona,\u00a0Universitat de Girona, Campus del Barri Vell,\u00a0Facultat de Lletres,\u00a016 de diciembre de <strong>2014<\/strong><br>Programa disponible en\u00a0<a href=\"https:\/\/webs.uab.cat\/fonteseurasiae\/wp-content\/uploads\/sites\/228\/2016\/10\/1er-Encuentro-SEIT.pdf\" data-type=\"attachment\" data-id=\"150\" target=\"_blank\" rel=\"noreferrer noopener\">PDF<\/a><\/p>\n\n\n\n<p><strong>2\u00ba Encuentro de la Sociedad de Estudios Iranios y Turanios<\/strong><br>Salamanca, Colegio Arzobispo Fonseca, 4 de diciembre de <strong>2015<\/strong><\/p>\n\n\n\n<p><strong>3rd Meeting of the\u00a0Society of Iranian and Turanian Studies:\u00a0<em>Zum 95. Geburtstag von\u00a0Univ.-Prof. em. Dr. Helmut Humbach<\/em><\/strong><br>Mainz, Intercity Hotel,\u00a02 December <strong>2016<\/strong><br>Programa disponible en <a href=\"https:\/\/webs.uab.cat\/fonteseurasiae\/wp-content\/uploads\/sites\/228\/2018\/05\/3er_encuentro_seit.pdf\" data-type=\"attachment\" data-id=\"151\">PDF<\/a><\/p>\n\n\n\n<p><strong>4th\u00a0Meeting of the Society of Iranian and Turanian\u00a0Studies: <em>Genealogy, Transmissions and\u00a0Prosopography<\/em><\/strong><br>Barcelona, Casa de Convalesc\u00e8ncia de l&#8217;Hospital de la Santa Creu i de Sant Pau,\u00a019-20 November <strong>2018<\/strong><br>Primera circular en <a href=\"https:\/\/webs.uab.cat\/fonteseurasiae\/wp-content\/uploads\/sites\/228\/2018\/05\/4th_meeting_seit.pdf\" data-type=\"attachment\" data-id=\"152\">PDF<\/a>\u00a0\/ Programa disponible en <a href=\"https:\/\/webs.uab.cat\/fonteseurasiae\/wp-content\/uploads\/sites\/228\/2019\/05\/4th_meeting_seit_flyer.pdf\" data-type=\"attachment\" data-id=\"153\">PDF<\/a><\/p>\n","protected":false},"excerpt":{"rendered":"<p>La\u00a0Sociedad de Estudios Iranios y Turanios (de ahora en adelante: SEIT) tiene como fin difundir, fomentar y apoyar los estudios universitarios sobre ling\u00fc\u00edstica, literatura, historia, arqueolog\u00eda y antropolog\u00eda de las civilizaciones iranias y turanias, con fines estrictamente acad\u00e9micos y desde una perspectiva independiente.La SEIT se ha creado por iniciativa de las personas f\u00edsicas relacionadas a [&hellip;]<\/p>\n","protected":false},"author":20,"featured_media":0,"parent":0,"menu_order":0,"comment_status":"closed","ping_status":"closed","template":"","meta":{"footnotes":""},"class_list":["post-147","page","type-page","status-publish","hentry"],"_links":{"self":[{"href":"https:\/\/webs.uab.cat\/fonteseurasiae\/wp-json\/wp\/v2\/pages\/147","targetHints":{"allow":["GET"]}}],"collection":[{"href":"https:\/\/webs.uab.cat\/fonteseurasiae\/wp-json\/wp\/v2\/pages"}],"about":[{"href":"https:\/\/webs.uab.cat\/fonteseurasiae\/wp-json\/wp\/v2\/types\/page"}],"author":[{"embeddable":true,"href":"https:\/\/webs.uab.cat\/fonteseurasiae\/wp-json\/wp\/v2\/users\/20"}],"replies":[{"embeddable":true,"href":"https:\/\/webs.uab.cat\/fonteseurasiae\/wp-json\/wp\/v2\/comments?post=147"}],"version-history":[{"count":1,"href":"https:\/\/webs.uab.cat\/fonteseurasiae\/wp-json\/wp\/v2\/pages\/147\/revisions"}],"predecessor-version":[{"id":204,"href":"https:\/\/webs.uab.cat\/fonteseurasiae\/wp-json\/wp\/v2\/pages\/147\/revisions\/204"}],"wp:attachment":[{"href":"https:\/\/webs.uab.cat\/fonteseurasiae\/wp-json\/wp\/v2\/media?parent=147"}],"curies":[{"name":"wp","href":"https:\/\/api.w.org\/{rel}","templated":true}]}}