{"id":90,"date":"2010-01-21T13:40:03","date_gmt":"2010-01-21T11:40:03","guid":{"rendered":"https:\/\/webs.uab.cat\/fonteseurasiae\/equipo\/"},"modified":"2022-09-28T10:36:04","modified_gmt":"2022-09-28T08:36:04","slug":"equipo","status":"publish","type":"page","link":"https:\/\/webs.uab.cat\/fonteseurasiae\/equipo\/","title":{"rendered":"Equipo"},"content":{"rendered":"\n<h2 class=\"wp-block-heading\"><strong>Miembros<\/strong><\/h2>\n\n\n\n<ol class=\"wp-block-list\"><li>[IP]&nbsp;<em>Alemany, Agust\u00ed<\/em>&nbsp;(UAB)&nbsp;Profesor Titular: Ling\u00fc\u00edstica Indoeuropea&nbsp;\u2014&nbsp;DPRJI HUM SGR FFI1 FFI2 <strong>2004-2019<\/strong><\/li><li><em>G\u00f3mez, Daniel<\/em>&nbsp;(UAB) Becario FPI \/ T\u00e9cnico Superior de Apoyo a la Investigaci\u00f3n: Historia Antigua&nbsp;\u2014&nbsp;SGR FFI2 <strong>2011-2019<\/strong><\/li><li><em>Kubyshina, Natalia&nbsp;<\/em>(UAB) Profesora Visitante: Lengua Rusa&nbsp;\u2014&nbsp;HUM&nbsp;SGR&nbsp;FFI1 FFI2 <strong>2008-2019<\/strong><\/li><li><em>Medina, Jaume&nbsp;<\/em>(UAB) Catedr\u00e1tico: Filolog\u00eda Latina \u2014&nbsp;HUM FFI1 FFI2 <strong>2007-2019<\/strong><\/li><li><em>Oller, Marta&nbsp;<\/em>(UAB) Profesora Lectora: Filolog\u00eda Griega&nbsp;\u2014&nbsp;HUM FFI1 FFI2 <strong>2007-2019<\/strong><\/li><li><em>Ram\u00edrez, Laureano&nbsp;<\/em>(UAB)&nbsp;Profesor Titular: Lengua China&nbsp;\u2014&nbsp;HUM SGR FFI1 FFI2&nbsp;<strong>2007-2019<\/strong><\/li><\/ol>\n\n\n\n<h2 class=\"wp-block-heading\"><strong>Colaboradores<\/strong><\/h2>\n\n\n\n<ol class=\"wp-block-list\"><li><em>Alonso, Jos\u00e9 Andr\u00e9s<\/em>&nbsp;(UAB) Investigador Juan de la Cierva: Lenguas de Asia Central y Siberia&nbsp;\u2014&nbsp;SGR&nbsp;<strong>2010-2019<\/strong><\/li><li><em>Abell\u00f3, Aaron <\/em>(UAB) Doctorando: Filolog\u00eda Cl\u00e1sica&nbsp;\u2014 <strong>2013-2019<\/strong><\/li><li><em>Alborty, Zarina <\/em>(UAB) Doctoranda: Iran\u00edstica\u2014 HUM SGR <strong>2005-2019<\/strong><\/li><li><em>Sami, Sepideh&nbsp;<\/em>(UAB) Doctoranda: Iran\u00edstica&nbsp;\u2014 <strong>2013-2019<\/strong><\/li><li><em><em>Vincenzi,&nbsp;<\/em>Ilaria&nbsp;<\/em>(UAB) Doctoranda: Arqueolog\u00eda de Asia Central \u2014 <strong>2013-2019<\/strong><\/li><\/ol>\n\n\n\n<h2 class=\"wp-block-heading\"><strong>Historial de Miembros y Colaboradores anteriores<\/strong><\/h2>\n\n\n\n<ol class=\"wp-block-list\"><li><em>Antela, Ignacio Borja<\/em>&nbsp;(UAB)&nbsp;Profesor Agregado: Historia Antigua&nbsp;\u2014&nbsp;SGR&nbsp;<strong>2010-2014<\/strong><\/li><li><em>Arsentieva, Natalia&nbsp;<\/em>(Universidad de Granada) Profesora Contratada: Filolog\u00eda Eslava&nbsp;\u2014&nbsp;SGR <strong>2011-2014<\/strong><\/li><li><em>Calsina, Joan <\/em>(UAB) Doctorando: Humanidades \u2014 <strong>2012-2014<\/strong><\/li><li><em>Cutillas, Jos\u00e9<\/em>&nbsp;(Universidad de Alicante)&nbsp;Profesor Titular: Estudios \u00c1rabes e Isl\u00e1micos&nbsp;\u2014&nbsp;SGR FFI1 <strong>2011-2014<\/strong><\/li><li><em>Ginest\u00ed, Anna<\/em>&nbsp;(Katholische Universit\u00e4t Eichst\u00e4tt-Ingolstadt)&nbsp;Wissenschaftliche Assistentin: Filolog\u00eda Cl\u00e1sica&nbsp;\u2014&nbsp;HUM&nbsp;FFI1 <strong>2009-2014<\/strong><\/li><li><em>Jo, Mihwa<\/em>&nbsp;(UAB)&nbsp;Profesora Asociada: Lengua Coreana&nbsp;\u2014 SGR&nbsp;<strong>2010-2014<\/strong><\/li><li><em>\u00d1aco, Antoni&nbsp;<\/em>(UAB) Investigador ICREA: Historia Antigua&nbsp;\u2014 SGR&nbsp;<strong>2011-2014<\/strong><\/li><li><em>Olaya, Nuria&nbsp;<\/em>(UAB) Doctoranda,&nbsp;T\u00e9cnico Superior de Apoyo a la Investigaci\u00f3n: Filolog\u00eda Cl\u00e1sica \u2014 <strong>2010-2017<\/strong><\/li><li><em>Puigvert, Gemma&nbsp;<\/em>(UAB) Profesora Titular: Filolog\u00eda Latina&nbsp;\u2014 SGR&nbsp;<strong>2010-2014<\/strong><\/li><li><em>Vernet, Mariona&nbsp;<\/em>(UB) Investigadora Juan de la Cierva &amp; Ram\u00f3n y Cajal: Ling\u00fc\u00edstica Indoeuropea \u2014 <strong>2011-2014<\/strong><\/li><\/ol>\n\n\n\n<p>DPRJI =&nbsp;2004DPRJI-00105 \/\/ HUM =&nbsp;HUM2007-64919 \/\/ SGR =&nbsp;2009SGR0018 \/\/ FFI1 =&nbsp;FFI2010-18104 FILO \/\/ FFI2 = FFI2014-58878-P (v\u00e9ase <a href=\"http:\/\/grupsderecerca.uab.cat\/fonteseurasiae\/content\/proyectos\">Proyectos<\/a>)<\/p>\n","protected":false},"excerpt":{"rendered":"<p>Miembros [IP]&nbsp;Alemany, Agust\u00ed&nbsp;(UAB)&nbsp;Profesor Titular: Ling\u00fc\u00edstica Indoeuropea&nbsp;\u2014&nbsp;DPRJI HUM SGR FFI1 FFI2 2004-2019 G\u00f3mez, Daniel&nbsp;(UAB) Becario FPI \/ T\u00e9cnico Superior de Apoyo a la Investigaci\u00f3n: Historia Antigua&nbsp;\u2014&nbsp;SGR FFI2 2011-2019 Kubyshina, Natalia&nbsp;(UAB) Profesora Visitante: Lengua Rusa&nbsp;\u2014&nbsp;HUM&nbsp;SGR&nbsp;FFI1 FFI2 2008-2019 Medina, Jaume&nbsp;(UAB) Catedr\u00e1tico: Filolog\u00eda Latina \u2014&nbsp;HUM FFI1 FFI2 2007-2019 Oller, Marta&nbsp;(UAB) Profesora Lectora: Filolog\u00eda Griega&nbsp;\u2014&nbsp;HUM FFI1 FFI2 2007-2019 Ram\u00edrez, Laureano&nbsp;(UAB)&nbsp;Profesor [&hellip;]<\/p>\n","protected":false},"author":20,"featured_media":0,"parent":0,"menu_order":0,"comment_status":"closed","ping_status":"closed","template":"","meta":{"footnotes":""},"class_list":["post-90","page","type-page","status-publish","hentry"],"_links":{"self":[{"href":"https:\/\/webs.uab.cat\/fonteseurasiae\/wp-json\/wp\/v2\/pages\/90","targetHints":{"allow":["GET"]}}],"collection":[{"href":"https:\/\/webs.uab.cat\/fonteseurasiae\/wp-json\/wp\/v2\/pages"}],"about":[{"href":"https:\/\/webs.uab.cat\/fonteseurasiae\/wp-json\/wp\/v2\/types\/page"}],"author":[{"embeddable":true,"href":"https:\/\/webs.uab.cat\/fonteseurasiae\/wp-json\/wp\/v2\/users\/20"}],"replies":[{"embeddable":true,"href":"https:\/\/webs.uab.cat\/fonteseurasiae\/wp-json\/wp\/v2\/comments?post=90"}],"version-history":[{"count":1,"href":"https:\/\/webs.uab.cat\/fonteseurasiae\/wp-json\/wp\/v2\/pages\/90\/revisions"}],"predecessor-version":[{"id":197,"href":"https:\/\/webs.uab.cat\/fonteseurasiae\/wp-json\/wp\/v2\/pages\/90\/revisions\/197"}],"wp:attachment":[{"href":"https:\/\/webs.uab.cat\/fonteseurasiae\/wp-json\/wp\/v2\/media?parent=90"}],"curies":[{"name":"wp","href":"https:\/\/api.w.org\/{rel}","templated":true}]}}