{"id":218,"date":"2022-08-19T19:39:41","date_gmt":"2022-08-19T19:39:41","guid":{"rendered":"https:\/\/webs.uab.cat\/fontsue\/?page_id=218"},"modified":"2022-11-10T12:10:44","modified_gmt":"2022-11-10T12:10:44","slug":"estats-membres","status":"publish","type":"page","link":"https:\/\/webs.uab.cat\/fontsue\/estats-membres\/","title":{"rendered":"ESTATS MEMBRES"},"content":{"rendered":"\n<div class=\"wp-block-group is-vertical is-layout-flex wp-container-core-group-is-layout-8cf370e7 wp-block-group-is-layout-flex\">\n<ul class=\"wp-block-list\"><li><a rel=\"noreferrer noopener\" href=\"https:\/\/www.diigo.com\/user\/cde_uab\/?query=%23Alemanya\" data-type=\"URL\" data-id=\"https:\/\/www.diigo.com\/user\/cde_uab\/?query=%23Alemanya\" target=\"_blank\">Alemanya<\/a><\/li><li><a rel=\"noreferrer noopener\" href=\"https:\/\/www.diigo.com\/user\/cde_uab\/?query=%23Austria\" data-type=\"URL\" data-id=\"https:\/\/www.diigo.com\/user\/cde_uab\/?query=%23Austria\" target=\"_blank\">\u00c0ustria<\/a><\/li><li><a rel=\"noreferrer noopener\" href=\"https:\/\/www.diigo.com\/user\/cde_uab\/?query=%23Belgica\" data-type=\"URL\" data-id=\"https:\/\/www.diigo.com\/user\/cde_uab\/?query=%23Belgica\" target=\"_blank\">B\u00e8lgica<\/a><\/li><li><a href=\"https:\/\/www.diigo.com\/user\/cde_uab\/?query=%23Bulgaria\" data-type=\"URL\" data-id=\"https:\/\/www.diigo.com\/user\/cde_uab\/?query=%23Bulgaria\">Bulg<\/a><a rel=\"noreferrer noopener\" href=\"https:\/\/www.diigo.com\/user\/cde_uab\/?query=%23Bulgaria\" data-type=\"URL\" data-id=\"https:\/\/www.diigo.com\/user\/cde_uab\/?query=%23Bulgaria\" target=\"_blank\">\u00e0<\/a><a href=\"https:\/\/www.diigo.com\/user\/cde_uab\/?query=%23Bulgaria\" data-type=\"URL\" data-id=\"https:\/\/www.diigo.com\/user\/cde_uab\/?query=%23Bulgaria\">ria<\/a><\/li><li><a href=\"https:\/\/www.diigo.com\/user\/cde_uab\/?query=%23Croacia\" data-type=\"URL\" data-id=\"https:\/\/www.diigo.com\/user\/cde_uab\/?query=%23Croacia\" target=\"_blank\" rel=\"noreferrer noopener\">Cro\u00e0cia<\/a><\/li><li><a rel=\"noreferrer noopener\" href=\"https:\/\/www.diigo.com\/user\/cde_uab\/?query=%23Dinamarca\" data-type=\"URL\" data-id=\"https:\/\/www.diigo.com\/user\/cde_uab\/?query=%23Dinamarca\" target=\"_blank\">Dinamarca<\/a><\/li><li><a rel=\"noreferrer noopener\" href=\"https:\/\/www.diigo.com\/user\/cde_uab\/?query=%23Eslovaquia\" data-type=\"URL\" data-id=\"https:\/\/www.diigo.com\/user\/cde_uab\/?query=%23Eslovaquia\" target=\"_blank\">Eslov\u00e0quia<\/a><\/li><li><a rel=\"noreferrer noopener\" href=\"https:\/\/www.diigo.com\/user\/cde_uab\/?query=%23Eslovenia\" data-type=\"URL\" data-id=\"https:\/\/www.diigo.com\/user\/cde_uab\/?query=%23Eslovenia\" target=\"_blank\">Eslov\u00e8nia<\/a><\/li><li><a rel=\"noreferrer noopener\" href=\"https:\/\/www.diigo.com\/user\/cde_uab\/?query=%23Espanya\" data-type=\"URL\" data-id=\"https:\/\/www.diigo.com\/user\/cde_uab\/?query=%23Espanya\" target=\"_blank\">Espanya<\/a><\/li><li><a rel=\"noreferrer noopener\" href=\"https:\/\/www.diigo.com\/user\/cde_uab\/?query=%23Estonia\" data-type=\"URL\" data-id=\"https:\/\/www.diigo.com\/user\/cde_uab\/?query=%23Estonia\" target=\"_blank\">Est\u00f2nia<\/a><\/li><li><a rel=\"noreferrer noopener\" href=\"https:\/\/www.diigo.com\/user\/cde_uab\/?query=%23Finlandia\" data-type=\"URL\" data-id=\"https:\/\/www.diigo.com\/user\/cde_uab\/?query=%23Finlandia\" target=\"_blank\">Finl\u00e0ndia<\/a><\/li><li><a rel=\"noreferrer noopener\" href=\"https:\/\/www.diigo.com\/user\/cde_uab\/?query=%23Francia\" data-type=\"URL\" data-id=\"https:\/\/www.diigo.com\/user\/cde_uab\/?query=%23Francia\" target=\"_blank\">Fran\u00e7a<\/a><\/li><li><a rel=\"noreferrer noopener\" href=\"https:\/\/www.diigo.com\/user\/cde_uab\/?query=%23Grecia\" data-type=\"URL\" data-id=\"https:\/\/www.diigo.com\/user\/cde_uab\/?query=%23Grecia\" target=\"_blank\">Gr\u00e8cia<\/a><\/li><li><a rel=\"noreferrer noopener\" href=\"https:\/\/www.diigo.com\/user\/cde_uab\/?query=%23Hongria\" data-type=\"URL\" data-id=\"https:\/\/www.diigo.com\/user\/cde_uab\/?query=%23Hongria\" target=\"_blank\">Hongria<\/a><\/li><li><a rel=\"noreferrer noopener\" href=\"https:\/\/www.diigo.com\/user\/cde_uab\/?query=%23Irlanda\" data-type=\"URL\" data-id=\"https:\/\/www.diigo.com\/user\/cde_uab\/?query=%23Irlanda\" target=\"_blank\">Irlanda<\/a><\/li><li><a rel=\"noreferrer noopener\" href=\"https:\/\/www.diigo.com\/user\/cde_uab\/?query=%23Italia\" data-type=\"URL\" data-id=\"https:\/\/www.diigo.com\/user\/cde_uab\/?query=%23Italia\" target=\"_blank\">It\u00e0lia<\/a><\/li><li><a rel=\"noreferrer noopener\" href=\"https:\/\/www.diigo.com\/user\/cde_uab\/?query=%23Letonia\" data-type=\"URL\" data-id=\"https:\/\/www.diigo.com\/user\/cde_uab\/?query=%23Letonia\" target=\"_blank\">Let\u00f2nia<\/a><\/li><li><a rel=\"noreferrer noopener\" href=\"https:\/\/www.diigo.com\/user\/cde_uab\/?query=%23Lituania\" data-type=\"URL\" data-id=\"https:\/\/www.diigo.com\/user\/cde_uab\/?query=%23Lituania\" target=\"_blank\">Litu\u00e0nia<\/a><\/li><li><a rel=\"noreferrer noopener\" href=\"https:\/\/www.diigo.com\/user\/cde_uab\/?query=%23Luxemburg\" data-type=\"URL\" data-id=\"https:\/\/www.diigo.com\/user\/cde_uab\/?query=%23Luxemburg\" target=\"_blank\">Luxemburg<\/a><\/li><li><a rel=\"noreferrer noopener\" href=\"https:\/\/www.diigo.com\/user\/cde_uab\/?query=%23Malta\" data-type=\"URL\" data-id=\"https:\/\/www.diigo.com\/user\/cde_uab\/?query=%23Malta\" target=\"_blank\">Malta<\/a><\/li><li><a rel=\"noreferrer noopener\" href=\"https:\/\/www.diigo.com\/user\/cde_uab\/?query=%23Paisos_Baixos\" data-type=\"URL\" data-id=\"https:\/\/www.diigo.com\/user\/cde_uab\/?query=%23Paisos_Baixos\" target=\"_blank\">Pa\u00efsos Baixos<\/a><\/li><li><a rel=\"noreferrer noopener\" href=\"https:\/\/www.diigo.com\/user\/cde_uab\/?query=%23Polonia\" data-type=\"URL\" data-id=\"https:\/\/www.diigo.com\/user\/cde_uab\/?query=%23Polonia\" target=\"_blank\">Pol\u00f2nia<\/a><\/li><li><a rel=\"noreferrer noopener\" href=\"https:\/\/www.diigo.com\/user\/cde_uab\/?query=%23Portugal\" data-type=\"URL\" data-id=\"https:\/\/www.diigo.com\/user\/cde_uab\/?query=%23Portugal\" target=\"_blank\">Portugal<\/a><\/li><li><a rel=\"noreferrer noopener\" href=\"https:\/\/www.diigo.com\/user\/cde_uab\/?query=%23Rep_Txeca\" data-type=\"URL\" data-id=\"https:\/\/www.diigo.com\/user\/cde_uab\/?query=%23Rep_Txeca\" target=\"_blank\">Rep\u00fablica Txeca<\/a><\/li><li><a rel=\"noreferrer noopener\" href=\"https:\/\/www.diigo.com\/user\/cde_uab\/?query=%23Romania\" data-type=\"URL\" data-id=\"https:\/\/www.diigo.com\/user\/cde_uab\/?query=%23Romania\" target=\"_blank\">Romania<\/a><\/li><li><a rel=\"noreferrer noopener\" href=\"https:\/\/www.diigo.com\/user\/cde_uab\/?query=%23Suecia\" data-type=\"URL\" data-id=\"https:\/\/www.diigo.com\/user\/cde_uab\/?query=%23Suecia\" target=\"_blank\">Su\u00e8cia<\/a><\/li><li><a rel=\"noreferrer noopener\" href=\"https:\/\/www.diigo.com\/user\/cde_uab\/?query=%23Xipre\" data-type=\"URL\" data-id=\"https:\/\/www.diigo.com\/user\/cde_uab\/?query=%23Xipre\" target=\"_blank\">Xipre<\/a><\/li><\/ul>\n<\/div>\n","protected":false},"excerpt":{"rendered":"<p>Alemanya \u00c0ustria B\u00e8lgica Bulg\u00e0ria Cro\u00e0cia Dinamarca Eslov\u00e0quia Eslov\u00e8nia Espanya Est\u00f2nia Finl\u00e0ndia Fran\u00e7a Gr\u00e8cia Hongria Irlanda It\u00e0lia Let\u00f2nia Litu\u00e0nia Luxemburg Malta Pa\u00efsos Baixos Pol\u00f2nia Portugal Rep\u00fablica Txeca Romania Su\u00e8cia Xipre<\/p>\n","protected":false},"author":50,"featured_media":0,"parent":0,"menu_order":0,"comment_status":"closed","ping_status":"closed","template":"","meta":{"footnotes":""},"class_list":["post-218","page","type-page","status-publish","hentry"],"_links":{"self":[{"href":"https:\/\/webs.uab.cat\/fontsue\/wp-json\/wp\/v2\/pages\/218","targetHints":{"allow":["GET"]}}],"collection":[{"href":"https:\/\/webs.uab.cat\/fontsue\/wp-json\/wp\/v2\/pages"}],"about":[{"href":"https:\/\/webs.uab.cat\/fontsue\/wp-json\/wp\/v2\/types\/page"}],"author":[{"embeddable":true,"href":"https:\/\/webs.uab.cat\/fontsue\/wp-json\/wp\/v2\/users\/50"}],"replies":[{"embeddable":true,"href":"https:\/\/webs.uab.cat\/fontsue\/wp-json\/wp\/v2\/comments?post=218"}],"version-history":[{"count":20,"href":"https:\/\/webs.uab.cat\/fontsue\/wp-json\/wp\/v2\/pages\/218\/revisions"}],"predecessor-version":[{"id":1243,"href":"https:\/\/webs.uab.cat\/fontsue\/wp-json\/wp\/v2\/pages\/218\/revisions\/1243"}],"wp:attachment":[{"href":"https:\/\/webs.uab.cat\/fontsue\/wp-json\/wp\/v2\/media?parent=218"}],"curies":[{"name":"wp","href":"https:\/\/api.w.org\/{rel}","templated":true}]}}