{"id":42,"date":"2021-02-01T06:48:48","date_gmt":"2021-02-01T06:48:48","guid":{"rendered":"https:\/\/webs.uab.cat\/fontsue\/accio-exterior\/"},"modified":"2023-01-22T08:22:27","modified_gmt":"2023-01-22T08:22:27","slug":"accio-exterior","status":"publish","type":"page","link":"https:\/\/webs.uab.cat\/fontsue\/accio-exterior\/","title":{"rendered":"ACCI\u00d3 EXTERIOR"},"content":{"rendered":"<table border=\"1\" cellspacing=\"1\" cellpadding=\"1\">\n<tbody>\n<tr>\n<td colspan=\"2\"><a href=\"https:\/\/www.diigo.com\/user\/cde_uab?query=%23Politica_Exterior_Seguretat\" target=\"_blank\" rel=\"noopener\"><strong><strong><strong>POL\u00cdTICA EXTERIOR I DE SEGURETAT<\/strong><\/strong><\/strong><\/a><\/td>\n<\/tr>\n<tr>\n<td>\n<ul>\n<li><a href=\"https:\/\/www.diigo.com\/user\/cde_uab\/?query=%23Acords_internacionals\" target=\"_blank\" rel=\"noopener\">Acords internacionals<\/a><\/li>\n<li><a href=\"https:\/\/www.diigo.com\/user\/cde_uab\/?query=%23Ajuda_humanitaria\" target=\"_blank\" rel=\"noopener\">Ajuda humanit\u00e0ria<\/a><\/li>\n<li><a href=\"https:\/\/www.diigo.com\/user\/cde_uab?query=%23Amenaces\" target=\"_blank\" rel=\"noopener\">Amenaces<\/a><\/li>\n<li><a href=\"https:\/\/www.diigo.com\/user\/cde_uab\/?query=%23Armes_Desarmament\" target=\"_blank\" rel=\"noopener\">Armament i desarmament<\/a>\n<ul>\n<li><a href=\"https:\/\/www.diigo.com\/user\/cde_uab\/?query=%23Arma_nuclear\" target=\"_blank\" rel=\"noopener\">Amena\u00e7a nuclear<\/a><\/li>\n<\/ul>\n<\/li>\n<li><a href=\"https:\/\/www.diigo.com\/user\/cde_uab\/?query=%23Asil_migracions\" target=\"_blank\" rel=\"noopener\">Asil i migraci\u00f3<\/a>\n<ul>\n<li><a href=\"https:\/\/www.diigo.com\/user\/cde_uab\/?query=%23Conveni_Dublin\" target=\"_blank\" rel=\"noopener\">Conveni de Dubl\u00edn<\/a><\/li>\n<li><a href=\"https:\/\/www.diigo.com\/user\/cde_uab?query=%23Canvi_climatic+%23Asil_migracions\" target=\"_blank\" rel=\"noopener\">Refugiats &amp; canvi clim\u00e0tic<\/a><\/li>\n<\/ul>\n<\/li>\n<li><a href=\"https:\/\/www.diigo.com\/user\/cde_uab\/?query=%23Autonomia_estrategica\" target=\"_blank\" rel=\"noopener\">Autonomia estrat\u00e8gica<\/a><\/li>\n<li><a href=\"https:\/\/www.diigo.com\/user\/cde_uab\/?query=%23Ciberseguretat\" target=\"_blank\" rel=\"noopener\">Ciberseguretat<\/a><\/li>\n<li><a href=\"https:\/\/www.diigo.com\/user\/cde_uab\/?query=%23Comunitat_Politica_Europea\" target=\"_blank\" rel=\"noopener\">Comunitat Pol\u00edtica Europea<\/a><\/li>\n<li><a href=\"https:\/\/www.diigo.com\/user\/cde_uab?query=%23Pau\" target=\"_blank\" rel=\"noopener\">Construcci\u00f3 de pau<\/a><\/li>\n<li><a href=\"https:\/\/www.diigo.com\/user\/cde_uab\/?query=%23Cooperacio_desenvolupament\" target=\"_blank\" rel=\"noopener\">Cooperaci\u00f3 al desenvolupament<\/a><\/li>\n<li><a href=\"https:\/\/www.diigo.com\/user\/cde_uab\/?query=%23Politica_Exterior_Seguretat+%23Coronavirus\" target=\"_blank\" rel=\"noopener\">Coronavirus: acci\u00f3 global<\/a><\/li>\n<li><a href=\"https:\/\/www.diigo.com\/user\/cde_uab?query=%23Defensa\" target=\"_blank\" rel=\"noopener\">Defensa comuna<\/a><\/li>\n<li><a href=\"https:\/\/www.diigo.com\/user\/cde_uab?query=%23Diplomacia\" target=\"_blank\" rel=\"noopener\">Diplom\u00e0cia<\/a>\n<ul>\n<li><a href=\"https:\/\/www.diigo.com\/user\/cde_uab?query=%23Politica_Exterior_Seguretat+%23Investigacio_Innovacio\" target=\"_blank\" rel=\"noopener\">Dipl. cient\u00edfica<\/a><\/li>\n<li><a href=\"https:\/\/www.diigo.com\/user\/cde_uab?query=%23Politica_Exterior_Seguretat+%23Canvi_climatic\" target=\"_blank\" rel=\"noopener\">Dipl. clim\u00e0tica<\/a><\/li>\n<li><a href=\"https:\/\/www.diigo.com\/user\/cde_uab?query=%23Politica_Exterior_Seguretat+%23Cultura\" target=\"_blank\" rel=\"noopener\">Dipl. cultural<\/a><\/li>\n<li><a href=\"https:\/\/www.diigo.com\/user\/cde_uab?query=%23Politica_Exterior_Seguretat+%23Educacio_universitaria\" target=\"_blank\" rel=\"noopener\">Dipl. educativa<\/a><\/li>\n<li><a href=\"https:\/\/www.diigo.com\/user\/cde_uab?query=%23Politica_Exterior_Seguretat+%23Energia\" target=\"_blank\" rel=\"noopener\">Dipl. energ\u00e8tica<\/a><\/li>\n<li><a href=\"https:\/\/www.diigo.com\/user\/cde_uab?query=%23Politica_Exterior_Seguretat+%23Medi_ambient\" target=\"_blank\" rel=\"noopener\">Dipl. mediambiental<\/a><\/li>\n<li><a href=\"https:\/\/www.diigo.com\/user\/cde_uab?query=%23Ciutats_Urbansme+%23Politica_Exterior_Seguretat\" target=\"_blank\" rel=\"noopener\">Dipl. municipal<\/a><\/li>\n<\/ul>\n<\/li>\n<\/ul>\n<\/td>\n<td>\n<ul>\n<li><a href=\"https:\/\/www.diigo.com\/user\/cde_uab\/?query=%23Dret_internacional\" target=\"_blank\" rel=\"noopener\">Dret internacional<\/a><\/li>\n<li><a href=\"https:\/\/www.diigo.com\/user\/cde_uab?query=%23Espai+\" target=\"_blank\" rel=\"noopener\">Espai exterior<\/a><\/li>\n<li><a href=\"https:\/\/www.diigo.com\/user\/cde_uab\/?query=%23Exercit_europeu\" target=\"_blank\" rel=\"noopener\">Ex\u00e8rcit<\/a><\/li>\n<li><a href=\"https:\/\/www.diigo.com\/user\/cde_uab\/?query=%23Fronteres\" target=\"_blank\" rel=\"noopener\">Fronteres<\/a><\/li>\n<li><a href=\"https:\/\/www.diigo.com\/user\/cde_uab?query=%23Politica_Exterior_Seguretat+%23Fons_europeus\" target=\"_blank\" rel=\"noopener\">Fons europeus<\/a><\/li>\n<li><a href=\"https:\/\/www.diigo.com\/user\/cde_uab?query=%23Geopolitica\" target=\"_blank\" rel=\"noopener\">Geopol\u00edtica<\/a><\/li>\n<li><a href=\"https:\/\/www.diigo.com\/user\/cde_uab\/?query=%23Global_Network_Initiative\" target=\"_blank\" rel=\"noopener\">Global Gateway<\/a><\/li>\n<li><a href=\"https:\/\/www.diigo.com\/user\/cde_uab?query=%23Interferencies_externes\" target=\"_blank\" rel=\"noopener\">Interfer\u00e8ncies externes<\/a><\/li>\n<li><a href=\"https:\/\/www.diigo.com\/user\/cde_uab\/?query=%23Missions\" target=\"_blank\" rel=\"noopener\">Missions<\/a><\/li>\n<li><a href=\"https:\/\/www.diigo.com\/user\/cde_uab\/?query=%23Multilateralisme\" target=\"_blank\" rel=\"noopener\">Multilateralisme<\/a><\/li>\n<li><a href=\"https:\/\/www.diigo.com\/user\/cde_uab\/?query=%23Objectius_Desenvolupament_Sostenible\" target=\"_blank\" rel=\"noopener\">ODS<\/a><\/li>\n<li><a href=\"https:\/\/www.diigo.com\/user\/cde_uab\/?query=%23Politica_veinatge\" target=\"_blank\" rel=\"noopener\">Pol\u00edtica de ve\u00efnatge<\/a><\/li>\n<li><a href=\"https:\/\/www.diigo.com\/user\/cde_uab\/?query=%23Premi_Sajarov\" target=\"_blank\" rel=\"noopener\">Premi S\u00e0kharov<\/a><\/li>\n<li><a href=\"https:\/\/www.diigo.com\/user\/cde_uab\/?query=%23Proteccio_consular\" target=\"_blank\" rel=\"noopener\">Protecci\u00f3 consular<\/a><\/li>\n<li><a href=\"https:\/\/www.diigo.com\/user\/cde_uab\/?query=+%23Sancions\" target=\"_blank\" rel=\"noopener\">Sancions<\/a><\/li>\n<li><a href=\"https:\/\/www.diigo.com\/user\/cde_uab?query=%23SEAE\" target=\"_blank\" rel=\"noopener\">Servei Europeu d&#8217;Acci\u00f3 Exterior<\/a><\/li>\n<li><a href=\"https:\/\/www.diigo.com\/user\/cde_uab?query=%23Strategic_Compass\" target=\"_blank\" rel=\"noopener\">Strategic Compass<\/a><\/li>\n<li><a href=\"https:\/\/www.diigo.com\/user\/cde_uab\/?query=%23Proteccio_dades_Privacitat+%23USA\" target=\"_blank\" rel=\"noopener\">Transfer\u00e8ncia internacional de dades<\/a><\/li>\n<\/ul>\n<\/td>\n<\/tr>\n<tr>\n<td colspan=\"2\"><a href=\"https:\/\/www.diigo.com\/user\/cde_uab\/?query=%23Ampliacio\" target=\"_blank\" rel=\"noopener\"><strong>AMPLIACI\u00d3<\/strong><\/a><\/td>\n<\/tr>\n<tr>\n<td>\n<ul>\n<li>Pa\u00efsos candidats\n<ul>\n<li><a href=\"https:\/\/www.diigo.com\/user\/cde_uab\/?query=%23Albania\" target=\"_blank\" rel=\"noopener\">Alb\u00e0nia<\/a><\/li>\n<li><a href=\"https:\/\/www.diigo.com\/user\/cde_uab\/?query=%23Macedonia_Nord\" target=\"_blank\" rel=\"noopener\">Maced\u00f2nia del Nord<\/a><\/li>\n<li><a href=\"https:\/\/www.diigo.com\/user\/cde_uab\/?query=%23Moldavia\" target=\"_blank\" rel=\"noopener\">Mold\u00e0via<\/a><\/li>\n<li><a href=\"https:\/\/www.diigo.com\/user\/cde_uab\/?query=%23Montenegro\" target=\"_blank\" rel=\"noopener\">Montenegro<\/a><\/li>\n<li><a href=\"https:\/\/www.diigo.com\/user\/cde_uab\/?query=%23Serbia\" target=\"_blank\" rel=\"noopener\">S\u00e8rbia<\/a><\/li>\n<li><a href=\"https:\/\/www.diigo.com\/user\/cde_uab\/?query=%23Turquia\" target=\"_blank\" rel=\"noopener\">Turquia<\/a><\/li>\n<li><a href=\"https:\/\/www.diigo.com\/user\/cde_uab?query=%23Ucraina\" target=\"_blank\" rel=\"noopener\">Ucra\u00efna<\/a><\/li>\n<\/ul>\n<\/li>\n<\/ul>\n<\/td>\n<td>\n<ul>\n<li>Candidats potencials\n<ul>\n<li><a href=\"https:\/\/www.diigo.com\/user\/cde_uab\/?query=%23Bosnia_Hercegovina\" target=\"_blank\" rel=\"noopener\">B\u00f2snia i Hercegovina<\/a><\/li>\n<li><a href=\"https:\/\/www.diigo.com\/user\/cde_uab\/?query=%23Georgia\" target=\"_blank\" rel=\"noopener\">Ge\u00f2rgia<\/a><\/li>\n<li><a href=\"https:\/\/www.diigo.com\/user\/cde_uab\/?query=%23Kosovo\" target=\"_blank\" rel=\"noopener\">Kosovo<\/a><\/li>\n<\/ul>\n<\/li>\n<\/ul>\n<\/td>\n<\/tr>\n<tr>\n<td colspan=\"2\"><strong>RELACIONS ECON\u00d2MIQUES EXTERIORS<\/strong><\/td>\n<\/tr>\n<tr>\n<td>\n<ul>\n<li><a href=\"https:\/\/www.diigo.com\/user\/cde_uab\/?query=%23Comercio_exterior\" target=\"_blank\" rel=\"noopener\">Comer\u00e7 exterior<\/a><\/li>\n<li><a href=\"https:\/\/www.diigo.com\/user\/cde_uab?query=%23Drets_fonamentals+%23Comercio_exterior\" target=\"_blank\" rel=\"noopener\">Comer\u00e7 i drets fonamentals<\/a><\/li>\n<li><a href=\"https:\/\/www.diigo.com\/user\/cde_uab\/?query=%23Defensa_comercial\" target=\"_blank\" rel=\"noopener\">Defensa comercial<\/a><\/li>\n<li><a href=\"https:\/\/www.diigo.com\/user\/cde_uab\/?query=%23Duanes\" target=\"_blank\" rel=\"noopener\">Duanes<\/a><\/li>\n<li><a href=\"https:\/\/www.diigo.com\/user\/cde_uab\/?query=%23Geoeconomia\" target=\"_blank\" rel=\"noopener\">Geoeconomia<\/a><\/li>\n<li><a href=\"https:\/\/www.diigo.com\/user\/cde_uab?query=%23Globalitzacio\" target=\"_blank\" rel=\"noopener\">Globalitzaci\u00f3<\/a><\/li>\n<li><a href=\"https:\/\/www.diigo.com\/user\/cde_uab?query=%23Conflictes_comercials\" target=\"_blank\" rel=\"noopener\">Guerres comercials<\/a><\/li>\n<li><a href=\"https:\/\/www.diigo.com\/user\/cde_uab\/?query=%23Inversions_estrangeres\" target=\"_blank\" rel=\"noopener\">Inversions estrangeres<\/a><\/li>\n<\/ul>\n<\/td>\n<td>\n<ul>\n<li><a href=\"https:\/\/www.diigo.com\/user\/cde_uab?query=Nova_Ruta_Seda\" target=\"_blank\" rel=\"noopener\">Nova Ruta de la Seda<\/a><\/li>\n<li><a href=\"https:\/\/www.diigo.com\/user\/cde_uab?query=%23Politica_Exterior_Seguretat+%23Euro\" target=\"_blank\" rel=\"noopener\">Paper internacional de l&#8217;euro<\/a><\/li>\n<li><a href=\"https:\/\/www.diigo.com\/user\/cde_uab\/?query=%23Evasio_Elusio_Fiscal\" target=\"_blank\" rel=\"noopener\">Paradisos fiscals<\/a><\/li>\n<li><a href=\"https:\/\/www.diigo.com\/user\/cde_uab?query=%23Comercio_exterior+%23Cooperacio_desenvolupament\" target=\"_blank\" rel=\"noopener\">Prefer\u00e8ncies comercials als pa\u00efsos en desenvolupament<\/a><\/li>\n<li><a href=\"https:\/\/www.diigo.com\/user\/cde_uab\/?query=%23Energia_subministrament\" target=\"_blank\" rel=\"noopener\">Subministrament d&#8217;energia<\/a><\/li>\n<li><a href=\"https:\/\/www.diigo.com\/user\/cde_uab?query=%23Blue_Card\" target=\"_blank\" rel=\"noopener\">Targeta blava<\/a><\/li>\n<\/ul>\n<\/td>\n<\/tr>\n<tr>\n<td colspan=\"2\"><strong>CONFLICTES<\/strong><\/td>\n<\/tr>\n<tr>\n<td>\n<ul>\n<li><a href=\"https:\/\/www.diigo.com\/user\/cde_uab?query=%23Xipre+%23Turquia\" target=\"_blank\" rel=\"noopener\">Disputa de Xipre<\/a><\/li>\n<li><a href=\"https:\/\/www.diigo.com\/user\/cde_uab?query=%23Guerra\" target=\"_blank\" rel=\"noopener\">Guerres<\/a>\n<ul>\n<li><a href=\"https:\/\/www.diigo.com\/user\/cde_uab?query=%23Siria+%23Guerra\" target=\"_blank\" rel=\"noopener\">Guerra civil s\u00edria<\/a><\/li>\n<li><a href=\"https:\/\/www.diigo.com\/user\/cde_uab?query=%23Russia+%23Ucraina\" target=\"_blank\" rel=\"noopener\">Invasi\u00f3 russa d&#8217;Ucra\u00efna<\/a><\/li>\n<\/ul>\n<\/li>\n<\/ul>\n<\/td>\n<td>\n<ul>\n<li><a href=\"https:\/\/www.diigo.com\/user\/cde_uab\/?query=%23Iran+%23Arma_nuclear\" target=\"_blank\" rel=\"noopener\">Programa nuclear irani\u00e0<\/a><\/li>\n<li><a href=\"https:\/\/www.diigo.com\/user\/cde_uab\/?query=%23Terrorisme\" target=\"_blank\" rel=\"noopener\">Terrorisme<\/a>\n<ul>\n<li><a href=\"https:\/\/www.diigo.com\/user\/cde_uab\/?query=%23Gihadisme\" target=\"_blank\" rel=\"noopener\">Gihadisme<\/a><\/li>\n<\/ul>\n<\/li>\n<\/ul>\n<\/td>\n<\/tr>\n<tr>\n<td colspan=\"2\"><strong>TERCERS ESTATS (SELECCI\u00d3)<\/strong><\/td>\n<\/tr>\n<tr>\n<td>\n<ul>\n<li><a href=\"https:\/\/www.diigo.com\/user\/cde_uab?query=%23Afganistan\" target=\"_blank\" rel=\"noopener\">Afganistan<\/a><\/li>\n<li><a href=\"https:\/\/www.diigo.com\/user\/cde_uab\/?query=%23Australia\" target=\"_blank\" rel=\"noopener\">Austr\u00e0lia<\/a><\/li>\n<li><a href=\"https:\/\/www.diigo.com\/user\/cde_uab\/?query=%23Bielorussia\" target=\"_blank\" rel=\"noopener\">Bielorr\u00fassia<\/a><\/li>\n<li><a href=\"https:\/\/www.diigo.com\/user\/cde_uab?query=%23Canada\" target=\"_blank\" rel=\"noopener\">Canad\u00e0<\/a><\/li>\n<li><a href=\"https:\/\/www.diigo.com\/user\/cde_uab?query=%23usa\" target=\"_blank\" rel=\"noopener\">Estats Units<\/a><\/li>\n<li><a href=\"https:\/\/www.diigo.com\/user\/cde_uab\/?query=%23India\" target=\"_blank\" rel=\"noopener\">\u00cdndia<\/a><\/li>\n<li><a href=\"https:\/\/www.diigo.com\/user\/cde_uab\/?query=%23Iran\" target=\"_blank\" rel=\"noopener\">Iran<\/a><\/li>\n<li><a href=\"https:\/\/www.diigo.com\/user\/cde_uab\/?query=%23Israel\" target=\"_blank\" rel=\"noopener\">Israel<\/a><\/li>\n<li><a href=\"https:\/\/www.diigo.com\/user\/cde_uab?query=%23Islandia\" target=\"_blank\" rel=\"noopener\">Isl\u00e0ndia<\/a><\/li>\n<li><a href=\"https:\/\/www.diigo.com\/user\/cde_uab?query=%23Japo\" target=\"_blank\" rel=\"noopener\">Jap\u00f3<\/a><\/li>\n<li><a href=\"https:\/\/www.diigo.com\/user\/cde_uab\/?query=%23Libia\" target=\"_blank\" rel=\"noopener\">L\u00edbia<\/a><\/li>\n<li><a href=\"https:\/\/www.diigo.com\/user\/cde_uab\/?query=%23Liechtenstein\" target=\"_blank\" rel=\"noopener\">Liechtenstein<\/a><\/li>\n<\/ul>\n<\/td>\n<td>\n<ul>\n<li><a href=\"https:\/\/www.diigo.com\/user\/cde_uab?query=%23Marroc\" target=\"_blank\" rel=\"noopener\">Marroc<\/a><\/li>\n<li><a href=\"https:\/\/www.diigo.com\/user\/cde_uab?query=%23NOruega\" target=\"_blank\" rel=\"noopener\">Noruega<\/a><\/li>\n<li><a href=\"https:\/\/www.diigo.com\/user\/cde_uab?query=%23Orient_Mitja\" target=\"_blank\" rel=\"noopener\">Orient Mitj\u00e0<\/a><\/li>\n<li><a href=\"https:\/\/www.diigo.com\/user\/cde_uab\/?query=%23Palestina\" target=\"_blank\" rel=\"noopener\">Palestina<\/a><\/li>\n<li><a href=\"https:\/\/www.diigo.com\/user\/cde_uab?query=%23Regne_Unit\" target=\"_blank\" rel=\"noopener\">Regne Unit<\/a><\/li>\n<li><a href=\"https:\/\/www.diigo.com\/user\/cde_uab?query=%23Russia\" target=\"_blank\" rel=\"noopener\">R\u00fassia<\/a><\/li>\n<li><a href=\"https:\/\/www.diigo.com\/user\/cde_uab\/?query=%23Sahel\" target=\"_blank\" rel=\"noopener\">Sahel<\/a><\/li>\n<li><a href=\"https:\/\/www.diigo.com\/user\/cde_uab?query=%23Suissa\" target=\"_blank\" rel=\"noopener\">Su\u00efssa<\/a><\/li>\n<li><a href=\"https:\/\/www.diigo.com\/user\/cde_uab\/?query=%23Tunisia\" target=\"_blank\" rel=\"noopener\">Tun\u00edsia<\/a><\/li>\n<li><a href=\"https:\/\/www.diigo.com\/user\/cde_uab?query=%23Turquia\" target=\"_blank\" rel=\"noopener\">Turquia<\/a><\/li>\n<li><a href=\"https:\/\/www.diigo.com\/user\/cde_uab\/?query=%23Venezuela\" target=\"_blank\" rel=\"noopener\">Vene\u00e7uela<\/a><\/li>\n<li><a href=\"https:\/\/www.diigo.com\/user\/cde_uab?query=%23xina\" target=\"_blank\" rel=\"noopener\">Xina<\/a><\/li>\n<\/ul>\n<\/td>\n<\/tr>\n<tr>\n<td colspan=\"2\"><strong>BLOCS REGIONALS I ORGANITZACIONS INTERNACIONALS<\/strong><\/td>\n<\/tr>\n<tr>\n<td>\n<ul>\n<li><a href=\"https:\/\/www.diigo.com\/user\/cde_uab\/?query=%23Africa\" target=\"_blank\" rel=\"noopener\">\u00c0frica<\/a><\/li>\n<li><a href=\"https:\/\/www.diigo.com\/user\/cde_uab\/?query=%23America_Llatina\" target=\"_blank\" rel=\"noopener\">Am\u00e8rica Llatina<\/a><\/li>\n<li><a href=\"https:\/\/www.diigo.com\/user\/cde_uab?query=%23Artic\" target=\"_blank\" rel=\"noopener\">\u00c0rtic<\/a><\/li>\n<li><a href=\"https:\/\/www.diigo.com\/user\/cde_uab?query=%23Asean\" target=\"_blank\" rel=\"noopener\">ASEAN<\/a><\/li>\n<li><a href=\"https:\/\/www.diigo.com\/user\/cde_uab\/?query=%23Asia\" target=\"_blank\" rel=\"noopener\">\u00c0sia<\/a><\/li>\n<li><a href=\"https:\/\/www.diigo.com\/user\/cde_uab?query=%23Asia_Pacific\" target=\"_blank\" rel=\"noopener\">\u00c0sia-Pac\u00edfic<\/a><\/li>\n<li><a href=\"https:\/\/www.diigo.com\/user\/cde_uab\/?query=%23Balcans\" target=\"_blank\" rel=\"noopener\">Balcans<\/a><\/li>\n<li><a href=\"https:\/\/www.diigo.com\/user\/cde_uab\/?query=%23Baltic\" target=\"_blank\" rel=\"noopener\">B\u00e0ltic<\/a><\/li>\n<li><a href=\"https:\/\/www.diigo.com\/user\/cde_uab\/?query=%23Caucas\" target=\"_blank\" rel=\"noopener\">Caucas<\/a><\/li>\n<li><a href=\"https:\/\/www.diigo.com\/user\/cde_uab\/?query=%23Consell_Europa\" target=\"_blank\" rel=\"noopener\">Consell d&#8217;Europa<\/a><\/li>\n<li><a href=\"https:\/\/www.diigo.com\/user\/cde_uab?query=%23EFTA\" target=\"_blank\" rel=\"noopener\">EFTA<\/a><\/li>\n<li><a href=\"https:\/\/www.diigo.com\/user\/cde_uab\/?query=%23Espai_Economic_Europeu\" target=\"_blank\" rel=\"noopener\">Espai Econ\u00f2mic Europeu<\/a><\/li>\n<li><a href=\"https:\/\/www.diigo.com\/user\/cde_uab\/?query=%23Eurasia\" target=\"_blank\" rel=\"noopener\">Eur\u00e0sia<\/a><\/li>\n<li><a href=\"https:\/\/www.diigo.com\/user\/cde_uab\/?query=%23Europa_est\" target=\"_blank\" rel=\"noopener\">Europa de l&#8217;Est<\/a><\/li>\n<li><a href=\"https:\/\/www.diigo.com\/user\/cde_uab?query=%23FMI\" target=\"_blank\" rel=\"noopener\">FMI<\/a><\/li>\n<li><a href=\"https:\/\/www.diigo.com\/user\/cde_uab\/?query=%23G7\" target=\"_blank\" rel=\"noopener\">G7<\/a><\/li>\n<li><a href=\"https:\/\/www.diigo.com\/user\/cde_uab\/?query=%23G20\" target=\"_blank\" rel=\"noopener\">G20<\/a><\/li>\n<\/ul>\n<\/td>\n<td>\n<ul>\n<li><a href=\"https:\/\/www.diigo.com\/user\/cde_uab\/?query=%23Indo_Pacific\" target=\"_blank\" rel=\"noopener\">Indo-Pac\u00edfic<\/a><\/li>\n<li><a href=\"https:\/\/www.diigo.com\/user\/cde_uab\/?query=%23Lliga_Arab\" target=\"_blank\" rel=\"noopener\">Lliga \u00c0rab<\/a><\/li>\n<li><a href=\"https:\/\/www.diigo.com\/user\/cde_uab\/?query=%23Magrib\" target=\"_blank\" rel=\"noopener\">Magrib<\/a><\/li>\n<li><a href=\"https:\/\/www.diigo.com\/user\/cde_uab\/?query=%23Mediterrania\" target=\"_blank\" rel=\"noopener\">Mediterr\u00e0nia<\/a><\/li>\n<li><a href=\"https:\/\/www.diigo.com\/user\/cde_uab?query=%23Mercosur\" target=\"_blank\" rel=\"noopener\">Mercosur<\/a><\/li>\n<li><a href=\"https:\/\/www.diigo.com\/user\/cde_uab\/?query=%23OCDE\" target=\"_blank\" rel=\"noopener\">OCDE<\/a><\/li>\n<li><a href=\"https:\/\/www.diigo.com\/user\/cde_uab\/?query=%23OMC\" target=\"_blank\" rel=\"noopener\">OMC<\/a><\/li>\n<li><a href=\"https:\/\/www.diigo.com\/user\/cde_uab\/?query=%23OMS\" target=\"_blank\" rel=\"noopener\">OMS<\/a><\/li>\n<li><a href=\"https:\/\/www.diigo.com\/user\/cde_uab\/?query=%23ONU\" target=\"_blank\" rel=\"noopener\">ONU<\/a><\/li>\n<li><a href=\"https:\/\/www.diigo.com\/user\/cde_uab\/?query=%23OSCE\" target=\"_blank\" rel=\"noopener\">OSCE<\/a><\/li>\n<li><a href=\"https:\/\/www.diigo.com\/user\/cde_uab\/?query=%23OTAN\" target=\"_blank\" rel=\"noopener\">OTAN<\/a><\/li>\n<li><a href=\"https:\/\/www.diigo.com\/user\/cde_uab\/?query=%23Paisos_ACP\" target=\"_blank\" rel=\"noopener\">Pa\u00efsos ACP<\/a><\/li>\n<li><a href=\"https:\/\/www.diigo.com\/user\/cde_uab\/?query=%23Tribunal_Internacional_Justicia\" target=\"_blank\" rel=\"noopener\">Tribunal Internacional de Just\u00edcia<\/a><\/li>\n<li><a href=\"https:\/\/www.diigo.com\/user\/cde_uab\/?query=%23UNESCO\" target=\"_blank\" rel=\"noopener\">UNESCO<\/a><\/li>\n<li><a href=\"https:\/\/www.diigo.com\/user\/cde_uab\/?query=%23UpM\" target=\"_blank\" rel=\"noopener\">UpM<\/a><\/li>\n<li><a href=\"https:\/\/www.diigo.com\/user\/cde_uab\/?query=%23Unio_Africana\" target=\"_blank\" rel=\"noopener\">Uni\u00f3 Africana<\/a><\/li>\n<\/ul>\n<\/td>\n<\/tr>\n<\/tbody>\n<\/table>\n<p><!--more--><\/p>\n","protected":false},"excerpt":{"rendered":"<p>POL\u00cdTICA EXTERIOR I DE SEGURETAT Acords internacionals Ajuda humanit\u00e0ria Amenaces Armament i desarmament Amena\u00e7a nuclear Asil i migraci\u00f3 Conveni de Dubl\u00edn Refugiats &amp; canvi clim\u00e0tic Autonomia estrat\u00e8gica Ciberseguretat Comunitat Pol\u00edtica Europea Construcci\u00f3 de pau Cooperaci\u00f3 al desenvolupament Coronavirus: acci\u00f3 global Defensa comuna Diplom\u00e0cia Dipl. cient\u00edfica Dipl. clim\u00e0tica Dipl. cultural Dipl. educativa Dipl. energ\u00e8tica Dipl. mediambiental [&hellip;]<\/p>\n","protected":false},"author":20,"featured_media":0,"parent":0,"menu_order":0,"comment_status":"closed","ping_status":"closed","template":"","meta":{"footnotes":""},"class_list":["post-42","page","type-page","status-publish","hentry"],"_links":{"self":[{"href":"https:\/\/webs.uab.cat\/fontsue\/wp-json\/wp\/v2\/pages\/42","targetHints":{"allow":["GET"]}}],"collection":[{"href":"https:\/\/webs.uab.cat\/fontsue\/wp-json\/wp\/v2\/pages"}],"about":[{"href":"https:\/\/webs.uab.cat\/fontsue\/wp-json\/wp\/v2\/types\/page"}],"author":[{"embeddable":true,"href":"https:\/\/webs.uab.cat\/fontsue\/wp-json\/wp\/v2\/users\/20"}],"replies":[{"embeddable":true,"href":"https:\/\/webs.uab.cat\/fontsue\/wp-json\/wp\/v2\/comments?post=42"}],"version-history":[{"count":148,"href":"https:\/\/webs.uab.cat\/fontsue\/wp-json\/wp\/v2\/pages\/42\/revisions"}],"predecessor-version":[{"id":1451,"href":"https:\/\/webs.uab.cat\/fontsue\/wp-json\/wp\/v2\/pages\/42\/revisions\/1451"}],"wp:attachment":[{"href":"https:\/\/webs.uab.cat\/fontsue\/wp-json\/wp\/v2\/media?parent=42"}],"curies":[{"name":"wp","href":"https:\/\/api.w.org\/{rel}","templated":true}]}}