{"id":45,"date":"2021-02-04T14:24:04","date_gmt":"2021-02-04T14:24:04","guid":{"rendered":"https:\/\/webs.uab.cat\/fontsue\/afers-institucionals-integracio-europea-governanca\/"},"modified":"2022-12-08T06:15:02","modified_gmt":"2022-12-08T06:15:02","slug":"afers-institucionals-integracio-europea-governanca","status":"publish","type":"page","link":"https:\/\/webs.uab.cat\/fontsue\/afers-institucionals-integracio-europea-governanca\/","title":{"rendered":"AFERS INSTITUCIONALS, INTEGRACI\u00d3 EUROPEA &amp; GOVERNAN\u00c7A"},"content":{"rendered":"<table border=\"1\" cellspacing=\"1\" cellpadding=\"1\">\n<tbody>\n<tr>\n<td colspan=\"2\"><a href=\"https:\/\/www.diigo.com\/user\/cde_uab\/?query=%23Institucions\" target=\"_blank\" rel=\"noopener\"><strong>AFERS INSTITUCIONALS<\/strong><\/a><\/td>\n<td><\/td>\n<\/tr>\n<tr>\n<td colspan=\"2\">\n<ul>\n<li><a href=\"https:\/\/www.diigo.com\/user\/cde_uab\/?query=%23Agencies_UE\" target=\"_blank\" rel=\"noopener\">Ag\u00e8ncies<\/a><\/li>\n<li><a href=\"https:\/\/www.diigo.com\/user\/cde_uab\/?query=%23Banc_Central_Europeu\" target=\"_blank\" rel=\"noopener\">Banc Central Europeu<\/a><\/li>\n<li><a href=\"https:\/\/www.diigo.com\/user\/cde_uab\/?query=%23Banc_Europeu_Inversions\" target=\"_blank\" rel=\"noopener\">Banc Europeu d&#8217;Inversions<\/a><\/li>\n<li><a href=\"https:\/\/www.diigo.com\/user\/cde_uab\/?query=%23Comite_Europeu_Regions\" target=\"_blank\" rel=\"noopener\">CDR<\/a><\/li>\n<li><a href=\"https:\/\/www.diigo.com\/user\/cde_uab\/?query=%23CESE\" target=\"_blank\" rel=\"noopener\">CESE<\/a><\/li>\n<li><a href=\"https:\/\/www.diigo.com\/user\/cde_uab\/?query=%23Comissio_Europea\" target=\"_blank\" rel=\"noopener\">Comissi\u00f3 Europea<\/a><\/li>\n<li><a href=\"https:\/\/www.diigo.com\/user\/cde_uab\/?query=%23Consell_Europeu\" target=\"_blank\" rel=\"noopener\">Consell Europeu<\/a><\/li>\n<li><a href=\"https:\/\/www.diigo.com\/user\/cde_uab\/?query=%23Consell_UE\" target=\"_blank\" rel=\"noopener\">Consell de la UE<\/a><\/li>\n<li><a href=\"https:\/\/www.diigo.com\/user\/cde_uab\/?query=%23Defensor_Poble_Europeu\" target=\"_blank\" rel=\"noopener\">Defensor del Poble Europeu<\/a><\/li>\n<li><a href=\"https:\/\/www.diigo.com\/user\/cde_uab\/?query=%23Eurogrup\" target=\"_blank\" rel=\"noopener\">Eurogrup<\/a><\/li>\n<\/ul>\n<\/td>\n<td>\n<ul>\n<li><a href=\"https:\/\/www.diigo.com\/user\/cde_uab\/?query=%23Fiscalia_Europea\" target=\"_blank\" rel=\"noopener\">Fiscalia Europea<\/a><\/li>\n<li><a href=\"https:\/\/www.diigo.com\/user\/cde_uab\/?query=%23Parlament_Europeu\" target=\"_blank\" rel=\"noopener\">Parlament Europeu<\/a><\/li>\n<li><a href=\"https:\/\/www.diigo.com\/user\/cde_uab\/?query=%23Presidencia_UE\" target=\"_blank\" rel=\"noopener\">Presid\u00e8ncia rotat\u00f2ria<\/a><\/li>\n<li><a href=\"https:\/\/www.diigo.com\/user\/cde_uab\/?query=%23Presidencia_UE+%23Espanya\" target=\"_blank\" rel=\"noopener\">Presid\u00e8ncies\u00a0espanyoles\u00a0del Consell<\/a><\/li>\n<li><a href=\"https:\/\/www.diigo.com\/user\/cde_uab\/?query=%23Punts_informacio\" target=\"_blank\" rel=\"noopener\">Punts d&#8217;informaci\u00f3<\/a><\/li>\n<li><a href=\"https:\/\/www.diigo.com\/user\/cde_uab?query=%23SEAE\" target=\"_blank\" rel=\"noopener\">Servei Europeu d&#8217;Acci\u00f3 Exterior<\/a><\/li>\n<li><a href=\"https:\/\/www.diigo.com\/user\/cde_uab\/?query=%23Tribunal_Comptes_Europeu\" target=\"_blank\" rel=\"noopener\">Tribunal de Comptes Europeu<\/a><\/li>\n<li><a href=\"https:\/\/www.diigo.com\/user\/cde_uab\/?query=%23TJUE\" target=\"_blank\" rel=\"noopener\">Tribunal de Just\u00edcia de la UE<\/a><\/li>\n<li><a href=\"https:\/\/www.diigo.com\/user\/cde_uab\/?query=%23Visites\" target=\"_blank\" rel=\"noopener\">Visites a les institucions<\/a><\/li>\n<\/ul>\n<\/td>\n<\/tr>\n<tr>\n<td colspan=\"3\"><a href=\"https:\/\/www.diigo.com\/user\/cde_uab\/?query=%23Integracio_europea\" target=\"_blank\" rel=\"noopener\"><strong>INTEGRACI\u00d3 EUROPEA\u00a0<\/strong><\/a><\/td>\n<\/tr>\n<tr>\n<td colspan=\"2\">\n<ul>\n<li><a href=\"https:\/\/www.diigo.com\/user\/cde_uab\/?query=%23Ampliacio\" target=\"_blank\" rel=\"noopener\">Ampliaci\u00f3<\/a><\/li>\n<li><a href=\"https:\/\/www.diigo.com\/user\/cde_uab\/?query=%23Conference_Future_EU\" target=\"_blank\" rel=\"noopener\">COFE<\/a><\/li>\n<li><a href=\"https:\/\/www.diigo.com\/user\/cde_uab\/?query=%23Euroescepticisme\" target=\"_blank\" rel=\"noopener\">Euroescepticisme<\/a><\/li>\n<li><a href=\"https:\/\/www.diigo.com\/user\/cde_uab\/?query=%23Europeisme\" target=\"_blank\" rel=\"noopener\">Europeisme<\/a><\/li>\n<li><a href=\"https:\/\/www.diigo.com\/user\/cde_uab\/?query=%23Europe%C3%AFtzacio\" target=\"_blank\" rel=\"noopener\">Europe\u00eftzaci\u00f3<\/a><\/li>\n<li><a href=\"https:\/\/www.diigo.com\/user\/cde_uab\/?query=%23Futur_UE\" target=\"_blank\" rel=\"noopener\">Futur de la UE<\/a><\/li>\n<li><a href=\"https:\/\/www.diigo.com\/user\/cde_uab\/?query=%23Historia\" target=\"_blank\" rel=\"noopener\">Hist\u00f2ria<\/a><\/li>\n<\/ul>\n<\/td>\n<td>\n<ul>\n<li><a href=\"https:\/\/www.diigo.com\/user\/cde_uab?query=%23CECA\" target=\"_blank\" rel=\"noopener\">CECA<\/a><\/li>\n<li><a href=\"https:\/\/www.diigo.com\/user\/cde_uab\/?query=%23Mur_Berlin_Caiguda\" target=\"_blank\" rel=\"noopener\">Mur de Berlin, Caiguda<\/a><\/li>\n<li><a href=\"https:\/\/www.diigo.com\/user\/cde_uab?query=%23Opting-outs\" target=\"_blank\" rel=\"noopener\">Opting outs<\/a><\/li>\n<li><a href=\"https:\/\/www.diigo.com\/user\/cde_uab\/?query=%23Pares_fundadors\" target=\"_blank\" rel=\"noopener\">Pares fundadors\u00a0<\/a><\/li>\n<li><a href=\"https:\/\/www.diigo.com\/user\/cde_uab\/?query=%23Plan_Marshall\" target=\"_blank\" rel=\"noopener\">Pla Marshall<\/a><\/li>\n<li><a href=\"https:\/\/www.diigo.com\/user\/cde_uab\/?query=%23Identitat_Simbols_Valors\" target=\"_blank\" rel=\"noopener\">S\u00edmbols, valors i identitat<\/a><\/li>\n<li><a href=\"https:\/\/www.diigo.com\/user\/cde_uab\/?query=%23Tractats\" target=\"_blank\" rel=\"noopener\">Tractats<\/a><\/li>\n<\/ul>\n<\/td>\n<\/tr>\n<tr>\n<td colspan=\"2\"><a href=\"https:\/\/www.diigo.com\/user\/cde_uab\/?query=%23Gobernanza\" target=\"_blank\" rel=\"noopener\"><strong>GOVERNAN\u00c7A<\/strong><\/a><\/td>\n<td><\/td>\n<\/tr>\n<tr>\n<td colspan=\"2\" rowspan=\"1\">\n<ul>\n<li><a href=\"https:\/\/www.diigo.com\/user\/cde_uab\/?query=%23Acces_documents\" target=\"_blank\" rel=\"noopener\">Acc\u00e9s als documents<\/a><\/li>\n<li><a href=\"https:\/\/www.diigo.com\/user\/cde_uab?query=%23Agencies_UE\" target=\"_blank\" rel=\"noopener\">Agencificaci\u00f3<\/a><\/li>\n<li><a href=\"https:\/\/www.diigo.com\/user\/cde_uab\/?query=%23Art_7_TUE\" target=\"_blank\" rel=\"noopener\">Art.\u00a07 TUE<\/a><\/li>\n<li><a href=\"https:\/\/www.diigo.com\/user\/cde_uab\/?query=%23Art_50_TUE\" target=\"_blank\" rel=\"noopener\">Art. 50 TUE<\/a><\/li>\n<li><a href=\"https:\/\/www.diigo.com\/user\/cde_uab?query=%23Autonomia_estratEgica\" target=\"_blank\" rel=\"noopener\">Autonomia estrat\u00e8gica<\/a><\/li>\n<li><a href=\"https:\/\/www.diigo.com\/user\/cde_uab?query=%23AvaluaciO_impacte\" target=\"_blank\" rel=\"noopener\">Avaluaci\u00f3 d&#8217;impacte<\/a><\/li>\n<li><a href=\"https:\/\/www.diigo.com\/user\/cde_uab\/?query=%23Brexit\" target=\"_blank\" rel=\"noopener\">Brexit<\/a><\/li>\n<li><a href=\"https:\/\/www.diigo.com\/user\/cde_uab\/?query=%23Campanyes\" target=\"_blank\" rel=\"noopener\">Campanyes<\/a><\/li>\n<li><a href=\"https:\/\/www.diigo.com\/user\/cde_uab\/?query=%23Comitologia\" target=\"_blank\" rel=\"noopener\">Comitologia<\/a><\/li>\n<li><a href=\"https:\/\/www.diigo.com\/user\/cde_uab?query=%23Condicionalitat\" target=\"_blank\" rel=\"noopener\">Condicionalitat<\/a><\/li>\n<li><a href=\"https:\/\/www.diigo.com\/user\/cde_uab\/?query=%23Cooperacio_reforzada\" target=\"_blank\" rel=\"noopener\">Cooperaci\u00f3 refor\u00e7ada<\/a><\/li>\n<li><a href=\"https:\/\/www.diigo.com\/user\/cde_uab\/?query=%23CorrupciO\" target=\"_blank\" rel=\"noopener\">Corrupci\u00f3<\/a><\/li>\n<li><a href=\"https:\/\/www.diigo.com\/user\/cde_uab\/?query=%23Crisi\" target=\"_blank\" rel=\"noopener\">Crisi<\/a><\/li>\n<li><a href=\"https:\/\/www.diigo.com\/user\/cde_uab?query=%23Debat_Estat_UniO\" target=\"_blank\" rel=\"noopener\">Debat sobre l&#8217;estat de la Uni\u00f3<\/a><\/li>\n<li><a href=\"https:\/\/www.diigo.com\/user\/cde_uab\/?query=%23Deficit_democratic\" target=\"_blank\" rel=\"noopener\">D\u00e8ficit democr\u00e0tic<\/a><\/li>\n<li><a href=\"https:\/\/www.diigo.com\/user\/cde_uab\/?query=%23Europa_diferents_velocitats\" target=\"_blank\" rel=\"noopener\">Diferenciaci\u00f3 i\u00a0Europa de dues velocitats<\/a><\/li>\n<li><a href=\"https:\/\/www.diigo.com\/user\/cde_uab\/?query=%23Democracia\" target=\"_blank\" rel=\"noopener\">Estat de dret i democr\u00e0cia<\/a><\/li>\n<li><a href=\"https:\/\/www.diigo.com\/user\/cde_uab\/?query=%23Gobernanza_economica\" target=\"_blank\" rel=\"noopener\">Governan\u00e7a econ\u00f2mica<\/a><\/li>\n<li><a href=\"https:\/\/www.diigo.com\/user\/cde_uab\/?query=%23Gobernanza_multinivel\" target=\"_blank\" rel=\"noopener\">Governan\u00e7a multinivell<\/a><\/li>\n<\/ul>\n<\/td>\n<td rowspan=\"1\">\n<ul>\n<li><a href=\"https:\/\/www.diigo.com\/user\/cde_uab\/?query=%23Lobbies\" target=\"_blank\" rel=\"noopener\">Lobbies<\/a><\/li>\n<li><a href=\"https:\/\/www.diigo.com\/user\/cde_uab\/?query=%23Opinio_publica\" target=\"_blank\" rel=\"noopener\">Opini\u00f3 p\u00fablica<\/a><\/li>\n<li><a href=\"https:\/\/www.diigo.com\/user\/cde_uab\/?query=%23Participacio_ciutadana\" target=\"_blank\" rel=\"noopener\">Participaci\u00f3 ciutadana<\/a>\n<ul>\n<li><a href=\"https:\/\/www.diigo.com\/user\/cde_uab\/?query=%23Consultes_publiques\" target=\"_blank\" rel=\"noopener\">Consultes p\u00fabliques<\/a><\/li>\n<li><a href=\"https:\/\/www.diigo.com\/user\/cde_uab\/?query=%23Dret_peticio\" target=\"_blank\" rel=\"noopener\">Dret de petici\u00f3<\/a><\/li>\n<li><a href=\"https:\/\/www.diigo.com\/user\/cde_uab\/?query=%23Iniciativa_ciutadana_europea\" target=\"_blank\" rel=\"noopener\">Iniciativa ciutadana europea<\/a><\/li>\n<\/ul>\n<\/li>\n<li><a href=\"https:\/\/www.diigo.com\/user\/cde_uab?query=%23Policymaking\" target=\"_blank\" rel=\"noopener\">Policy-making<\/a><\/li>\n<li><a href=\"https:\/\/www.diigo.com\/user\/cde_uab\/?query=%23Politica_de_comunicacio\" target=\"_blank\" rel=\"noopener\">Pol\u00edtica de comunicaci\u00f3<\/a><\/li>\n<li><a href=\"https:\/\/www.diigo.com\/user\/cde_uab?query=%23Politicas_publicas\" target=\"_blank\" rel=\"noopener\">Pol\u00edtiques p\u00fabliques<\/a><\/li>\n<li><a href=\"https:\/\/www.diigo.com\/user\/cde_uab?query=%23Porta_giratoria\" target=\"_blank\" rel=\"noopener\">Portes girat\u00f2ries<\/a><\/li>\n<li><a href=\"https:\/\/www.diigo.com\/user\/cde_uab\/?query=%23Presa_decisions\" target=\"_blank\" rel=\"noopener\">Presa de decisions<\/a><\/li>\n<li><a href=\"https:\/\/www.diigo.com\/user\/cde_uab\/?query=%23Sancions\" target=\"_blank\" rel=\"noopener\">Sancions<\/a><\/li>\n<li><a href=\"https:\/\/www.diigo.com\/user\/cde_uab\/?query=%23Secessio\" target=\"_blank\" rel=\"noopener\">Secessi\u00f3<\/a><\/li>\n<li><a href=\"https:\/\/www.diigo.com\/user\/cde_uab\/?query=%23Sobirania\" target=\"_blank\" rel=\"noopener\">Sobirania<\/a><\/li>\n<li><a href=\"https:\/\/www.diigo.com\/user\/cde_uab\/?query=%23Societat_civil\" target=\"_blank\" rel=\"noopener\">Societat civi<\/a><\/li>\n<li><a href=\"https:\/\/www.diigo.com\/user\/cde_uab\/?query=%23Solidaritat\" target=\"_blank\" rel=\"noopener\">Solidaritat<\/a><\/li>\n<li><a href=\"https:\/\/www.diigo.com\/user\/cde_uab\/?query=%23Subsidiarietat\" target=\"_blank\" rel=\"noopener\">Subsidiarietat<\/a><\/li>\n<li><a href=\"https:\/\/www.diigo.com\/user\/cde_uab\/?query=%23Transparencia\" target=\"_blank\" rel=\"noopener\">Transpar\u00e8ncia<\/a><\/li>\n<\/ul>\n<\/td>\n<\/tr>\n<tr>\n<td colspan=\"2\"><a href=\"https:\/\/www.diigo.com\/user\/cde_uab\/?query=%23Eleccions\" target=\"_blank\" rel=\"noopener\"><strong>ELECCIONS<\/strong><\/a><\/td>\n<td><\/td>\n<\/tr>\n<tr>\n<td colspan=\"2\">\n<ul>\n<li><a href=\"https:\/\/www.diigo.com\/user\/cde_uab\/?query=%23Eleccions_2024\" target=\"_blank\" rel=\"noopener\">PE 2024<\/a><\/li>\n<li><a href=\"https:\/\/www.diigo.com\/user\/cde_uab\/?query=%23Eleccions_2019\" target=\"_blank\" rel=\"noopener\">PE 2019<\/a><\/li>\n<li><a href=\"https:\/\/www.diigo.com\/user\/cde_uab\/?query=%23Eleccions_2014\" target=\"_blank\" rel=\"noopener\">PE 2014<\/a><\/li>\n<li><a href=\"https:\/\/www.diigo.com\/user\/cde_uab\/?query=%23Eleccions_2009\" target=\"_blank\" rel=\"noopener\">PE 2009<\/a><\/li>\n<li><a href=\"https:\/\/www.diigo.com\/user\/cde_uab\/?query=%23Eleccions_2004\" target=\"_blank\" rel=\"noopener\">PE 2004<\/a><\/li>\n<li><a href=\"https:\/\/www.diigo.com\/user\/cde_uab\/?query=%23Eleccions_1999\" target=\"_blank\" rel=\"noopener\">PE 1999<\/a><\/li>\n<\/ul>\n<\/td>\n<td>\n<ul>\n<li><a href=\"https:\/\/www.diigo.com\/user\/cde_uab\/?query=%23Eleccions_1994\" target=\"_blank\" rel=\"noopener\">PE 1994<\/a><\/li>\n<li><a href=\"https:\/\/www.diigo.com\/user\/cde_uab\/?query=%23Eleccions_1989\" target=\"_blank\" rel=\"noopener\">PE 1989<\/a><\/li>\n<li><a href=\"https:\/\/www.diigo.com\/user\/cde_uab\/?query=%23Eleccions_1984\" target=\"_blank\" rel=\"noopener\">PE 1984<\/a><\/li>\n<li><a href=\"https:\/\/www.diigo.com\/user\/cde_uab\/?query=%23Eleccions_1979\" target=\"_blank\" rel=\"noopener\">PE\u00a01979<\/a><\/li>\n<li><a href=\"https:\/\/www.diigo.com\/user\/cde_uab\/?query=%23Referenda\" target=\"_blank\" rel=\"noopener\">Refer\u00e8ndums<\/a><\/li>\n<li><a href=\"https:\/\/www.diigo.com\/user\/cde_uab\/?query=%23Spitzenkandidaten\" target=\"_blank\" rel=\"noopener\">Spitzenkandidaten<\/a><\/li>\n<\/ul>\n<\/td>\n<\/tr>\n<tr>\n<td colspan=\"2\"><a href=\"https:\/\/www.diigo.com\/user\/cde_uab\/?query=%23Partits_%26_Grups_Pol%C3%ADtics\" target=\"_blank\" rel=\"noopener\"><strong>GRUPS I PARTITS POL\u00cdTICS<\/strong><\/a><\/td>\n<td><\/td>\n<\/tr>\n<tr>\n<td colspan=\"2\">\n<ul>\n<li><a href=\"https:\/\/www.diigo.com\/user\/cde_uab\/?query=%23PPE\" target=\"_blank\" rel=\"noopener\">PPE<\/a><\/li>\n<li><a href=\"https:\/\/www.diigo.com\/user\/cde_uab\/?query=%23S%26D\" target=\"_blank\" rel=\"noopener\">S&amp;D<\/a><\/li>\n<li><a href=\"https:\/\/www.diigo.com\/user\/cde_uab?query=%23Renew_Europe\" target=\"_blank\" rel=\"noopener\">Renew Europe<\/a><\/li>\n<li><a href=\"https:\/\/www.diigo.com\/user\/cde_uab?query=%23Verds_ALE\" target=\"_blank\" rel=\"noopener\">Els Verds\/ALE<\/a><\/li>\n<li><a href=\"https:\/\/www.diigo.com\/user\/cde_uab\/?query=%23Identitat_Democracia\" target=\"_blank\" rel=\"noopener\">Identitat i Democr\u00e0cia<\/a><\/li>\n<li><a href=\"https:\/\/www.diigo.com\/user\/cde_uab\/?query=%23ECR\" target=\"_blank\" rel=\"noopener\">Conservadors i Reformistes Europeus<\/a><\/li>\n<li><a href=\"https:\/\/www.diigo.com\/user\/cde_uab?query=%23GUE_NGL\" target=\"_blank\" rel=\"noopener\">Esquerra al PE\u00a0&#8211; GUE\/NGL<\/a><\/li>\n<\/ul>\n<\/td>\n<td>\n<ul>\n<li>Tend\u00e8ncies pol\u00edtiques\n<ul>\n<li><a href=\"https:\/\/www.diigo.com\/user\/cde_uab\/?query=%23Dreta\" target=\"_blank\" rel=\"noopener\">Dreta<\/a><\/li>\n<li><a href=\"https:\/\/www.diigo.com\/user\/cde_uab\/?query=%23Esquerra\" target=\"_blank\" rel=\"noopener\">Esquerra<\/a><\/li>\n<li><a href=\"https:\/\/www.diigo.com\/user\/cde_uab\/?query=%23Esquerra_radical\" target=\"_blank\" rel=\"noopener\">Esquerra radical<\/a><\/li>\n<li><a href=\"https:\/\/www.diigo.com\/user\/cde_uab\/?query=%23Extrema_dreta\" target=\"_blank\" rel=\"noopener\">Extrema dreta<\/a><\/li>\n<li><a href=\"https:\/\/www.diigo.com\/user\/cde_uab\/?query=%23Federalisme\" target=\"_blank\" rel=\"noopener\">Federalisme<\/a><\/li>\n<li><a href=\"https:\/\/www.diigo.com\/user\/cde_uab?query=%23Liberalisme\" target=\"_blank\" rel=\"noopener\">Liberalisme<\/a><\/li>\n<li><a href=\"https:\/\/www.diigo.com\/user\/cde_uab\/?query=%23Nacionalisme\" target=\"_blank\" rel=\"noopener\">Nacionalisme<\/a><\/li>\n<li><a href=\"https:\/\/www.diigo.com\/user\/cde_uab\/?query=%23Populisme\" target=\"_blank\" rel=\"noopener\">Populisme<\/a><\/li>\n<\/ul>\n<\/li>\n<\/ul>\n<\/td>\n<\/tr>\n<tr>\n<td colspan=\"3\"><strong>ESTATS I BLOCS REGIONALS<\/strong><\/td>\n<\/tr>\n<tr>\n<td colspan=\"2\">\n<ul>\n<li><a href=\"https:\/\/www.diigo.com\/user\/cde_uab\/?query=%23Baltic\" target=\"_blank\" rel=\"noopener\">B\u00e0ltic<\/a><\/li>\n<li><a href=\"https:\/\/www.diigo.com\/user\/cde_uab?query=%23Blocs_regionals\" target=\"_blank\" rel=\"noopener\">Blocs regionals<\/a><\/li>\n<li><a href=\"https:\/\/webs.uab.cat\/fontsue\/estats-membres\/\" target=\"_blank\" rel=\"noopener\">Estats Membres<\/a><\/li>\n<li><a href=\"https:\/\/www.diigo.com\/user\/cde_uab\/?query=%23Europa_Central\" target=\"_blank\" rel=\"noopener\">Europa Central<\/a><\/li>\n<li><a href=\"https:\/\/www.diigo.com\/user\/cde_uab\/?query=%23Europa_est\" target=\"_blank\" rel=\"noopener\">Europa de l&#8217;Est<\/a><\/li>\n<\/ul>\n<\/td>\n<td>\n<ul>\n<li><a href=\"https:\/\/www.diigo.com\/user\/cde_uab\/?query=%23Europa_sud\" target=\"_blank\" rel=\"noopener\">Europa meridional<\/a><\/li>\n<li><a href=\"https:\/\/www.diigo.com\/user\/cde_uab\/?query=%23Europa_nord\" target=\"_blank\" rel=\"noopener\">Europa septentrional<\/a><\/li>\n<li><a href=\"https:\/\/www.diigo.com\/user\/cde_uab?query=%23Grup_de_Visegrad\" target=\"_blank\" rel=\"noopener\">Grup de Visegr\u00e1d<\/a><\/li>\n<li><a href=\"https:\/\/www.diigo.com\/user\/cde_uab\/?query=%23Mediterrania\" target=\"_blank\" rel=\"noopener\">Mediterr\u00e0nia<\/a><\/li>\n<li><a href=\"https:\/\/www.diigo.com\/user\/cde_uab\/?query=%23Three_seas\" target=\"_blank\" rel=\"noopener\">Three Seas<\/a><\/li>\n<\/ul>\n<\/td>\n<\/tr>\n<tr>\n<td colspan=\"3\"><strong>ALTRES TEMES RELACIONATS<\/strong><\/td>\n<\/tr>\n<tr>\n<td colspan=\"2\">\n<ul>\n<li><a href=\"https:\/\/www.diigo.com\/user\/cde_uab\/?query=%23Accions_Jean_Monnet\" target=\"_blank\" rel=\"noopener\">Accions Jean Monnet<\/a><\/li>\n<li><a href=\"https:\/\/www.diigo.com\/user\/cde_uab\/?query=%23Administracio_publica\" target=\"_blank\" rel=\"noopener\">Administraci\u00f3 p\u00fablica<\/a>\n<ul>\n<li><a href=\"https:\/\/www.diigo.com\/user\/cde_uab\/?query=%23E_Government\" target=\"_blank\" rel=\"noopener\">eGovernment<\/a><\/li>\n<li><a href=\"https:\/\/www.diigo.com\/user\/cde_uab\/?query=%23Funcionaris\" target=\"_blank\" rel=\"noopener\">Funcionaris<\/a><\/li>\n<\/ul>\n<\/li>\n<li><a href=\"https:\/\/www.diigo.com\/user\/cde_uab\/?query=%23Blogs\" target=\"_blank\" rel=\"noopener\">Blogs<\/a><\/li>\n<li><a href=\"https:\/\/www.diigo.com\/user\/cde_uab?query=%23Consultories\" target=\"_blank\" rel=\"noopener\">Consultories<\/a><\/li>\n<li><a href=\"https:\/\/www.diigo.com\/user\/cde_uab\/?query=%23Contractacio_publica\" target=\"_blank\" rel=\"noopener\">Contractaci\u00f3 p\u00fablica i licitacions<\/a><\/li>\n<li><a href=\"https:\/\/www.diigo.com\/user\/cde_uab\/?query=%23Democracia\" target=\"_blank\" rel=\"noopener\">Democr\u00e0cia<\/a>\n<ul>\n<li><a href=\"https:\/\/www.diigo.com\/user\/cde_uab\/?query=%23Democracia_iliberal\" target=\"_blank\" rel=\"noopener\">Democr\u00e0cia il\u00b7liberal<\/a><\/li>\n<li><a href=\"https:\/\/www.diigo.com\/user\/cde_uab\/?query=%23Liberalisme\" target=\"_blank\" rel=\"noopener\">Democr\u00e0cia liberal<\/a><\/li>\n<\/ul>\n<\/li>\n<\/ul>\n<\/td>\n<td>\n<ul>\n<li><a href=\"https:\/\/www.diigo.com\/user\/cde_uab\/?query=%23Dies_Setmanes_Anys_Europeus\" target=\"_blank\" rel=\"noopener\">Dies, Setmanes i Anys Europeus<\/a><\/li>\n<li><a href=\"https:\/\/www.diigo.com\/user\/cde_uab\/?query=%23Directoris\" target=\"_blank\" rel=\"noopener\">Directoris<\/a><\/li>\n<li><a href=\"https:\/\/www.diigo.com\/user\/cde_uab\/?query=%23Divulgacio\" target=\"_blank\" rel=\"noopener\">Divulgaci\u00f3<\/a><\/li>\n<li><a href=\"https:\/\/www.diigo.com\/user\/cde_uab\/?query=%23Experts\" target=\"_blank\" rel=\"noopener\">Experts<\/a><\/li>\n<li><a href=\"https:\/\/www.diigo.com\/user\/cde_uab\/?query=%23Fake_news_%26_Desinformacio_online\" target=\"_blank\" rel=\"noopener\">Fake news i desinformaci\u00f3<\/a><\/li>\n<li><a href=\"https:\/\/www.diigo.com\/user\/cde_uab\/?query=%23Llengues\" target=\"_blank\" rel=\"noopener\">Multiling\u00fcisme<\/a><\/li>\n<li><a href=\"https:\/\/www.diigo.com\/user\/cde_uab\/?query=%23Think_tanks\" target=\"_blank\" rel=\"noopener\">Think tanks<\/a><\/li>\n<li><a href=\"https:\/\/www.diigo.com\/user\/cde_uab\/?query=%23Gobernanza+%23VIdeos\" target=\"_blank\" rel=\"noopener\">V\u00eddeos<\/a><\/li>\n<\/ul>\n<\/td>\n<\/tr>\n<\/tbody>\n<\/table>\n","protected":false},"excerpt":{"rendered":"<p>AFERS INSTITUCIONALS Ag\u00e8ncies Banc Central Europeu Banc Europeu d&#8217;Inversions CDR CESE Comissi\u00f3 Europea Consell Europeu Consell de la UE Defensor del Poble Europeu Eurogrup Fiscalia Europea Parlament Europeu Presid\u00e8ncia rotat\u00f2ria Presid\u00e8ncies\u00a0espanyoles\u00a0del Consell Punts d&#8217;informaci\u00f3 Servei Europeu d&#8217;Acci\u00f3 Exterior Tribunal de Comptes Europeu Tribunal de Just\u00edcia de la UE Visites a les institucions INTEGRACI\u00d3 EUROPEA\u00a0 Ampliaci\u00f3 [&hellip;]<\/p>\n","protected":false},"author":20,"featured_media":0,"parent":0,"menu_order":0,"comment_status":"closed","ping_status":"closed","template":"","meta":{"footnotes":""},"class_list":["post-45","page","type-page","status-publish","hentry"],"_links":{"self":[{"href":"https:\/\/webs.uab.cat\/fontsue\/wp-json\/wp\/v2\/pages\/45","targetHints":{"allow":["GET"]}}],"collection":[{"href":"https:\/\/webs.uab.cat\/fontsue\/wp-json\/wp\/v2\/pages"}],"about":[{"href":"https:\/\/webs.uab.cat\/fontsue\/wp-json\/wp\/v2\/types\/page"}],"author":[{"embeddable":true,"href":"https:\/\/webs.uab.cat\/fontsue\/wp-json\/wp\/v2\/users\/20"}],"replies":[{"embeddable":true,"href":"https:\/\/webs.uab.cat\/fontsue\/wp-json\/wp\/v2\/comments?post=45"}],"version-history":[{"count":86,"href":"https:\/\/webs.uab.cat\/fontsue\/wp-json\/wp\/v2\/pages\/45\/revisions"}],"predecessor-version":[{"id":1420,"href":"https:\/\/webs.uab.cat\/fontsue\/wp-json\/wp\/v2\/pages\/45\/revisions\/1420"}],"wp:attachment":[{"href":"https:\/\/webs.uab.cat\/fontsue\/wp-json\/wp\/v2\/media?parent=45"}],"curies":[{"name":"wp","href":"https:\/\/api.w.org\/{rel}","templated":true}]}}