{"id":47,"date":"2021-02-13T22:22:22","date_gmt":"2021-02-13T22:22:22","guid":{"rendered":"https:\/\/webs.uab.cat\/fontsue\/dret-elsj\/"},"modified":"2023-03-18T07:02:57","modified_gmt":"2023-03-18T07:02:57","slug":"dret-elsj","status":"publish","type":"page","link":"https:\/\/webs.uab.cat\/fontsue\/dret-elsj\/","title":{"rendered":"DRET &amp; ELSJ"},"content":{"rendered":"<table border=\"1\" cellspacing=\"1\" cellpadding=\"1\">\n<tbody>\n<tr>\n<td><a href=\"https:\/\/www.diigo.com\/user\/cde_uab\/?query=%23Dret_UE\" target=\"_blank\" rel=\"noopener\"><strong><strong>DRET<\/strong><\/strong><\/a><\/td>\n<td><\/td>\n<\/tr>\n<tr>\n<td>\n<ul>\n<li><a href=\"https:\/\/www.diigo.com\/user\/cde_uab\/?query=%23Dret_UE_Aplicacio\" target=\"_blank\" rel=\"noopener\">Aplicaci\u00f3 del Dret de la UE<\/a><\/li>\n<li><a href=\"https:\/\/www.diigo.com\/user\/cde_uab\/?query=%23Art_7_TUE\" target=\"_blank\" rel=\"noopener\">Art. 7 TUE<\/a><\/li>\n<li><a href=\"https:\/\/www.diigo.com\/user\/cde_uab\/?query=%23Avaluacio_impacte\" target=\"_blank\" rel=\"noopener\">Avaluaci\u00f3 d&#8217;impacte<\/a><\/li>\n<li><a href=\"https:\/\/www.diigo.com\/user\/cde_uab?query=%23Dret_UE+%23Blogs\" target=\"_blank\" rel=\"noopener\">Blogs<\/a><\/li>\n<li><a href=\"https:\/\/www.diigo.com\/user\/cde_uab\/?query=%23Comitologia\" target=\"_blank\" rel=\"noopener\">Comitologia<\/a><\/li>\n<li><a href=\"https:\/\/www.diigo.com\/user\/cde_uab\/?query=%23Condicionalitat\" target=\"_blank\" rel=\"noopener\">Condicionalitat<\/a><\/li>\n<li><a href=\"https:\/\/www.diigo.com\/user\/cde_uab?query=%23Cooperacio_reforzada\" target=\"_blank\" rel=\"noopener\">Cooperaci\u00f3 refor\u00e7ada<\/a><\/li>\n<li><a href=\"https:\/\/www.diigo.com\/user\/cde_uab?query=%23Dret_UE+%23Medi_ambient\" target=\"_blank\" rel=\"noopener\">Dret ambiental<\/a><\/li>\n<li><a href=\"https:\/\/www.diigo.com\/user\/cde_uab\/?query=%23Dret_comparat\" target=\"_blank\" rel=\"noopener\">Dret comparat<\/a><\/li>\n<li><a href=\"https:\/\/www.diigo.com\/user\/cde_uab?query=%23Dret_UE+%23Digitalitzacio\" target=\"_blank\" rel=\"noopener\">Dret digital<\/a><\/li>\n<li><a href=\"https:\/\/www.diigo.com\/user\/cde_uab\/?query=%23Dret_internacional\" target=\"_blank\" rel=\"noopener\">Dret internacional<\/a><\/li>\n<li><a href=\"https:\/\/www.diigo.com\/user\/cde_uab\/?query=%23Dret_penal\" target=\"_blank\" rel=\"noopener\">Dret penal<\/a><\/li>\n<li><a href=\"https:\/\/www.diigo.com\/user\/cde_uab\/?query=%23Proteccio_consumidors\" target=\"_blank\" rel=\"noopener\">Drets dels consumidors<\/a><\/li>\n<li><a href=\"https:\/\/www.diigo.com\/user\/cde_uab\/?query=%23Drets_fonamentals\" target=\"_blank\" rel=\"noopener\">Drets fonamentals<\/a><\/li>\n<li><a href=\"https:\/\/www.diigo.com\/user\/cde_uab\/?query=%23Drets_sexuals_reproductius\" target=\"_blank\" rel=\"noopener\">Drets sexuals i reproductius<\/a><\/li>\n<li><a href=\"https:\/\/www.diigo.com\/user\/cde_uab\/?query=%23Dret_UE+%23Estadistiques_Indicadors\" target=\"_blank\" rel=\"noopener\">Estad\u00edstiques<\/a><\/li>\n<li><a href=\"https:\/\/www.diigo.com\/user\/cde_uab\/?query=%23Democracia\" target=\"_blank\" rel=\"noopener\">Estat de dret<\/a><\/li>\n<\/ul>\n<\/td>\n<td>\n<ul>\n<li><a href=\"https:\/\/www.diigo.com\/user\/cde_uab\/?query=%23Dret_UE+%23Guies_bdd\" target=\"_blank\" rel=\"noopener\">Guies i bases de dades<\/a><\/li>\n<li><a href=\"https:\/\/www.diigo.com\/user\/cde_uab\/?query=%23Procediment_infraccio\" target=\"_blank\" rel=\"noopener\">Infraccions<\/a><\/li>\n<li><a href=\"https:\/\/www.diigo.com\/user\/cde_uab?query=%23Opting-outs\" target=\"_blank\" rel=\"noopener\">Opting out<\/a><\/li>\n<li><a href=\"https:\/\/www.diigo.com\/user\/cde_uab\/?query=%23Dret_UE+%23Presa_decisions\" target=\"_blank\" rel=\"noopener\">Presa de decisions<\/a><\/li>\n<li><a href=\"https:\/\/www.diigo.com\/user\/cde_uab?query=%23Dret_UE_primacia\" target=\"_blank\" rel=\"noopener\">Primacia del Dret de la UE<\/a><\/li>\n<li><a href=\"https:\/\/www.diigo.com\/user\/cde_uab\/?query=%23Racisme_Discriminacio_Xenofobia\" target=\"_blank\" rel=\"noopener\">Principi de no discriminaci\u00f3<\/a><\/li>\n<li><a href=\"https:\/\/www.diigo.com\/user\/cde_uab\/?query=%23Principi_precaucio\" target=\"_blank\" rel=\"noopener\">Principi de precauci\u00f3<\/a><\/li>\n<li><a href=\"https:\/\/www.diigo.com\/user\/cde_uab\/?query=%23Smart_regulation\" target=\"_blank\" rel=\"noopener\">Regulaci\u00f3 intel\u00b7ligent<\/a><\/li>\n<li><a href=\"https:\/\/www.diigo.com\/user\/cde_uab\/?query=%23Dret_UE+%23Publi1\" target=\"_blank\" rel=\"noopener\">Revistes<\/a><\/li>\n<li><a href=\"https:\/\/www.diigo.com\/user\/cde_uab\/?query=%23Sobirania\" target=\"_blank\" rel=\"noopener\">Sobirania<\/a><\/li>\n<li><a href=\"https:\/\/www.diigo.com\/user\/cde_uab\/?query=%23Soft_law\" target=\"_blank\" rel=\"noopener\">Soft law<\/a><\/li>\n<li><a href=\"https:\/\/www.diigo.com\/user\/cde_uab\/?query=%23Subsidiarietat\" target=\"_blank\" rel=\"noopener\">Subsidiarietat<\/a><\/li>\n<li><a href=\"https:\/\/www.diigo.com\/user\/cde_uab?query=%23Dret_UE+%23Terminologia\" target=\"_blank\" rel=\"noopener\">Terminologia<\/a><\/li>\n<li><a href=\"https:\/\/www.diigo.com\/user\/cde_uab\/?query=%23Tractats\" target=\"_blank\" rel=\"noopener\">Tractats<\/a>\n<ul>\n<li><a href=\"https:\/\/www.diigo.com\/user\/cde_uab\/?query=%23Tractat_Lisboa\" target=\"_blank\" rel=\"noopener\">Tractat de Lisboa<\/a><\/li>\n<\/ul>\n<\/li>\n<li><a href=\"https:\/\/www.diigo.com\/user\/cde_uab\/?query=%23TJUE\" target=\"_blank\" rel=\"noopener\">TJUE<\/a><\/li>\n<li><a href=\"https:\/\/www.diigo.com\/user\/cde_uab\/?query=%23Dret_UE+%23Videos\" target=\"_blank\" rel=\"noopener\">Videos<\/a><\/li>\n<\/ul>\n<\/td>\n<\/tr>\n<tr>\n<td colspan=\"2\"><a href=\"https:\/\/www.diigo.com\/user\/cde_uab\/?query=%23JUSTICIA\" target=\"_blank\" rel=\"noopener\"><strong>JUST\u00cdCIA<\/strong><\/a><\/td>\n<\/tr>\n<tr>\n<td>\n<ul>\n<li><a href=\"https:\/\/www.diigo.com\/user\/cde_uab?query=%23Cooperacio_judicial\" target=\"_blank\" rel=\"noopener\">Cooperaci\u00f3 judicial<\/a><\/li>\n<li><a href=\"https:\/\/www.diigo.com\/user\/cde_uab\/?query=%23Demandas_colectivas\" target=\"_blank\" rel=\"noopener\">Demandes col\u00b7lectives<\/a><\/li>\n<li><a href=\"https:\/\/www.diigo.com\/user\/cde_uab\/?query=%23Euroordre\" target=\"_blank\" rel=\"noopener\">Euroordre<\/a><\/li>\n<li><a href=\"https:\/\/www.diigo.com\/user\/cde_uab\/?query=%23Fiscalia_Europea\" target=\"_blank\" rel=\"noopener\">Fiscalia europea<\/a>\n<ul>\n<li><a href=\"https:\/\/www.diigo.com\/user\/cde_uab\/?query=%23Frau\" target=\"_blank\" rel=\"noopener\">Frau<\/a><\/li>\n<\/ul>\n<\/li>\n<li><a href=\"https:\/\/www.diigo.com\/user\/cde_uab?query=%23Justicia+%23Fons_europeus\" target=\"_blank\" rel=\"noopener\">Fons europeus<\/a><\/li>\n<li><a href=\"https:\/\/www.diigo.com\/user\/cde_uab\/?query=%23Justicia_global\" target=\"_blank\" rel=\"noopener\">Just\u00edcia global<\/a><\/li>\n<\/ul>\n<\/td>\n<td>\n<ul>\n<li><a href=\"https:\/\/www.diigo.com\/user\/cde_uab\/?query=%23Questio_prejudicial\" target=\"_blank\" rel=\"noopener\">Q\u00fcesti\u00f3 prejudicial<\/a><\/li>\n<li><a href=\"https:\/\/www.diigo.com\/user\/cde_uab\/?query=%23Seguretat_juridica\" target=\"_blank\" rel=\"noopener\">Seguretat jur\u00eddica<\/a><\/li>\n<li><a href=\"https:\/\/www.diigo.com\/user\/cde_uab?query=%23Resolucio_Alternativa_Disputes\" target=\"_blank\" rel=\"noopener\">Resoluci\u00f3 alternativa de disputes<\/a><\/li>\n<li><a href=\"https:\/\/www.diigo.com\/user\/cde_uab\/?query=%23TJUE\" target=\"_blank\" rel=\"noopener\">Tribunal de Just\u00edcia de la UE<\/a><\/li>\n<li><a href=\"https:\/\/www.diigo.com\/user\/cde_uab?query=%23Tribunal_Europeu_Drets_Humans\" target=\"_blank\" rel=\"noopener\">Tribunal Europeu de Drets Humans<\/a><\/li>\n<li><a href=\"https:\/\/www.diigo.com\/user\/cde_uab\/?query=%23Tribunal_Internacional_Justicia\" target=\"_blank\" rel=\"noopener\">Tribunal Internacional de Just\u00edcia<\/a><\/li>\n<\/ul>\n<\/td>\n<\/tr>\n<tr>\n<td><a href=\"https:\/\/www.diigo.com\/user\/cde_uab\/?query=%23Ciutadania_europea\" target=\"_blank\" rel=\"noopener\"><strong>CIUTADANIA EUROPEA<\/strong><\/a><\/td>\n<td><\/td>\n<\/tr>\n<tr>\n<td>\n<ul>\n<li><a href=\"https:\/\/www.diigo.com\/user\/cde_uab\/?query=%23Brexit+%23Ciutadania_europea\" target=\"_blank\" rel=\"noopener\">Brexit<\/a><\/li>\n<li><a href=\"https:\/\/www.diigo.com\/user\/cde_uab\/?query=%23Defensor_Poble_Europeu\" target=\"_blank\" rel=\"noopener\">Defensor del Poble Europeu<\/a><\/li>\n<li><a href=\"https:\/\/www.diigo.com\/user\/cde_uab\/?query=%23Dret_peticio\" target=\"_blank\" rel=\"noopener\">Dret de petici\u00f3<\/a><\/li>\n<li><a href=\"https:\/\/www.diigo.com\/user\/cde_uab?query=%23Golden_passports\" target=\"_blank\" rel=\"noopener\">Golden visa<\/a><\/li>\n<li><a href=\"https:\/\/www.diigo.com\/user\/cde_uab\/?query=%23Identitat_digital_europea\" target=\"_blank\" rel=\"noopener\">Identitat digital europea<\/a><\/li>\n<li><a href=\"https:\/\/www.diigo.com\/user\/cde_uab\/?query=%23Llibertat_expressio\" target=\"_blank\" rel=\"noopener\">Llibertat d&#8217;expressi\u00f3<\/a><\/li>\n<\/ul>\n<\/td>\n<td>\n<ul>\n<li><a href=\"https:\/\/www.diigo.com\/user\/cde_uab\/?query=%23Lliure_circulacio\" target=\"_blank\" rel=\"noopener\">Lliure circulaci\u00f3<\/a><\/li>\n<li><a href=\"https:\/\/www.diigo.com\/user\/cde_uab\/?query=%23Participacio_ciutadana\" target=\"_blank\" rel=\"noopener\">Participaci\u00f3 ciutadana<\/a>\n<ul>\n<li><a href=\"https:\/\/www.diigo.com\/user\/cde_uab\/?query=%23Iniciativa_ciutadana_europea\" target=\"_blank\" rel=\"noopener\">Iniciativa Ciutadana Europea<\/a><\/li>\n<li><a href=\"https:\/\/www.diigo.com\/user\/cde_uab?query=%23Consultes_publiques\" target=\"_blank\" rel=\"noopener\">Consultes p\u00fabliques<\/a><\/li>\n<\/ul>\n<\/li>\n<li><a href=\"https:\/\/www.diigo.com\/user\/cde_uab\/?query=%23Vacunes+%23Lliure_circulacio\" target=\"_blank\" rel=\"noopener\">Passaport de vacunaci\u00f3<\/a><\/li>\n<\/ul>\n<\/td>\n<\/tr>\n<tr>\n<td><a href=\"https:\/\/www.diigo.com\/user\/cde_uab\/?query=%23ELSJ\" target=\"_blank\" rel=\"noopener\"><strong>ELSJ<\/strong><\/a><\/td>\n<td><\/td>\n<\/tr>\n<tr>\n<td>\n<ul>\n<li><a href=\"https:\/\/www.diigo.com\/user\/cde_uab\/?query=%23Afers_interiors\" target=\"_blank\" rel=\"noopener\">Afers d&#8217;interior<\/a><\/li>\n<li><a href=\"https:\/\/www.diigo.com\/user\/cde_uab?query=%23Asil_migracions\" target=\"_blank\" rel=\"noopener\">Asil, refugi i migraci\u00f3<\/a>\n<ul>\n<li><a href=\"https:\/\/www.diigo.com\/user\/cde_uab\/?query=%23Asil_migracions+%23infants\" target=\"_blank\" rel=\"noopener\">Migrants menors<\/a><\/li>\n<\/ul>\n<\/li>\n<li><a href=\"https:\/\/www.diigo.com\/user\/cde_uab\/?query=%23Blanqueig_capitals\" target=\"_blank\" rel=\"noopener\">Blanqueig de capitals<\/a><\/li>\n<li><a href=\"https:\/\/www.diigo.com\/user\/cde_uab?query=%23Catastrofes\" target=\"_blank\" rel=\"noopener\">Cat\u00e0strofes<\/a><\/li>\n<li><a href=\"https:\/\/www.diigo.com\/user\/cde_uab\/?query=%23Ciberseguretat\" target=\"_blank\" rel=\"noopener\">Ciberseguretat<\/a><\/li>\n<li><a href=\"https:\/\/www.diigo.com\/user\/cde_uab\/?query=%23Corrupcio\" target=\"_blank\" rel=\"noopener\">Corrupci\u00f3<\/a><\/li>\n<li><a href=\"https:\/\/www.diigo.com\/user\/cde_uab\/?query=%23Crim_organitzat\" target=\"_blank\" rel=\"noopener\">Crim organitzat<\/a><\/li>\n<li><a href=\"https:\/\/www.diigo.com\/user\/cde_uab\/?query=%23Evasio_Elusio_Fiscal\" target=\"_blank\" rel=\"noopener\">Evasi\u00f3 i elusi\u00f3 fiscal<\/a><\/li>\n<li><a href=\"https:\/\/www.diigo.com\/user\/cde_uab\/?query=%23Schengen\" target=\"_blank\" rel=\"noopener\">Espai Schengen<\/a>\n<ul>\n<li><a href=\"https:\/\/www.diigo.com\/user\/cde_uab\/?query=%23Fronteres\" target=\"_blank\" rel=\"noopener\">Fronteres<\/a><\/li>\n<\/ul>\n<\/li>\n<li><a href=\"https:\/\/www.diigo.com\/user\/cde_uab\/?query=%23ETIAS_Visats\" target=\"_blank\" rel=\"noopener\">ETIAS i visats<\/a>\n<ul>\n<li><a href=\"https:\/\/www.diigo.com\/user\/cde_uab?query=%23Golden_passports\" target=\"_blank\" rel=\"noopener\">Golden visa<\/a><\/li>\n<\/ul>\n<\/li>\n<\/ul>\n<\/td>\n<td>\n<ul>\n<li><a href=\"https:\/\/www.diigo.com\/user\/cde_uab?query=%23Pobles_ind%C3%ADgenes\" target=\"_blank\" rel=\"noopener\">Pobles ind\u00edgenes<\/a><\/li>\n<li><a href=\"https:\/\/www.diigo.com\/user\/cde_uab\/?query=%23Policia\" target=\"_blank\" rel=\"noopener\">Policia<\/a><\/li>\n<li><a href=\"https:\/\/www.diigo.com\/user\/cde_uab?query=%23Presons\" target=\"_blank\" rel=\"noopener\">Presons<\/a><\/li>\n<li><a href=\"https:\/\/www.diigo.com\/user\/cde_uab\/?query=%23Proteccio_civil\" target=\"_blank\" rel=\"noopener\">Protecci\u00f3 civil<\/a><\/li>\n<li><a href=\"https:\/\/www.diigo.com\/user\/cde_uab\/?query=%23Racisme_Discriminacio_Xenofobia\" target=\"_blank\" rel=\"noopener\">Racisme, discriminaci\u00f3\u00a0 i xenof\u00f2bia<\/a><\/li>\n<li><a href=\"https:\/\/www.diigo.com\/user\/cde_uab\/?query=%23Terrorisme\" target=\"_blank\" rel=\"noopener\">Terrorisme<\/a><\/li>\n<li><a href=\"https:\/\/www.diigo.com\/user\/cde_uab\/?query=%23Drogues_trafic\" target=\"_blank\" rel=\"noopener\">Tr\u00e0fic de drogues<\/a><\/li>\n<li><a href=\"https:\/\/www.diigo.com\/user\/cde_uab\/?query=%23Trafic_persones\" target=\"_blank\" rel=\"noopener\">Tr\u00e0fic de persones<\/a><\/li>\n<li><a href=\"https:\/\/www.diigo.com\/user\/cde_uab\/?query=%23Violencia\" target=\"_blank\" rel=\"noopener\">Viol\u00e8ncia<\/a>\n<ul>\n<li><a href=\"https:\/\/www.diigo.com\/user\/cde_uab\/?query=%23Violencia+%23Infants\" target=\"_blank\" rel=\"noopener\">Maltractament infantil<\/a><\/li>\n<li><a href=\"https:\/\/www.diigo.com\/user\/cde_uab\/?query=%23Violencia_genere\" target=\"_blank\" rel=\"noopener\">Viol\u00e8ncia de g\u00e8nere<\/a><\/li>\n<\/ul>\n<\/li>\n<li><a href=\"https:\/\/www.diigo.com\/user\/cde_uab\/?query=%23Informadors_filtradors_alertadors\" target=\"_blank\" rel=\"noopener\">Whistlebower protection<\/a><\/li>\n<\/ul>\n<\/td>\n<\/tr>\n<tr>\n<td colspan=\"2\"><a href=\"https:\/\/www.diigo.com\/user\/cde_uab\/?query=%23Proteccio_dades_Privacitat\" target=\"_blank\" rel=\"noopener\"><strong>PROTECCI\u00d3 DE DADES I PRIVACITAT<\/strong><\/a><\/td>\n<\/tr>\n<tr>\n<td>\n<ul>\n<li><a href=\"https:\/\/www.diigo.com\/user\/cde_uab\/?query=%23PNR\" target=\"_blank\" rel=\"noopener\">Registre de dades de passatgers<\/a><\/li>\n<li><a href=\"https:\/\/www.diigo.com\/user\/cde_uab\/?query=%23RGPD\" target=\"_blank\" rel=\"noopener\">RGPD<\/a><\/li>\n<li><a href=\"https:\/\/www.diigo.com\/user\/cde_uab\/?query=%23Transferencia_dades_personals\" target=\"_blank\" rel=\"noopener\">Transfer\u00e8ncia internacional de dades<\/a><\/li>\n<\/ul>\n<\/td>\n<td><\/td>\n<\/tr>\n<\/tbody>\n<\/table>\n","protected":false},"excerpt":{"rendered":"<p>DRET Aplicaci\u00f3 del Dret de la UE Art. 7 TUE Avaluaci\u00f3 d&#8217;impacte Blogs Comitologia Condicionalitat Cooperaci\u00f3 refor\u00e7ada Dret ambiental Dret comparat Dret digital Dret internacional Dret penal Drets dels consumidors Drets fonamentals Drets sexuals i reproductius Estad\u00edstiques Estat de dret Guies i bases de dades Infraccions Opting out Presa de decisions Primacia del Dret de [&hellip;]<\/p>\n","protected":false},"author":20,"featured_media":0,"parent":0,"menu_order":0,"comment_status":"closed","ping_status":"closed","template":"","meta":{"footnotes":""},"class_list":["post-47","page","type-page","status-publish","hentry"],"_links":{"self":[{"href":"https:\/\/webs.uab.cat\/fontsue\/wp-json\/wp\/v2\/pages\/47","targetHints":{"allow":["GET"]}}],"collection":[{"href":"https:\/\/webs.uab.cat\/fontsue\/wp-json\/wp\/v2\/pages"}],"about":[{"href":"https:\/\/webs.uab.cat\/fontsue\/wp-json\/wp\/v2\/types\/page"}],"author":[{"embeddable":true,"href":"https:\/\/webs.uab.cat\/fontsue\/wp-json\/wp\/v2\/users\/20"}],"replies":[{"embeddable":true,"href":"https:\/\/webs.uab.cat\/fontsue\/wp-json\/wp\/v2\/comments?post=47"}],"version-history":[{"count":88,"href":"https:\/\/webs.uab.cat\/fontsue\/wp-json\/wp\/v2\/pages\/47\/revisions"}],"predecessor-version":[{"id":1462,"href":"https:\/\/webs.uab.cat\/fontsue\/wp-json\/wp\/v2\/pages\/47\/revisions\/1462"}],"wp:attachment":[{"href":"https:\/\/webs.uab.cat\/fontsue\/wp-json\/wp\/v2\/media?parent=47"}],"curies":[{"name":"wp","href":"https:\/\/api.w.org\/{rel}","templated":true}]}}