{"id":50,"date":"2021-02-14T01:36:58","date_gmt":"2021-02-14T01:36:58","guid":{"rendered":"https:\/\/webs.uab.cat\/fontsue\/afers-socials-treball-religions\/"},"modified":"2023-03-18T07:04:04","modified_gmt":"2023-03-18T07:04:04","slug":"afers-socials-treball-religions","status":"publish","type":"page","link":"https:\/\/webs.uab.cat\/fontsue\/afers-socials-treball-religions\/","title":{"rendered":"AFERS SOCIALS, TREBALL &amp; RELIGIONS"},"content":{"rendered":"<table border=\"1\" cellspacing=\"1\" cellpadding=\"1\">\n<tbody>\n<tr>\n<td colspan=\"2\"><a href=\"https:\/\/www.diigo.com\/user\/cde_uab\/?query=%23Afers_socials\" target=\"_blank\" rel=\"noopener\"><strong>AFERS SOCIALS<\/strong><\/a><\/td>\n<\/tr>\n<tr>\n<td>\n<ul>\n<li><a href=\"https:\/\/www.diigo.com\/user\/cde_uab\/?query=%23Accessiblitat\" target=\"_blank\" rel=\"noopener\">Accessibilitat<\/a><\/li>\n<li><a href=\"https:\/\/www.diigo.com\/user\/cde_uab\/?query=%23Asil_migracions\" target=\"_blank\" rel=\"noopener\">Asil i migraci\u00f3<\/a><\/li>\n<li><a href=\"https:\/\/www.diigo.com\/user\/cde_uab\/?query=%23Assegurances\" target=\"_blank\" rel=\"noopener\">Assegurances<\/a><\/li>\n<li><a href=\"https:\/\/www.diigo.com\/user\/cde_uab?query=%23Carta_Social_Europea\" target=\"_blank\" rel=\"noopener\">Carta Social Europea<\/a><\/li>\n<li><a href=\"https:\/\/www.diigo.com\/user\/cde_uab\/?query=%23Canvi_hora\" target=\"_blank\" rel=\"noopener\">Canvi d&#8217;hora<\/a><\/li>\n<li><a href=\"https:\/\/www.diigo.com\/user\/cde_uab\/?query=%23CESE\" target=\"_blank\" rel=\"noopener\">CESE<\/a><\/li>\n<li><a href=\"https:\/\/www.diigo.com\/user\/cde_uab?query=%23Classe_mitjana\" target=\"_blank\" rel=\"noopener\">Classe mitjana<\/a><\/li>\n<li><a href=\"https:\/\/www.diigo.com\/user\/cde_uab?query=%23Cost_vida\" target=\"_blank\" rel=\"noopener\">Cost de vida<\/a><\/li>\n<li><a href=\"https:\/\/www.diigo.com\/user\/cde_uab?query=%23Demografia\" target=\"_blank\" rel=\"noopener\">Demografia<\/a><\/li>\n<li><a href=\"https:\/\/www.diigo.com\/user\/cde_uab\/?query=%23Desigualtat_pobresa\" target=\"_blank\" rel=\"noopener\">Desigualtat i pobresa<\/a><\/li>\n<li><a href=\"https:\/\/www.diigo.com\/user\/cde_uab\/?query=%23Discapacitat\" target=\"_blank\" rel=\"noopener\">Discapacitat<\/a><\/li>\n<li><a href=\"https:\/\/www.diigo.com\/user\/cde_uab\/?query=%23Envelliment\" target=\"_blank\" rel=\"noopener\">Envelliment<\/a><\/li>\n<li><a href=\"https:\/\/www.diigo.com\/user\/cde_uab\/?query=%23Afers_socials+%23Estadistiques_Indicadors\" target=\"_blank\" rel=\"noopener\">Estad\u00edstiques<\/a><\/li>\n<li><a href=\"https:\/\/www.diigo.com\/user\/cde_uab\/?query=%23Benestar\" target=\"_blank\" rel=\"noopener\">Estat del benestar<\/a><\/li>\n<li><a href=\"https:\/\/www.diigo.com\/user\/cde_uab\/?query=%23Familia\" target=\"_blank\" rel=\"noopener\">Fam\u00edlia<\/a><\/li>\n<li><a href=\"https:\/\/www.diigo.com\/user\/cde_uab\/?query=%23Fons_europeus+%23Afers_socials\" target=\"_blank\" rel=\"noopener\">Fons europeus<\/a><\/li>\n<li><a href=\"https:\/\/www.diigo.com\/user\/cde_uab?query=%23Habitatge\" target=\"_blank\" rel=\"noopener\">Habitatge<\/a><\/li>\n<\/ul>\n<\/td>\n<td>\n<ul>\n<li>\u200b<a href=\"https:\/\/www.diigo.com\/user\/cde_uab\/?query=%23Igualtat_genere\" target=\"_blank\" rel=\"noopener\">Igualtat de g\u00e8nere<\/a><\/li>\n<li><a href=\"https:\/\/www.diigo.com\/user\/cde_uab?query=%23Inclusio\" target=\"_blank\" rel=\"noopener\">Inclusi\u00f3<\/a><\/li>\n<li><a href=\"https:\/\/www.diigo.com\/user\/cde_uab\/?query=%23Infants\" target=\"_blank\" rel=\"noopener\">Inf\u00e0ncia<\/a><\/li>\n<li><a href=\"https:\/\/www.diigo.com\/user\/cde_uab\/?query=%23Afers_socials+%23Investigacio_Innovacio\" target=\"_blank\" rel=\"noopener\">Innovaci\u00f3 social<\/a><\/li>\n<li><a href=\"https:\/\/www.diigo.com\/user\/cde_uab\/?query=%23Joves\" target=\"_blank\" rel=\"noopener\">Joves<\/a><\/li>\n<li><a href=\"https:\/\/www.diigo.com\/user\/cde_uab\/?query=%23LGBTIQ\" target=\"_blank\" rel=\"noopener\">LGBTIQ<\/a><\/li>\n<li><a href=\"https:\/\/www.diigo.com\/user\/cde_uab\/?query=%23Racisme_Discriminacio_Xenofobia\" target=\"_blank\" rel=\"noopener\">Lluita contra la discriminaci\u00f3<\/a><\/li>\n<li><a href=\"https:\/\/www.diigo.com\/user\/cde_uab\/?query=%23Minories\" target=\"_blank\" rel=\"noopener\">Minories<\/a><\/li>\n<li><a href=\"https:\/\/www.diigo.com\/user\/cde_uab?query=%23Opinio_publica\" target=\"_blank\" rel=\"noopener\">Opini\u00f3 p\u00fablica<\/a><\/li>\n<li><a href=\"https:\/\/www.diigo.com\/user\/cde_uab\/?query=%23Pensions\" target=\"_blank\" rel=\"noopener\">Pensions<\/a><\/li>\n<li><a href=\"https:\/\/www.diigo.com\/user\/cde_uab\/?query=%23Pilar_Europeu_Drets_Socials\" target=\"_blank\" rel=\"noopener\">Pilar Europeu de Drets Socials<\/a><\/li>\n<li><a href=\"https:\/\/www.diigo.com\/user\/cde_uab?query=%23Pobles_ind%C3%ADgenes\" target=\"_blank\" rel=\"noopener\">Pobles ind\u00edgenes<\/a><\/li>\n<li><a href=\"https:\/\/www.diigo.com\/user\/cde_uab?query=%23Energia+%23Desigualtat_pobresa\" target=\"_blank\" rel=\"noopener\">Pobresa energ\u00e8tica<\/a><\/li>\n<li><a href=\"https:\/\/www.diigo.com\/user\/cde_uab?query=%23Renda_minima\" target=\"_blank\" rel=\"noopener\">Renda b\u00e0sica universal<\/a><\/li>\n<li><a href=\"https:\/\/www.diigo.com\/user\/cde_uab\/?query=%23Seguretat_social\" target=\"_blank\" rel=\"noopener\">Seguretat social<\/a><\/li>\n<li><a href=\"https:\/\/www.diigo.com\/user\/cde_uab\/?query=%23Serveis_publics\" target=\"_blank\" rel=\"noopener\">Serveis p\u00fablics<\/a><\/li>\n<li><a href=\"https:\/\/www.diigo.com\/user\/cde_uab\/?query=%23Afers_socials+%23videos\" target=\"_blank\" rel=\"noopener\">V\u00eddeos<\/a><\/li>\n<\/ul>\n<\/td>\n<\/tr>\n<tr>\n<td colspan=\"2\"><a href=\"https:\/\/www.diigo.com\/user\/cde_uab\/?query=%23Treball\" target=\"_blank\" rel=\"noopener\"><strong>TREBALL<\/strong><\/a><\/td>\n<\/tr>\n<tr>\n<td>\n<ul>\n<li><a href=\"https:\/\/www.diigo.com\/user\/cde_uab\/?query=%23Treball+%23Agencies_UE\" target=\"_blank\" rel=\"noopener\">Ag\u00e8ncies europees<\/a><\/li>\n<li><a href=\"https:\/\/www.diigo.com\/user\/cde_uab\/?query=%23Atur\" target=\"_blank\" rel=\"noopener\">Atur<\/a><\/li>\n<li><a href=\"https:\/\/www.diigo.com\/user\/cde_uab\/?query=%23Gig_economy\" target=\"_blank\" rel=\"noopener\">Aut\u00f2noms<\/a><\/li>\n<li><a href=\"https:\/\/www.diigo.com\/user\/cde_uab\/?query=%23Treball+%23Brexit\" target=\"_blank\" rel=\"noopener\">Brexit (impacte)<\/a><\/li>\n<li><a href=\"https:\/\/www.diigo.com\/user\/cde_uab?query=%23Capacitats_i_Competencies\" target=\"_blank\" rel=\"noopener\">Capacitats i compet\u00e8ncies<\/a><\/li>\n<li><a href=\"https:\/\/www.diigo.com\/user\/cde_uab\/?query=%23Condicions_laborals\" target=\"_blank\" rel=\"noopener\">Condicions laborals<\/a><\/li>\n<li><a href=\"https:\/\/www.diigo.com\/user\/cde_uab?query=%23Treball+%23Coronavirus\" target=\"_blank\" rel=\"noopener\">Covid-19 (Impacte)<\/a><\/li>\n<li><a href=\"https:\/\/www.diigo.com\/user\/cde_uab?query=%23Dialeg_social\" target=\"_blank\" rel=\"noopener\">Di\u00e0leg social<\/a>\n<ul>\n<li><a href=\"https:\/\/www.diigo.com\/user\/cde_uab\/?query=%23Sindicats\" target=\"_blank\" rel=\"noopener\">Sindicats<\/a><\/li>\n<\/ul>\n<\/li>\n<li><a href=\"https:\/\/www.diigo.com\/user\/cde_uab\/?query=%23Treball+%23DigitalitzaciO\" target=\"_blank\" rel=\"noopener\">Digitalitzaci\u00f3<\/a>\n<ul>\n<li><a href=\"https:\/\/www.diigo.com\/user\/cde_uab\/?query=%23Treball+%23IA_Robotica\" target=\"_blank\" rel=\"noopener\">Rob\u00f2tica<\/a><\/li>\n<\/ul>\n<\/li>\n<li><a href=\"https:\/\/www.diigo.com\/user\/cde_uab?query=%23Racisme_Discriminacio_Xenofobia+%23Treball\" target=\"_blank\" rel=\"noopener\">Discriminaci\u00f3 laboral<\/a><\/li>\n<li><a href=\"https:\/\/www.diigo.com\/user\/cde_uab\/?query=%23Economia_colaborativa\" target=\"_blank\" rel=\"noopener\">Economia col\u00b7laborativa<\/a><\/li>\n<li><a href=\"https:\/\/www.diigo.com\/user\/cde_uab\/?query=%23Economia_social\" target=\"_blank\" rel=\"noopener\">Economia social<\/a><\/li>\n<li><a href=\"https:\/\/www.diigo.com\/user\/cde_uab?query=%23Emprenedoria\" target=\"_blank\" rel=\"noopener\">Emprenedoria<\/a><\/li>\n<li><a href=\"https:\/\/www.diigo.com\/user\/cde_uab\/?query=%23Treball+%23Estadistiques_Indicadors\" target=\"_blank\" rel=\"noopener\">Estad\u00edstiques<\/a><\/li>\n<li><a href=\"https:\/\/www.diigo.com\/user\/cde_uab?query=%23Treball+%23Fons_europeus\" target=\"_blank\" rel=\"noopener\">Fons europeus<\/a><\/li>\n<li><a href=\"https:\/\/www.diigo.com\/user\/cde_uab\/?query=%23Formacio_professional\" target=\"_blank\" rel=\"noopener\">Formaci\u00f3 professional<\/a><\/li>\n<\/ul>\n<\/td>\n<td>\n<ul>\n<li><a href=\"https:\/\/www.diigo.com\/user\/cde_uab\/?query=%23Treball+%23TJUE\" target=\"_blank\" rel=\"noopener\">Jurisprud\u00e8ncia<\/a><\/li>\n<li><a href=\"https:\/\/www.diigo.com\/user\/cde_uab?query=%23Lliure_circulacio\" target=\"_blank\" rel=\"noopener\">Lliure circulaci\u00f3<\/a><\/li>\n<li><a href=\"https:\/\/www.diigo.com\/user\/cde_uab?query=%23OIT\" target=\"_blank\" rel=\"noopener\">OIT<\/a><\/li>\n<li><a href=\"https:\/\/www.diigo.com\/user\/cde_uab\/?query=%23Plataformes_digitals+%23treball\" target=\"_blank\" rel=\"noopener\">Plataformes digitals<\/a><\/li>\n<li><a href=\"https:\/\/www.diigo.com\/user\/cde_uab\/?query=%23Productivitat\" target=\"_blank\" rel=\"noopener\">Productivitat<\/a><\/li>\n<li><a href=\"https:\/\/www.diigo.com\/user\/cde_uab\/?query=%23Treball+%23Punts_informacio\" target=\"_blank\" rel=\"noopener\">Punts d&#8217;informaci\u00f3<\/a><\/li>\n<li><a href=\"https:\/\/www.diigo.com\/user\/cde_uab\/?query=%23Qualificacions_professionals\" target=\"_blank\" rel=\"noopener\">Reconeixement de qualificacions<\/a><\/li>\n<li><a href=\"https:\/\/www.diigo.com\/user\/cde_uab\/?query=%23Salaris\" target=\"_blank\" rel=\"noopener\">Salaris<\/a>\n<ul>\n<li><a href=\"https:\/\/www.diigo.com\/user\/cde_uab\/?query=%23Salaris+%23Igualtat_genere\" target=\"_blank\" rel=\"noopener\">Bretxa salarial<\/a><\/li>\n<\/ul>\n<\/li>\n<li><a href=\"https:\/\/www.diigo.com\/user\/cde_uab\/?query=%23Treball_Salut_Seguretat\" target=\"_blank\" rel=\"noopener\">Salut i seguretat laboral<\/a><\/li>\n<li><a href=\"https:\/\/www.diigo.com\/user\/cde_uab\/?query=%23Seguretat_social\" target=\"_blank\" rel=\"noopener\">Seguretat social<\/a><\/li>\n<li><a href=\"https:\/\/www.diigo.com\/user\/cde_uab?query=%23Blue_Card\" target=\"_blank\" rel=\"noopener\">Targeta blava<\/a><\/li>\n<li><a href=\"https:\/\/www.diigo.com\/user\/cde_uab?query=%23Teletreball\" target=\"_blank\" rel=\"noopener\">Teletreball<\/a><\/li>\n<li><a href=\"https:\/\/www.diigo.com\/user\/cde_uab\/?query=%23Treball_no_declarat\" target=\"_blank\" rel=\"noopener\">Treball no declarat<\/a><\/li>\n<li><a href=\"https:\/\/www.diigo.com\/user\/cde_uab\/?query=%23Treball_qualificat\" target=\"_blank\" rel=\"noopener\">Treball qualificat<\/a><\/li>\n<li><a href=\"https:\/\/www.diigo.com\/user\/cde_uab\/?query=%23Treballadors_desplazats\" target=\"_blank\" rel=\"noopener\">Treballadors despla\u00e7ats<\/a><\/li>\n<li><a href=\"https:\/\/www.diigo.com\/user\/cde_uab\/?query=%23Treball+%23Asil_migracions\" target=\"_blank\" rel=\"noopener\">Treballadors migrants<\/a><\/li>\n<li><a href=\"https:\/\/www.diigo.com\/user\/cde_uab\/?query=%23Treball+%23Videos\" target=\"_blank\" rel=\"noopener\">V\u00eddeos<\/a><\/li>\n<\/ul>\n<\/td>\n<\/tr>\n<tr>\n<td colspan=\"2\"><a href=\"https:\/\/www.diigo.com\/user\/cde_uab\/?query=%23Religions\" target=\"_blank\" rel=\"noopener\"><strong>RELIGIONS<\/strong><\/a><\/td>\n<\/tr>\n<tr>\n<td>\n<ul>\n<li><a href=\"https:\/\/www.diigo.com\/user\/cde_uab\/?query=%23Cristianisme\" target=\"_blank\" rel=\"noopener\">Cristianisme<\/a><\/li>\n<li><a href=\"https:\/\/www.diigo.com\/user\/cde_uab\/?query=%23Islam\" target=\"_blank\" rel=\"noopener\">Islam<\/a><\/li>\n<\/ul>\n<\/td>\n<td>\n<ul>\n<li><a href=\"https:\/\/www.diigo.com\/user\/cde_uab\/?query=%23Judaisme\" target=\"_blank\" rel=\"noopener\">Judaisme<\/a><\/li>\n<li><a href=\"https:\/\/www.diigo.com\/user\/cde_uab\/?query=%23La%C3%AFcisme\" target=\"_blank\" rel=\"noopener\">La\u00efcisme<\/a><\/li>\n<\/ul>\n<\/td>\n<\/tr>\n<\/tbody>\n<\/table>\n","protected":false},"excerpt":{"rendered":"<p>AFERS SOCIALS Accessibilitat Asil i migraci\u00f3 Assegurances Carta Social Europea Canvi d&#8217;hora CESE Classe mitjana Cost de vida Demografia Desigualtat i pobresa Discapacitat Envelliment Estad\u00edstiques Estat del benestar Fam\u00edlia Fons europeus Habitatge \u200bIgualtat de g\u00e8nere Inclusi\u00f3 Inf\u00e0ncia Innovaci\u00f3 social Joves LGBTIQ Lluita contra la discriminaci\u00f3 Minories Opini\u00f3 p\u00fablica Pensions Pilar Europeu de Drets Socials Pobles [&hellip;]<\/p>\n","protected":false},"author":20,"featured_media":0,"parent":0,"menu_order":0,"comment_status":"closed","ping_status":"closed","template":"","meta":{"footnotes":""},"class_list":["post-50","page","type-page","status-publish","hentry"],"_links":{"self":[{"href":"https:\/\/webs.uab.cat\/fontsue\/wp-json\/wp\/v2\/pages\/50","targetHints":{"allow":["GET"]}}],"collection":[{"href":"https:\/\/webs.uab.cat\/fontsue\/wp-json\/wp\/v2\/pages"}],"about":[{"href":"https:\/\/webs.uab.cat\/fontsue\/wp-json\/wp\/v2\/types\/page"}],"author":[{"embeddable":true,"href":"https:\/\/webs.uab.cat\/fontsue\/wp-json\/wp\/v2\/users\/20"}],"replies":[{"embeddable":true,"href":"https:\/\/webs.uab.cat\/fontsue\/wp-json\/wp\/v2\/comments?post=50"}],"version-history":[{"count":51,"href":"https:\/\/webs.uab.cat\/fontsue\/wp-json\/wp\/v2\/pages\/50\/revisions"}],"predecessor-version":[{"id":1463,"href":"https:\/\/webs.uab.cat\/fontsue\/wp-json\/wp\/v2\/pages\/50\/revisions\/1463"}],"wp:attachment":[{"href":"https:\/\/webs.uab.cat\/fontsue\/wp-json\/wp\/v2\/media?parent=50"}],"curies":[{"name":"wp","href":"https:\/\/api.w.org\/{rel}","templated":true}]}}