{"id":54,"date":"2021-02-14T08:46:04","date_gmt":"2021-02-14T08:46:04","guid":{"rendered":"https:\/\/webs.uab.cat\/fontsue\/transport-turisme\/"},"modified":"2022-12-21T14:27:36","modified_gmt":"2022-12-21T14:27:36","slug":"transport-turisme","status":"publish","type":"page","link":"https:\/\/webs.uab.cat\/fontsue\/transport-turisme\/","title":{"rendered":"TRANSPORT &amp; TURISME"},"content":{"rendered":"<table border=\"1\" cellspacing=\"1\" cellpadding=\"1\">\n<tbody>\n<tr>\n<td colspan=\"2\"><a href=\"https:\/\/www.diigo.com\/user\/cde_uab?query=%23Transport\" target=\"_blank\" rel=\"noopener\"><strong>TRANSPORT<\/strong><\/a><\/td>\n<\/tr>\n<tr>\n<td>\n<ul>\n<li><a href=\"https:\/\/www.diigo.com\/user\/cde_uab\/?query=%23Accessiblitat\" target=\"_blank\" rel=\"noopener\">Accessibilitat<\/a><\/li>\n<li><a href=\"https:\/\/www.diigo.com\/user\/cde_uab\/?query=%23Drets_passatgers\" target=\"_blank\" rel=\"noopener\">Drets dels passatgers<\/a><\/li>\n<li><a href=\"https:\/\/www.diigo.com\/user\/cde_uab\/?query=%23Transport+%23Estadistiques_Indicadors\" target=\"_blank\" rel=\"noopener\">Estad\u00edstiques<\/a><\/li>\n<li><a href=\"https:\/\/www.diigo.com\/user\/cde_uab\/?query=%23Transport+%23Coronavirus\" target=\"_blank\" rel=\"noopener\">Impacte de la Covid-19<\/a><\/li>\n<li><a href=\"https:\/\/www.diigo.com\/user\/cde_uab?query=%23Infraestructures\" target=\"_blank\" rel=\"noopener\">Infraestructures<\/a><\/li>\n<li><a href=\"https:\/\/www.diigo.com\/user\/cde_uab\/?query=%23Movilidad_inteligente\" target=\"_blank\" rel=\"noopener\">Mobilitat intel\u00b7ligent<\/a><\/li>\n<li><a href=\"https:\/\/www.diigo.com\/user\/cde_uab\/?query=%23Transport_aeri\" target=\"_blank\" rel=\"noopener\">Transport aeri<\/a>\n<ul>\n<li><a href=\"https:\/\/www.diigo.com\/user\/cde_uab\/?query=%23Drons\" target=\"_blank\" rel=\"noopener\">Drons<\/a><\/li>\n<li><a href=\"https:\/\/www.diigo.com\/user\/cde_uab\/?query=+%23Espai\" target=\"_blank\" rel=\"noopener\">Espai<\/a><\/li>\n<li><a href=\"https:\/\/www.diigo.com\/user\/cde_uab\/?query=%23PNR\" target=\"_blank\" rel=\"noopener\">Registre de Nom de Passatgers<\/a><\/li>\n<\/ul>\n<\/li>\n<li><a href=\"https:\/\/www.diigo.com\/user\/cde_uab\/?query=%23Transport_ferrocarril\" target=\"_blank\" rel=\"noopener\">Transport ferroviari<\/a><\/li>\n<\/ul>\n<\/td>\n<td>\n<ul>\n<li><a href=\"https:\/\/www.diigo.com\/user\/cde_uab\/?query=%23Transport_maritim_fluvial\" target=\"_blank\" rel=\"noopener\">Transport mar\u00edtim i fluvial<\/a><\/li>\n<li><a href=\"https:\/\/www.diigo.com\/user\/cde_uab\/?query=%23Transport_carretera\" target=\"_blank\" rel=\"noopener\">Transport per carretera<\/a>\n<ul>\n<li><a href=\"https:\/\/www.diigo.com\/user\/cde_uab\/?query=%23Automobils\" target=\"_blank\" rel=\"noopener\">Autom\u00f2bils<\/a><\/li>\n<li><a href=\"https:\/\/www.diigo.com\/user\/cde_uab\/?query=%23Bicicletes\" target=\"_blank\" rel=\"noopener\">Bicicletes<\/a><\/li>\n<li><a href=\"https:\/\/www.diigo.com\/user\/cde_uab?query=%23Seguretat_viaria\" target=\"_blank\" rel=\"noopener\">Seguretat vi\u00e0ria<\/a><\/li>\n<li><a href=\"https:\/\/www.diigo.com\/user\/cde_uab?query=%23Automobils+%23Electricitat\" target=\"_blank\" rel=\"noopener\">Vehicles el\u00e8ctrics<\/a><\/li>\n<\/ul>\n<\/li>\n<li><a href=\"https:\/\/www.diigo.com\/user\/cde_uab\/?query=%23Transport_public\" target=\"_blank\" rel=\"noopener\">Transport p\u00fablic<\/a>\n<ul>\n<li><a href=\"https:\/\/www.diigo.com\/user\/cde_uab\/?query=%23TAXI_UBER\" target=\"_blank\" rel=\"noopener\">Taxi, Uber, etc.<\/a><\/li>\n<li><a href=\"https:\/\/www.diigo.com\/user\/cde_uab\/?query=%23Transport_urba\" target=\"_blank\" rel=\"noopener\">Urb\u00e0<\/a><\/li>\n<\/ul>\n<\/li>\n<li><a href=\"https:\/\/www.diigo.com\/user\/cde_uab?query=%23Transport_sostenible\" target=\"_blank\" rel=\"noopener\">Transport sostenible<\/a><\/li>\n<li><a href=\"https:\/\/www.diigo.com\/user\/cde_uab\/?query=%23Xarxes_transeuropees\" target=\"_blank\" rel=\"noopener\">Xarxes\u00a0transeuropees<\/a><\/li>\n<\/ul>\n<\/td>\n<\/tr>\n<tr>\n<td colspan=\"2\"><a href=\"https:\/\/www.diigo.com\/user\/cde_uab?query=%23Turisme\" target=\"_blank\" rel=\"noopener\"><strong style=\"font-family: inherit;font-size: inherit;letter-spacing: 0.05rem\">TURISME<\/strong><\/a><\/td>\n<\/tr>\n<tr>\n<td>\n<ul>\n<li><a href=\"https:\/\/www.diigo.com\/user\/cde_uab?query=%23Turisme+%23Accessiblitat\" target=\"_blank\" rel=\"noopener\">Accessibilitat<\/a><\/li>\n<li><a href=\"https:\/\/www.diigo.com\/user\/cde_uab?query=%23Turisme+%23Cooperacio_territorial\" target=\"_blank\" rel=\"noopener\">Cooperaci\u00f3 territorial<\/a><\/li>\n<li><a href=\"https:\/\/www.diigo.com\/user\/cde_uab?query=%23ETIAS_Visats\" target=\"_blank\" rel=\"noopener\">ETIAS &amp; Visats<\/a><\/li>\n<li><a href=\"https:\/\/www.diigo.com\/user\/cde_uab?query=%23Turisme+%23Fons_europeus\" target=\"_blank\" rel=\"noopener\">Fons europeus<\/a><\/li>\n<li><a href=\"https:\/\/www.diigo.com\/user\/cde_uab?query=%23Turisme+%23Coronavirus\" target=\"_blank\" rel=\"noopener\">Impacte de la Covid-19<\/a><\/li>\n<\/ul>\n<\/td>\n<td>\n<ul>\n<li><a href=\"https:\/\/www.diigo.com\/user\/cde_uab?query=%23Turisme+%23Brexit\" target=\"_blank\" rel=\"noopener\">Impacte del Brexit<\/a><\/li>\n<li><a href=\"https:\/\/www.diigo.com\/user\/cde_uab\/?query=%23Patrimoni\" target=\"_blank\" rel=\"noopener\">Patrimoni<\/a><\/li>\n<li><a href=\"https:\/\/www.diigo.com\/user\/cde_uab?query=%23Turisme+%23Digitalitzacio\" target=\"_blank\" rel=\"noopener\">Turisme intel\u00b7ligent<\/a><\/li>\n<li><a href=\"https:\/\/www.diigo.com\/user\/cde_uab?query=%23Turisme+%23Desenv._rural\" target=\"_blank\" rel=\"noopener\">Turisme rural<\/a><\/li>\n<li><a href=\"https:\/\/www.diigo.com\/user\/cde_uab\/?query=%23Turisme_sostenible\" target=\"_blank\" rel=\"noopener\">Turisme sostenible<\/a><\/li>\n<\/ul>\n<\/td>\n<\/tr>\n<tr>\n<td colspan=\"2\"><strong>INFORMACI\u00d3 TUR\u00cdSTICA EEMM<\/strong><\/td>\n<\/tr>\n<tr>\n<td>\n<ul>\n<li><a href=\"https:\/\/www.diigo.com\/user\/cde_uab\/?query=%23Alemanya_turisme\" target=\"_blank\" rel=\"noopener\">Alemanya<\/a><\/li>\n<li><a href=\"https:\/\/www.diigo.com\/user\/cde_uab\/?query=%23Austria_turisme\" target=\"_blank\" rel=\"noopener\">\u00c0ustria<\/a><\/li>\n<li><a href=\"https:\/\/www.diigo.com\/user\/cde_uab?query=%23Belgica_turisme\" target=\"_blank\" rel=\"noopener\">B\u00e8lgica<\/a><\/li>\n<li><a href=\"https:\/\/www.diigo.com\/user\/cde_uab?query=%23Bulgaria_turisme\" target=\"_blank\" rel=\"noopener\">Bulg\u00e0ria<\/a><\/li>\n<li><a href=\"https:\/\/www.diigo.com\/user\/cde_uab\/?query=%23Croacia_turisme\" target=\"_blank\" rel=\"noopener\">Cro\u00e0cia<\/a><\/li>\n<li><a href=\"https:\/\/www.diigo.com\/user\/cde_uab\/?query=%23Dinamarca_turisme\" target=\"_blank\" rel=\"noopener\">Dinamarca<\/a><\/li>\n<li><a href=\"https:\/\/www.diigo.com\/user\/cde_uab\/?query=%23Eslovaquia_turisme\" target=\"_blank\" rel=\"noopener\">Eslov\u00e0quia<\/a><\/li>\n<li><a href=\"https:\/\/www.diigo.com\/user\/cde_uab\/?query=%23Eslovenia_turisme\" target=\"_blank\" rel=\"noopener\">Eslov\u00e8nia<\/a><\/li>\n<li><a href=\"https:\/\/www.diigo.com\/user\/cde_uab\/?query=%23Espanya_turisme\" target=\"_blank\" rel=\"noopener\">Espanya<\/a><\/li>\n<li><a href=\"https:\/\/webs.uab.cat\/fontsue\/politica-regional\/\" target=\"_blank\" rel=\"noopener\">Espanya: CCAA<\/a><\/li>\n<li><a href=\"https:\/\/www.diigo.com\/user\/cde_uab\/?query=%23Estonia_turisme\" target=\"_blank\" rel=\"noopener\">Est\u00f2nia<\/a><\/li>\n<li><a href=\"https:\/\/www.diigo.com\/user\/cde_uab\/?query=%23Finlandia_turisme\" target=\"_blank\" rel=\"noopener\">Finl\u00e0ndia<\/a><\/li>\n<li><a href=\"https:\/\/www.diigo.com\/user\/cde_uab\/?query=%23Francia_turismo\" target=\"_blank\" rel=\"noopener\">Fran\u00e7a<\/a><\/li>\n<li><a href=\"https:\/\/www.diigo.com\/user\/cde_uab\/?query=%23Grecia_Turisme\" target=\"_blank\" rel=\"noopener\">Gr\u00e8cia<\/a><\/li>\n<\/ul>\n<\/td>\n<td>\n<ul>\n<li><a href=\"https:\/\/www.diigo.com\/user\/cde_uab?query=%23Hongria_turisme\" target=\"_blank\" rel=\"noopener\">Hongria<\/a><\/li>\n<li><a href=\"https:\/\/www.diigo.com\/user\/cde_uab?query=%23Irlanda_turisme\" target=\"_blank\" rel=\"noopener\">Irlanda<\/a><\/li>\n<li><a href=\"https:\/\/www.diigo.com\/user\/cde_uab?query=%23Italia_turisme\" target=\"_blank\" rel=\"noopener\">It\u00e0lia<\/a><\/li>\n<li><a href=\"https:\/\/www.diigo.com\/user\/cde_uab\/?query=%23Letonia_turisme\" target=\"_blank\" rel=\"noopener\">Let\u00f2nia<\/a><\/li>\n<li><a href=\"https:\/\/www.diigo.com\/user\/cde_uab?query=%23Lituania_turisme\" target=\"_blank\" rel=\"noopener\">Litu\u00e0nia<\/a><\/li>\n<li><a href=\"https:\/\/www.diigo.com\/user\/cde_uab\/?query=%23Luxemburg_turisme\" target=\"_blank\" rel=\"noopener\">Luxemburg<\/a><\/li>\n<li><a href=\"https:\/\/www.diigo.com\/user\/cde_uab\/?query=%23Malta_turisme\" target=\"_blank\" rel=\"noopener\">Malta<\/a><\/li>\n<li><a href=\"https:\/\/www.diigo.com\/user\/cde_uab?query=%23Paisos_Baixos_turisme\" target=\"_blank\" rel=\"noopener\">Pa\u00efsos Baixos<\/a><\/li>\n<li><a href=\"https:\/\/www.diigo.com\/user\/cde_uab\/?query=%23Polonia_turisme\" target=\"_blank\" rel=\"noopener\">Pol\u00f2nia<\/a><\/li>\n<li><a href=\"https:\/\/www.diigo.com\/user\/cde_uab\/?query=%23Portugal_turisme\" target=\"_blank\" rel=\"noopener\">Portugal<\/a><\/li>\n<li><a href=\"https:\/\/www.diigo.com\/user\/cde_uab\/?query=%23Rep_Txeca_Turisme\" target=\"_blank\" rel=\"noopener\">Rep. Txeca<\/a><\/li>\n<li><a href=\"https:\/\/www.diigo.com\/user\/cde_uab\/?query=%23Romania_turisme\" target=\"_blank\" rel=\"noopener\">Romania<\/a><\/li>\n<li><a href=\"https:\/\/www.diigo.com\/user\/cde_uab\/?query=%23Suecia_turisme\" target=\"_blank\" rel=\"noopener\">Su\u00e8cia<\/a><\/li>\n<li><a href=\"https:\/\/www.diigo.com\/user\/cde_uab?query=%23Xipre_turisme\" target=\"_blank\" rel=\"noopener\">Xipre<\/a><\/li>\n<\/ul>\n<\/td>\n<\/tr>\n<\/tbody>\n<\/table>\n","protected":false},"excerpt":{"rendered":"<p>TRANSPORT Accessibilitat Drets dels passatgers Estad\u00edstiques Impacte de la Covid-19 Infraestructures Mobilitat intel\u00b7ligent Transport aeri Drons Espai Registre de Nom de Passatgers Transport ferroviari Transport mar\u00edtim i fluvial Transport per carretera Autom\u00f2bils Bicicletes Seguretat vi\u00e0ria Vehicles el\u00e8ctrics Transport p\u00fablic Taxi, Uber, etc. Urb\u00e0 Transport sostenible Xarxes\u00a0transeuropees TURISME Accessibilitat Cooperaci\u00f3 territorial ETIAS &amp; Visats Fons europeus [&hellip;]<\/p>\n","protected":false},"author":20,"featured_media":0,"parent":0,"menu_order":0,"comment_status":"closed","ping_status":"closed","template":"","meta":{"footnotes":""},"class_list":["post-54","page","type-page","status-publish","hentry"],"_links":{"self":[{"href":"https:\/\/webs.uab.cat\/fontsue\/wp-json\/wp\/v2\/pages\/54","targetHints":{"allow":["GET"]}}],"collection":[{"href":"https:\/\/webs.uab.cat\/fontsue\/wp-json\/wp\/v2\/pages"}],"about":[{"href":"https:\/\/webs.uab.cat\/fontsue\/wp-json\/wp\/v2\/types\/page"}],"author":[{"embeddable":true,"href":"https:\/\/webs.uab.cat\/fontsue\/wp-json\/wp\/v2\/users\/20"}],"replies":[{"embeddable":true,"href":"https:\/\/webs.uab.cat\/fontsue\/wp-json\/wp\/v2\/comments?post=54"}],"version-history":[{"count":37,"href":"https:\/\/webs.uab.cat\/fontsue\/wp-json\/wp\/v2\/pages\/54\/revisions"}],"predecessor-version":[{"id":1436,"href":"https:\/\/webs.uab.cat\/fontsue\/wp-json\/wp\/v2\/pages\/54\/revisions\/1436"}],"wp:attachment":[{"href":"https:\/\/webs.uab.cat\/fontsue\/wp-json\/wp\/v2\/media?parent=54"}],"curies":[{"name":"wp","href":"https:\/\/api.w.org\/{rel}","templated":true}]}}