{"id":108,"date":"2022-12-07T11:13:12","date_gmt":"2022-12-07T09:13:12","guid":{"rendered":"https:\/\/webs.uab.cat\/formmus\/?page_id=108"},"modified":"2022-12-07T11:13:12","modified_gmt":"2022-12-07T09:13:12","slug":"curs-formmus","status":"publish","type":"page","link":"https:\/\/webs.uab.cat\/formmus\/curs-formmus\/","title":{"rendered":"Curs ForMMus"},"content":{"rendered":"\n<h2 class=\"wp-block-heading\"><strong>Diagn\u00f2stic i propostes de millora en la formaci\u00f3 musical de mestres a Catalunya<\/strong><\/h2>\n\n\n\n<p><em>Novembre 2022<\/em><\/p>\n\n\n\n<p><\/p>\n\n\n\n<p><strong>Curs de 15h de formaci\u00f3 impulsat des del projecte ForMMus, organitzat per l&#8217;AEMCAT i reconegut pel Departament d&#8217;Educaci\u00f3.<\/strong><\/p>\n\n\n\n<p><\/p>\n\n\n\n<p><strong>Coordinaci\u00f3<\/strong>: Albert Casals i Andrea Fern\u00e1ndez.<\/p>\n\n\n\n<p><strong>Formadors<\/strong>: Miquel Alsina, Eug\u00e8nia Ar\u00fas, Jordi Cano, Merc\u00e8 Carrera, Albert Casals, Andrea Fern\u00e1ndez, Gl\u00f2ria Prats i Joan F. Vidal.<\/p>\n\n\n\n<p><\/p>\n\n\n\n<p><strong>Estructura<\/strong><\/p>\n\n\n\n<p>1a PART: Sessions de treball a cada universitat<\/p>\n\n\n\n<p><\/p>\n\n\n\n<p>2a PART: Sessi\u00f3 conjunta a la UAB, dissabte 19 de novembre de 2022 a la tarda, amb el seg\u00fcent programa:<\/p>\n\n\n\n<blockquote class=\"wp-block-quote is-layout-flow wp-block-quote-is-layout-flow\"><p>13:30h Benvinguda i dinar informal<\/p><p>14:30h Recull del treball fet a cada universitat i de l\u2019exposat a la Jornada final<\/p><p>15:30h Tallers:<\/p><p>&#8211; Activem la creativitat! (Llu\u00eds Sol\u00e9, UVic)<\/p><p>&#8211; Moure&#8217;ns per acompanyar (Carmen N\u00e1jera, Escola Pereanton)<\/p><p>16:30h Pausa i refrigeri<\/p><p>17:00h Tancament del curs: qu\u00e8 m\u2019emporto? a qu\u00e8 em compromet? qu\u00e8 puc impulsar?<\/p><p>18:00h Fi de la Jornada<\/p><\/blockquote>\n","protected":false},"excerpt":{"rendered":"<p>Diagn\u00f2stic i propostes de millora en la formaci\u00f3 musical de mestres a Catalunya Novembre 2022 Curs de 15h de formaci\u00f3 impulsat des del projecte ForMMus, organitzat per l&#8217;AEMCAT i reconegut pel Departament d&#8217;Educaci\u00f3. Coordinaci\u00f3: Albert Casals i Andrea Fern\u00e1ndez. Formadors: Miquel Alsina, Eug\u00e8nia Ar\u00fas, Jordi Cano, Merc\u00e8 Carrera, Albert Casals, Andrea Fern\u00e1ndez, Gl\u00f2ria Prats i [&hellip;]<\/p>\n","protected":false},"author":177,"featured_media":0,"parent":0,"menu_order":0,"comment_status":"closed","ping_status":"closed","template":"","meta":{"footnotes":""},"class_list":["post-108","page","type-page","status-publish","hentry"],"_links":{"self":[{"href":"https:\/\/webs.uab.cat\/formmus\/wp-json\/wp\/v2\/pages\/108","targetHints":{"allow":["GET"]}}],"collection":[{"href":"https:\/\/webs.uab.cat\/formmus\/wp-json\/wp\/v2\/pages"}],"about":[{"href":"https:\/\/webs.uab.cat\/formmus\/wp-json\/wp\/v2\/types\/page"}],"author":[{"embeddable":true,"href":"https:\/\/webs.uab.cat\/formmus\/wp-json\/wp\/v2\/users\/177"}],"replies":[{"embeddable":true,"href":"https:\/\/webs.uab.cat\/formmus\/wp-json\/wp\/v2\/comments?post=108"}],"version-history":[{"count":2,"href":"https:\/\/webs.uab.cat\/formmus\/wp-json\/wp\/v2\/pages\/108\/revisions"}],"predecessor-version":[{"id":110,"href":"https:\/\/webs.uab.cat\/formmus\/wp-json\/wp\/v2\/pages\/108\/revisions\/110"}],"wp:attachment":[{"href":"https:\/\/webs.uab.cat\/formmus\/wp-json\/wp\/v2\/media?parent=108"}],"curies":[{"name":"wp","href":"https:\/\/api.w.org\/{rel}","templated":true}]}}