{"id":136,"date":"2023-05-04T17:10:17","date_gmt":"2023-05-04T15:10:17","guid":{"rendered":"https:\/\/webs.uab.cat\/formmus\/?page_id=136"},"modified":"2023-05-17T21:57:39","modified_gmt":"2023-05-17T19:57:39","slug":"multimedia","status":"publish","type":"page","link":"https:\/\/webs.uab.cat\/formmus\/multimedia\/","title":{"rendered":"Multim\u00e8dia"},"content":{"rendered":"\n<h2 class=\"wp-block-heading\">La veu dels alumni<\/h2>\n\n\n\n<p>En el marc del projecte, i per fer sentir la veu d&#8217;aquells qui han estat formats els darrers anys a les universitats catalanes, vam demanar a alumni (ex-estudiants) de la menci\u00f3 de m\u00fasica de les diverses universitats que ens responguessin 3 preguntes. A continuaci\u00f3 teniu un resum de les seves opinions:<\/p>\n\n\n\n<ol class=\"wp-block-list\"><li>Quines experi\u00e8ncies o aprenentatges de la carrera consideres que t&#8217;han resultat m\u00e9s fonamentals per a exercir de mestre de m\u00fasica en aquests primers anys?<\/li><\/ol>\n\n\n\n<figure class=\"wp-block-embed is-type-video is-provider-youtube wp-block-embed-youtube wp-embed-aspect-16-9 wp-has-aspect-ratio\"><div class=\"wp-block-embed__wrapper\">\n<iframe loading=\"lazy\" title=\"ForMMUS1\" width=\"580\" height=\"326\" src=\"https:\/\/www.youtube.com\/embed\/rJZNzdwvHXc?list=PLfiwyQy5C38cgTJXzRQasbirDNgpixqj2\" frameborder=\"0\" allow=\"accelerometer; autoplay; clipboard-write; encrypted-media; gyroscope; picture-in-picture; web-share\" referrerpolicy=\"strict-origin-when-cross-origin\" allowfullscreen><\/iframe>\n<\/div><\/figure>\n\n\n\n<p>2. Amb quins aspectes penses que t&#8217;has hagut de formar m\u00e9s o qu\u00e8 has trobat a faltar en aquests primers anys d&#8217;exercici com a especialista de m\u00fasica en una escola?<\/p>\n\n\n\n<figure class=\"wp-block-embed is-type-video is-provider-youtube wp-block-embed-youtube wp-embed-aspect-16-9 wp-has-aspect-ratio\"><div class=\"wp-block-embed__wrapper\">\n<iframe loading=\"lazy\" title=\"ForMMUS2\" width=\"580\" height=\"326\" src=\"https:\/\/www.youtube.com\/embed\/cAbXtyb8Zp4?list=PLfiwyQy5C38cgTJXzRQasbirDNgpixqj2\" frameborder=\"0\" allow=\"accelerometer; autoplay; clipboard-write; encrypted-media; gyroscope; picture-in-picture; web-share\" referrerpolicy=\"strict-origin-when-cross-origin\" allowfullscreen><\/iframe>\n<\/div><\/figure>\n\n\n\n<p>3. Quins aspectes detectes com a claus per a fer un salt qualitatiu en la formaci\u00f3 musical dels futurs mestres generalistes, de forma que la m\u00fasica realment sigui part integral dels projectes educatius dels centres?<\/p>\n\n\n\n<figure class=\"wp-block-embed is-type-video is-provider-youtube wp-block-embed-youtube wp-embed-aspect-16-9 wp-has-aspect-ratio\"><div class=\"wp-block-embed__wrapper\">\n<iframe loading=\"lazy\" title=\"ForMMUS3\" width=\"580\" height=\"326\" src=\"https:\/\/www.youtube.com\/embed\/cqXn15hnPIU?list=PLfiwyQy5C38cgTJXzRQasbirDNgpixqj2\" frameborder=\"0\" allow=\"accelerometer; autoplay; clipboard-write; encrypted-media; gyroscope; picture-in-picture; web-share\" referrerpolicy=\"strict-origin-when-cross-origin\" allowfullscreen><\/iframe>\n<\/div><\/figure>\n\n\n\n<p><\/p>\n\n\n\n<p><\/p>\n","protected":false},"excerpt":{"rendered":"<p>La veu dels alumni En el marc del projecte, i per fer sentir la veu d&#8217;aquells qui han estat formats els darrers anys a les universitats catalanes, vam demanar a alumni (ex-estudiants) de la menci\u00f3 de m\u00fasica de les diverses universitats que ens responguessin 3 preguntes. A continuaci\u00f3 teniu un resum de les seves opinions: [&hellip;]<\/p>\n","protected":false},"author":177,"featured_media":0,"parent":0,"menu_order":0,"comment_status":"closed","ping_status":"closed","template":"","meta":{"footnotes":""},"class_list":["post-136","page","type-page","status-publish","hentry"],"_links":{"self":[{"href":"https:\/\/webs.uab.cat\/formmus\/wp-json\/wp\/v2\/pages\/136","targetHints":{"allow":["GET"]}}],"collection":[{"href":"https:\/\/webs.uab.cat\/formmus\/wp-json\/wp\/v2\/pages"}],"about":[{"href":"https:\/\/webs.uab.cat\/formmus\/wp-json\/wp\/v2\/types\/page"}],"author":[{"embeddable":true,"href":"https:\/\/webs.uab.cat\/formmus\/wp-json\/wp\/v2\/users\/177"}],"replies":[{"embeddable":true,"href":"https:\/\/webs.uab.cat\/formmus\/wp-json\/wp\/v2\/comments?post=136"}],"version-history":[{"count":3,"href":"https:\/\/webs.uab.cat\/formmus\/wp-json\/wp\/v2\/pages\/136\/revisions"}],"predecessor-version":[{"id":142,"href":"https:\/\/webs.uab.cat\/formmus\/wp-json\/wp\/v2\/pages\/136\/revisions\/142"}],"wp:attachment":[{"href":"https:\/\/webs.uab.cat\/formmus\/wp-json\/wp\/v2\/media?parent=136"}],"curies":[{"name":"wp","href":"https:\/\/api.w.org\/{rel}","templated":true}]}}