{"id":30,"date":"2022-10-14T11:55:02","date_gmt":"2022-10-14T09:55:02","guid":{"rendered":"https:\/\/webs.uab.cat\/formmus\/?page_id=30"},"modified":"2023-07-26T18:59:12","modified_gmt":"2023-07-26T16:59:12","slug":"el-projecte","status":"publish","type":"page","link":"https:\/\/webs.uab.cat\/formmus\/el-projecte\/","title":{"rendered":"El projecte"},"content":{"rendered":"\n<h2 class=\"wp-block-heading\">Objectius<\/h2>\n\n\n\n<p style=\"font-size:16px\">El projecte es planteja com a objectiu principal:&nbsp;&nbsp;<\/p>\n\n\n\n<blockquote class=\"wp-block-quote is-layout-flow wp-block-quote-is-layout-flow\" style=\"font-size:17px\">\n<p><strong>Millorar la formaci\u00f3 musical als Graus de Mestre de Prim\u00e0ria de les universitats catalanes a partir d\u2019un major&nbsp; coneixement de la m\u00fasica escolar i de la intensificaci\u00f3 de la col\u2022laboraci\u00f3 amb els centres formadors.&nbsp;<\/strong><\/p>\n<\/blockquote>\n\n\n\n<p style=\"font-size:16px\">Per aconseguir-ho, s&#8217;han definit els seg\u00fcents objectius espec\u00edfics:&nbsp;&nbsp;<\/p>\n\n\n\n<ul class=\"wp-block-list\" style=\"font-size:16px\">\n<li>Descriure el paper de la m\u00fasica en les diverses tipologies de projectes educatius dels centres formadors.&nbsp;<\/li>\n\n\n\n<li>Establir les principals compet\u00e8ncies i perfils dels especialistes de m\u00fasica als centres formadors.<\/li>\n\n\n\n<li>Recollir les propostes existents en la formaci\u00f3 musical de mestres que encaixin amb els plantejaments&nbsp; dels centres formadors de refer\u00e8ncia i\/o que involucrin aquestes escoles de refer\u00e8ncia.<\/li>\n\n\n\n<li>Dissenyar i validar millores en les assignatures de l\u2019\u00e0rea de m\u00fasica dins del Grau de Mestre de Prim\u00e0ria&nbsp; de les universitats catalanes que comprenguin col\u2022laboracions amb els centres formadors m\u00e9s enll\u00e0 de les&nbsp; pr\u00e0ctiques.&nbsp;<\/li>\n<\/ul>\n\n\n\n<h2 class=\"wp-block-heading\">Justificaci\u00f3<\/h2>\n\n\n\n<p style=\"font-size:16px\">La formaci\u00f3 inicial del professorat est\u00e0 condicionada per la configuraci\u00f3 i demandes provinents de l\u2019entorn&nbsp; professional al qual s&#8217;adre\u00e7a (els anomenats &#8216;ocupadors&#8217;), en aquest cas el sistema educatiu obligatori. Per&nbsp; altra banda, com a estudis universitaris, han de respondre al que s\u2019espera d\u2019uns estudis superiors.<\/p>\n\n\n\n<p style=\"font-size:16px\">El model actual opta per una formaci\u00f3 generalista, a difer\u00e8ncia d\u2019anteriors estudis de magisteri en qu\u00e8 hi havia\u00a0 titulaci\u00f3 espec\u00edfica per a les especialitats. A canvi, estableix que hi hagi unes\u00a0 mencions que siguin requisit per a adquirir una determinada especialitat, per\u00f2 que \u00fanicament suposen una formaci\u00f3 espec\u00edfica d&#8217;entre 24 i 48 cr\u00e8dits (entre el 10 i el 20% del total de la carrera) segons el pla d&#8217;estudi de cada universitat. En aquest marc, <strong>les assignatures\u00a0 de m\u00fasica dins de la formaci\u00f3 inicial de mestres \u2013les obligat\u00f2ries i les de la menci\u00f3\u2013 haurien de garantir dos\u00a0 aspectes clau a l\u2019escola actual: a) que es realitzin plantejaments globalitzats que incloguin realment a la\u00a0 m\u00fasica; i b) una educaci\u00f3 musical de qualitat i adaptable a la diversitat de projectes educatius existents<\/strong>.\u00a0\u00a0Per aconseguir-ho, es requereix repensar la formaci\u00f3 musical de futurs mestres a partir, entre d\u2019altres\u00a0 aspectes, d\u2019un coneixement en profunditat del paper de la m\u00fasica i de les compet\u00e8ncies professionals del\u00a0 professorat responsable en els diversos models educatius escolars. M\u00e9s encara quan determinats estudis i experi\u00e8ncies mostren l\u2019especificitat de l&#8217;\u00e0rea de m\u00fasica en els\u00a0 processos de transformaci\u00f3 educativa que s\u2019estan produint a les escoles i a les universitats.\u00a0<\/p>\n\n\n\n<p style=\"font-size:16px\">Des d\u2019una altra perspectiva, fa temps que des de diversos f\u00f2rums de refer\u00e8ncia en relaci\u00f3 a formaci\u00f3 del&nbsp; professorat es reclama <strong>implicar els centres formadors m\u00e9s enll\u00e0 d\u2019acollir estudiants en pr\u00e0ctiques, en la l\u00ednia del que promou el Departament d&#8217;Educaci\u00f3 i del que busquen diverses iniciatives en les universitats catalanes<\/strong>.<\/p>\n\n\n\n<p style=\"font-size:16px\">Per \u00faltim, hi ha una <strong>mancan\u00e7a evident de f\u00f2rums&nbsp;i projectes que plantegin i revisin la formaci\u00f3 musical de mestres a tot el sistema universitari&nbsp; catal\u00e0<\/strong>. Fins ara, les principals accions s\u2019han circumscrit a cada universitat i no han perm\u00e8s consensuar quin perfil i model&nbsp; formatiu musical \u2013d\u2019especialitat i per a generalistes\u2013 requereix l\u2019escola catalana. Ara, amb deu promocions de mestres formats en el marc dels Graus i en anys de grans canvis socials i sobretot de projectes&nbsp; educatius escolars, s\u2019ha fet m\u00e9s evident la necessitat d&#8217;impulsar un proc\u00e9s de recerca i innovaci\u00f3 conjunt.<\/p>\n\n\n\n<h2 class=\"wp-block-heading\">Fases<\/h2>\n\n\n\n<p style=\"font-size:16px\">El plantejament de recerca \u00e9s predominantment qualitatiu i passa per diverses fases,&nbsp; que van des de la descripci\u00f3 i comprensi\u00f3 de la realitat escolar fins a la proposta i validaci\u00f3 de canvis&nbsp; concrets en la formaci\u00f3 musical a partir sobretot de la relaci\u00f3 entre universitat i centres formadors. Seguint els objectius espec\u00edfics, el disseny consta de 3 fases:<\/p>\n\n\n\n<div class=\"wp-block-buttons is-layout-flex wp-block-buttons-is-layout-flex\">\n<div class=\"wp-block-button has-custom-font-size\" style=\"font-size:15px\"><a class=\"wp-block-button__link wp-element-button\">Fase 1<\/a><\/div>\n<\/div>\n\n\n\n<p style=\"font-size:16px\">Descriure i explicar el paper de la m\u00fasica en les diverses tipologies de projectes educatius dels centres formadors (Obj.1)<\/p>\n\n\n\n<p style=\"font-size:16px\"><em>Octubre 2021 &#8211; febrer 2022<\/em><\/p>\n\n\n\n<p style=\"font-size:16px\">Accions principals: Q\u00fcestionaris a escoles i estudis de cas<\/p>\n\n\n\n<div class=\"wp-block-buttons is-layout-flex wp-block-buttons-is-layout-flex\">\n<div class=\"wp-block-button has-custom-font-size\" style=\"font-size:15px\"><a class=\"wp-block-button__link wp-element-button\">Fase 2<\/a><\/div>\n<\/div>\n\n\n\n<p style=\"font-size:16px\">Establir les principals compet\u00e8ncies i perfils dels especialistes de m\u00fasica als centres formadors (Obj.2)<\/p>\n\n\n\n<p style=\"font-size:16px\">Recollir les propostes existents en la formaci\u00f3 musical de mestres que encaixin amb els plantejaments dels centres formadors de refer\u00e8ncia i\/o que involucrin aquestes escoles de refer\u00e8ncia (Obj.3)<\/p>\n\n\n\n<p style=\"font-size:16px\"><em>Mar\u00e7 2022 &#8211; juny 2022<\/em><\/p>\n\n\n\n<p style=\"font-size:16px\">Accions principals: Grups de discussi\u00f3 i cat\u00e0leg de bones pr\u00e0ctiques<\/p>\n\n\n\n<div class=\"wp-block-buttons is-layout-flex wp-block-buttons-is-layout-flex\">\n<div class=\"wp-block-button has-custom-font-size\" style=\"font-size:15px\"><a class=\"wp-block-button__link wp-element-button\">Fase 3<\/a><\/div>\n<\/div>\n\n\n\n<p style=\"font-size:16px\">Dissenyar, validar i difondre les millores en les assignatures de l\u2019\u00e0rea de m\u00fasica dins del Grau de Mestre de Prim\u00e0ria de les universitats catalanes que comprenguin col\u2022laboracions amb els centres formadors m\u00e9s enll\u00e0 de les pr\u00e0ctiques(Obj.4)<\/p>\n\n\n\n<p style=\"font-size:16px\"><em>Setembre 2022 &#8211; desembre 2022<\/em><\/p>\n\n\n\n<p style=\"font-size:16px\">Accions principals: Propostes de millora i difusi\u00f3 del projecte<\/p>\n","protected":false},"excerpt":{"rendered":"<p>Objectius El projecte es planteja com a objectiu principal:&nbsp;&nbsp; Millorar la formaci\u00f3 musical als Graus de Mestre de Prim\u00e0ria de les universitats catalanes a partir d\u2019un major&nbsp; coneixement de la m\u00fasica escolar i de la intensificaci\u00f3 de la col\u2022laboraci\u00f3 amb els centres formadors.&nbsp; Per aconseguir-ho, s&#8217;han definit els seg\u00fcents objectius espec\u00edfics:&nbsp;&nbsp; Justificaci\u00f3 La formaci\u00f3 inicial [&hellip;]<\/p>\n","protected":false},"author":177,"featured_media":0,"parent":0,"menu_order":0,"comment_status":"closed","ping_status":"closed","template":"","meta":{"footnotes":""},"class_list":["post-30","page","type-page","status-publish","hentry"],"_links":{"self":[{"href":"https:\/\/webs.uab.cat\/formmus\/wp-json\/wp\/v2\/pages\/30","targetHints":{"allow":["GET"]}}],"collection":[{"href":"https:\/\/webs.uab.cat\/formmus\/wp-json\/wp\/v2\/pages"}],"about":[{"href":"https:\/\/webs.uab.cat\/formmus\/wp-json\/wp\/v2\/types\/page"}],"author":[{"embeddable":true,"href":"https:\/\/webs.uab.cat\/formmus\/wp-json\/wp\/v2\/users\/177"}],"replies":[{"embeddable":true,"href":"https:\/\/webs.uab.cat\/formmus\/wp-json\/wp\/v2\/comments?post=30"}],"version-history":[{"count":10,"href":"https:\/\/webs.uab.cat\/formmus\/wp-json\/wp\/v2\/pages\/30\/revisions"}],"predecessor-version":[{"id":145,"href":"https:\/\/webs.uab.cat\/formmus\/wp-json\/wp\/v2\/pages\/30\/revisions\/145"}],"wp:attachment":[{"href":"https:\/\/webs.uab.cat\/formmus\/wp-json\/wp\/v2\/media?parent=30"}],"curies":[{"name":"wp","href":"https:\/\/api.w.org\/{rel}","templated":true}]}}