{"id":50,"date":"2022-10-14T13:35:24","date_gmt":"2022-10-14T11:35:24","guid":{"rendered":"https:\/\/webs.uab.cat\/formmus\/?page_id=50"},"modified":"2022-11-25T17:38:07","modified_gmt":"2022-11-25T15:38:07","slug":"equip","status":"publish","type":"page","link":"https:\/\/webs.uab.cat\/formmus\/equip\/","title":{"rendered":"Equip"},"content":{"rendered":"\n<p>L&#8217;equip del projecte est\u00e0 format per professorat universitari, mestres en actiu, la presidenta de l&#8217;Associaci\u00f3 d&#8217;Ensenyants de M\u00fasica de Catalunya (AEMCAT) i una persona del cos d&#8217;inspecci\u00f3 del Departament d&#8217;Educaci\u00f3.<\/p>\n\n\n\n<p>L&#8217;equip est\u00e0 organitzat mitjan\u00e7ant una coordinadora a partir de la qual s&#8217;articula el treball en els diversos nuclis universitaris.<\/p>\n\n\n\n<h2 class=\"wp-block-heading\" style=\"font-size:20px\">Investigador Principal<\/h2>\n\n\n\n<p class=\"has-small-font-size\">Albert Casals Ib\u00e1\u00f1ez (UAB)<\/p>\n\n\n\n<h2 class=\"wp-block-heading\" style=\"font-size:20px\">Coordinadora<\/h2>\n\n\n\n<ul class=\"has-small-font-size wp-block-list\"><li>Albert Casals Ib\u00e1\u00f1ez &#8211; Investigador principal<\/li><li>Cristina Gonz\u00e1lez Mart\u00edn &#8211; coordinadora del nucli UAB<\/li><li>Eug\u00e8nia Ar\u00fas Leita &#8211; coordinadora del nucli UB<\/li><li>Miquel Alsina Tarr\u00e9s &#8211; coordinador del nucli UdG<\/li><li>Jordi Cano Sobrevals &#8211; coordinador del nucli UdL<\/li><li>Gl\u00f2ria Prats Rins &#8211; coordinadora del nucli URL-Blanquerna<\/li><li>Joan F. Vidal Arasa &#8211; coordinador del nucli URV<\/li><li>Merc\u00e8 Carrera Peruga &#8211; coordinadora del nucli UVic-UCC<\/li><li>Anna Farr\u00e9s Llobet &#8211; presidenta de l&#8217;AEMCAT<\/li><li>Rosa M. Girbau Vila &#8211; Inspectora d&#8217;Educaci\u00f3<\/li><li>Andrea Fern\u00e1ndez Barros &#8211; T\u00e8cnica de Suport del projecte<\/li><\/ul>\n\n\n\n<h2 class=\"wp-block-heading\" style=\"font-size:16px\">Nucli UAB<\/h2>\n\n\n\n<ul class=\"wp-block-list\" style=\"font-size:16px\"><li>Albert Casals Ib\u00e1\u00f1ez (professor agregat)<\/li><li>Cristina Gonz\u00e1lez Mart\u00edn (professora lectora)<\/li><li>Marta Dosaiguas Canal (professora associada)<\/li><li>Anna Farr\u00e9s Llobet (presidenta AEMCAT, directora IE Pla de l&#8217;Avell\u00e0, professora associada)<\/li><li>Rosa Fillat Salvador (directora i especialista de musica, Escola Serralavella d&#8217;Ullastrell)<\/li><li>M\u00f2nica Calaf Gozalvo (directora i especialista de m\u00fasica, Escola Estalella i Graells de Vilafranca del Pened\u00e8s)<\/li><li>*Ruth Ortin Lozano (professora associada, UAB)<\/li><li>*Judith Pardo Mu\u00f1oz (estudiant\/mestra, UAB)<\/li><\/ul>\n\n\n\n<h2 class=\"wp-block-heading\" style=\"font-size:16px\">Nucli UB<\/h2>\n\n\n\n<ul class=\"wp-block-list\" style=\"font-size:16px\"><li>Eug\u00e8nia Ar\u00fas Leita (professora agregada)<\/li><li>Fernanda Vi\u00f1as Pav\u00f3n (mestra de m\u00fasica Escola La Ginesta de Castelldefels i professora associada)<\/li><li>Violant Olivares Quesada (mestra de m\u00fasica, Escola Fluvi\u00e0 de Barcelona)<\/li><\/ul>\n\n\n\n<h2 class=\"wp-block-heading\" style=\"font-size:16px\">Nucli UdG<\/h2>\n\n\n\n<ul class=\"wp-block-list\" style=\"font-size:16px\"><li>Miquel Alsina Tarr\u00e9s (professor agregat)<\/li><li>Joan de la Creu Godoy Tom\u00e0s (professor agregat)<\/li><li>Anna Agudo Llobera (mestra de m\u00fasica, Escola Nou de Quart)<\/li><li>*Marina Buj  Corral (professora associada, UdG)<\/li><li>*Ivet Farr\u00e9s Cullell (cap d&#8217;estudis i mestra de m\u00fasica, Escola Frigolet de Porqueres)<\/li><\/ul>\n\n\n\n<h2 class=\"wp-block-heading\" style=\"font-size:16px\">Nucli UdL<\/h2>\n\n\n\n<ul class=\"wp-block-list\" style=\"font-size:16px\"><li>Jordi Cano i Sobrevals (professor associat)<\/li><li>Berta Fern\u00e1ndez Mata (professora associada)<\/li><li>Andrea Fern\u00e1ndez Barros (T\u00e8cnica de Suport a la Recerca)<\/li><li>*Berta Aguilar Lavall (professora associada, UdL)<\/li><\/ul>\n\n\n\n<h2 class=\"wp-block-heading\" style=\"font-size:16px\">Nucli URL-Blanquerna<\/h2>\n\n\n\n<ul class=\"wp-block-list\" style=\"font-size:16px\"><li>Reina Capdevila (investigadora titular-contractada) <\/li><li>Gl\u00f2ria Prats Rins (investigadora contractada)<\/li><li>Gemma Ufartes Oll\u00e9 (Mestra, CRP Vall\u00e8s Oriental II)<\/li><\/ul>\n\n\n\n<h2 class=\"wp-block-heading\" style=\"font-size:16px\">Nucli URV<\/h2>\n\n\n\n<ul class=\"wp-block-list\" style=\"font-size:16px\"><li>Joan F. Vidal Arasa (professor associat &#8211; Campus TTEE)<\/li><li>Eduard Masd\u00e9u Y\u00e9lamos (professor associat &#8211; Campus Tarragona)<\/li><li>Alba Garcia Valls (mestra de m\u00fasica, Escola Ramon y Cajal d&#8217;Ulldecona)<\/li><li>Pere Gort Machado (mestre de m\u00fasica, Escola Pompeu Fabra de Cunit)<\/li><\/ul>\n\n\n\n<h2 class=\"wp-block-heading\" style=\"font-size:16px\">Nucli UVic-UCC<\/h2>\n\n\n\n<ul class=\"wp-block-list\" style=\"font-size:16px\"><li>Merc\u00e8 Carrera Peruga (professora agregada)<\/li><li>Llu\u00eds Sol\u00e9 Salas (professor agregat)<\/li><li>*Helena Teixidor Camps (mestra)<\/li><\/ul>\n\n\n\n<p><\/p>\n\n\n\n<p style=\"font-size:14px\">*persones col\u00b7laboradores del projecte<\/p>\n\n\n\n<div class=\"wp-block-buttons is-layout-flex wp-block-buttons-is-layout-flex\"><\/div>\n","protected":false},"excerpt":{"rendered":"<p>L&#8217;equip del projecte est\u00e0 format per professorat universitari, mestres en actiu, la presidenta de l&#8217;Associaci\u00f3 d&#8217;Ensenyants de M\u00fasica de Catalunya (AEMCAT) i una persona del cos d&#8217;inspecci\u00f3 del Departament d&#8217;Educaci\u00f3. L&#8217;equip est\u00e0 organitzat mitjan\u00e7ant una coordinadora a partir de la qual s&#8217;articula el treball en els diversos nuclis universitaris. Investigador Principal Albert Casals Ib\u00e1\u00f1ez (UAB) [&hellip;]<\/p>\n","protected":false},"author":177,"featured_media":0,"parent":0,"menu_order":0,"comment_status":"closed","ping_status":"closed","template":"","meta":{"footnotes":""},"class_list":["post-50","page","type-page","status-publish","hentry"],"_links":{"self":[{"href":"https:\/\/webs.uab.cat\/formmus\/wp-json\/wp\/v2\/pages\/50","targetHints":{"allow":["GET"]}}],"collection":[{"href":"https:\/\/webs.uab.cat\/formmus\/wp-json\/wp\/v2\/pages"}],"about":[{"href":"https:\/\/webs.uab.cat\/formmus\/wp-json\/wp\/v2\/types\/page"}],"author":[{"embeddable":true,"href":"https:\/\/webs.uab.cat\/formmus\/wp-json\/wp\/v2\/users\/177"}],"replies":[{"embeddable":true,"href":"https:\/\/webs.uab.cat\/formmus\/wp-json\/wp\/v2\/comments?post=50"}],"version-history":[{"count":6,"href":"https:\/\/webs.uab.cat\/formmus\/wp-json\/wp\/v2\/pages\/50\/revisions"}],"predecessor-version":[{"id":103,"href":"https:\/\/webs.uab.cat\/formmus\/wp-json\/wp\/v2\/pages\/50\/revisions\/103"}],"wp:attachment":[{"href":"https:\/\/webs.uab.cat\/formmus\/wp-json\/wp\/v2\/media?parent=50"}],"curies":[{"name":"wp","href":"https:\/\/api.w.org\/{rel}","templated":true}]}}