{"id":54,"date":"2022-10-14T13:39:41","date_gmt":"2022-10-14T11:39:41","guid":{"rendered":"https:\/\/webs.uab.cat\/formmus\/?page_id=54"},"modified":"2022-12-13T12:19:47","modified_gmt":"2022-12-13T10:19:47","slug":"resultats-i-documents-del-projecte","status":"publish","type":"page","link":"https:\/\/webs.uab.cat\/formmus\/resultats-i-documents-del-projecte\/","title":{"rendered":"Resultats del projecte"},"content":{"rendered":"\n<p class=\"has-text-align-center\"><\/p>\n\n\n\n<p>A continuaci\u00f3 trobareu documents que han sortit del treball realitzat al llarg del projecte i un resum dels resultats obtinguts.<\/p>\n\n\n\n<h2 class=\"wp-block-heading\">Cat\u00e0leg de pr\u00e0ctiques que vinculen universitat i escola des de l&#8217;\u00e0rea de m\u00fasica<\/h2>\n\n\n\n<p class=\"has-text-align-left\"><a rel=\"noreferrer noopener\" href=\"https:\/\/drive.google.com\/file\/d\/11g_-Ey1nJMWwb0VPIFWnnZLZatGVXjRJ\/view?usp=sharing\" target=\"_blank\"><strong>LA VINCULACI\u00d3 ESCOLA-UNIVERSITAT EN LA FORMACI\u00d3 MUSICAL DE FUTURS MESTRES. Cat\u00e0leg de les pr\u00e0ctiques existents a set universitats catalanes<\/strong><\/a><\/p>\n\n\n\n<p style=\"font-size:16px\">En aquest document trobareu<strong> quinze experi\u00e8ncies provinents de les set universitats<\/strong> <strong>participants en el projecte<\/strong>, que s\u00f3n les \u00faniques universitats que ofereixen la menci\u00f3 de M\u00fasica en els estudis de mestre (UAB, UB, UdG, UdL, URL-Blanquerna, URV i UVic-UCC). Es descriuen i valoren cada una d&#8217;elles i es finalitza amb una panor\u00e0mica de la diversitat i l\u2019inter\u00e8s de les experi\u00e8ncies recollides.<\/p>\n\n\n\n<p style=\"font-size:16px\">La voluntat d&#8217;aquest cat\u00e0leg \u00e9s que serveixi d\u2019inspiraci\u00f3 de cara a generar aquests espais<br>en qu\u00e8 universitat i escola no estan separades, sin\u00f3 que funcionen en simbiosi per tal de consolidar aprenentatges essencials per al futur mestre\u2026 i des de la m\u00fasica!<\/p>\n\n\n\n<p><\/p>\n\n\n\n<h2 class=\"wp-block-heading\">Resultats dels q\u00fcestionaris<\/h2>\n\n\n\n<p>En aquesta presentaci\u00f3 s&#8217;hi resumeixen els principals resultats provinents dels q\u00fcestionaris realitzats: <strong><a rel=\"noreferrer noopener\" href=\"https:\/\/drive.google.com\/file\/d\/1ndy_x7O0httGhAPDgKTsq3icy1vfU5vc\/view?usp=sharing\" target=\"_blank\">Presentaci\u00f3 del resultats dels q\u00fcestionaris<\/a><\/strong><\/p>\n\n\n\n<p><\/p>\n\n\n\n<h2 class=\"wp-block-heading\">Infografies-resum dels resultats dels estudis de cas i grups de discussi\u00f3<\/h2>\n\n\n\n<p><strong>Estudis de cas<\/strong><\/p>\n\n\n\n<p><img decoding=\"async\" src=\"https:\/\/lh4.googleusercontent.com\/HxmaI-i5onVPYLa9xyADhl5q925EZAHF6FP-MKroprwN6YUuYnHs5xZSGInsEHEPII8wIDYYlCfSbBuDmC_O0bnKwtJWFLrH3ZSDX0CTVvw-_s0E9B5m-laazUcADEpF1gOWacMzFoB2H-6WfvKa8pSEfcLfxo9Yt77aBxZExmpx5w8mY04FbXN64hymE_eS\" style=\"width: 1000px\"><\/p>\n\n\n\n<p><strong>Grups de discussi\u00f3<\/strong><\/p>\n\n\n\n<p><strong><img decoding=\"async\" src=\"https:\/\/lh3.googleusercontent.com\/1LLjlhPFp7UXsnuDbipVn1Xob_cSSKUxnAS21F99bFBTBJz8Jpc3r9RYD77--0LXYNVxudhMhVbcPXQNj2jCziLgjg1kk-A2vXeEfxzoSyyEEWK5TNFg_8LEn-I0Mx8W0ayDlgY-CFR1l3V5lANZyIF0k3norE-bYacJRwdj2rmAI7MLkruE0nYb016t265H\" style=\"width: 1000px\"><\/strong><\/p>\n\n\n\n<p><img decoding=\"async\" src=\"https:\/\/lh3.googleusercontent.com\/lWl7rc2nGeCUFYBsKFP_ytXPLX9hywTmY5rUqyPl4YMsA0sXuoB1Onw-Q6TbhAXJr5Nu1y3FRM8gfjfe5E1bnekviP-fnP3v374r_PJ8B0NpejxFrcADVPhuYV8NYnYaZHRYVCZUNO3AdpY5nyYkjudIozy_uOX-Fsr5H4s4ZYBgdToHiCRnJr7bBw82FYws\" style=\"width: 1000px\"><\/p>\n","protected":false},"excerpt":{"rendered":"<p>A continuaci\u00f3 trobareu documents que han sortit del treball realitzat al llarg del projecte i un resum dels resultats obtinguts. Cat\u00e0leg de pr\u00e0ctiques que vinculen universitat i escola des de l&#8217;\u00e0rea de m\u00fasica LA VINCULACI\u00d3 ESCOLA-UNIVERSITAT EN LA FORMACI\u00d3 MUSICAL DE FUTURS MESTRES. Cat\u00e0leg de les pr\u00e0ctiques existents a set universitats catalanes En aquest document [&hellip;]<\/p>\n","protected":false},"author":177,"featured_media":0,"parent":0,"menu_order":0,"comment_status":"closed","ping_status":"closed","template":"","meta":{"footnotes":""},"class_list":["post-54","page","type-page","status-publish","hentry"],"_links":{"self":[{"href":"https:\/\/webs.uab.cat\/formmus\/wp-json\/wp\/v2\/pages\/54","targetHints":{"allow":["GET"]}}],"collection":[{"href":"https:\/\/webs.uab.cat\/formmus\/wp-json\/wp\/v2\/pages"}],"about":[{"href":"https:\/\/webs.uab.cat\/formmus\/wp-json\/wp\/v2\/types\/page"}],"author":[{"embeddable":true,"href":"https:\/\/webs.uab.cat\/formmus\/wp-json\/wp\/v2\/users\/177"}],"replies":[{"embeddable":true,"href":"https:\/\/webs.uab.cat\/formmus\/wp-json\/wp\/v2\/comments?post=54"}],"version-history":[{"count":8,"href":"https:\/\/webs.uab.cat\/formmus\/wp-json\/wp\/v2\/pages\/54\/revisions"}],"predecessor-version":[{"id":116,"href":"https:\/\/webs.uab.cat\/formmus\/wp-json\/wp\/v2\/pages\/54\/revisions\/116"}],"wp:attachment":[{"href":"https:\/\/webs.uab.cat\/formmus\/wp-json\/wp\/v2\/media?parent=54"}],"curies":[{"name":"wp","href":"https:\/\/api.w.org\/{rel}","templated":true}]}}