{"id":56,"date":"2022-10-14T13:47:56","date_gmt":"2022-10-14T11:47:56","guid":{"rendered":"https:\/\/webs.uab.cat\/formmus\/?page_id=56"},"modified":"2023-05-04T16:55:22","modified_gmt":"2023-05-04T14:55:22","slug":"jornades-i-cursos","status":"publish","type":"page","link":"https:\/\/webs.uab.cat\/formmus\/jornades-i-cursos\/","title":{"rendered":"Jornada ForMMus"},"content":{"rendered":"\n<h2 class=\"wp-block-heading\">JORNADA FINAL<\/h2>\n\n\n\n<p class=\"has-small-font-size\"><strong>19 de novembre de 2022<\/strong><\/p>\n\n\n\n<p style=\"font-size:16px\"><em>Lloc: Sala de Graus de la Facultat de Ci\u00e8ncies de l\u2019Educaci\u00f3<\/em><\/p>\n\n\n\n<p><\/p>\n\n\n\n<p>Podeu veure la presentaci\u00f3 sencera <a rel=\"noreferrer noopener\" href=\"https:\/\/www.youtube.com\/watch?v=n278yOdb-5E&amp;list=PLfiwyQy5C38cgTJXzRQasbirDNgpixqj2&amp;index=4\" target=\"_blank\">aqu\u00ed<\/a> i els resultats presentats en <a rel=\"noreferrer noopener\" href=\"https:\/\/webs.uab.cat\/formmus\/resultats-i-documents-del-projecte\/\" target=\"_blank\">aquesta altra p\u00e0gina<\/a>.<\/p>\n\n\n\n<p><\/p>\n\n\n\n<h3 class=\"wp-block-heading\" style=\"font-size:16px\"><strong>Programa<\/strong><\/h3>\n\n\n\n<p>10:00h&nbsp; Benvinguda i presentaci\u00f3 del projecte <em>(Albert Casals, UAB)<\/em><\/p>\n\n\n\n<p>10:30h&nbsp; Exposici\u00f3 dels principals resultats del projecte<\/p>\n\n\n\n<ul class=\"wp-block-list\"><li>La m\u00fasica a les escoles de Catalunya: temps de cercar nous models de refer\u00e8ncia <em>(Andrea Fern\u00e1ndez-Barros, UAB\/UdL)<\/em><\/li><li>Les compet\u00e8ncies dels especialistes de m\u00fasica: ser mestre, ser m\u00fasic&#8230; i alguna cosa m\u00e9s! <em>(Miquel Alsina, UdG)<\/em><\/li><li>La formaci\u00f3 musical dels generalistes: un tema pendent <em>(Eug\u00e8nia Ar\u00fas, UB)<\/em><\/li><li>L\u2019alian\u00e7a entre centres formadors i universitats: experi\u00e8ncies d\u2019inter\u00e8s a totes les universitats <em>(Gl\u00f2ria Prats, URL-Blanquerna)<\/em><\/li><li>Reflexi\u00f3 i millores per a un formaci\u00f3 musical m\u00e9s ajustada i de qualitat <em>(Merc\u00e8 Carrera, UVic)<\/em><\/li><\/ul>\n\n\n\n<p>11:30h Pausa i caf\u00e8<\/p>\n\n\n\n<p>12:00&nbsp;Mirades complement\u00e0ries amb:<\/p>\n\n\n\n<ul class=\"wp-block-list\"><li>Neus Rossell (mestra de m\u00fasica i humorista)<\/li><li>Carles Belda (m\u00fasic)<\/li><li>Ex-alumnes de la menci\u00f3 de m\u00fasica de diverses universitats: Berta Aguilar (UdL), Maria Alonso (UVic), Arantxa Arnau (UAB), Anna Canals (UVic) i Anna Ma. Sambola (UAB).<\/li><\/ul>\n\n\n\n<p>13:00 Comiat<\/p>\n\n\n\n<p><\/p>\n\n\n\n<p style=\"font-size:16px\"><\/p>\n","protected":false},"excerpt":{"rendered":"<p>JORNADA FINAL 19 de novembre de 2022 Lloc: Sala de Graus de la Facultat de Ci\u00e8ncies de l\u2019Educaci\u00f3 Podeu veure la presentaci\u00f3 sencera aqu\u00ed i els resultats presentats en aquesta altra p\u00e0gina. Programa 10:00h&nbsp; Benvinguda i presentaci\u00f3 del projecte (Albert Casals, UAB) 10:30h&nbsp; Exposici\u00f3 dels principals resultats del projecte La m\u00fasica a les escoles de [&hellip;]<\/p>\n","protected":false},"author":177,"featured_media":0,"parent":0,"menu_order":0,"comment_status":"closed","ping_status":"closed","template":"","meta":{"footnotes":""},"class_list":["post-56","page","type-page","status-publish","hentry"],"_links":{"self":[{"href":"https:\/\/webs.uab.cat\/formmus\/wp-json\/wp\/v2\/pages\/56","targetHints":{"allow":["GET"]}}],"collection":[{"href":"https:\/\/webs.uab.cat\/formmus\/wp-json\/wp\/v2\/pages"}],"about":[{"href":"https:\/\/webs.uab.cat\/formmus\/wp-json\/wp\/v2\/types\/page"}],"author":[{"embeddable":true,"href":"https:\/\/webs.uab.cat\/formmus\/wp-json\/wp\/v2\/users\/177"}],"replies":[{"embeddable":true,"href":"https:\/\/webs.uab.cat\/formmus\/wp-json\/wp\/v2\/comments?post=56"}],"version-history":[{"count":13,"href":"https:\/\/webs.uab.cat\/formmus\/wp-json\/wp\/v2\/pages\/56\/revisions"}],"predecessor-version":[{"id":135,"href":"https:\/\/webs.uab.cat\/formmus\/wp-json\/wp\/v2\/pages\/56\/revisions\/135"}],"wp:attachment":[{"href":"https:\/\/webs.uab.cat\/formmus\/wp-json\/wp\/v2\/media?parent=56"}],"curies":[{"name":"wp","href":"https:\/\/api.w.org\/{rel}","templated":true}]}}