{"id":58,"date":"2022-10-14T13:51:39","date_gmt":"2022-10-14T11:51:39","guid":{"rendered":"https:\/\/webs.uab.cat\/formmus\/?page_id=58"},"modified":"2023-05-04T16:53:42","modified_gmt":"2023-05-04T14:53:42","slug":"publicacions","status":"publish","type":"page","link":"https:\/\/webs.uab.cat\/formmus\/publicacions\/","title":{"rendered":"Difusi\u00f3 dels resultats"},"content":{"rendered":"\n<h2 class=\"wp-block-heading\">Publicacions<\/h2>\n\n\n\n<p>Casals, A., Alsina, M., Ar\u00fas, E., Capdevila, R., Cano, J., i Gonz\u00e1lez-Mart\u00edn, C. (2021).\u00a0<a rel=\"noreferrer noopener\" href=\"https:\/\/drive.google.com\/file\/d\/1SOEqaC1LheNtONn9GR7EQDyhQB9HFlXq\/view?usp=share_link\" target=\"_blank\">Escuela y universidad: un t\u00e1ndem de complicidad para la formaci\u00f3n musical de futuros maestros<\/a>. A Ana B. Barrag\u00e1n et al. (comps),\u00a0<em>Innovaci\u00f3n Docente e Investigaci\u00f3n en Educaci\u00f3n<\/em>\u00a0(pp. 589-599). Dykinson.<\/p>\n\n\n\n<p>Casals, A., Fern\u00e1ndez-Barros, A. i Prats, G. (eds) (2022). <em>La vinculaci\u00f3 escola-universitat en la formaci\u00f3 musical de futurs mestres. Cat\u00e0leg de les pr\u00e0ctiques existents a set universitats catalanes.<\/em> Disponible a: https:\/\/webs.uab.cat\/formmus\/resultats-i-documents-del-projecte\/<\/p>\n\n\n\n<p>Masd\u00e9u-Y\u00e9lamos, E., Fern\u00e1ndez-Barros, A., i Alsina, M. (en premsa)<a href=\"https:\/\/webs.uab.cat\/formmus\/wp-content\/uploads\/sites\/207\/2023\/01\/Masdeu-Yelamos_Fernandez-Barros_Alsina_2022.pdf\" target=\"_blank\" rel=\"noreferrer noopener\">. Dise\u00f1o y validaci\u00f3n de una herramienta para evaluar los contextos actuales de la ense\u00f1anza de la m\u00fasica en los centros de educaci\u00f3n primaria de Catalu\u00f1a<\/a>. A C. Herv\u00e1s; M.C. Corujo,&nbsp; A.M. de la Calle, i L. Alc\u00e1ntara (coord.). <em>Formaci\u00f3n del profesorado y metodolog\u00edas activas en la educaci\u00f3n del siglo XXI<\/em>, pp. 199-216. Dykinson.&nbsp;<\/p>\n\n\n\n<h2 class=\"wp-block-heading\">Presentacions a congressos i jornades<\/h2>\n\n\n\n<p>Sol\u00e9, Ll. i Carrera, M. (2023). La creativitat musical a les escoles de Catalunya. Som creatius? P\u00f2ster acceptat al <em>XII Congr\u00e9s Internacional de Doc\u00e8ncia Universit\u00e0ria i Innovaci\u00f3<\/em> (CIDUI). Lleida, juliol de 2023.<\/p>\n\n\n\n<p>Alsina, M., Buj, M., Agudo, A., Carrera, M. i Teixidor, H. (2023). Educaci\u00f3n musical y pr\u00e1ctica instrumental al servicio de la escuela inclusiva. Comunicaci\u00f3 acceptada al <em>XI Congreso Internacional Multidisciplinar de Investigaci\u00f3n Educativa <\/em>(CIMIE23). Santander, juliol 2023.<\/p>\n\n\n\n<p>Casals, A. (2023). Experiencias musicales entre escuela y universidad. P\u00f2ster acceptat al <em>IV Seminario Internacional de Educaci\u00f3n Musical<\/em>. Santander, juny de 2023.<\/p>\n\n\n\n<p>Casals, A. (2023). El projecte ForMMus. Jornada &#8216;Construint Ponts Escola-Universitats&#8217;. Grup MIF-Pr\u00e0cticum. Girona, abril de 2023.<\/p>\n\n\n\n<p>Prats, G., Casals, A. i Capdevila, R. (2023). Experi\u00e8ncies ApS entre escoles i universitats per a una millora de la formaci\u00f3 musical de futurs mestres. Comunicaci\u00f3 al <em>XI Congr\u00e9s Nacional i V Internacional d&#8217;Aprenentatge Servei Universitari <\/em>(APSU11). Barcelona, gener de 2023.<\/p>\n\n\n\n<p>Vi\u00f1as, M. F. i Ar\u00fas, E. (2022). Los centros formadores como piezas claves en la formaci\u00f3n musical de los futuros maestros. Comunicaci\u00f3 al <em>IX Congreso Nacional de Conservatorios Superiores de M\u00fasica y VII Internacional<\/em>. M\u00e0laga, novembre de 2022<\/p>\n\n\n\n<p>Masd\u00e9u-Y\u00e9lamos, E., Fern\u00e1ndez-Barros, A. i Alsina, M. (2022). Dise\u00f1o y validaci\u00f3n de una herramienta para evaluar los contextos actuales de la ense\u00f1anza de la m\u00fasica en los centros de educaci\u00f3n primaria de Catalu\u00f1a. Comunicaci\u00f3 dins del Simposi \u2018Renovaci\u00f3n pedag\u00f2gica y formaci\u00f3n del profesorado\u2019 dins del <em>II Congreso internacional de innovaci\u00f3n en la docencia e investigaci\u00f3n de las Ciencias Sociales y Jur\u00eddicas<\/em>. Online, juny de 2022.<\/p>\n\n\n\n<p>Casals, A. (2022). Participaci\u00f3 a la taula rodona \u2018La formaci\u00f3 de formadors\u2019. <em>F\u00f2rum Arts Educaci\u00f3<\/em>. Barcelona, abril 2022.<\/p>\n\n\n\n<p>Casals, A. (coord.) (2021). Generando una simbiosis entre universidades y centros formadores: ejemplos en la formaci\u00f3n musical de futuros maestros en las universidades catalanes. Simposi al <em>III Congreso Internacional de Innovaci\u00f3n Docente e Investigaci\u00f3n en Educaci\u00f3n Superior.<\/em> Online, novembre de 2021.<\/p>\n\n\n\n<p><\/p>\n\n\n\n<h2 class=\"wp-block-heading\">Not\u00edcies en webs i butlletins institucionals<\/h2>\n\n\n\n<p>14\/11\/2022 &#8211; Merc\u00e8 Carrera i Llu\u00eds Sol\u00e9 participen a la Jornada Final FormMus. <em>Web de la Facultat d\u2019Educaci\u00f3, Traducci\u00f3, Esports i Psicologia de la UVic<\/em>. Disponible a:<br>https:\/\/mon.uvic.cat\/fetep\/merce-carrera-i-lluis-sole-participen-a-la-jornada-final-formus\/<\/p>\n\n\n\n<p>15\/11\/2022 \u2013 No us perdeu la Jornada final ForMMus. <em>Web de la Facultat de Ci\u00e8ncies de l\u2019Educaci\u00f3 de la UAB<\/em>. Disponible a: https:\/\/www.uab.cat\/web\/detall-de-noticia\/no-usperdeu-la-jornada-final-formmus-1345721038860.html?noticiaid=1345874334887<\/p>\n\n\n\n<p>02\/12\/2022 \u2013 La jornada ForMMus en imatges. <em>Web de la Facultat d\u2019Educaci\u00f3, Traducci\u00f3, Esports i Psicologia de la UVic<\/em>. Disponible a: https:\/\/mon.uvic.cat\/fetep\/la-jornadaformmus-en-imatges\/<\/p>\n\n\n\n<p>02\/2023 \u2013 Flaix 3: Projecte ForMMUs. <em>FLAIX F\u00d2RUM Arts Educaci\u00f3<\/em>, butllet\u00ed de difusi\u00f3 del CONCA.<\/p>\n","protected":false},"excerpt":{"rendered":"<p>Publicacions Casals, A., Alsina, M., Ar\u00fas, E., Capdevila, R., Cano, J., i Gonz\u00e1lez-Mart\u00edn, C. (2021).\u00a0Escuela y universidad: un t\u00e1ndem de complicidad para la formaci\u00f3n musical de futuros maestros. A Ana B. Barrag\u00e1n et al. (comps),\u00a0Innovaci\u00f3n Docente e Investigaci\u00f3n en Educaci\u00f3n\u00a0(pp. 589-599). Dykinson. Casals, A., Fern\u00e1ndez-Barros, A. i Prats, G. (eds) (2022). La vinculaci\u00f3 escola-universitat en [&hellip;]<\/p>\n","protected":false},"author":177,"featured_media":0,"parent":0,"menu_order":0,"comment_status":"closed","ping_status":"closed","template":"","meta":{"footnotes":""},"class_list":["post-58","page","type-page","status-publish","hentry"],"_links":{"self":[{"href":"https:\/\/webs.uab.cat\/formmus\/wp-json\/wp\/v2\/pages\/58","targetHints":{"allow":["GET"]}}],"collection":[{"href":"https:\/\/webs.uab.cat\/formmus\/wp-json\/wp\/v2\/pages"}],"about":[{"href":"https:\/\/webs.uab.cat\/formmus\/wp-json\/wp\/v2\/types\/page"}],"author":[{"embeddable":true,"href":"https:\/\/webs.uab.cat\/formmus\/wp-json\/wp\/v2\/users\/177"}],"replies":[{"embeddable":true,"href":"https:\/\/webs.uab.cat\/formmus\/wp-json\/wp\/v2\/comments?post=58"}],"version-history":[{"count":8,"href":"https:\/\/webs.uab.cat\/formmus\/wp-json\/wp\/v2\/pages\/58\/revisions"}],"predecessor-version":[{"id":132,"href":"https:\/\/webs.uab.cat\/formmus\/wp-json\/wp\/v2\/pages\/58\/revisions\/132"}],"wp:attachment":[{"href":"https:\/\/webs.uab.cat\/formmus\/wp-json\/wp\/v2\/media?parent=58"}],"curies":[{"name":"wp","href":"https:\/\/api.w.org\/{rel}","templated":true}]}}