{"id":8,"date":"2022-09-19T20:34:48","date_gmt":"2022-09-19T18:34:48","guid":{"rendered":"https:\/\/webs.uab.cat\/formmus\/?page_id=8"},"modified":"2022-10-25T19:34:26","modified_gmt":"2022-10-25T17:34:26","slug":"projecte-formmus","status":"publish","type":"page","link":"https:\/\/webs.uab.cat\/formmus\/","title":{"rendered":"Inici"},"content":{"rendered":"\n<p class=\"has-text-align-center\">ForMMus (ref. 2020-ARMIF-00002) \u00e9s un ambici\u00f3s projecte que pret\u00e9n establir estrat\u00e8gies de millora en la formaci\u00f3 musical dels futurs mestres a tot el sistema universitari de Catalunya.<\/p>\n\n\n\n<p class=\"has-text-align-center\">El projecte est\u00e0 finan\u00e7at per l\u2019Ag\u00e8ncia de Gesti\u00f3 d\u2019Ajuts Universitaris i de Recerca (AGAUR) en el marc dels <em>Ajuts de recerca per a la millora de la formaci\u00f3 inicial de mestres i professorat de secund\u00e0ria<\/em> (ARMIF&nbsp;2020).<\/p>\n\n\n\n<p class=\"has-text-align-center\">El projecte, liderat des de la UAB, ha comptat amb professorat de 7 universitats catalanes (UAB, UB, UdG, UdL, URL, URV, UVic-UCC), mestres d\u2019arreu de Catalunya, la presidenta de l\u2019Associaci\u00f3 d\u2019Ensenyants de M\u00fasica de Catalunya (AEMCAT) i una persona del cos d\u2019inspectors del Departament d\u2019Educaci\u00f3.<\/p>\n\n\n<div class=\"wp-block-image is-style-rounded\">\n<figure class=\"aligncenter size-full is-resized\"><img loading=\"lazy\" decoding=\"async\" src=\"https:\/\/webs.uab.cat\/formmus\/wp-content\/uploads\/sites\/207\/2022\/10\/Imatge-retocada-ForMMus.jpg\" alt=\"\" class=\"wp-image-78\" width=\"459\" height=\"514\" srcset=\"https:\/\/webs.uab.cat\/formmus\/wp-content\/uploads\/sites\/207\/2022\/10\/Imatge-retocada-ForMMus.jpg 351w, https:\/\/webs.uab.cat\/formmus\/wp-content\/uploads\/sites\/207\/2022\/10\/Imatge-retocada-ForMMus-268x300.jpg 268w\" sizes=\"auto, (max-width: 459px) 100vw, 459px\" \/><\/figure>\n<\/div>","protected":false},"excerpt":{"rendered":"<p>ForMMus (ref. 2020-ARMIF-00002) \u00e9s un ambici\u00f3s projecte que pret\u00e9n establir estrat\u00e8gies de millora en la formaci\u00f3 musical dels futurs mestres a tot el sistema universitari de Catalunya. El projecte est\u00e0 finan\u00e7at per l\u2019Ag\u00e8ncia de Gesti\u00f3 d\u2019Ajuts Universitaris i de Recerca (AGAUR) en el marc dels Ajuts de recerca per a la millora de la formaci\u00f3 [&hellip;]<\/p>\n","protected":false},"author":177,"featured_media":0,"parent":0,"menu_order":0,"comment_status":"closed","ping_status":"closed","template":"","meta":{"footnotes":""},"class_list":["post-8","page","type-page","status-publish","hentry"],"_links":{"self":[{"href":"https:\/\/webs.uab.cat\/formmus\/wp-json\/wp\/v2\/pages\/8","targetHints":{"allow":["GET"]}}],"collection":[{"href":"https:\/\/webs.uab.cat\/formmus\/wp-json\/wp\/v2\/pages"}],"about":[{"href":"https:\/\/webs.uab.cat\/formmus\/wp-json\/wp\/v2\/types\/page"}],"author":[{"embeddable":true,"href":"https:\/\/webs.uab.cat\/formmus\/wp-json\/wp\/v2\/users\/177"}],"replies":[{"embeddable":true,"href":"https:\/\/webs.uab.cat\/formmus\/wp-json\/wp\/v2\/comments?post=8"}],"version-history":[{"count":12,"href":"https:\/\/webs.uab.cat\/formmus\/wp-json\/wp\/v2\/pages\/8\/revisions"}],"predecessor-version":[{"id":79,"href":"https:\/\/webs.uab.cat\/formmus\/wp-json\/wp\/v2\/pages\/8\/revisions\/79"}],"wp:attachment":[{"href":"https:\/\/webs.uab.cat\/formmus\/wp-json\/wp\/v2\/media?parent=8"}],"curies":[{"name":"wp","href":"https:\/\/api.w.org\/{rel}","templated":true}]}}