{"id":102,"date":"2025-10-15T19:17:27","date_gmt":"2025-10-15T17:17:27","guid":{"rendered":"https:\/\/webs.uab.cat\/forti\/?page_id=102"},"modified":"2026-02-25T17:49:54","modified_gmt":"2026-02-25T15:49:54","slug":"miembros","status":"publish","type":"page","link":"https:\/\/webs.uab.cat\/forti\/transformatec\/miembros\/","title":{"rendered":"Equipo"},"content":{"rendered":"\n<h2 class=\"wp-block-heading\">Equipo de investigaci\u00f3n <\/h2>\n\n\n\n<div class=\"wp-block-media-text is-stacked-on-mobile is-vertically-aligned-top\" style=\"grid-template-columns:27% auto\"><figure class=\"wp-block-media-text__media\"><img loading=\"lazy\" decoding=\"async\" width=\"300\" height=\"386\" src=\"https:\/\/webs.uab.cat\/forti\/wp-content\/uploads\/sites\/324\/2026\/01\/Patricia-Rodriguez-1.png\" alt=\"Dra. Patricia Rodr\u00edguez-In\u00e9s (coordinadora\/IP)\" class=\"wp-image-170 size-full\" srcset=\"https:\/\/webs.uab.cat\/forti\/wp-content\/uploads\/sites\/324\/2026\/01\/Patricia-Rodriguez-1.png 300w, https:\/\/webs.uab.cat\/forti\/wp-content\/uploads\/sites\/324\/2026\/01\/Patricia-Rodriguez-1-233x300.png 233w\" sizes=\"auto, (max-width: 300px) 100vw, 300px\" \/><\/figure><div class=\"wp-block-media-text__content\">\n<p><strong>Dra. Patricia Rodr\u00edguez-In\u00e9s <\/strong><br>(Investigadora Principal)<\/p>\n\n\n\n<p>Universitat Aut\u00f2noma de Barcelona<\/p>\n<\/div><\/div>\n\n\n\n<div class=\"wp-block-media-text is-stacked-on-mobile is-vertically-aligned-top\" style=\"grid-template-columns:27% auto\"><figure class=\"wp-block-media-text__media\"><img loading=\"lazy\" decoding=\"async\" width=\"225\" height=\"225\" src=\"https:\/\/webs.uab.cat\/forti\/wp-content\/uploads\/sites\/324\/2026\/02\/Susana-Alvarez.jpg\" alt=\"\" class=\"wp-image-265 size-full\" srcset=\"https:\/\/webs.uab.cat\/forti\/wp-content\/uploads\/sites\/324\/2026\/02\/Susana-Alvarez.jpg 225w, https:\/\/webs.uab.cat\/forti\/wp-content\/uploads\/sites\/324\/2026\/02\/Susana-Alvarez-150x150.jpg 150w\" sizes=\"auto, (max-width: 225px) 100vw, 225px\" \/><\/figure><div class=\"wp-block-media-text__content\">\n<p><strong>Dra. Susana \u00c1lvarez \u00c1lvarez<\/strong> <\/p>\n\n\n\n<p>Universidad de Valladolid<\/p>\n<\/div><\/div>\n\n\n\n<div class=\"wp-block-media-text is-stacked-on-mobile is-vertically-aligned-top\" style=\"grid-template-columns:27% auto\"><figure class=\"wp-block-media-text__media\"><img loading=\"lazy\" decoding=\"async\" width=\"208\" height=\"256\" src=\"https:\/\/webs.uab.cat\/forti\/wp-content\/uploads\/sites\/324\/2026\/02\/Belen-Carro.png\" alt=\"\" class=\"wp-image-271 size-full\" \/><\/figure><div class=\"wp-block-media-text__content\">\n<p><strong>Dra. Bel\u00e9n Carro Mart\u00ednez <\/strong><\/p>\n\n\n\n<p>Universidad de Valladolid <\/p>\n<\/div><\/div>\n\n\n\n<div class=\"wp-block-media-text is-stacked-on-mobile is-vertically-aligned-top\" style=\"grid-template-columns:27% auto\"><figure class=\"wp-block-media-text__media\"><img loading=\"lazy\" decoding=\"async\" width=\"195\" height=\"250\" src=\"https:\/\/webs.uab.cat\/forti\/wp-content\/uploads\/sites\/324\/2026\/02\/conde_ok.png\" alt=\"\" class=\"wp-image-268 size-full\" \/><\/figure><div class=\"wp-block-media-text__content\">\n<p><strong>Dr. Jos\u00e9 Tom\u00e1s Conde Ruano<\/strong><\/p>\n\n\n\n<p>Universidad del Pa\u00eds Vasco <\/p>\n<\/div><\/div>\n\n\n\n<div class=\"wp-block-media-text is-stacked-on-mobile is-vertically-aligned-top\" style=\"grid-template-columns:27% auto\"><figure class=\"wp-block-media-text__media\"><img loading=\"lazy\" decoding=\"async\" width=\"300\" height=\"386\" src=\"https:\/\/webs.uab.cat\/forti\/wp-content\/uploads\/sites\/324\/2026\/01\/Anabel-Galan.png\" alt=\"Dra. Anabel Gal\u00e1n-Ma\u00f1as\" class=\"wp-image-163 size-full\" srcset=\"https:\/\/webs.uab.cat\/forti\/wp-content\/uploads\/sites\/324\/2026\/01\/Anabel-Galan.png 300w, https:\/\/webs.uab.cat\/forti\/wp-content\/uploads\/sites\/324\/2026\/01\/Anabel-Galan-233x300.png 233w\" sizes=\"auto, (max-width: 300px) 100vw, 300px\" \/><\/figure><div class=\"wp-block-media-text__content\">\n<p><strong>Dra. Anabel Gal\u00e1n-Ma\u00f1as<\/strong><\/p>\n\n\n\n<p>Universitat Aut\u00f2noma de Barcelona<\/p>\n<\/div><\/div>\n\n\n\n<div class=\"wp-block-media-text is-stacked-on-mobile is-vertically-aligned-top\" style=\"grid-template-columns:27% auto\"><figure class=\"wp-block-media-text__media\"><img loading=\"lazy\" decoding=\"async\" width=\"300\" height=\"386\" src=\"https:\/\/webs.uab.cat\/forti\/wp-content\/uploads\/sites\/324\/2026\/01\/sonia-gonzalez.png\" alt=\"Dra. Sonia Gonz\u00e1lez Cruz\" class=\"wp-image-167 size-full\" srcset=\"https:\/\/webs.uab.cat\/forti\/wp-content\/uploads\/sites\/324\/2026\/01\/sonia-gonzalez.png 300w, https:\/\/webs.uab.cat\/forti\/wp-content\/uploads\/sites\/324\/2026\/01\/sonia-gonzalez-233x300.png 233w\" sizes=\"auto, (max-width: 300px) 100vw, 300px\" \/><\/figure><div class=\"wp-block-media-text__content\">\n<p><strong>Dra. Sonia Gonz\u00e1lez Cruz<\/strong><\/p>\n\n\n\n<p>Universitat Aut\u00f2noma de Barcelona<\/p>\n<\/div><\/div>\n\n\n\n<div class=\"wp-block-media-text is-stacked-on-mobile is-vertically-aligned-top\" style=\"grid-template-columns:27% auto\"><figure class=\"wp-block-media-text__media\"><img loading=\"lazy\" decoding=\"async\" width=\"300\" height=\"386\" src=\"https:\/\/webs.uab.cat\/forti\/wp-content\/uploads\/sites\/324\/2026\/01\/Inna-Koslova.png\" alt=\"Dra. Inna Koslova\" class=\"wp-image-162 size-full\" srcset=\"https:\/\/webs.uab.cat\/forti\/wp-content\/uploads\/sites\/324\/2026\/01\/Inna-Koslova.png 300w, https:\/\/webs.uab.cat\/forti\/wp-content\/uploads\/sites\/324\/2026\/01\/Inna-Koslova-233x300.png 233w\" sizes=\"auto, (max-width: 300px) 100vw, 300px\" \/><\/figure><div class=\"wp-block-media-text__content\">\n<p><strong>Dra. Inna Kozlova<\/strong><\/p>\n\n\n\n<p>Universitat Aut\u00f2noma de Barcelona<\/p>\n<\/div><\/div>\n\n\n\n<div class=\"wp-block-media-text is-stacked-on-mobile is-vertically-aligned-top\" style=\"grid-template-columns:27% auto\"><figure class=\"wp-block-media-text__media\"><img loading=\"lazy\" decoding=\"async\" width=\"268\" height=\"259\" src=\"https:\/\/webs.uab.cat\/forti\/wp-content\/uploads\/sites\/324\/2026\/02\/Maite.png\" alt=\"\" class=\"wp-image-272 size-full\" \/><\/figure><div class=\"wp-block-media-text__content\">\n<p><strong>Dra. Mar\u00eda Teresa Veiga D\u00edaz <\/strong><\/p>\n\n\n\n<p>Universidad de Vigo <\/p>\n<\/div><\/div>\n\n\n\n<div style=\"height:29px\" aria-hidden=\"true\" class=\"wp-block-spacer\"><\/div>\n\n\n\n<h2 class=\"wp-block-heading\">Equipo de trabajo <\/h2>\n\n\n\n<div class=\"wp-block-media-text is-stacked-on-mobile is-vertically-aligned-top\" style=\"grid-template-columns:27% auto\"><figure class=\"wp-block-media-text__media\"><img loading=\"lazy\" decoding=\"async\" width=\"247\" height=\"264\" src=\"https:\/\/webs.uab.cat\/forti\/wp-content\/uploads\/sites\/324\/2026\/02\/Elsa-.png\" alt=\"\" class=\"wp-image-273 size-full\" \/><\/figure><div class=\"wp-block-media-text__content\">\n<p><strong>Dra. Elsa Huertas Barros <\/strong><\/p>\n\n\n\n<p>University of Westminster<\/p>\n<\/div><\/div>\n\n\n\n<div class=\"wp-block-media-text is-stacked-on-mobile is-vertically-aligned-top\" style=\"grid-template-columns:27% auto\"><figure class=\"wp-block-media-text__media\"><img loading=\"lazy\" decoding=\"async\" width=\"228\" height=\"267\" src=\"https:\/\/webs.uab.cat\/forti\/wp-content\/uploads\/sites\/324\/2026\/02\/Miguel.png\" alt=\"\" class=\"wp-image-274 size-full\" \/><\/figure><div class=\"wp-block-media-text__content\">\n<p><strong>Dr. Miguel \u00c1ngel Jim\u00e9nez-Crespo<\/strong><\/p>\n\n\n\n<p>Rutgers University <\/p>\n<\/div><\/div>\n\n\n\n<div class=\"wp-block-media-text is-stacked-on-mobile is-vertically-aligned-top\" style=\"grid-template-columns:27% auto\"><figure class=\"wp-block-media-text__media\"><img loading=\"lazy\" decoding=\"async\" width=\"238\" height=\"267\" src=\"https:\/\/webs.uab.cat\/forti\/wp-content\/uploads\/sites\/324\/2026\/02\/Anna.png\" alt=\"\" class=\"wp-image-275 size-full\" \/><\/figure><div class=\"wp-block-media-text__content\">\n<p><strong>Dra. Anna Kuznik<\/strong><\/p>\n\n\n\n<p>University of Wroclaw<\/p>\n<\/div><\/div>\n\n\n\n<div class=\"wp-block-media-text is-stacked-on-mobile is-vertically-aligned-top\" style=\"grid-template-columns:27% auto\"><figure class=\"wp-block-media-text__media\"><img loading=\"lazy\" decoding=\"async\" width=\"300\" height=\"386\" src=\"https:\/\/webs.uab.cat\/forti\/wp-content\/uploads\/sites\/324\/2026\/01\/claudia-tena-arceo-1.jpg\" alt=\"Claudia Tena Arceo\" class=\"wp-image-226 size-full\" srcset=\"https:\/\/webs.uab.cat\/forti\/wp-content\/uploads\/sites\/324\/2026\/01\/claudia-tena-arceo-1.jpg 300w, https:\/\/webs.uab.cat\/forti\/wp-content\/uploads\/sites\/324\/2026\/01\/claudia-tena-arceo-1-233x300.jpg 233w\" sizes=\"auto, (max-width: 300px) 100vw, 300px\" \/><\/figure><div class=\"wp-block-media-text__content\">\n<p><strong>Claudia Tena Arceo<\/strong><br><\/p>\n\n\n\n<p>Universitat Aut\u00f2noma de Barcelona<\/p>\n<\/div><\/div>\n\n\n\n<div style=\"height:28px\" aria-hidden=\"true\" class=\"wp-block-spacer\"><\/div>\n\n\n\n<p class=\"has-negre-eben-color has-text-color has-link-color has-large-font-size wp-elements-6f739e72e4ad53554f48af7235d15b74\"><\/p>\n\n\n\n<div style=\"height:9px\" aria-hidden=\"true\" class=\"wp-block-spacer\"><\/div>\n\n\n\n<p class=\"has-negre-eben-color has-text-color has-link-color has-large-font-size wp-elements-6f739e72e4ad53554f48af7235d15b74\"><\/p>\n\n\n\n<div style=\"height:146px\" aria-hidden=\"true\" class=\"wp-block-spacer\"><\/div>\n\n\n\n<p><\/p>\n","protected":false},"excerpt":{"rendered":"<p>Equipo de investigaci\u00f3n Dra. Patricia Rodr\u00edguez-In\u00e9s (Investigadora Principal) Universitat Aut\u00f2noma de Barcelona Dra. Susana \u00c1lvarez \u00c1lvarez Universidad de Valladolid Dra. Bel\u00e9n Carro Mart\u00ednez Universidad de Valladolid Dr. Jos\u00e9 Tom\u00e1s Conde Ruano Universidad del Pa\u00eds Vasco Dra. Anabel Gal\u00e1n-Ma\u00f1as Universitat Aut\u00f2noma de Barcelona Dra. Sonia Gonz\u00e1lez Cruz Universitat Aut\u00f2noma de Barcelona Dra. Inna Kozlova Universitat Aut\u00f2noma [&hellip;]<\/p>\n","protected":false},"author":2553,"featured_media":0,"parent":97,"menu_order":2,"comment_status":"closed","ping_status":"closed","template":"","meta":{"footnotes":""},"class_list":["post-102","page","type-page","status-publish","hentry"],"_links":{"self":[{"href":"https:\/\/webs.uab.cat\/forti\/wp-json\/wp\/v2\/pages\/102","targetHints":{"allow":["GET"]}}],"collection":[{"href":"https:\/\/webs.uab.cat\/forti\/wp-json\/wp\/v2\/pages"}],"about":[{"href":"https:\/\/webs.uab.cat\/forti\/wp-json\/wp\/v2\/types\/page"}],"author":[{"embeddable":true,"href":"https:\/\/webs.uab.cat\/forti\/wp-json\/wp\/v2\/users\/2553"}],"replies":[{"embeddable":true,"href":"https:\/\/webs.uab.cat\/forti\/wp-json\/wp\/v2\/comments?post=102"}],"version-history":[{"count":20,"href":"https:\/\/webs.uab.cat\/forti\/wp-json\/wp\/v2\/pages\/102\/revisions"}],"predecessor-version":[{"id":276,"href":"https:\/\/webs.uab.cat\/forti\/wp-json\/wp\/v2\/pages\/102\/revisions\/276"}],"up":[{"embeddable":true,"href":"https:\/\/webs.uab.cat\/forti\/wp-json\/wp\/v2\/pages\/97"}],"wp:attachment":[{"href":"https:\/\/webs.uab.cat\/forti\/wp-json\/wp\/v2\/media?parent=102"}],"curies":[{"name":"wp","href":"https:\/\/api.w.org\/{rel}","templated":true}]}}