{"id":195,"date":"2026-01-15T14:52:31","date_gmt":"2026-01-15T12:52:31","guid":{"rendered":"https:\/\/webs.uab.cat\/forti\/?page_id=195"},"modified":"2026-03-04T14:45:59","modified_gmt":"2026-03-04T12:45:59","slug":"difusion","status":"publish","type":"page","link":"https:\/\/webs.uab.cat\/forti\/difusion\/","title":{"rendered":"Difusi\u00f3n"},"content":{"rendered":"\n<h2 class=\"wp-block-heading\">Pr\u00f3ximos congresos<\/h2>\n\n\n\n<p><strong>19-20 Marzo 2026. Polonia, online. Simposio Internacional de Traducci\u00f3n e Interpretaci\u00f3n Especializadas &#8211; Strona g\u0142\u00f3wna UMCS. Ponentes: Susana \u00c1lvarez \u00c1lvarez y Patricia Rodr\u00edguez-In\u00e9s.<\/strong><\/p>\n\n\n\n<p> <strong>15-17 Abril 2026. Trieste, presencial. IX Congreso Internacional Ciencia y Traducci\u00f3n. Ponente: Patricia Rodr\u00edguez-In\u00e9s.<\/strong><\/p>\n\n\n\n<p><strong>14-16 Mayo 2026. Eslovenia, presencial. SDUTSJ conference. Ponente: Patricia Rodr\u00edguez-In\u00e9s. <\/strong><\/p>\n\n\n\n\n\n<p><\/p>\n","protected":false},"excerpt":{"rendered":"<p>Pr\u00f3ximos congresos 19-20 Marzo 2026. Polonia, online. Simposio Internacional de Traducci\u00f3n e Interpretaci\u00f3n Especializadas &#8211; Strona g\u0142\u00f3wna UMCS. Ponentes: Susana \u00c1lvarez \u00c1lvarez y Patricia Rodr\u00edguez-In\u00e9s. 15-17 Abril 2026. Trieste, presencial. IX Congreso Internacional Ciencia y Traducci\u00f3n. Ponente: Patricia Rodr\u00edguez-In\u00e9s. 14-16 Mayo 2026. Eslovenia, presencial. SDUTSJ conference. Ponente: Patricia Rodr\u00edguez-In\u00e9s.<\/p>\n","protected":false},"author":103,"featured_media":0,"parent":0,"menu_order":0,"comment_status":"closed","ping_status":"closed","template":"","meta":{"footnotes":""},"class_list":["post-195","page","type-page","status-publish","hentry"],"_links":{"self":[{"href":"https:\/\/webs.uab.cat\/forti\/wp-json\/wp\/v2\/pages\/195","targetHints":{"allow":["GET"]}}],"collection":[{"href":"https:\/\/webs.uab.cat\/forti\/wp-json\/wp\/v2\/pages"}],"about":[{"href":"https:\/\/webs.uab.cat\/forti\/wp-json\/wp\/v2\/types\/page"}],"author":[{"embeddable":true,"href":"https:\/\/webs.uab.cat\/forti\/wp-json\/wp\/v2\/users\/103"}],"replies":[{"embeddable":true,"href":"https:\/\/webs.uab.cat\/forti\/wp-json\/wp\/v2\/comments?post=195"}],"version-history":[{"count":4,"href":"https:\/\/webs.uab.cat\/forti\/wp-json\/wp\/v2\/pages\/195\/revisions"}],"predecessor-version":[{"id":326,"href":"https:\/\/webs.uab.cat\/forti\/wp-json\/wp\/v2\/pages\/195\/revisions\/326"}],"wp:attachment":[{"href":"https:\/\/webs.uab.cat\/forti\/wp-json\/wp\/v2\/media?parent=195"}],"curies":[{"name":"wp","href":"https:\/\/api.w.org\/{rel}","templated":true}]}}