{"id":339,"date":"2026-03-04T18:05:47","date_gmt":"2026-03-04T16:05:47","guid":{"rendered":"https:\/\/webs.uab.cat\/forti\/?page_id=339"},"modified":"2026-03-04T18:31:31","modified_gmt":"2026-03-04T16:31:31","slug":"noticias","status":"publish","type":"page","link":"https:\/\/webs.uab.cat\/forti\/noticias\/","title":{"rendered":"Noticias"},"content":{"rendered":"\n<details class=\"wp-block-details is-layout-flow wp-block-details-is-layout-flow\"><summary>Investigadoras del grupo FORTI se re\u00fanen en Barcelona en el marco del proyecto TRANSFORMATEC.<\/summary>\n<p>El <strong><a href=\"https:\/\/webs.uab.cat\/forti\/transformatec\/\" data-type=\"page\" data-id=\"97\">proyecto TRANSFORMATEC<\/a><\/strong> da comienzo con su primera reuni\u00f3n celebrada en Barcelona, marcando el inicio de una etapa de colaboraci\u00f3n y trabajo conjunto entre investigadores de diferentes universidades de Espa\u00f1a, Europa y Estados Unidos. <\/p>\n\n\n\n<p>En este encuentro participan <strong>Annabel Gal\u00e1n-Ma\u00f1as, Sonia Gonz\u00e1lez Cruz, Inna Kozlova, Patricia Rodr\u00edguez-In\u00e9s (IP) y Claudia Tena Arceo, investigadoras del grupo FORTI<\/strong>, quienes aportan su experiencia y compromiso para impulsar las l\u00edneas estrat\u00e9gicas del proyecto. <\/p>\n\n\n\n<p>Esta primera reuni\u00f3n sirve como espacio de <strong>coordinaci\u00f3n, intercambio de ideas y definici\u00f3n de los pr\u00f3ximos pasos<\/strong>, consolidando as\u00ed las bases para el desarrollo del proyecto TRANSFORMATEC.<\/p>\n<\/details>\n","protected":false},"excerpt":{"rendered":"","protected":false},"author":2660,"featured_media":0,"parent":0,"menu_order":0,"comment_status":"closed","ping_status":"closed","template":"","meta":{"footnotes":""},"class_list":["post-339","page","type-page","status-publish","hentry"],"_links":{"self":[{"href":"https:\/\/webs.uab.cat\/forti\/wp-json\/wp\/v2\/pages\/339","targetHints":{"allow":["GET"]}}],"collection":[{"href":"https:\/\/webs.uab.cat\/forti\/wp-json\/wp\/v2\/pages"}],"about":[{"href":"https:\/\/webs.uab.cat\/forti\/wp-json\/wp\/v2\/types\/page"}],"author":[{"embeddable":true,"href":"https:\/\/webs.uab.cat\/forti\/wp-json\/wp\/v2\/users\/2660"}],"replies":[{"embeddable":true,"href":"https:\/\/webs.uab.cat\/forti\/wp-json\/wp\/v2\/comments?post=339"}],"version-history":[{"count":6,"href":"https:\/\/webs.uab.cat\/forti\/wp-json\/wp\/v2\/pages\/339\/revisions"}],"predecessor-version":[{"id":350,"href":"https:\/\/webs.uab.cat\/forti\/wp-json\/wp\/v2\/pages\/339\/revisions\/350"}],"wp:attachment":[{"href":"https:\/\/webs.uab.cat\/forti\/wp-json\/wp\/v2\/media?parent=339"}],"curies":[{"name":"wp","href":"https:\/\/api.w.org\/{rel}","templated":true}]}}