{"id":44,"date":"2023-11-21T02:23:26","date_gmt":"2023-11-21T00:23:26","guid":{"rendered":"https:\/\/webs.uab.cat\/forti\/?page_id=44"},"modified":"2026-02-25T15:42:55","modified_gmt":"2026-02-25T13:42:55","slug":"eventos","status":"publish","type":"page","link":"https:\/\/webs.uab.cat\/forti\/eventos\/","title":{"rendered":"Eventos"},"content":{"rendered":"\n<p>Experiencia previa de los miembros del grupo en organizaci\u00f3n de actividades relacionadas con la formaci\u00f3n. <\/p>\n\n\n\n<ul class=\"wp-block-list\">\n<li>didTRAD. Direcci\u00f3n y organizaci\u00f3n de didTRAD I (18-22 juny 2012), didTRAD II (7-9 juliol 2014), didTRAD III (5-8 juliol 2016) i didTRAD IV (20-22 juny 2018), que incluye\u201c<em>Seminario de especializaci\u00f3n en did\u00e1ctica de la traducci\u00f3n<\/em>\u201d i \u201c<em>Congreso internacional sobre investigaci\u00f3n en Did\u00e1ctica de la traducci\u00f3n\u201d.<\/em> Departament de Traducci\u00f3 i d\u2019Interpretaci\u00f3. UAB. &lt; <a href=\"http:\/\/grupsderecerca.uab.cat\/pacte\/content\/didtrad-35\">http:\/\/grupsderecerca.uab.cat\/pacte\/content\/didtrad-35<\/a> &gt;<\/li>\n\n\n\n<li>CULT. Organitzaci\u00f3n de la 3\u00aa y 4\u00aa conferencia internacional CULT (\u201cCorpus Use and Learning to Translate\u201d). 3\u00aa (Enero 2004. Departament de Traducci\u00f3 i d\u2019Interpretaci\u00f3. UAB); 4\u00aa (Mayo 2015. Departamento de Traducci\u00f3n e Interpretaci\u00f3n. Universidad de Alicante.\u00a0 <a href=\"https:\/\/dti.ua.es\/comenego\/iv-cult\">https:\/\/dti.ua.es\/comenego\/iv-cult<\/a>)<\/li>\n\n\n\n<li>VI Congr\u00e9s Internacional de Traducci\u00f3 i d\u2019Interpretaci\u00f3. \u201cEnsenyament a dist\u00e0ncia de traducci\u00f3 i llengua\u201d. Mayo 2004. Departament de Traducci\u00f3 i d\u2019Interpretaci\u00f3. UAB.<\/li>\n\n\n\n<li>I Simposi sobre l\u2019Ensenyament a dist\u00e0ncia i semipresencial de la Tradum\u00e0tica. Junio 2002. Departament de Traducci\u00f3 i d\u2019Interpretaci\u00f3. UAB. &lt; <a href=\"http:\/\/www.fti.uab.es\/tradumatica\/jornades\/\">http:\/\/www.fti.uab.es\/tradumatica\/jornades\/<\/a> &gt;.<\/li>\n<\/ul>\n","protected":false},"excerpt":{"rendered":"<p>Experiencia previa de los miembros del grupo en organizaci\u00f3n de actividades relacionadas con la formaci\u00f3n.<\/p>\n","protected":false},"author":2553,"featured_media":0,"parent":0,"menu_order":7,"comment_status":"closed","ping_status":"closed","template":"","meta":{"footnotes":""},"class_list":["post-44","page","type-page","status-publish","hentry"],"_links":{"self":[{"href":"https:\/\/webs.uab.cat\/forti\/wp-json\/wp\/v2\/pages\/44","targetHints":{"allow":["GET"]}}],"collection":[{"href":"https:\/\/webs.uab.cat\/forti\/wp-json\/wp\/v2\/pages"}],"about":[{"href":"https:\/\/webs.uab.cat\/forti\/wp-json\/wp\/v2\/types\/page"}],"author":[{"embeddable":true,"href":"https:\/\/webs.uab.cat\/forti\/wp-json\/wp\/v2\/users\/2553"}],"replies":[{"embeddable":true,"href":"https:\/\/webs.uab.cat\/forti\/wp-json\/wp\/v2\/comments?post=44"}],"version-history":[{"count":5,"href":"https:\/\/webs.uab.cat\/forti\/wp-json\/wp\/v2\/pages\/44\/revisions"}],"predecessor-version":[{"id":257,"href":"https:\/\/webs.uab.cat\/forti\/wp-json\/wp\/v2\/pages\/44\/revisions\/257"}],"wp:attachment":[{"href":"https:\/\/webs.uab.cat\/forti\/wp-json\/wp\/v2\/media?parent=44"}],"curies":[{"name":"wp","href":"https:\/\/api.w.org\/{rel}","templated":true}]}}