{"id":29,"date":"2018-01-12T12:46:21","date_gmt":"2018-01-12T12:46:21","guid":{"rendered":"https:\/\/webs.uab.cat\/francescfoguetboreu\/llibres\/"},"modified":"2018-01-12T12:46:21","modified_gmt":"2018-01-12T12:46:21","slug":"llibres","status":"publish","type":"page","link":"https:\/\/webs.uab.cat\/francescfoguetboreu\/llibres\/","title":{"rendered":"Llibres"},"content":{"rendered":"<ol>\n<li><em>El teatre catal\u00e0 en temps de guerra i revoluci\u00f3 (1936-1939)<\/em>, Barcelona, Institut del Teatre \/ Publicacions de l\u2019Abadia de Montserrat, 1999 (Biblioteca Serra d\u2019Or, 227), 220 p. [ISBN: 84-8415-106-9.]<\/li>\n<li><em>Margarida Xirgu. Una vocaci\u00f3 indomable<\/em>, Barcelona, P\u00f2rtic, 2002 (Dones del XX, 3), 158 p. [ISBN: 84-7306-792-4.]<\/li>\n<li><em>Las Juventudes Libertarias y el teatro revolucionario. Catalu\u00f1a (1936-1939)<\/em>, Madrid, Fundaci\u00f3n de Estudios Libertarios Anselmo Lorenzo, 2002 (Cuadernos Libertarios, 8), 115 p. [ISBN: 84-86864-51-8.]<\/li>\n<li><em>Maria \u00c0ngels Anglada. Passi\u00f3 per la mem\u00f2ria<\/em>, Barcelona, P\u00f2rtic, 2003 (Dones del XX, 11), 304 p. Premi Cr\u00edtica \u00abSerra d\u2019Or\u00bb de Biografia 2004. [ISBN: 84-7306-848-3.]<\/li>\n<li><em>Teatre, guerra i revoluci\u00f3. Barcelona, 1936-1939<\/em>, Barcelona, Publicacions de l\u2019Abadia de Montserrat, 2005 (Textos i Estudis de Cultura Catalana, 103), 456 p. [Obra publicada amb un ajut de la Direcci\u00f3n General del Libro, Archivos y Bibliotecas del Ministerio de Cultura.] Premi Cr\u00edtica \u00abSerra d\u2019Or\u00bb 2006 de Recerca (Humanitats). [ISBN: 84-8415-723-7.]<\/li>\n<li><em>L\u2019alternativa unit\u00e0ria. L\u2019Assemblea Democr\u00e0tica de Vilanova i la Geltr\u00fa (1976-1977)<\/em>, XIII Premi Eugeni Molero d\u2019Investigaci\u00f3 comarcal 2004, Vilanova i la Geltr\u00fa, Consell Comarcal del Garraf, 2006 (L\u2019Ar\u00e7, 10), 108 p. [Dip\u00f2sit legal: B-23456-006.]<\/li>\n<li><em>El gran Borr\u00e0s. Retrat d\u2019un actor<\/em>, coautoria amb Isabel Gra\u00f1a, Badalona, Museu de Badalona, 2007 (Biografies Badalonines, 2), 265 p. [ISBN: 978-84-88758-36-1]<\/li>\n<li><em>La literatura dram\u00e0tica<\/em>, coautoria amb N\u00faria Santamaria, Barcelona, Editorial UOC, 2009 (Vull Saber, 111), 77 p. [ISBN: 978-84-9788-046-6]<\/li>\n<li><em>Margarida Xirgu, cartografia d\u2019un mite<\/em>, Badalona, Museu de Badalona, 2010 (Biografies Badalonines, 3), 401 p. [ISBN: 978-84-88758-49-1] [Inclou la traducci\u00f3 al castell\u00e0.]<\/li>\n<li><em>El teatro catal\u00e1n del exilio republicano de 1939<\/em>, Sevilla, Renacimiento, 2016 (Biblioteca del Exilio, Anejos, 23), 209 p. [ISBN: 978-84-16685-64-6]<\/li>\n<li><em>Els l\u00edmits del silenci<\/em>. <em>La censura del teatre catal\u00e0 durant el franquisme<\/em>, coautoria amb Sharon Feldman, Barcelona, Publicacions de l\u2019Abadia de Montserrat, 2016 (Textos i Estudis de Cultura Catalana, 212), 272 p. [ISBN: 978-84-9883-879-4]<\/li>\n<li><em>Maria Aur\u00e8lia a Capmany, escriptora compromesa (1963-1977)<\/em>, Barcelona, Publicacions de l&#8217;Abadia de Montserrat, 2018 (Textos i Estudis de Cultura Catalana, 222), 128 p. [ISBN: 978-84-9883-982-1]<\/li>\n<\/ol>\n","protected":false},"excerpt":{"rendered":"<p>El teatre catal\u00e0 en temps de guerra i revoluci\u00f3 (1936-1939), Barcelona, Institut del Teatre \/ Publicacions de l\u2019Abadia de Montserrat, 1999 (Biblioteca Serra d\u2019Or, 227), 220 p. [ISBN: 84-8415-106-9.] Margarida Xirgu. Una vocaci\u00f3 indomable, Barcelona, P\u00f2rtic, 2002 (Dones del XX, 3), 158 p. [ISBN: 84-7306-792-4.] Las Juventudes Libertarias y el teatro revolucionario. Catalu\u00f1a (1936-1939), Madrid, [&hellip;]<\/p>\n","protected":false},"author":20,"featured_media":0,"parent":0,"menu_order":0,"comment_status":"closed","ping_status":"closed","template":"","meta":{"footnotes":""},"class_list":["post-29","page","type-page","status-publish","hentry"],"_links":{"self":[{"href":"https:\/\/webs.uab.cat\/francescfoguetboreu\/wp-json\/wp\/v2\/pages\/29","targetHints":{"allow":["GET"]}}],"collection":[{"href":"https:\/\/webs.uab.cat\/francescfoguetboreu\/wp-json\/wp\/v2\/pages"}],"about":[{"href":"https:\/\/webs.uab.cat\/francescfoguetboreu\/wp-json\/wp\/v2\/types\/page"}],"author":[{"embeddable":true,"href":"https:\/\/webs.uab.cat\/francescfoguetboreu\/wp-json\/wp\/v2\/users\/20"}],"replies":[{"embeddable":true,"href":"https:\/\/webs.uab.cat\/francescfoguetboreu\/wp-json\/wp\/v2\/comments?post=29"}],"version-history":[{"count":0,"href":"https:\/\/webs.uab.cat\/francescfoguetboreu\/wp-json\/wp\/v2\/pages\/29\/revisions"}],"wp:attachment":[{"href":"https:\/\/webs.uab.cat\/francescfoguetboreu\/wp-json\/wp\/v2\/media?parent=29"}],"curies":[{"name":"wp","href":"https:\/\/api.w.org\/{rel}","templated":true}]}}