{"id":31,"date":"2018-01-12T12:52:02","date_gmt":"2018-01-12T12:52:02","guid":{"rendered":"https:\/\/webs.uab.cat\/francescfoguetboreu\/capitols-de-llibres\/"},"modified":"2018-01-12T12:52:02","modified_gmt":"2018-01-12T12:52:02","slug":"capitols-de-llibres","status":"publish","type":"page","link":"https:\/\/webs.uab.cat\/francescfoguetboreu\/capitols-de-llibres\/","title":{"rendered":"Cap\u00edtols de llibres"},"content":{"rendered":"<ol>\n<li>\u00ab\u2018Batalla de monjos\u2019. Notes sobre la pol\u00e8mica entorn de Rei i monjo d\u2019\u00c0ngel Guimer\u00e0 i El rei monjo de Frederic Soler\u00bb, dins: <em>Actes del Col\u00b7loqui sobre \u00c0ngel Guimer\u00e0 i el teatre catal\u00e0 al segle XIX (El Segle Rom\u00e0ntic), <\/em>edici\u00f3 a cura de Josep M. Domingo i Miquel M. Gibert,&nbsp;Tarragona,&nbsp;Diputaci\u00f3 de Tarragona, 2000, p.&nbsp;133-154.&nbsp;<\/li>\n<li>\u00abLa recepci\u00f3 del teatre de Leonid Andreiev a l\u2019escena catalana (1924-1936)\u00bb, dins: <em>Actes del Dotz\u00e8 Col\u00b7loqui Internacional de Llengua i Literatura Catalanes. Universitat de Par\u00eds IV-Sorbonne, 4-10 de setembre de 2000<\/em>, vol. 1, a&nbsp;cura de Marie-Claire Zimmermann i Anne Charlon,&nbsp;Barcelona,&nbsp;Publicacions de l\u2019Abadia de Montserrat, 2003, p. 295-311.<\/li>\n<li>\u00ab<em>La fam<\/em>, de Joan Oliver\u00bb, dins: <em>Lectures de batxillerat 2003-2005<\/em>, Barcelona, Proa, 2003, p. 225-259.<\/li>\n<li>\u00abCap\u00edtol I. La representaci\u00f3 teatral: del text a l\u2019escena. L\u2019espai i el temps\u00bb, \u00abCap\u00edtol II. Els creadors de la representaci\u00f3 teatral: l\u2019actor, el director, l\u2019espectador\u00bb, \u00abCap\u00edtol III. Dels or\u00edgens del teatre a la <em>commedia dell\u2019arte<\/em>\u00bb, \u00abCap\u00edtol IV. Del teatre elisabeti\u00e0 al drama rom\u00e0ntic\u00bb. \u00abCap\u00edtol V. Del naturalisme al teatre \u00e8pic\u00bb, dins: <em>La representaci\u00f3 teatral<\/em>, Barcelona, Editorial UOC, 2003 (Humanitats, 77), p. 21-258. Els dos primers amb Joaquim Noguero i Ribas. [ISBN: 84-9788-016-1.]<\/li>\n<li>(amb Isabel Gra\u00f1a) \u00abJoaquim Molas\u00bb, dins: <em>Pensar la contemporane\u00eftat. Divuit converses sobre la hist\u00f2ria<\/em>, d\u2019Agust\u00ed Colomines i Vicent Olmos (editors), Catarroja \/ Barcelona \/ Palma, Afers, 2005,&nbsp;p. 317-326.<\/li>\n<li>\u00abLa dramat\u00fargia catalana: reserva integral zool\u00f2gica\u00bb, dins: <em>La dramat\u00fargia als Pa\u00efsos Catalans<\/em>. Barcelona, Associaci\u00f3 d\u2019Escriptors en Llengua Catalana, 2005, p. 31-39.<\/li>\n<li>\u00abLa trayectoria intelectual de Ramon Vinyes: de la Rep\u00fablica al exilio (1931-1940)\u00bb,&nbsp;<em>Memorias. Revista Digital de Historia y Arqueolog\u00eda desde el Caribe<\/em> [Universidad del Norte, Barranquilla, Col\u00f2mbia ], any 2, n\u00fam. 3 (2005). 37 p.<\/li>\n<li>\u00abLa dramat\u00fargia \u2018exc\u00e8ntrica\u2019 de Manuel Molins\u00bb, dins: <em>I Simposi Internacional sobre Teatre Catal\u00e0 Contemporani. De la Transici\u00f3 a l\u2019actualitat<\/em>, Barcelona, Institut del Teatre, 2006, p. 235-272.&nbsp;<\/li>\n<li>[diverses entrades] <em>Catalunya durant el franquisme. Diccionari<\/em>, dirigit per Carme Molinero i altres, Barcelona, CEFID \/ Eumo, 2006.<\/li>\n<li>\u00ab<em>Ball robat<\/em>, de Joan Oliver\u00bb, dins: <em>Lectures de batxillerat 2005-2007<\/em>, Barcelona, Proa, 2006, p. 259-298.&nbsp;<\/li>\n<li>\u00abD\u2019<em>Olors <\/em>a <em>Salamandra<\/em>. Quatre n\u00f2tules i una cua\u00bb, dins: <em>El teatre de Josep M. Benet i Jornet (\u2018L\u2019habitaci\u00f3 del nen\u2019<\/em> <em>i altres)<\/em>, coord. Christian Camps, P\u00e9ronnas, Les \u00c9ditions de la Tour Gile, 2006, p. 39-52.<\/li>\n<li>\u00abDom\u00e8nec Guans\u00e9: \u201cFer que la revoluci\u00f3 sigui, com ho volia \u00e9sser el catalanisme, una cultura\u201d (1936-1939)\u00bb,&nbsp;dins: <em>La projecci\u00f3 social de l\u2019escriptor en la literatura catalana contempor\u00e0nia<\/em>, a cura de Ramon Panyella, Lleida, Punctum &amp; GELCC, 2007, p. 493-503.&nbsp;<\/li>\n<li>\u00abAb\u00e9c\u00e9daire de l\u2019univers parall\u00e8le. \u00c0 propos de L\u2019habitaci\u00f3 del nen\u00bb, dins: A<em>utour de l\u2019oeuvre du J. M. Benet i Jornet. \u201cLa chambre de l\u2019enfant\u201d. Quatre \u00e9tudes et un entretien,&nbsp;<\/em>edici\u00f3 a cura de Montserrat Prudon, Par\u00eds,&nbsp;\u00c9ditions de l\u2019Amandier, 2007, p. 67-83.<\/li>\n<li>\u00abDramat\u00fargies de circumst\u00e0ncies (1936-1939): el teatre d\u2019<em>agitprop <\/em>castell\u00e0 i catal\u00e0\u00bb, dins: <em>Literatura comparada catalana i espanyola al segle xx: g\u00e8neres, lectures i traduccions (1898-1951)<\/em>. <em>I Simposi sobre literatura comparada catalana i espanyola al segle xx<\/em>, a cura de Miquel M. Gibert, Amparo Hurtado D\u00edaz i Jos\u00e9 Francisco Ruiz Casanova, presentaci\u00f3 d\u2019Enric Gall\u00e9n, Lleida, Punctum &amp; Trilcat, 2007, p. 129-142.<\/li>\n<li>\u00abGuerra i exili: novel\u00b7lar la barb\u00e0rie\u00bb, dins: <em>La literatura catalana en una perspectiva europea<\/em>, dirigida per Marina Gust\u00e0 i N\u00faria Santamaria, Barcelona, Departament de Presid\u00e8ncia de la Generalitat de Catalunya i Institut Ramon Llull, 2007, p. 106-115. [Edicions tamb\u00e9 en angl\u00e8s i castell\u00e0.]<\/li>\n<li>\u00abBenet \/ Belbel: dramat\u00fargia <em>enguionatjada<\/em>?\u00bb, dins: <em>2n Col\u00b7loqui Europeu d\u2019Estudis Catalans. La intertextualitat a la literatura de la postguerra fins avui<\/em>, vol. 2, edici\u00f3 a cura de Christian Camps i Montserrat Roser, P\u00e9ronnas,&nbsp; Centre d\u2019\u00c9tudes et de Recherches Catalanes de la Universit\u00e9 Montpellier III, Association Fran\u00e7aise des Catalanistes, \u00c9ditions de la Tour Gile, 2007, p. 171-185.<\/li>\n<li>\u00abManuel Molins: po\u00e8tica oberta\u00bb,<em>&nbsp;Teatre, passions i (altres) insol\u00e8ncies. Lectures sobre la dramat\u00fargia de Manuel Molins<\/em>, edici\u00f3 a cura de Francesc Foguet i Biel Sansano,&nbsp;Val\u00e8ncia,&nbsp;Universitat de Val\u00e8ncia, 2008, p. 93-115.<\/li>\n<li>\u00abLa dramat\u00fargia catalana\u00bb, dins: <em>Teatre en temps de guerra i revoluci\u00f3 (1936-1939)<\/em>, Lleida, Punctum &amp; Generalitat de Catalunya, 2008, p. 55-75.<\/li>\n<li>\u00abL\u2019<em>agitprop<\/em> teatral del Bloc Obrer i Camperol (1931-1934)\u00bb, dins: <em>La Rep\u00fablica de les Lletres. Les lletres de la Rep\u00fablica<\/em>, edici\u00f3 de Germ\u00e0 Col\u00f3n Dom\u00e8nech i Santiago Fortu\u00f1o Llorens, Castell\u00f3 de la Plana: Fundaci\u00f3 Germ\u00e0 Col\u00f3n Dom\u00e8nech i Publicacions de la Universitat Jaume I, 2008, p. 75-118.<\/li>\n<li>\u00abLes reconstruccions hist\u00f2riques de la ciutat\u00bb,&nbsp; dins: <em>Narratives urbanes. La construcci\u00f3 liter\u00e0ria de Barcelona<\/em>, edici\u00f3 acura de Margarida Casacuberta i Marina Gust\u00e0, Barcelona, Fundaci\u00f3 Antoni T\u00e0pies, 2008, p. 251-275. [Edicions en castell\u00e0 i en angl\u00e8s.]<\/li>\n<li>\u00abCr\u00f2nica i evocaci\u00f3 des d\u2019estranya contrada (M\u00e8xic, 1942-1961)\u00bb, dins: <em>Artur Blad\u00e9 i Desumvila: escriptor de l\u2019Ebre catal\u00e0, cronista de l\u2019exili<\/em>, de Xavier Garcia et al., Tarragona, Arola, 2008, p. 151-175.<\/li>\n<li>\u00abDel Verb fet Carn\u00bb, dins: <em>Joan Casas: \u201cL\u2019\u00faltim dia de la creaci\u00f3\u201d i altres<\/em>, coord. Christian Camps, P\u00e9ronnas, \u00c9ditions de la Tour Gile, 2008, p. 55-72.<\/li>\n<li>\u00abPetita geografia imagin\u00e0ria dels llocs angladians\u00bb, dins: <em>V Premi de Narrativa M. \u00c0ngels Anglada<\/em>,&nbsp; Figueres, Institut Ramon Muntaner, 2008, p. 43-56.<\/li>\n<li>\u00abEl teatre hongar\u00e8s a l\u2019escena catalana (1939-2003)\u00bb, dins: <em>Actes del catorz\u00e8 col\u00b7loqui internacional de llengua i literatura catalanes.Universitat E\u00f6tv\u00f6s Lor\u00e1nd de Budapest, 4-9 de desembre de 2006<\/em>, edici\u00f3 de K\u00e1lm\u00e1n Faluba i d\u2019Ildik\u00f3 Szijj, vol. 1,&nbsp;Barcelona,&nbsp;AILCC \/ Publicacions de l\u2019Abadia de Montserrat, 2009, p.&nbsp;171-184.<\/li>\n<li>\u00abEl teatre a Barcelona l\u2019any 1938: la paradoxa de la continu\u00eftat\u00bb, dins: <em>Barcelona, 1938. Capital de tres governs. Pol\u00edtica i cultura. Textos del congr\u00e9s<\/em>, a&nbsp;cura de Laia Ara\u00f1\u00f3 Vega,&nbsp;Barcelona,&nbsp;Fundaci\u00f3 Carles Pi i Sunyer, 2009, p. 364-385.&nbsp;[Format CD]<\/li>\n<li>\u00abEl teatre i el cinema: influ\u00e8ncies i projecci\u00f3 exterior (1907-2007)\u00bb, dins: <em>Els Pa\u00efsos Catalans i Europa durant els darrers cent anys<\/em>,&nbsp;coordinat per Albert Balcells, Barcelona,&nbsp;Institut d\u2019Estudis Catalans, 2009, p. 125-139. Publicacions del Centenari.&nbsp;<\/li>\n<li>\u00abSobre la felicitat. Notes per a una lectura de <em>Ball robat<\/em>, de Joan Oliver\u00bb, dins: <em>Lectures de literatura catalana contempor\u00e0nia. Noves aproximacions<\/em>, a cura de Joan R. Veny-Mesquida, Jordi Mal\u00e9 i Andratx Badia, Lleida, Pag\u00e8s, 2009, p. 77-90.<\/li>\n<li>\u00abMaria \u00c0ngels Anglada, \u201cdona de lletres\u201d\u00bb, dins: <em>G\u00e8nere i modernitat a la literatura catalana contempor\u00e0nia<\/em>, a cura d\u2019Enric Cassany, Lleida, Punctum &amp; GELCC, 2009, p. 111-119.<\/li>\n<li>\u00abEl teatre i el cinema: influ\u00e8ncies i projecci\u00f3 exterior (1907-2007)\u00bb, dins: <em>Els Pa\u00efsos Catalans i Europa durant els darrers cent anys<\/em>, coordinat per Albert Balcells, Barcelona, Institut d\u2019Estudis Catalans, 2009, p. 125-139.<\/li>\n<li>\u00ab<em>Mirador<\/em> teatral&nbsp;: una modernitat europea (1929-1936)\u00bb, dins: <em>Concepcions i discursos sobre la modernitat en la literatura catalana dels segles XIX i XX<\/em>, a curar de Ramon Panyella, Lleida, Punctum &amp; GELCC, 2010, p. 155-170.<\/li>\n<li>\u00abEstrat\u00e8gies de mobilitzaci\u00f3 i formes d\u2019autogesti\u00f3 teatrals en l\u2019escena catalana dels anys 1975 i 1976\u00bb, dins M. Muntaner, M. Picornell, M. Pons i J. A. Reyn\u00e9s (eds.), <em>Transformacions. Literatura i canvi sociocultural dels anys setanta en\u00e7\u00e0<\/em>, Val\u00e8ncia, Universitat de Val\u00e8ncia, 2010, p. 227-246.&nbsp;<\/li>\n<li>\u00abL\u2019impacte del cinema sonor en el teatre catal\u00e0. Raons i controv\u00e8rsies (1929-1931)\u00bb, dins Imma Creus, Maite Puig i Joan R. Veny (ed.), <em>Actes del Quinz\u00e8 Col\u00b7loqui Internacional de llengua i Literatura Catalanes. Lleida, 2009<\/em>, vol. 2, Barcelona, Publicacions de l\u2019Abadia de Montserrat, 2010, p. 385-396.<\/li>\n<li>\u00abEl teatre a Barcelona l\u2019any 1938: la paradoxa de la continu\u00eftat\u00bb, dins: Laia Ara\u00f1o Vega (ed.), <em>Barcelona, 1938. Capital de tres governs, vol. 2, Art, cultura i intel\u00b7lectuals<\/em>, Barcelona, Fundaci\u00f3 Carles Pi i Sunyer d\u2019Estudis Auton\u00f2mics i Locals, 2010, p. 195-227&nbsp;(vol.2). [Versi\u00f3 abreujada a \u00abEl teatre a Barcelona l\u2019any 1938: una visi\u00f3 jocosament partidista\u00bb, <em>Revista del Col\u00b7legi Oficial de Doctors i Llicenciats en Filosofia i en Ci\u00e8ncies de Catalunya<\/em>, n\u00fam. 134 (gener de 2011), p. 53-62.]<\/li>\n<li>\u00abLa revolta de Ca\u00edn. Notes per a una lectura d\u2019<em>All\u00f2 que tal vegada s&#8217;esdevingu\u00e9<\/em>, de Joan Oliver\u00bb, dins: <em>Llegir els cl\u00e0ssics. Estudis i interpretacions<\/em>, edici\u00f3 a cura d\u2019Enric Falguera, Jordi Mal\u00e9 I Joan R. Veny-Mesquida, Lleida, Pag\u00e8s, 2011, p. 113-135.<\/li>\n<li>\u00abSergi Belbel\u00bb, dins <em>Teatre catal\u00e0<\/em>, edici\u00f3 a cura de Jordi Llad\u00f3 i Vilaseca, Barcelona, FUOC, 2011, p. 1-24.<\/li>\n<li>\u00abVig\u00e8ncia del teatre d\u2019Eduard Vidal i Valenciano\u00bb, dins Ramon Arnabat et al., <em>150 anys de m\u00fasica. Societat Coral El Pened\u00e8s<\/em>, edici\u00f3 a cura de Joan Sol\u00e9 Bordes, Vilafranca del Pened\u00e8s, Societat Coral El Pened\u00e8s, Institut d\u2019Estudis Penedesencs, 2012, p. 83-103.<\/li>\n<li>\u00abMargarida Xirgu en Am\u00e9rica Latina: compromiso y vivencia de la catalanidad en el exilio\u00bb, dins: Jos\u00e9 M. Muri\u00e1 i Ang\u00e9lica Peregrina (coord.), <em>Presencia catalana<\/em>, M\u00e8xic, D. F., Instituto Nacional de Antropolog\u00eda e Historia, 2012, p. 129-147.<\/li>\n<li>\u00abLa literatura dram\u00e0tica catalana del segle XXI: una aproximaci\u00f3 cr\u00edtica\u00bb, dins: <em>La literatura catalana contempor\u00e0nia: intertextos, influ\u00e8ncies i relacions<\/em>, Barcelona: Societat Catalana de Llengua i Literatura, filial de l\u2019Institut d\u2019Estudis Catalans, i Universitat aut\u00f2noma de Barcelona, 2013, p. 121-132.<\/li>\n<li>\u00abRedes, est\u00e9ticas y dramaturgias del anarquismo y el socialismo catalanes en los a\u00f1os veinte\u00bb, dins: C\u00e9sar de Vicente Hernando (ed.), <em>Una generaci\u00f3n perdida. El tiempo de la literatura de avanzada (1925-1935)<\/em>, Doral, Florida, USA, Stockcero, 2013, p. 102-124.<\/li>\n<li>\u00abEls miralls de la hist\u00f2ria en la dramat\u00fargia contempor\u00e0nia catalana (1989-2012)\u00bb, dins: <em>El desig teatral d\u2019Europa<\/em>, edici\u00f3 de V\u00edctor Molina i John London, Lleida, Punctum, 2013, p. 119-140.<\/li>\n<li>\u00abJosep Robrenyo contra Napole\u00f3\u00bb, dins Josefina Salord (coord.), <em>Vicen\u00e7 Albert\u00ed i el teatre entre la Il\u00b7lustraci\u00f3 i el Romanticisme<\/em>, vol. 2, Barcelona,&nbsp;Publicacions de l\u2019Abadia de Montserrat, 2013, p. 148-178.<\/li>\n<li>\u00abLa cr\u00edtica teatral de Dom\u00e8nec Guans\u00e9 a <em>La Publicitat<\/em> i a <em>La Rambla <\/em>(1931-1936)\u00bb, dins: <em>Miscel\u00b7l\u00e0nia Jordi Bruguera<\/em>, vol. 1, Barcelona, Publicacions de l\u2019Abadia de Montserrat, 2013, p. 147-168.<\/li>\n<li>(amb Josep Camps i Arb\u00f3s) \u00abUna proposta de rutes liter\u00e0ries pel Pla d&#8217;Urgell\u00bb, dins: Jordi Chumillas i Ricard Girame (ed.), <em>Pels vells carrers de poble. Territori, marca, educaci\u00f3 i patrimoni<\/em>, Vic, Servei de Publicacions Institucionals, Universitat de Vic-Universitat Central de Catalunya, 2014, p. 185-193.&nbsp;<\/li>\n<li>(amb Montserrat Corretger) \u00abEls <em>Retrats literaris <\/em>de Dom\u00e8nec Guans\u00e9\u00bb, dins: <em>Aproximaci\u00f3 a l&#8217;altre \/ An Approach to the other. Biografies, semblances i retrats \/ Biographies, resemblances and portraits<\/em>, Amsterdam \/ Philadelphia, John Benjamins Publishing Company, 2015, p. 83-89.<\/li>\n<li>\u00abJoan Oliver sota la vigil\u00e0ncia de la policia franquista (1948-1977)\u00bb, dins: Montserrat Corretger, Pompeu Casanovas i Vicent Salvador (ed.),<em> El compromi<\/em><em>\u0301<\/em><em>s literari en la modernitat. Del peri<\/em><em>\u0301<\/em><em>ode d\u2019entreguerres al postfranquisme (1920\u20131980)<\/em>, Tarragona \/ Melbourne, Publicacions Universitat Rovira i Virgili Royal Melbourne Institute of Technology, 2016, p. 147-158. [DOI: 10.17345\/9788484244455]<\/li>\n<li>\u00abUne identit\u00e9 menac\u00e9e, une inclusion pr\u00e9caire. Le th\u00e8me de l\u2019immigration dans la litt\u00e9rature dramatitque catalane (2008-2015)\u00bb, dins: Fabienne Crastes (ed.),&nbsp;<em> L\u2019\u00e9tranger. Alt\u00e9rit\u00e9, alt\u00e9ration, m\u00e9tissage<\/em>, Corsica, Albiana \/ Universit\u00e0 di Corsica, 2017, p. 247-260.<\/li>\n<li>\u00abLa repressi\u00f3 de les lletres catalanes: el cas de Manuel de Pedrolo (1962-1972)\u00bb, dins: Carles Santacana (coord.), <em>Quan tot semblava possible&#8230; Els fonaments del canvi cultural a Espanya (1960-1975)<\/em>, Val\u00e8ncia, Publicacions de la Universitat de Val\u00e8ncia, 2018, p. 151-175.&nbsp;<\/li>\n<li>\u00abEl pensament pol\u00edtic de M\u00e0rius Torres (1934-1942)\u00bb, dins: Josep Camps Arb\u00f3s, Imma Farr\u00e9 Vilalta i Joan R. Veny-Mesquida (cur.), <em>La ciutat d&#8217;ideals que vol\u00edem bastir. M\u00e0rius Torres i la literatura del seu temps<\/em>, Lleida, Aula M\u00e0rius Torres &amp; Pag\u00e8s Editors, 2018, p. 75-88.<\/li>\n<li>\u00abRafael Tasis, cr\u00edtic i confident literaris d\u2019Od\u00f3 Hurtado\u00bb, dins: Montserrat Bacard\u00ed i Francesc Foguet (cur.), <em>Constel\u00b7laci\u00f3 tasiana: contextos i relacions<\/em>, edici\u00f3 a cura de Montserrat Bacard\u00ed i Francesc Foguet, Barcelona, Societat Catalana de Llengua i Literatura, filial de l\u2019Institut d\u2019Estudis Catalans, 2018, p. 147-169.<\/li>\n<li>\u00abTres entre molts: perspectives mironianes de la contemporane\u00eftat\u00bb, dins: \u00c0lex Broch, Jordi Cornudella i Francesc Foguet (cur.), <em>Teatre catal\u00e0 avui 2000-2017<\/em>, Juneda, Fonoll, 2018, p. 195-217.<\/li>\n<li>\u00abJoan Oliver Under Francoist Police Surveillance (1948\u20131977)\u00bb, dins: Pompeu Casanovas, Montserrat Corretger, Vicent Salvador (ed.), <em>The Rise of Catalan Identity. Social Commitment and Political Engagement in the Twentieh Century<\/em>, Cham, Springer Nature Switzerland, 2019, p. 159-169. [ISBN 978-3-030-18143-7]<\/li>\n<li>\u00abEl teatre de Pau Faner en grau de temptativa\u00bb, dins: Pilar Arnau, Ismael Pelegr\u00ed i Josefina Salord (cur.), <em>Pau Faner, fabulador<\/em>, Lleida \/ Ma\u00f3, Punctum &amp; Institut Menorqu\u00ed d&#8217;Estudis, 2019, p. 127-147.<\/li>\n<li>\n<div>\u00abLa dramat\u00fargia pol\u00edtica de Maria Aur\u00e8lia Capmany (1959-1968)\u00bb, dins: Isabel Marcillas i Biel Sansano (cur.), <em>Dramat\u00fargies contempor\u00e0nies per a la igualtat: autories, escenificacions, recepcions. Una visi\u00f3 comparatista<\/em>, Val\u00e8ncia, Universitat de Val\u00e8ncia, 2019, p. 247-268.<\/div>\n<\/li>\n<li>\n<div>(amb Eva Saumell), \u00abLas figuraciones de la vejez en la literatura dram\u00e1tica catalana contempor\u00e1nea\u00bb, a Miquel Cruz Morente &amp; Ivan Gisbert L\u00f3pez (eds.), <em>Formas de la alteridad en la cultura contempor\u00e1nea: la ruptura de l\u00edmites y fronteras<\/em>, Berl\u00edn, Peter Lang GmbH, 2019, p. 207-222.<\/div>\n<\/li>\n<li>\n<div>\u00abMaria Aur\u00e8lia Capmany, la hist\u00f2ria feta mem\u00f2ria\u00bb, dins Joan Verg\u00e9s Gifra, Francesco Ardolino i Marta Nadal Brun\u00e8s (eds.), <em>Maria Aur\u00e8lia Capmany, escriptora i pensadora<\/em>, Girona, Documenta Universit\u00e0ria, 2019, p. 39-56. [ISBN: 978-84-9984-496-1]<\/div>\n<\/li>\n<li>\u00abMargarida Xirgu i Subir\u00e0. La gran diva del teatre catal\u00e0\u00bb, dins Borja de Riquer (ed.), <em>Vides catalanes que han fet hist\u00f2ria<\/em>, Barcelona, Edicions 62, 2020, p. 740-746. [ISBN: 978-84-297-7884-7]<\/li>\n<\/ol>\n","protected":false},"excerpt":{"rendered":"<p>\u00ab\u2018Batalla de monjos\u2019. Notes sobre la pol\u00e8mica entorn de Rei i monjo d\u2019\u00c0ngel Guimer\u00e0 i El rei monjo de Frederic Soler\u00bb, dins: Actes del Col\u00b7loqui sobre \u00c0ngel Guimer\u00e0 i el teatre catal\u00e0 al segle XIX (El Segle Rom\u00e0ntic), edici\u00f3 a cura de Josep M. Domingo i Miquel M. Gibert,&nbsp;Tarragona,&nbsp;Diputaci\u00f3 de Tarragona, 2000, p.&nbsp;133-154.&nbsp; \u00abLa recepci\u00f3 [&hellip;]<\/p>\n","protected":false},"author":20,"featured_media":0,"parent":0,"menu_order":0,"comment_status":"closed","ping_status":"closed","template":"","meta":{"footnotes":""},"class_list":["post-31","page","type-page","status-publish","hentry"],"_links":{"self":[{"href":"https:\/\/webs.uab.cat\/francescfoguetboreu\/wp-json\/wp\/v2\/pages\/31","targetHints":{"allow":["GET"]}}],"collection":[{"href":"https:\/\/webs.uab.cat\/francescfoguetboreu\/wp-json\/wp\/v2\/pages"}],"about":[{"href":"https:\/\/webs.uab.cat\/francescfoguetboreu\/wp-json\/wp\/v2\/types\/page"}],"author":[{"embeddable":true,"href":"https:\/\/webs.uab.cat\/francescfoguetboreu\/wp-json\/wp\/v2\/users\/20"}],"replies":[{"embeddable":true,"href":"https:\/\/webs.uab.cat\/francescfoguetboreu\/wp-json\/wp\/v2\/comments?post=31"}],"version-history":[{"count":0,"href":"https:\/\/webs.uab.cat\/francescfoguetboreu\/wp-json\/wp\/v2\/pages\/31\/revisions"}],"wp:attachment":[{"href":"https:\/\/webs.uab.cat\/francescfoguetboreu\/wp-json\/wp\/v2\/media?parent=31"}],"curies":[{"name":"wp","href":"https:\/\/api.w.org\/{rel}","templated":true}]}}