{"id":35,"date":"2018-01-12T13:01:04","date_gmt":"2018-01-12T13:01:04","guid":{"rendered":"https:\/\/webs.uab.cat\/francescfoguetboreu\/grups-de-recerca\/"},"modified":"2018-01-12T13:01:04","modified_gmt":"2018-01-12T13:01:04","slug":"grups-de-recerca","status":"publish","type":"page","link":"https:\/\/webs.uab.cat\/francescfoguetboreu\/grups-de-recerca\/","title":{"rendered":"Grups de recerca"},"content":{"rendered":"<p>2017-2020. 2017 SGR 1425. Grup de Recerca Consolidat del Centre d\u2019Estudis Hist\u00f2rics Internacionals (GREC-CEHI). Investigador principal: Andreu Mayayo Artal. 32 investigadors. Conflu\u00e8ncia de tres grups de recerca consolidats: Grup de Recerca i An\u00e0lisi del M\u00f3n Actual (GRANMA), Grup d\u2019Estudi d\u2019Hist\u00f2ria de la Cultura i dels Intel\u00b7lectuals (GEHCI, <a href=\"http:\/\/www.ub.edu\/gehci\/index_cat.htm\">http:\/\/www.ub.edu\/gehci\/index_cat.htm<\/a>), i el Grup de Recerca Multiculturalisme i G\u00e8nere. Vegeu <a href=\"https:\/\/cehi.ub.edu\/grups-de-recerca\">https:\/\/cehi.ub.edu\/grups-de-recerca<\/a><\/p>\n<p>2014-2016. 2014SGR1615. Grup d\u2019Estudis de Literatura Catalana Contempor\u00e0nia. AGAUR. Universitat Aut\u00f2noma de Barcelona, Universitat de Girona, Universitat de Vic, UOC. Investigador principal: Jaume Aulet Amela. 23 investigadors.<\/p>\n<p>2009-2013. 2009SGR1034. Grup de Recerca en Arts Esc\u00e8niques (SGR). AGAUR. Universitat Aut\u00f2noma de Barcelona, Universitat de Barcelona, Universit\u00e9 d\u2019Avignon, Institut del Teatre de Barcelona, University of Richmond, University of London, Universitat Polit\u00e8cnica de Catalunya, Universidad de Alicante, ESADIB. 36.000 euros. Investigador principal: Francesc Foguet i Boreu. 20 investigadors.<\/p>\n<p>2006-2009. 2005SGR-00473. Grup d\u2019Estudis de Literatura Catalana Contempor\u00e0nia. CIRIT (Generalitat de Catalunya). Universitat Aut\u00f2noma de Barcelona, Universitat de Girona, Universitat Pompeu Fabra). 38.600 euros. Investigador responsable: Jordi Castellanos Vila. 35 investigadors.<\/p>\n<p>2002-2005. 2001SGR-00149. Grup d\u2019Estudis de Literatura Catalana Contempor\u00e0nia. CIRIT (Generalitat de Catalunya). Universitat Aut\u00f2noma de Barcelona, Universitat de Girona, Universitat Pompeu Fabra. 53.274. Investigador principal: Jordi Castellanos Vila. 35 investigadors.<\/p>\n<p>2002-2005. Grup d\u2019Estudis d\u2019Hist\u00f2ria i Recepci\u00f3 de les Arts de l\u2019Espectacle-Universitat Pompeu Fabra. CIRIT (Generalitat de Catalunya). Universitat Pompeu Fabra, UOC. 7.200.000 PTA. Investigador principal: Enric Gall\u00e9n Miret. 6 investigadors.<\/p>\n<p>2001-2002. SGR-00048. Grup d\u2019Estudis de Literatura Catalana Contempor\u00e0nia. CIRIT (Generalitat de Catalunya). Universitat Aut\u00f2noma de Barcelona, Universitat de Girona, Universitat Pompeu Fabra. 4.300.000 PTA. Investigador responsable: Jordi Castellanos Vila. 34 investigadors.<\/p>\n<p>1999-2005. 2003\/XT\/00035. Xarxa Tem\u00e0tica d\u2019Orientacions i Tend\u00e8ncies en les Arts Esc\u00e8niques a Catalunya. AGAUR. Universitat Aut\u00f2noma de Barcelona, Universitat Pompeu Fabra, Universitat de Barcelona, Universitat Polit\u00e8cnica de Catalunya. 9.000 euros. Investigador responsable: Manuel Jorba Jorba (2003-2005) i N\u00faria Santamaria Roig (2005-2006). 14 investigadors.<\/p>\n<p>2001-2002. 2000SGR-00048. Grup d\u2019Estudis de Literatura Catalana Contempor\u00e0nia. CIRIT (Generalitat de Catalunya). Universitat Aut\u00f2noma de Barcelona, Universitat de Girona. 4.300.000 PTA. 34 investigadors.<\/p>\n<p>1999-2000. 1998GR-00066. Grup d\u2019Estudis de Literatura Catalana Contempor\u00e0nia. CIRIT (Generalitat de Catalunya). Universitat Aut\u00f2noma de Barcelona, Universitat de Girona, Universitat Pompeu Fabra. 2.800.000 PTA. Jordi Castellanos Vila. 30 investigadors.<\/p>\n<p>1997-1998. 1996SGR-00085. Grup d\u2019Estudis de Literatura Catalana Contempor\u00e0nia. CIRIT (Generalitat de Catalunya). Universitat Aut\u00f2noma de Barcelona, Universitat de Girona, Universitat Pompeu Fabra. 3.100.000 PTA. Inverestigador responsable: Jordi Castellanos Vila. 18 investigadors.<\/p>\n<p>1995-1996. 1995SGR-00607. Grup d\u2019Estudis de Literatura Catalana Contempor\u00e0nia. CIRIT (Generalitat de Catalunya). Universitat Aut\u00f2noma de Barcelona. 3.100.000 PTA. Investigador responsable: Jordi Castellanos Vila. 17 investigadors.<\/p>\n<p>1994-1995. CS93-2022. Grup d\u2019Estudis de Literatura Catalana Contempor\u00e0nia. CIRIT (Generalitat de Catalunya). Universitat Aut\u00f2noma de Barcelona. 3.800.000 PTA. Investigador responsable: Jordi Castellanos Vila. 13 investigadors.<\/p>\n<p>***<\/p>\n<p>Membre, del 2009 al 2017, del Centre d\u2019Estudis sobre les \u00c8poques Franquista i Democr\u00e0tica (CEFID) i, a partir del 2018, del Centre d\u2019Estudis sobre Dictadures i Democr\u00e0cies (CEDID).<\/p>\n","protected":false},"excerpt":{"rendered":"<p>2017-2020. 2017 SGR 1425. Grup de Recerca Consolidat del Centre d\u2019Estudis Hist\u00f2rics Internacionals (GREC-CEHI). Investigador principal: Andreu Mayayo Artal. 32 investigadors. Conflu\u00e8ncia de tres grups de recerca consolidats: Grup de Recerca i An\u00e0lisi del M\u00f3n Actual (GRANMA), Grup d\u2019Estudi d\u2019Hist\u00f2ria de la Cultura i dels Intel\u00b7lectuals (GEHCI, http:\/\/www.ub.edu\/gehci\/index_cat.htm), i el Grup de Recerca Multiculturalisme i [&hellip;]<\/p>\n","protected":false},"author":20,"featured_media":0,"parent":0,"menu_order":0,"comment_status":"closed","ping_status":"closed","template":"","meta":{"footnotes":""},"class_list":["post-35","page","type-page","status-publish","hentry"],"_links":{"self":[{"href":"https:\/\/webs.uab.cat\/francescfoguetboreu\/wp-json\/wp\/v2\/pages\/35","targetHints":{"allow":["GET"]}}],"collection":[{"href":"https:\/\/webs.uab.cat\/francescfoguetboreu\/wp-json\/wp\/v2\/pages"}],"about":[{"href":"https:\/\/webs.uab.cat\/francescfoguetboreu\/wp-json\/wp\/v2\/types\/page"}],"author":[{"embeddable":true,"href":"https:\/\/webs.uab.cat\/francescfoguetboreu\/wp-json\/wp\/v2\/users\/20"}],"replies":[{"embeddable":true,"href":"https:\/\/webs.uab.cat\/francescfoguetboreu\/wp-json\/wp\/v2\/comments?post=35"}],"version-history":[{"count":0,"href":"https:\/\/webs.uab.cat\/francescfoguetboreu\/wp-json\/wp\/v2\/pages\/35\/revisions"}],"wp:attachment":[{"href":"https:\/\/webs.uab.cat\/francescfoguetboreu\/wp-json\/wp\/v2\/media?parent=35"}],"curies":[{"name":"wp","href":"https:\/\/api.w.org\/{rel}","templated":true}]}}