{"id":36,"date":"2018-01-12T13:02:02","date_gmt":"2018-01-12T13:02:02","guid":{"rendered":"https:\/\/webs.uab.cat\/francescfoguetboreu\/projectes-de-recerca\/"},"modified":"2018-01-12T13:02:02","modified_gmt":"2018-01-12T13:02:02","slug":"projectes-de-recerca","status":"publish","type":"page","link":"https:\/\/webs.uab.cat\/francescfoguetboreu\/projectes-de-recerca\/","title":{"rendered":"Projectes de recerca"},"content":{"rendered":"<p>2019-2020. PGC2018-098191-B-I00. \u00abEuropa y el cambio cultural en Espa\u00f1a. Compromiso intelectual, redes culturales, conexiones transnacionales (1960-1975)\u00bb. \u00abProyectos de I+D de Generaci\u00f3n de Conocimiento\u00bb correspondientes al Programa Estatal de Generaci\u00f3n de Conocimiento y Fortalecimiento Cient\u00edfico y Tecnol\u00f3gico del Sistema de I+D+i. Universitat de Barcelona, Universitat de les Illes Balears i Universitat Aut\u00f2noma de Barcelona, 11 investigadors. 36.000 euros. Investigadors principals: Carles Santacana i Teresa Abell\u00f3.<\/p>\n<p>14.4.2016-31.12.2017. HAR2014-52882-P. \u00abLos fundamentos del cambio cultural en Espa\u00f1a (1960-1975)\u00bb. 2016-2017. Ministerio de Econom\u00eda y Competitividad. Universitat de Barcelona. 38.000 euros. Investigador principal: Jordi Casassas Ymbert. 15 investigadors.<\/p>\n<p>2012-2015. FFI2011-25037. Salvador Espriu: estudio gen\u00e9tico e interart\u00edstico de su obra. Ministerio de Ciencia e Innovaci\u00f3n. Universitat Aut\u00f2noma de Barcelona, Universitat de Barcelona, UOC. 12.100 euros. Investigador principal: V\u00edctor Mart\u00ednez Gil. 7 investigadors.<\/p>\n<p>2009-2011. FFI2008-03048. <em>Cultura i literatura a Catalunya, 1939-1959<\/em>. Ministerio de Ciencia e Innovaci\u00f3n. Universitat Aut\u00f2noma de Barcelona. 39.930 euros. Investigador principal: Jordi Castellanos Vila. 13 investigadors.<\/p>\n<p>2005-2008. HUM2005-01109\/Filo. <em>Concepcions i discursos sobre la modernitat en la literatura catalana dels segles XIX i XX<\/em>. Ministerio de Educaci\u00f3n y Ciencia (DGCYT). Universitat Aut\u00f2noma de Barcelona, Universitat de Girona. 35.700 euros. Investigador principal: Jordi Castellanos Vila. 17 investigadors.<\/p>\n<p>2002-2005. BFF2002-01041. L\u2019escriptor i la seva imatge. Projecci\u00f3 social de la literatura a la Catalunya contempor\u00e0nia. Ministerio de Ciencia y Tecnologia. Universitat Aut\u00f2noma de Barcelona, Universitat de Girona. 49.680 euros. Investigador responsable: Jordi Castellanos Vila. 18 investigadors.<\/p>\n<p>2004. Concessi\u00f3 d\u2019un ajut del Programa Juan de la Cierva en el marc del projecte de recerca BFF2002-01041 \u00abL\u2019escriptor i la seva imatge: Projecci\u00f3 social de la literatura a la Catalunya contempor\u00e0nia\u00bb, finan\u00e7at pel McyT i dirigit pel Dr. Jordi Castellanos i Vila, del Grup d\u2019Estudis de Literatura Catalana Contempor\u00e0nia de la UAB. Ren\u00fancia a l\u2019ajut per fer classes a la UAB.<\/p>\n<p>1999-2002. PB98-0881. <em>La novel\u00b7la catalana contempor\u00e0nia. Hist\u00f2ria i cr\u00edtica. Ministerio de Educaci\u00f3n y Ciencia<\/em> (DGES). Universitat Aut\u00f2noma de Barcelona. 2.500.000 PTA. Investigador responsable: Jordi Castellanos i Vila. 14 investigadors.<\/p>\n<p>1995-1998. PB-94-0710. <em>Hist\u00f2ria i cr\u00edtica de la novel\u00b7la a Catalunya (1862-1939)<\/em>. Ministerio de Educaci\u00f3n y Ciencia (DGCYT). Universitat Aut\u00f2noma de Barcelona. 4.000.000 PTA. Investigador responsable: Jordi Castellanos Vila. 19 investigadors.<\/p>\n<p>1995. PB91-0478. <em>Novel\u00b7la i societat catalana (1924-1939)<\/em>. Ministerio de Educaci\u00f3n y Ciencia (DGCYT). Universitat Aut\u00f2noma de Barcelona. 5.200.000 PTA. Investigador responsable: Jordi Castellanos Vila. 19 investigadors.<\/p>\n<p>***<\/p>\n<p>Membre del Comit\u00e8 Executiu i Cient\u00edfic del Projecte de Recerca sobre les Arts Esc\u00e8niques Catalanes (PRAEC), dependent de l\u2019Institut del Teatre de Barcelona, amb la participaci\u00f3 de les universitats dels Pa\u00efsos Catalans, l\u2019IEC i la Xarxa Vives. Des del 2011.<\/p>\n","protected":false},"excerpt":{"rendered":"<p>2019-2020. PGC2018-098191-B-I00. \u00abEuropa y el cambio cultural en Espa\u00f1a. Compromiso intelectual, redes culturales, conexiones transnacionales (1960-1975)\u00bb. \u00abProyectos de I+D de Generaci\u00f3n de Conocimiento\u00bb correspondientes al Programa Estatal de Generaci\u00f3n de Conocimiento y Fortalecimiento Cient\u00edfico y Tecnol\u00f3gico del Sistema de I+D+i. Universitat de Barcelona, Universitat de les Illes Balears i Universitat Aut\u00f2noma de Barcelona, 11 investigadors. [&hellip;]<\/p>\n","protected":false},"author":20,"featured_media":0,"parent":0,"menu_order":0,"comment_status":"closed","ping_status":"closed","template":"","meta":{"footnotes":""},"class_list":["post-36","page","type-page","status-publish","hentry"],"_links":{"self":[{"href":"https:\/\/webs.uab.cat\/francescfoguetboreu\/wp-json\/wp\/v2\/pages\/36","targetHints":{"allow":["GET"]}}],"collection":[{"href":"https:\/\/webs.uab.cat\/francescfoguetboreu\/wp-json\/wp\/v2\/pages"}],"about":[{"href":"https:\/\/webs.uab.cat\/francescfoguetboreu\/wp-json\/wp\/v2\/types\/page"}],"author":[{"embeddable":true,"href":"https:\/\/webs.uab.cat\/francescfoguetboreu\/wp-json\/wp\/v2\/users\/20"}],"replies":[{"embeddable":true,"href":"https:\/\/webs.uab.cat\/francescfoguetboreu\/wp-json\/wp\/v2\/comments?post=36"}],"version-history":[{"count":0,"href":"https:\/\/webs.uab.cat\/francescfoguetboreu\/wp-json\/wp\/v2\/pages\/36\/revisions"}],"wp:attachment":[{"href":"https:\/\/webs.uab.cat\/francescfoguetboreu\/wp-json\/wp\/v2\/media?parent=36"}],"curies":[{"name":"wp","href":"https:\/\/api.w.org\/{rel}","templated":true}]}}