{"id":38,"date":"2018-01-12T13:03:56","date_gmt":"2018-01-12T13:03:56","guid":{"rendered":"https:\/\/webs.uab.cat\/francescfoguetboreu\/acreditacions\/"},"modified":"2018-01-12T13:03:56","modified_gmt":"2018-01-12T13:03:56","slug":"acreditacions","status":"publish","type":"page","link":"https:\/\/webs.uab.cat\/francescfoguetboreu\/acreditacions\/","title":{"rendered":"Acreditacions"},"content":{"rendered":"<p>Avaluaci\u00f3 de l\u2019Acreditaci\u00f3 de recerca avan\u00e7ada resolta favorablement per l\u2019AQU (codi del tr\u00e0mit, ID: 5B73H67B1), 2a convocat\u00f2ria catedr\u00e0tic 2020. Hum \/ 11177. 7 d\u2019abril de 2021.<\/p>\n<p>Avaluaci\u00f3 de l\u2019activitat investigadora [per\u00edode 2014-2019] resolta positivament per l\u2019AQU, corresponent al tercer tram de recerca. Registre: 9067\/100087 \/ 2020. Codi del tr\u00e0mit (ID): LWX29ZB99. 1a Convocat\u00f2ria AAI Contractat (2020). 13 de juliol de 2020.<\/p>\n<p>Avaluaci\u00f3 de l\u2019activitat investigadora [per\u00edode 2007-2013] resolta positivament per l\u2019AQU, corresponent al segon tram de recerca. Sol\u00b7licitud n\u00famero de registre: 9015 &#8211; 74838 \/ 2014 (juny de 2014).<\/p>\n<p>Avaluaci\u00f3 positiva per a l\u2019\u00abAcreditaci\u00f3n para el cuerpo de Profesores Titulares de Universidad\u00bb, Programa Academia de l\u2019ANECA, 7 d\u2019octubre de 2009. Refer\u00e8ncia 2009-002784.<\/p>\n<p>Avaluaci\u00f3 positiva de l\u2019activitat docent del professorat per al tram docent auton\u00f2mic, certificats per l\u2019AQU 1) per al per\u00edode 1\/01\/1995 a 17\/12\/2007 de lector (2008); 2) per al per\u00edode 18\/12\/2007 a 17\/12\/2012 d\u2019agregat (2013), i 3 per al per\u00edode 18\/12\/2012 a 17\/12\/2017 d&#8217;agregat (2018). Avaluaci\u00f3 dels trams de doc\u00e8ncia b\u00e0sics: 1) per\u00edode 1995-2003 de Lector; 2) per\u00edode 2003-2009 d\u2019agregat; 3) 2009-2014 d\u2019agregat.<\/p>\n<p>Avaluaci\u00f3 de l\u2019activitat investigadora [per\u00edode 1999-2006] resolta positivament per l\u2019AQU, corresponent a primer tram de recerca. Sol\u00b7licitud n\u00famero d\u2019expedient U1448\/6037934-51 (juny de 2007).<\/p>\n<p>Acreditaci\u00f3 d\u2019haver superat el Programa Formaci\u00f3 Docent en Educaci\u00f3 Superior \u2013FDES\u2013 amb una durada de 6 cr\u00e8dits ECTS per la Unitat d\u2019Innovaci\u00f3 Docent en Educaci\u00f3 Superior de l\u2019IDES (Innovaci\u00f3 Docent en Educaci\u00f3 Superior) de la UAB, n\u00fam. 00038 (26 de setembre de 2006).<\/p>\n<p>Acreditaci\u00f3 de recerca per l\u2019AQU, n\u00fam. d\u2019expedient U1445\/4745037-39 (juliol de 2006).<\/p>\n<p>Acreditaci\u00f3 com a \u00abProfesor contratado doctor\u00bb (refer\u00e8ncia 2005-4939) i \u00abProfesor de universidad privada\u00bb (refer\u00e8ncia 2005-4940) per l\u2019Agencia Nacional de Evaluaci\u00f3n y Acreditaci\u00f3n (ANECA) del Ministerio de Educaci\u00f3n y Ciencia (desembre de 2005).<\/p>\n<p>Acreditaci\u00f3 com a professorat lector per l\u2019AQU, n\u00fam. d\u2019expedient U1443\/3579631-21 (abril de 2005).<\/p>\n","protected":false},"excerpt":{"rendered":"<p>Avaluaci\u00f3 de l\u2019Acreditaci\u00f3 de recerca avan\u00e7ada resolta favorablement per l\u2019AQU (codi del tr\u00e0mit, ID: 5B73H67B1), 2a convocat\u00f2ria catedr\u00e0tic 2020. Hum \/ 11177. 7 d\u2019abril de 2021. Avaluaci\u00f3 de l\u2019activitat investigadora [per\u00edode 2014-2019] resolta positivament per l\u2019AQU, corresponent al tercer tram de recerca. Registre: 9067\/100087 \/ 2020. Codi del tr\u00e0mit (ID): LWX29ZB99. 1a Convocat\u00f2ria AAI Contractat [&hellip;]<\/p>\n","protected":false},"author":20,"featured_media":0,"parent":0,"menu_order":0,"comment_status":"closed","ping_status":"closed","template":"","meta":{"footnotes":""},"class_list":["post-38","page","type-page","status-publish","hentry"],"_links":{"self":[{"href":"https:\/\/webs.uab.cat\/francescfoguetboreu\/wp-json\/wp\/v2\/pages\/38","targetHints":{"allow":["GET"]}}],"collection":[{"href":"https:\/\/webs.uab.cat\/francescfoguetboreu\/wp-json\/wp\/v2\/pages"}],"about":[{"href":"https:\/\/webs.uab.cat\/francescfoguetboreu\/wp-json\/wp\/v2\/types\/page"}],"author":[{"embeddable":true,"href":"https:\/\/webs.uab.cat\/francescfoguetboreu\/wp-json\/wp\/v2\/users\/20"}],"replies":[{"embeddable":true,"href":"https:\/\/webs.uab.cat\/francescfoguetboreu\/wp-json\/wp\/v2\/comments?post=38"}],"version-history":[{"count":0,"href":"https:\/\/webs.uab.cat\/francescfoguetboreu\/wp-json\/wp\/v2\/pages\/38\/revisions"}],"wp:attachment":[{"href":"https:\/\/webs.uab.cat\/francescfoguetboreu\/wp-json\/wp\/v2\/media?parent=38"}],"curies":[{"name":"wp","href":"https:\/\/api.w.org\/{rel}","templated":true}]}}