{"id":40,"date":"2018-01-12T13:06:06","date_gmt":"2018-01-12T13:06:06","guid":{"rendered":"https:\/\/webs.uab.cat\/francescfoguetboreu\/organitzacio-dactes-academics\/"},"modified":"2018-01-12T13:06:06","modified_gmt":"2018-01-12T13:06:06","slug":"organitzacio-dactes-academics","status":"publish","type":"page","link":"https:\/\/webs.uab.cat\/francescfoguetboreu\/organitzacio-dactes-academics\/","title":{"rendered":"Organitzaci\u00f3 d&#8217;actes acad\u00e8mics"},"content":{"rendered":"<p>2021. Coordinador, amb Anton Carbonell i Antoni Dalmases, de la jornada en l\u00ednia <em>Ensenyar literatura catalana a l\u2019educaci\u00f3 secund\u00e0ria<\/em>, organitzat pel Col\u00b7lectiu Pere Quart i la Societat Catalana de Llengua i Literatura, amb el suport del Departament de Filologia Catalana de la UAB, 12 de juliol.<\/p>\n<p>2021. Coordinador, amb Joan Tom\u00e0s Mart\u00ednez, del Simposi \u00abMem\u00f2ria, realitat i teatre a les Illes Balears del segle XXI\u00bb, organitzat per l\u2019Escola Superior d\u2019Art Dram\u00e0tic de les Illes Balears, la Societat Catalana de Llengua i Literatura (filial de l\u2019IEC) i el Teatre Principal de Palma. Palma, Estudi General Lul\u00b7li\u00e0 i Teatre Principal de Palma, 16 de juny.<\/p>\n<p>2021. Coordinador, amb Enric Pujol, del Simposi virtual \u00abFerran Soldevila, entre la hist\u00f2ria i la literatura\u00bb, organitzat per la Instituci\u00f3 de les Lletres Catalanes (Departament de Cultura), la Secci\u00f3 Hist\u00f2rico-Arqueol\u00f2gica (IEC) i la Societat Catalana de Llengua i Literatura (filial de l\u2019IEC). Institut d\u2019Estudis Catalans, 18 de maig.<\/p>\n<p>2021. Coordinador, amb Ramon Aran, del Simposi virtual \u00abJoan Teixidor i el teatre catal\u00e0 contemporani\u00bb, organitzat per la Societat Catalana de Llengua i Literatura (filial de l&#8217;IEC) i l&#8217;Ateneu Barcelon\u00e8s. Institut d&#8217;Estudis Catalans i Ateneu Barcelon\u00e8s, 16 de mar\u00e7.<\/p>\n<p>2020. Coordinador, amb A\u00efda Ayats, de la Jornada virtual&nbsp;\u00abLa dramat\u00fargia catalana al segle XXI, balan\u00e7 cr\u00edtic\u00bb, organitzada per la Societat Catalana de Llengua i Literatura (filial de l\u2019IEC). Institut d\u2019Estudis Catalans, 30 d\u2019octubre.<\/p>\n<p>2020. Coordinador, amb Eusebi Ayensa, del Simposi \u00abRellegir Anglada\u00bb, en commemoraci\u00f3 del 90\u00e8 aniversari del seu naixement, organitzat per la Instituci\u00f3 de les Lletres Catalanes i la Societat Catalana de Llengua i Literatura (filial de l\u2019IEC). Institut d\u2019Estudis Catalans, 9 de mar\u00e7.<\/p>\n<p>2019. Membre del Comit\u00e8 Organitzador del V Simposi Internacional d&#8217;Arts Esc\u00e8niques, \u00abQ\u00fcestionaments i reformulacions contempor\u00e0nies del text teatral: del &#8220;teatre de l&#8217;absurd&#8221; als nous paradigmes performatius. Centenari de Joan Brossa\u00bb, organitzat per l&#8217;Institut d&#8217;Interuniversitari de Filologia Valenciana, Departament de Filologia Catalana de la Universitat d&#8217;Alacant i Grup de Recerca \u00abMem\u00f2ria, Identitat i Ficcions\u00bb. Universitat d&#8217;Alacant, 14 i 15 de novembre.<\/p>\n<p>2019. Membre el Comit\u00e8 Cient\u00edfic del congr\u00e9s internacional <em>80 ans apr\u00e8s \u2018La retirada\u2019. L\u2019exil r\u00e9publicain espagnol en France: th\u00e9\u00e2tre, culture et engagement<\/em>, organitzat pel GEXEL (UAB) i el Laboratoire ICTT de la Universit\u00e9 d\u2019Avignon. Universit\u00e9 d\u2019Avignon, 4 de novembre.<\/p>\n<p>2018-2019. Membre del Comit\u00e8 Cient\u00edfic del congr\u00e9s Internacional <em>Literatura i Exili<\/em>, organitzat pel Grup de Recerca Identitats en la Literatura Catalana i el Grup de Recerca Literatura, Iconografia i Recepci\u00f3 de l\u2019Antiguitat Cl\u00e0ssica, tots dos de la URV. Universitat Rovira i Virgili, Tarragona, 23-25 d\u2019octubre.<\/p>\n<p>2019. Coordinador, amb Montserrat Bacard\u00ed, del Simposi \u00abTeresa P\u00e0mies, pol\u00edtica, mem\u00f2ria i literatura\u00bb, organitzat per la Instituci\u00f3 de les Lletres Catalanes i la Societat Catalana de Llengua i Literatura (filial de l\u2019IEC). Institut d\u2019Estudis Catalans, 8 d\u2019octubre.<\/p>\n<p>2019. Coordinador, amb Ol\u00edvia Gassol, del Simposi \u00abLa Colla de Sabadell: Joan Oliver, Francesc Trabal i Armand Obiols\u00bb, organitzat per l\u2019Ajuntament de Sabadell, el Col\u00b7lectiu Pere Quart, la Instituci\u00f3 de les Lletres Catalanes, la Comissi\u00f3 100 Anys de la Colla de Sabadell, el Departament de Filologia Catalana de la UAB i la Societat Catalana de Llengua i Literatura (filial de l\u2019IEC). Casal Pere Quart, Sabadell, 4 i 5 d\u2019octubre.<\/p>\n<p>2019. Coordinador del seminari interuniversitari \u00abLa recerca human\u00edstica en l\u2019\u00e0mbit europeu\u00bb, organitzat per la Universitat Aut\u00f2noma de Barcelona, la Universit\u00e9 d\u2019Avignon, la Universit\u00e9 Paul Val\u00e9ry-Montpellier i la Universitat d\u2019Alacant. Facultat de Filosofia i Lletres de la UAB, 11 de juny.<\/p>\n<p>2018. Membre del Comit\u00e8 Cient\u00edfic de la VI Confer\u00e8ncia de l\u2019Aula Molas, \u00abLlegir. On som?\u00bb. Vilanova i la Geltr\u00fa, Biblioteca Museu V\u00edctor Balaguer, 1 de juny.<\/p>\n<p>2018. Coordinador, amb Montserrat Bacard\u00ed, del Simposi \u00abVig\u00e8ncia de Manuel de Pedrolo\u00bb (IEC, 11 i 12 d&#8217;abril), organitzat per la Societat Catalana de Llengua i Literatura (filial de l&#8217;IEC), la Instituci\u00f3 de les Lletres Catalanes, el Departament de Filologia Catalana de la UAB i el Grup d&#8217;Estudi de la Traducci\u00f3 Catalana Contempor\u00e0nia.<\/p>\n<p>2018. Coordinador, amb Montserrat Bacard\u00ed, del II Seminari Rafael Tasis, \u00abConstel\u00b7laci\u00f3 tasiana. Contextos i relacions\u00bb (IEC, 9 de mar\u00e7), organitzat per la Societat Catalana de Llengua i Literatura (filial de l&#8217;IEC) i el Grup d&#8217;Estudi de la Traducci\u00f3 Catalana Contempor\u00e0nia.<\/p>\n<p>2017. Coordinador, amb Daniel Casals, del seminari <em>Armand Blanch, una figura clau del radioteatre catal\u00e0<\/em>\u00bb, organitzat per la SCLL, Departament de Filologia Catalana de la UAB i Grup de Recerca en Hist\u00f2ria de la Llengua Catalana de l\u2019\u00c8poca Contempor\u00e0nia de la UAB. Presentaci\u00f3 de la pon\u00e8ncia: \u00abArmand Blanch, perfil biogr\u00e0fic i obra teatral\u00bb. IEC, 24 de novembre.&nbsp;<\/p>\n<p>2017. Coordinador, amb Jaume Aulet i Anton Carbonell, del curs <em>Ensenyar literatura catalana avui. Eines, estrat\u00e8gies i neguits<\/em>, organitzat per l\u2019Institut de Ci\u00e8ncies de l\u2019Educaci\u00f3 de la UAB i el Departament de Filologia Catalana de la UAB. Casa de la Convalesc\u00e8ncia de l\u2019Hospital de Sant Pau de Barcelona, 10-14 de juliol (curs d\u2019estiu) i 24 d\u2019octubre-12 de desembre (curs d\u2019hivern).<\/p>\n<p>2017. Membre del Comit\u00e8 Cient\u00edfic [amb Jaume Aulet, Gl\u00f2ria Casals, Enric Cassany, Josep M. Domingo, Marina Gust\u00e0, Josep Murgades] de la V Confer\u00e8ncia de l\u2019Aula Molas, \u00abCr\u00edtica i literatura. Les raons dels cr\u00edtics\u00bb. Vilanova i la Geltr\u00fa, Biblioteca Museu V\u00edctor Balaguer, 5 de maig.<\/p>\n<p>2017. Coordinador, amb Daniel Casals, del III Simposi sobre l\u2019ensenyament de la llengua i la literatura catalanes a la secund\u00e0ria i a la universitat. \u00abAfer d\u2019estat: la llengua i la literatura a les aules\u00bb, organitzat pel Departament de Filologia Catalana de la UAB amb la col\u00b7laboraci\u00f3 de la Secci\u00f3 Filol\u00f2gica de l\u2019IEC, la Societat Catalana de Llengua i Literatura (filial de l\u2019IEC), l\u2019Institut de Ci\u00e8ncies de l\u2019Educaci\u00f3 de la UAB, el Col\u00b7legi Oficial de Doctors i Llicenciats en Filosofia i Lletres i en Ci\u00e8ncies de Catalunya i el Grup de Recerca en Hist\u00f2ria de la Llengua Catalana de l\u2019\u00c8poca Contempor\u00e0nia de la UAB. Institut d\u2019Estudis Catalans, 26 d\u2019abril.<\/p>\n<p>2016-2022. Coordinador general de les jornades de balan\u00e7 cr\u00edtic de la literatura catalana del segle XXI, dedicades a la poesia (2016, coord. \u00d2scar Bagur i Ol\u00edvia Gassol), la narrativa (2018, coord. Josep Camps i Maria Dasca), el teatre (2020, coord. A\u00efda Ayats i Francesc Foguet) i l\u2019assaig (2022, coord. V\u00edctor Mart\u00ednez-Gil i Mireia Sopena), organitzades per la Societat Catalana de Llengua i Literatura (filial de l\u2019IEC). Les actes s\u00f3n publicades en la col\u00b7lecci\u00f3 \u201cTreballs de la Societat Catalana de Llengua i Literatura\u201d (SCLL-IEC).<\/p>\n<p>2016. Membre del Comit\u00e8 Organitzador del IV Simposi Internacional d&#8217;Arts Esc\u00e8niques, \u00abDramat\u00fargies contempor\u00e0nies per a la igualtat: autories, escenificacions, recepcions\u00bb, organitzat pel Grup d&#8217;Investigaci\u00f3 Mem\u00f2ria, Identitat i Ficcions de la UA. Universitat d&#8217;Alacant, 1-2 de desembre.<\/p>\n<p>2016. Membre del Comit\u00e8 Cient\u00edfic [amb Jaume Aulet, Gl\u00f2ria Casals, Enric Cassany, Josep M. Domingo, Marina Gust\u00e0, Josep Murgades] de la IV Confer\u00e8ncia de l\u2019Aula Molas, \u00abBarcelona, capital liter\u00e0ria\u00bb. Vilanova i la Geltr\u00fa, Biblioteca Museu V\u00edctor Balaguer, 20 de maig.<\/p>\n<p>2016. Coordinador, amb Montserrat Bacard\u00ed i \u00c0lex Mart\u00edn, del I Seminari Rafael Tasis. Rafael Tasis (1906-1966), cinquanta anys despr\u00e9s, organitzat pel Grup d\u2019Estudis de Literatura Catalana Contempor\u00e0nia, el Grup d\u2019Estudi de la Traducci\u00f3 Catalana Contempor\u00e0nia, tots dos de la UAB, i la Societat Catalana de Llengua i Literatura, filial de l\u2019IEC. Institut d\u2019Estudis Catalans, 9 de mar\u00e7.<\/p>\n<p>2015. Membre del Comit\u00e8 Organitzador [amb Josep M. Domingo i Montserrat Comas] de la III Confer\u00e8ncia de l\u2019Aula Molas, \u00abEstudis literaris: quin dem\u00e0 per a estudis de sempre?\u00bb. Vilanova i la Geltr\u00fa, Biblioteca Museu V\u00edctor Balaguer, 15 de maig.<\/p>\n<p>2015. Membre del Comit\u00e8 Cient\u00edfic [amb Rafael Alemany, Gl\u00f2ria Bordons, Joan Borja, Enric Cassany, Anna Margallo, Josep Anton Fern\u00e0ndez, Gemma Lluch, Tom\u00e0s Mart\u00ednez, Montserrat Palau, Margalida Pons, Ramon X. Rossell\u00f3, Lloren\u00e7 Soldevila, Josep Ramon Veny, ] del II Simposi d\u2019Ensenyament de la Literatura i la Llengua, organitzat per la Universitat d\u2019Alacant. Facultat de Traducci\u00f3 de la UA, 6-7 de mar\u00e7.<\/p>\n<p>2014. Membre del Comit\u00e8 Cient\u00edfic [amb Jaume Aulet, Gl\u00f2ria Casals, Enric Cassany, Josep M. Domingo, Marina Gust\u00e0, Josep Murgades] de la II Confer\u00e8ncia de l\u2019Aula Molas, \u00abLes ciutats i l\u2019espai intel\u00b7lectual. Catalunya (1914-1936)\u00bb. Vilanova i la Geltr\u00fa, Biblioteca Museu V\u00edctor Balaguer, 23 de maig.<\/p>\n<p>2013. Membre del Comit\u00e8 Organitzador [amb V\u00edctor Mart\u00ednez-Gil, Jordi Cerd\u00e0, Ol\u00edvia Gassol, Gabriella Gavagnin, Teresa Iribarren i N\u00faria Santamaria] del II Simposi internacional Salvador Espriu. Despr\u00e9s de <em>La pell de brau<\/em>, organitzat pel GELLC-UAB i el Centre de Documentaci\u00f3 i Estudi Salvador Espriu, 13-15 de novembre.<\/p>\n<p>2013. Coordinador, amb Daniel Casals, del II Simposi sobre l\u2019ensenyament de la llengua i la literatura catalanes a la Secund\u00e0ria i a la Universitat, \u00abQuin futur volem? Perspectives i propostes\u00bb Institut d\u2019Estudis Catalans, 11 d\u2019octubre.<\/p>\n<p>2013. Membre del Comit\u00e8 Cient\u00edfic [amb Jaume Aulet, Gl\u00f2ria Casals, Enric Cassany, Josep M. Domingo, Marina Gust\u00e0, Josep Murgades] de la I Confer\u00e8ncia de l\u2019Aula Molas, \u00abLa catalan\u00edstica en l\u2019acad\u00e8mia global\u00bb. Vilanova i la Geltr\u00fa, Biblioteca Museu V\u00edctor Balaguer, 17 de maig.<\/p>\n<p>2012. Membre del Comit\u00e8 Organitzador [amb Ant\u00f2nia Amo, David George, Jaume Lloret, Isabel Marcillas, Albert Mestres, Ramon X. Rosell\u00f3, Gabriel Sansano, N\u00faria Santamaria i Pere Santandreu] del III Simposi Internacional d\u2019Arts Esc\u00e8niques. \u00abL\u2019int\u00e8rpret (del teatre naturalista a l\u2019escena digital)\u00bb. Universitat d\u2019Alacant, 22-24 de novembre.<\/p>\n<p>2012. Membre del Comit\u00e8 Cient\u00edfic [amb N\u00faria Santamaria] de les IV Jornades de debat sobre el repertori teatral catal\u00e0. \u00abDona i teatre\u00bb. Institut del Teatre de Barcelona, 9 de novembre.<\/p>\n<p>2012. Coordinador del II Seminari GRAE, organitzat pel Grup de Recerca en Arts Esc\u00e8niques de la UAB. UAB, 19 d\u2019octubre.<\/p>\n<p>2012. Membre del Comit\u00e8 Cient\u00edfic [amb Maria Codinachs, Antoni Tort, Ramon X. Rossell\u00f3, Neus Real i N\u00faria Santamaria], del IV Simposi sobre el teatre infantil i juvenil. Teatre infantil i humor. UAB, 18 d\u2019octubre de 2012.<\/p>\n<p>2012. Coordinaci\u00f3, amb Montserrat Bacard\u00ed i Enric Gall\u00e9n, de la I Jornada d\u2019Intergrups de recerca. La literatura catalana contempor\u00e0nia: intertextos, influ\u00e8ncies i relacions. Institut d\u2019Estudis Catalans, 11 de maig de 2012.<\/p>\n<p>2012. Membre del Comit\u00e8 Organitzador [Sharon G. Feldman, N\u00faria Santamaria, Joan Tom\u00e0s Mart\u00ednez] del I Congr\u00e9s Internacional del GRAE, \u00abLa frontera, un concepte ineludible?\u00bb. Barcelona, 1-3 de mar\u00e7.<\/p>\n<p>2010. Coordinador del I Seminari GRAE, organitzat pel Grup de Recerca en Arts Esc\u00e8niques de la UAB. UAB, 15 d\u2019octubre.<\/p>\n<p>2010. Coordinador, amb Jordi Auseller i N\u00faria Santamaria, del III Simposi sobre el teatre infantil i juvenil \u00abSi l\u2019emperador va nu!\u00bb, organitzat pel Grup de Recerca en Arts Esc\u00e8niques de la UAB, el Grup Bambalina Teatre i la Fundaci\u00f3 Xarxa de Teatre Infantil i Juvenil, i l\u2019Ajuntament de Cerdanyola del Vall\u00e8s. Universitat Aut\u00f2noma de Barcelona, 14 d\u2019octubre.<\/p>\n<p>2010. Coordinador, amb N\u00faria Santamaria i Merc\u00e8 Saumell, de \u00abL\u2019Agrupaci\u00f3 Dram\u00e0tica de Barcelona: entre el mite i la realitat? III Jornades de debat sobre el repertori teatral catal\u00e0\u00bb, organitzades pel Departament de Filologia Catalana de la UAB, el Grup de Recerca en Arts Esc\u00e8niques de la UAB i l\u2019Institut del Teatre de Barcelona, 17 de mar\u00e7.<\/p>\n<p>2009. Membre del Comit\u00e8 Organitzador [amb Sharon G. Feldman, Isabel Marcillas, Llu\u00eds Meseguer, N\u00faria Santamaria, Gabriel Sansano, Josep Llu\u00eds Sirera i David George] del II Simposi Internacional d\u2019Arts Esc\u00e8niques: Les formes del teatre breu, organitzat per l\u2019Institut Interuniversitari de Filologia Valenciana i el Grup de Recerca Tradicions teatrals i dramat\u00fargies contempor\u00e0nies de la Universitat d\u2019Alacant amb la col\u00b7laboraci\u00f3 del Grup de Recerca en Arts Esc\u00e8niques de la UAB, el Departament de Filologia Catalana de la UA i el Departament de Filologia Catalana de la UAB. Sueca, 10-12 de desembre.<\/p>\n<p>2009. Coordinador, amb Daniel Casals, del I Simposi sobre l\u2019ensenyament de la llengua i la literatura catalanes a la Secund\u00e0ria i a la Universitat. Qu\u00e8 i com hem d\u2019ensenyar a les aules del segle XXI?, organitzat pel Departament de Filologia Catalana de la UAB amb la col\u00b7laboraci\u00f3 del Col\u00b7legi Oficial de Doctors i Llicenciats en Filosofia i Lletres i en Ci\u00e8ncies de Catalunya, Instituci\u00f3 de les Lletres Catalanes, Institut de Ci\u00e8ncies de l\u2019Educaci\u00f3 de la UAB, Institut de Ci\u00e8ncies de l\u2019Educaci\u00f3 de la Universitat Rovira i Virgili i Institut d\u2019Estudis Catalans. Institut d\u2019Estudis Catalans, el 14 d\u2019octubre.<\/p>\n<p>2009. Membre del Comit\u00e8 Organitzador [amb Francesc Codina, Ramon Pinyol, Miquel Tuneu, Xus Ugarte, Mari\u00e0ngela Vilallonga] de la jornada \u00abL\u2019obra de Maria \u00c0ngels Anglada avui\u00bb, organitzada per la C\u00e0tedra Verdaguer d\u2019Estudis Literaris de la Universitat de Vic i la C\u00e0tedra Maria \u00c0ngels Anglada de la Universitat de Girona, Departament de Traducci\u00f3 i Interpretaci\u00f3 de la Universitat de Vic, Patronat d\u2019Estudis Osonencs i <em>Reduccions. Revista de Poesia<\/em>. Universitat de Vic, 20 d\u2019abril.<\/p>\n<p>2008. Membre (secretari) de la Comissi\u00f3 Organitzadora [amb Manuel Aznar, Maria Campillo, Mireia Capdevila, Judit Subirachs-Burgaya, Francesc Vilanova] del congr\u00e9s \u00abBarcelona, 1938. Capital de tres governs. Pol\u00edtica i cultura\u00bb, organitzat per la Fundaci\u00f3 Carles Pi i Sunyer i el Centre d\u2019Estudis de les \u00c8poques Franquista i Democr\u00e0tica (CEFID-UAB). Casa Golferichs, Barcelona, 18-21 de novembre. Aquest congr\u00e9s s\u2019inscrivia dins dels actes commemoratius de \u00abBarcelona, 1938. Capital de la Rep\u00fablica\u00bb.<\/p>\n<p>2008. Coordinador, amb Josep Camps (UOC), del simposi <em>Escriptors dissidents. Joan Baptista Xuriguera, entre la literatura i la pol\u00edtica<\/em>, organitzat pel GELCC. Universitat Aut\u00f2noma de Barcelona, 12 de novembre. Assessorament en l\u2019exposici\u00f3 virtual \u00abJoan Baptista Xuriguera, entre la literatura i la pol\u00edtica\u00bb, elaborada per la Biblioteca d\u2019Humanitats.<\/p>\n<p>2008. Coordinador, amb N\u00faria Santamaria, del II Simposi sobre el teatre infantil i juvenil, organitzat pel Departament de Filologia Catalana de la UAB, el Grup Bambalina Teatre, la Fundaci\u00f3 Xarxa de Teatre Infantil i Juvenil i l\u2019Ajuntament de Cerdanyola. Universitat Aut\u00f2noma de Barcelona, 16 d\u2019octubre.<\/p>\n<p>2006. Membre del Comit\u00e8 Organitzador [amb Ramon Rossell\u00f3, Biel Sansano i Josep Llu\u00eds Sirera] del I Simposi Internacional d\u2019Arts Esc\u00e8niques: El teatre de Manuel Molins. Universitat d\u2019Alacant, 9-11 de novembre de 2006.<\/p>\n<p>2006. Coordinador, amb N\u00faria Santamaria, del I Simposi sobre el teatre infantil i juvenil \u00abDramat\u00fargia al Pa\u00eds de les Meravelles?\u00bb, organitzat pel Departament de Filologia Catalana de la UAB, el Grup Bambalina Teatre, la Fundaci\u00f3 Xarxa de Teatre Infantil i Juvenil i l\u2019Ajuntament de Cerdanyola. Universitat Aut\u00f2noma de Barcelona, 29 de setembre.<\/p>\n<p>2006. Coordinador, amb N\u00faria Santamaria, de les II Jornades sobre el repertori teatral catal\u00e0 \u00ab70s: spectaculum interruptum?\u00bb, organitzada pel Departament de Filologia Catalana de la UAB i l\u2019Institut del Teatre de Barcelona, 27-28 d\u2019abril. (Article, escrit conjuntament amb N\u00faria Santamaria, \u00abEra aix\u00f2, companys, era aix\u00f2?\u00bb, a <em>La Cosa<\/em>, n\u00fam. 28, mar\u00e7-abril de 2006, p. 6-7).<\/p>\n<p>2005. Membre del Comit\u00e8 Organitzador del 1r Simposi Internacional sobre Teatre Catal\u00e0 Contemporani (de la Transici\u00f3 a l\u2019actualitat), organitzat per l\u2019Institut del Teatre i la Xarxa Tem\u00e0tica d\u2019Orientacions i Tend\u00e8ncies en les Arts Esc\u00e8niques a Catalunya, de l\u20191 al 3 de juny de 2005.<\/p>\n<p>2004. Coordinador, amb Jaume Aulet i N\u00faria Santamaria, de les I Jornades de debat sobre el repertori teatral catal\u00e0 \u00abUna tradici\u00f3 dolenta, male\u00efda o ignorada?\u00bb, organitzada pel Departament de Filologia Catalana de la UAB i l\u2019Institut del Teatre de Barcelona. 29-30 d\u2019abril.<\/p>\n","protected":false},"excerpt":{"rendered":"<p>2021. Coordinador, amb Anton Carbonell i Antoni Dalmases, de la jornada en l\u00ednia Ensenyar literatura catalana a l\u2019educaci\u00f3 secund\u00e0ria, organitzat pel Col\u00b7lectiu Pere Quart i la Societat Catalana de Llengua i Literatura, amb el suport del Departament de Filologia Catalana de la UAB, 12 de juliol. 2021. Coordinador, amb Joan Tom\u00e0s Mart\u00ednez, del Simposi \u00abMem\u00f2ria, [&hellip;]<\/p>\n","protected":false},"author":20,"featured_media":0,"parent":0,"menu_order":0,"comment_status":"closed","ping_status":"closed","template":"","meta":{"footnotes":""},"class_list":["post-40","page","type-page","status-publish","hentry"],"_links":{"self":[{"href":"https:\/\/webs.uab.cat\/francescfoguetboreu\/wp-json\/wp\/v2\/pages\/40","targetHints":{"allow":["GET"]}}],"collection":[{"href":"https:\/\/webs.uab.cat\/francescfoguetboreu\/wp-json\/wp\/v2\/pages"}],"about":[{"href":"https:\/\/webs.uab.cat\/francescfoguetboreu\/wp-json\/wp\/v2\/types\/page"}],"author":[{"embeddable":true,"href":"https:\/\/webs.uab.cat\/francescfoguetboreu\/wp-json\/wp\/v2\/users\/20"}],"replies":[{"embeddable":true,"href":"https:\/\/webs.uab.cat\/francescfoguetboreu\/wp-json\/wp\/v2\/comments?post=40"}],"version-history":[{"count":0,"href":"https:\/\/webs.uab.cat\/francescfoguetboreu\/wp-json\/wp\/v2\/pages\/40\/revisions"}],"wp:attachment":[{"href":"https:\/\/webs.uab.cat\/francescfoguetboreu\/wp-json\/wp\/v2\/media?parent=40"}],"curies":[{"name":"wp","href":"https:\/\/api.w.org\/{rel}","templated":true}]}}