{"id":43,"date":"2018-01-12T13:14:54","date_gmt":"2018-01-12T13:14:54","guid":{"rendered":"https:\/\/webs.uab.cat\/francescfoguetboreu\/dades-complementaries\/"},"modified":"2018-01-12T13:14:54","modified_gmt":"2018-01-12T13:14:54","slug":"dades-complementaries","status":"publish","type":"page","link":"https:\/\/webs.uab.cat\/francescfoguetboreu\/dades-complementaries\/","title":{"rendered":"Dades complement\u00e0ries"},"content":{"rendered":"<p>2019-. Membre del consell assessor de la revista <em>Tal\u00eda. Revista de Estudios Teatrales <\/em>(Universidad Complutense de Madrid).<\/p>\n<p>2018-. Co-director, amb Miquel M. Gibert, de l&#8217;edici\u00f3 cr\u00edtica de l&#8217;Obra Completa de Sagarra, s\u00e8rie &#8220;Teatre&#8221;, a partir del volum 7 (21 de l&#8217;Obra Completa), que publica Edicions 3i4.<\/p>\n<p>2017-. Membre del consell assessor de la revista <em>Llengua &amp; Literatura <\/em>de la Societat Catalana de Llengua i Literatura (filial de l\u2019IEC).<\/p>\n<p>2015-. Vocal de la Junta directiva de la Societat Catalana de Llengua i Literatura, filial de l\u2019IEC. 2.12.2015.<\/p>\n<p>2015-. Membre del Consell Editor del projecte d\u2019edici\u00f3 dels <em>Diaris<\/em>, de Ricard Salvat, per les Edicions de la Universitat de Barcelona.<\/p>\n<p>2013-. Membre del Comit\u00e8 Cient\u00edfic de l\u2019Aula Molas, del Museu V\u00edctor Balaguer de Vilanova i la Geltr\u00fa.<\/p>\n<p>2010-. Membre del Comit\u00e8 Cient\u00edfic de la revista <em>Mascan\u00e7\u00e0<\/em>. <em>Revista d\u2019Estudis del Pla d\u2019Urgell<\/em>, dirigida pel Centre de Recerques Mascan\u00e7\u00e0 del Pla d\u2019Urgell.<\/p>\n<p>Avaluador extern eventual de les revistes <em>Els Marges<\/em>, <em>Quaderns de Filologia <\/em>(UV), <em>Haid\u00e9<\/em> (Biblioteca de Catalunya), <em>Lectora <\/em>(UB), <em>Llengua &amp; Literatura <\/em>(IEC),<em> Anuari Trilcat <\/em>(UPF), <em>Revista de Lenguas y Literaturas Catalana, Gallega y Basca <\/em>(UNED), <em>Studia Romanica Posnaniensia <\/em>(Universitat Adam Mickiewicz de Poznan, Pol\u00f2nia), <em>Rivista Italiana di Studi Catalani <\/em>(Associazione Italiana di Studi Catalani) i <em>Catalonia <\/em>(Sorbonne Universit\u00e9), i tamb\u00e9 de les publicacions de la C\u00e0tedra M\u00e0rius Torres de la Universitat de Lleida (\u00abMeridians\u00bb) i de la Fundaci\u00f3 Germ\u00e0 Col\u00f3n de la Universitat Jaume I.<\/p>\n<p>* * *<\/p>\n<p>2013-. Membre de la Societat Catalana de Llengua i Literatura de l\u2019IEC.<\/p>\n<p>2006-. Membre de l\u2019Associaci\u00f3 d\u2019Escriptors en Llengua Catalana.<\/p>\n<p>2000-. Membre de l\u2019Associaci\u00f3 Internacional de Llengua i Literatura Catalanes.<\/p>\n<p>* * *<\/p>\n<p>2017-2020. Membre del Centre d\u2019Estudis Joan Brossa, dirigit per Vicen\u00e7 Altai\u00f3 i Gl\u00f2ria Bordons (Fundaci\u00f3 Joan Brossa).<\/p>\n<p>2015-2020. Membre del Col\u00b7lectiu Pere Quart.<\/p>\n<p>2007. Membre de la Comissi\u00f3 avaluadora dels Ajuts a la Investigaci\u00f3 Liter\u00e0ria de la Instituci\u00f3 de les Lletres Catalanes. Convocat\u00f2ria de 2007.<\/p>\n<p>2004-2006. Redactor i membre del Consell de Redacci\u00f3 de <em>Pausa<\/em>, de la Sala Beckett (2004-2006).<\/p>\n<p>2002-2007. Membre del Consell de Redacci\u00f3 de la revista <em>El Contemporani. Arts, Hist\u00f2ria, Societat<\/em>, de l\u2019editorial Afers<em>.<\/em><\/p>\n<p>1999-2020. Col\u00b7laborador, com a cr\u00edtic de teatre, del suplement <em>Cultura <\/em>del diari <em>Avui<\/em> (1999-2003), el <em>Quadern<\/em> d\u2019<em>El Pa\u00eds<\/em> (2007-2017) i el setmanari <em>El Temps <\/em>(2015-2020).<\/p>\n<p>1997-2001. Redactor i membre del Consell Editor de la revista <em>El Pou de Lletres. Revista de Literatura i Pensament<\/em>.<\/p>\n<p>1995-2004. Col\u00b7laborador habitual de <em>Catalan Review<\/em>, <em>Transversal<\/em>, <em>Revista de Catalunya<\/em>, <em>Anuari<\/em> (Enciclop\u00e8dia Catalana), <em>Anuario<\/em> <em>2000 <\/em>(Larousse), <em>Serra d\u2019Or<\/em>.<\/p>\n","protected":false},"excerpt":{"rendered":"<p>2019-. Membre del consell assessor de la revista Tal\u00eda. Revista de Estudios Teatrales (Universidad Complutense de Madrid). 2018-. Co-director, amb Miquel M. Gibert, de l&#8217;edici\u00f3 cr\u00edtica de l&#8217;Obra Completa de Sagarra, s\u00e8rie &#8220;Teatre&#8221;, a partir del volum 7 (21 de l&#8217;Obra Completa), que publica Edicions 3i4. 2017-. Membre del consell assessor de la revista Llengua [&hellip;]<\/p>\n","protected":false},"author":20,"featured_media":0,"parent":0,"menu_order":0,"comment_status":"closed","ping_status":"closed","template":"","meta":{"footnotes":""},"class_list":["post-43","page","type-page","status-publish","hentry"],"_links":{"self":[{"href":"https:\/\/webs.uab.cat\/francescfoguetboreu\/wp-json\/wp\/v2\/pages\/43","targetHints":{"allow":["GET"]}}],"collection":[{"href":"https:\/\/webs.uab.cat\/francescfoguetboreu\/wp-json\/wp\/v2\/pages"}],"about":[{"href":"https:\/\/webs.uab.cat\/francescfoguetboreu\/wp-json\/wp\/v2\/types\/page"}],"author":[{"embeddable":true,"href":"https:\/\/webs.uab.cat\/francescfoguetboreu\/wp-json\/wp\/v2\/users\/20"}],"replies":[{"embeddable":true,"href":"https:\/\/webs.uab.cat\/francescfoguetboreu\/wp-json\/wp\/v2\/comments?post=43"}],"version-history":[{"count":0,"href":"https:\/\/webs.uab.cat\/francescfoguetboreu\/wp-json\/wp\/v2\/pages\/43\/revisions"}],"wp:attachment":[{"href":"https:\/\/webs.uab.cat\/francescfoguetboreu\/wp-json\/wp\/v2\/media?parent=43"}],"curies":[{"name":"wp","href":"https:\/\/api.w.org\/{rel}","templated":true}]}}