{"id":45,"date":"2020-01-23T10:34:24","date_gmt":"2020-01-23T10:34:24","guid":{"rendered":"https:\/\/webs.uab.cat\/francescfoguetboreu\/prolegs\/"},"modified":"2022-08-03T08:18:16","modified_gmt":"2022-08-03T08:18:16","slug":"prolegs","status":"publish","type":"page","link":"https:\/\/webs.uab.cat\/francescfoguetboreu\/prolegs\/","title":{"rendered":"Pr\u00f2legs"},"content":{"rendered":"\n<h2 class=\"wp-block-heading\"><strong>Introduccions<\/strong><\/h2>\n\n\n\n<ol class=\"wp-block-list\"><li>\u00abIntroducci\u00f3\u00bb i \u00abPropostes did\u00e0ctiques\u00bb. Dins: <em>La fam<\/em>, de Joan Oliver. Barcelona: Proa, 2003. Les Eines, 25. P. 5-36 i 109-156. [ISBN: 84-8437-523-4.]<\/li><li>(amb Albert Mestres). \u00abEstudi introductori\u00bb. Dins: <em>Sota Montju\u00efc<\/em>, de Juli Vallmitjana. Edici\u00f3 a cura d\u2019Elisabet Vel\u00e1zquez. Tarragona: Arola, 2004. Biblioteca Catalana, 17. P. 9-31. [ISBN: 84-95985-80-2.]<\/li><li>\u00abIntroducci\u00f3\u00bb i \u00abPropostes did\u00e0ctiques\u00bb. Dins: <em>Ball robat<\/em>, de Joan Oliver. Barcelona: Proa, 2005. Les Eines, 44. P. 7-50 i 153-189. [Isbn: 84-8437-816-0.]<\/li><li>\u00abL\u2019her\u00e8ncia fecunda: Comissariat de Propaganda de la Generalitat de Catalunya (1937-1938). Llibret introductori\u00bb. <em>7 llibres infantils editats pel Comissariat de Propaganda de la Generalitat de Catalunya<\/em>. Barcelona: Departament de Presid\u00e8ncia, Generalitat de Catalunya, 2006. 23 p. [ISBN: 84-393-7275-2.]<\/li><li>\u00abMolins \u00edntegre\u00bb, dins Manuel Molins, <em>Teatre complet 1<\/em>, Val\u00e8ncia, Instituci\u00f3 Alfons el Magn\u00e0nim, 2019, p. 11-79. [ISBN-978-84-7822-831-7 (Volum I)]<\/li><\/ol>\n\n\n\n<h2 class=\"wp-block-heading\"><strong>Pr\u00f2legs<\/strong><\/h2>\n\n\n\n<ol class=\"wp-block-list\"><li>\u00abPr\u00f2leg\u00bb. Dins: <em>Aix\u00f2, a un fill, no se li fa<\/em>, de Josep M. Benet i Jornet. Barcelona: Edicions 62, 2002. El Galliner \/ Teatre, 185. P. 7-14.<\/li><li>(amb Enric Gall\u00e9n). \u00abNotas de lectura\u00bb. Dins: <em>Olores. Eso a un hijo no se le hace. Deseo<\/em>, de Josep M. Benet i Jornet. Madrid: La Avispa, 2002. Texto Teatro, 115. P. 7-16.<\/li><li>\u00abUna mirada parab\u00f2lica del present\u00bb. Dins: <em>Temptaci\u00f3<\/em>, de Carles Batlle. <em>El plan B<\/em>, d\u2019Isabel D\u00edaz. Barcelona: Proa, 2004. TNC, 43. P. 7-17.<\/li><li>\u00abVioletes per a Of\u00e8lia\u00bb. Dins: <em>Una altra Of\u00e8lia<\/em>, de Manuel Molins. Val\u00e8ncia: Generalitat Valenciana, Teatres de la Generalitat Valenciana, 2005. Textos en Escena, 4. P. 9-15.<\/li><li>\u00abPar\u00e1bola de la identidad\u00bb. Dins: <em>Tentaci\u00f3n<\/em>, de Carles Batlle. Madrid: Sociedad General de Autores y Editores, 2005. Teatroautor, 154. P. 13-20.<\/li><li>\u00abLa irrever\u00e8ncia del rodam\u00f3n\u00bb. Dins: <em>La fam<\/em>, de Joan Oliver. Barcelona: Proa, 2006. TNC, 56. P. 19-28.<\/li><li>\u00abQui no ha sigut un adolescent imb\u00e8cil als catorze anys?\u00bb. Dins: <em>Monopatins (Skaters)<\/em>, de Manuel Molins. Alzira: Bromera, 2006. Bromera Teatre, 38. P. 9-26.<\/li><li>\u00abVinyes, escriptor poli\u00e8dric\u00bb. Dins: <em>Ramon Vinyes: un home de lletres entre Catalunya i el Carib<\/em>, de Jordi Llad\u00f3. Barcelona: Departament de Cultura i Mitjans de Comunicaci\u00f3 de la Generalitat de Catalunya, 2006. Arxius i societat. Quaderns de Divulgaci\u00f3 Hist\u00f2rica, 1. P. 11-14.<\/li><li>\u00abPresentaci\u00f3. Una exist\u00e8ncia prec\u00e0ria\u00bb. Dins: <em>Societat catalana, societat limitada?<\/em>, coordinaci\u00f3 de N\u00faria Ribas. Vilanova i la Geltr\u00fa: El Cep i la Nansa, 2007. Argumenta, 3. P. 9-25.<\/li><li>\u00abUna dramat\u00fargia per a la \u201cgeneraci\u00f3 l\u00edquida\u201d\u00bb. Dins: <em>Estralls<\/em>, de Jordi Casanovas. Alzira: Bromera, 2007. Bromera Teatre, 41. P. 11-35.<\/li><li>\u00abMetamorfosi cap a la transpar\u00e8ncia\u00bb. Dins: <em>Singapur<\/em>, de Pau Mir\u00f3. <em>Una mujer en transparencia<\/em>, d\u2019Eva Hibernia. Barcelona: Proa,. TNC, 66. P. 111-114.<\/li><li>\u00abCombat entre depredadors\u00bb. Dins: <em>Dem\u00e0 coneixer\u00e0s en Klein<\/em>, de Toni Cabr\u00e9. Tarragona: Arola, 2008. Textos a Part, Teatre Contemporani, 48. P. 7-17. [Reprodu\u00eft \u00edntegrament al dossier de premsa de l\u2019estrena de l\u2019obra, al Teatre Gaud\u00ed de Barcelona, el 18 de desembre de 2008, sota la direcci\u00f3 d\u2019Ever Blanchet.]<\/li><li>\u00abIndagaci\u00f3 radical\u00bb. Dins: <em>Un fill, un llibre, un arbre<\/em>, de Jordi Silva. <em>Dos de dos<\/em>, d\u2019Albert Mestres. Barcelona: Proa, 2008. TNC, 69. P. 109-114.<\/li><li>\u00abEls herois del renec i la punyalada\u00bb. Dins: <em>El casament d\u2019en Terregada<\/em>, de Juli Vallmitjana, adaptaci\u00f3 d\u2019Albert Mestres. Barcelona: Edicions de 1984, 2009. Teatre, 3. P. 7-14. [Reprodu\u00eft al programa de pagament de l\u2019espectacle estrenat al TNC durant la temporada 2009-2010, p. 31-37.]<\/li><li>\u00abPresentaci\u00f3\u00bb. Dins: <em>La d\u00e8ria nova<\/em>, de Juli Vallmitjana. Barcelona: Edicions de 1984, 2009. Teatre, 4. P. 7-12.<\/li><li>\u00abTroianes del segle xxi\u00bb. Dins: <em>Dones, dones, dones<\/em>, de Manuel Molins. Val\u00e8ncia: Tres i Quatre, 2009. Teatre 3i4, 63. P. 7-13.<\/li><li>(amb Manuel Molins) \u00abL\u00fadic, imp\u00fadic i l\u00facid\u00bb. Dins: <em>La partida o c\u00f2ctel de gambes. Vodevil quadriling\u00fce<\/em>, d\u2019Albert Mestres. Val\u00e8ncia: Tres i Quatre, 2009, Teatre 3i4, 62. P. 9-15.<\/li><li>\u00abUna dramat\u00fargia de met\u00e0fores i sentits\u00bb, dins <em>Tend\u00e8ncies<\/em>, de Rosa M. Isart, Benicarl\u00f3, Onada Edicions, 2010, Teatre, 3, p. 7-15. Versi\u00f3 en angl\u00e8s: <a href=\"http:\/\/www.rosamariaisart.com\/internacional\/trends_foguet.pdf\">http:\/\/www.rosamariaisart.com\/internacional\/trends_foguet.pdf<\/a><\/li><li>\u00abProvocacions intel\u00b7lectuals\u00bb dins <em>Espai de dissid\u00e8ncia. Apunts d\u2019una bit\u00e0cola, 2006-2012<\/em>, de Xavier Diez, Ontinyent, El Toll, 2013, p. 6-11.<\/li><li>(amb Francesc Calafat), \u00abIntroducci\u00f3\u00bb, a <em>D\u00e9us, dies i treballs<\/em>, de Manuel Molins, Alzira, Bromera, 2015, p. 7-27.<\/li><li>(amb Just Ar\u00e9valo), \u00abLlu\u00eds Capdevila, un dramaturg de l&#8217;exili republic\u00e0\u00bb, a <em>La festa major de Gr\u00e0cia. Tierra sin primavera<\/em>, de Llu\u00eds Capdevila, Tarragona, Arola, 2015, p. 241-271.<\/li><li>(amb Manuel Molins), \u00abUn jove renaixentista engabiat\u00bb, a Ricard Salvat, <em>Diaris (1962-1968)<\/em>, Barcelona, Edicions de la Universitat de Barcelona, 2015, p. 7-16.<\/li><li>\u00abPr\u00f2leg\u00bb, a Joan Brossa, <em>Poesia esc\u00e8nica XXI: convencions conscients<\/em>, edici\u00f3 d\u2019H\u00e9ctor Mellinas, Tarragona, Arola, 2020, p. 7-19.<\/li><li>\u00abApologia de la imaginaci\u00f3, el somni i la revolta\u00bb, a Joan Barcel\u00f3 i Culler\u00e9s, <em>Teatre. Cient\u00edficament s\u2019ha demostrat&#8230; Olor de cebes. Viatge enllunat<\/em>, Lleida, Pag\u00e8s, 2020, p. 7-24.<\/li><li>\u00abPr\u00f2leg\u00bb, a Antoni Isarch, <em>El batec de l\u2019\u00e8poca. Dom\u00e8nec Guans\u00e9 i el periodisme (1918-1936)<\/em>, Tarragona, Publicacions de la Universitat Rovira i Virgili, 2021, p. 7-13.<\/li><\/ol>\n","protected":false},"excerpt":{"rendered":"<p>Introduccions \u00abIntroducci\u00f3\u00bb i \u00abPropostes did\u00e0ctiques\u00bb. Dins: La fam, de Joan Oliver. Barcelona: Proa, 2003. Les Eines, 25. P. 5-36 i 109-156. [ISBN: 84-8437-523-4.] (amb Albert Mestres). \u00abEstudi introductori\u00bb. Dins: Sota Montju\u00efc, de Juli Vallmitjana. Edici\u00f3 a cura d\u2019Elisabet Vel\u00e1zquez. Tarragona: Arola, 2004. Biblioteca Catalana, 17. P. 9-31. [ISBN: 84-95985-80-2.] \u00abIntroducci\u00f3\u00bb i \u00abPropostes did\u00e0ctiques\u00bb. Dins: Ball [&hellip;]<\/p>\n","protected":false},"author":20,"featured_media":0,"parent":0,"menu_order":0,"comment_status":"closed","ping_status":"closed","template":"","meta":{"footnotes":""},"class_list":["post-45","page","type-page","status-publish","hentry"],"_links":{"self":[{"href":"https:\/\/webs.uab.cat\/francescfoguetboreu\/wp-json\/wp\/v2\/pages\/45","targetHints":{"allow":["GET"]}}],"collection":[{"href":"https:\/\/webs.uab.cat\/francescfoguetboreu\/wp-json\/wp\/v2\/pages"}],"about":[{"href":"https:\/\/webs.uab.cat\/francescfoguetboreu\/wp-json\/wp\/v2\/types\/page"}],"author":[{"embeddable":true,"href":"https:\/\/webs.uab.cat\/francescfoguetboreu\/wp-json\/wp\/v2\/users\/20"}],"replies":[{"embeddable":true,"href":"https:\/\/webs.uab.cat\/francescfoguetboreu\/wp-json\/wp\/v2\/comments?post=45"}],"version-history":[{"count":1,"href":"https:\/\/webs.uab.cat\/francescfoguetboreu\/wp-json\/wp\/v2\/pages\/45\/revisions"}],"predecessor-version":[{"id":87,"href":"https:\/\/webs.uab.cat\/francescfoguetboreu\/wp-json\/wp\/v2\/pages\/45\/revisions\/87"}],"wp:attachment":[{"href":"https:\/\/webs.uab.cat\/francescfoguetboreu\/wp-json\/wp\/v2\/media?parent=45"}],"curies":[{"name":"wp","href":"https:\/\/api.w.org\/{rel}","templated":true}]}}