{"id":556,"date":"2024-01-02T08:49:30","date_gmt":"2024-01-02T06:49:30","guid":{"rendered":"https:\/\/webs.uab.cat\/gabrmn\/novetats\/"},"modified":"2026-04-02T19:39:55","modified_gmt":"2026-04-02T17:39:55","slug":"novetats-2","status":"publish","type":"page","link":"https:\/\/webs.uab.cat\/gabrmn\/en\/novetats-2\/","title":{"rendered":"News"},"content":{"rendered":"\n<p><strong>Upcoming: 2nd Webinar <strong>GliMR <\/strong> <em>Preclinical Task Force<\/em> &#8211; April 28th 3pm. REGISTRATION REQUIRED, link below the image.<\/strong><\/p>\n\n\n\n<figure class=\"wp-block-image size-full is-resized\"><img loading=\"lazy\" decoding=\"async\" width=\"599\" height=\"869\" src=\"https:\/\/webs.uab.cat\/gabrmn\/wp-content\/uploads\/sites\/424\/2026\/04\/image.png\" alt=\"\" class=\"wp-image-1114\" style=\"width:464px;height:auto\" srcset=\"https:\/\/webs.uab.cat\/gabrmn\/wp-content\/uploads\/sites\/424\/2026\/04\/image.png 599w, https:\/\/webs.uab.cat\/gabrmn\/wp-content\/uploads\/sites\/424\/2026\/04\/image-207x300.png 207w\" sizes=\"auto, (max-width: 599px) 100vw, 599px\" \/><\/figure>\n\n\n\n<p><a href=\"https:\/\/forms.gle\/SWSVewJt9iHGwuAj7\">Webinar registration<\/a><\/p>\n\n\n\n<p><a href=\"https:\/\/esmrmb2025.org\/\"><strong>ESMRMB 41st Annual Meeting, 2025<\/strong><\/a><\/p>\n\n\n\n<p>The GABRMN has been involved in the prestigious ESMRMB annual meeting, taking place in Marseille, October 8-11, 2025, with a &#8220;late abstract&#8221; contribution entitled <em>Longitudinal MRI for tumor evaluation in two immunocompetent chicken chorioallantoic membrane (CAM) cancer xenograft models: A Registered Report<\/em>, which was chosen for a flash talk presentation, given by Ana Paula Candiota, resulting from a collaboration between UAB (AP Candiota, S. Lope-Piedrafita, M. Juli\u00e0-Sap\u00e9) and the Institut Josep Carreras (N Profit\u00f3s-Pellej\u00e0, G. Rou\u00e9).<\/p>\n\n\n\n<figure class=\"wp-block-image size-large\"><img loading=\"lazy\" decoding=\"async\" width=\"1024\" height=\"768\" src=\"https:\/\/webs.uab.cat\/gabrmn\/wp-content\/uploads\/sites\/424\/2025\/11\/esmrmbweb-1-1024x768.jpg\" alt=\"\" class=\"wp-image-1063\" srcset=\"https:\/\/webs.uab.cat\/gabrmn\/wp-content\/uploads\/sites\/424\/2025\/11\/esmrmbweb-1-1024x768.jpg 1024w, https:\/\/webs.uab.cat\/gabrmn\/wp-content\/uploads\/sites\/424\/2025\/11\/esmrmbweb-1-300x225.jpg 300w, https:\/\/webs.uab.cat\/gabrmn\/wp-content\/uploads\/sites\/424\/2025\/11\/esmrmbweb-1-768x576.jpg 768w, https:\/\/webs.uab.cat\/gabrmn\/wp-content\/uploads\/sites\/424\/2025\/11\/esmrmbweb-1-1536x1152.jpg 1536w, https:\/\/webs.uab.cat\/gabrmn\/wp-content\/uploads\/sites\/424\/2025\/11\/esmrmbweb-1-1200x900.jpg 1200w, https:\/\/webs.uab.cat\/gabrmn\/wp-content\/uploads\/sites\/424\/2025\/11\/esmrmbweb-1.jpg 1600w\" sizes=\"auto, (max-width: 1024px) 100vw, 1024px\" \/><\/figure>\n\n\n\n<p><strong><a href=\"https:\/\/events.ibecbarcelona.eu\/ismrm-2025\/\">ISMRM Iberian Chapter meeting, 2025<\/a><\/strong><\/p>\n\n\n\n<figure class=\"wp-block-image size-full\"><img loading=\"lazy\" decoding=\"async\" width=\"349\" height=\"144\" src=\"https:\/\/webs.uab.cat\/gabrmn\/wp-content\/uploads\/sites\/424\/2025\/07\/image.png\" alt=\"\" class=\"wp-image-1031\" srcset=\"https:\/\/webs.uab.cat\/gabrmn\/wp-content\/uploads\/sites\/424\/2025\/07\/image.png 349w, https:\/\/webs.uab.cat\/gabrmn\/wp-content\/uploads\/sites\/424\/2025\/07\/image-300x124.png 300w\" sizes=\"auto, (max-width: 349px) 100vw, 349px\" \/><\/figure>\n\n\n\n<p>The GABRMN will actively participate in the 5th ISMRM Iberian Chapter Annual Meeting, to be held in Barcelona July 3-4. In addition of being part of the local organizing committee (A.P. Candiota), posters and oral communication will be presented.<\/p>\n\n\n\n<p><em>Posters<\/em>:<\/p>\n\n\n\n<ol class=\"wp-block-list\">\n<li><strong>Radiomics-Based Signature for Identifying Successful Response to TMZ<br>Treatment in Murine GL261 Glioblastoma: leveraging the peritumoral zone<\/strong> (Benito Farina, Juan E. Ortu\u00f1o, Andr\u00e9s Santos, Ana Paula Candiota, Mar\u00eda J. Ledesma-Carbayo). <em><em>In  collaboration with  other <\/em>CIBER-BBN<\/em> group<\/li>\n\n\n\n<li><strong>Advanced AI strategies to estimate inflection point of response\/relapse in preclinical GL261 glioblastoma using T2w MRI data<\/strong> (Javier Gonz\u00e1lez B\u00e9jar, Alfredo Vellido, Ana Paula Candiota). <em><em>In collaboration with<\/em> UPC<\/em><\/li>\n\n\n\n<li><strong>Bridging 3T and 7T MR: Towards Unified Metabolic Profiling for Preclinical Brain Tumor Studies. <\/strong>(Ana Paula Candiota, Rui V. Sim\u00f5es, Silvia Lope-Piedrafita). <em>In collaboration with I3S<\/em><\/li>\n<\/ol>\n\n\n\n<p><em>Oral communication<\/em>:<\/p>\n\n\n\n<p><strong>Applying longitudinal MRI for tumor evaluation in two immunocompetent chicken<br>chorioallantoic membrane (CAM) cancer xenograft models. <\/strong>(N\u00faria Profit\u00f3s-Pelej\u00e0, Margarida Juli\u00e0-Sap\u00e9, Ana Paula Candiota, Ga\u00ebl Rou\u00e9, Silvia Lope-Piedrafita)<\/p>\n\n\n\n<p><\/p>\n\n\n\n<p><strong>CIBER-BBN group leaders workshop in Zaragoza, May 7th-10th 2025<\/strong><\/p>\n\n\n\n<p><em>The GABRMN leader, Dr. Ana Paula Candiota, who succeeded  prof. Carles Ar\u00fas also in the leadership of <\/em><a href=\"https:\/\/www.ciber-bbn.es\/grupos\/grupo-de-investigacion?id=5401\">CIBER-BBN group CB06\/01\/0010<\/a>, has participated in the CIBER group leaders workshop in Zaragoza, May 7th-10h. This workshop had the objective of strategic lines redefinition of the network, considering changes in group composition and also changes in leadership with generational renewal that some groups experienced. <\/p>\n\n\n\n<figure class=\"wp-block-image size-large\"><img loading=\"lazy\" decoding=\"async\" width=\"1024\" height=\"652\" src=\"https:\/\/webs.uab.cat\/gabrmn\/wp-content\/uploads\/sites\/424\/2025\/05\/worshopzgz-1-1024x652.jpg\" alt=\"\" class=\"wp-image-1015\" srcset=\"https:\/\/webs.uab.cat\/gabrmn\/wp-content\/uploads\/sites\/424\/2025\/05\/worshopzgz-1-1024x652.jpg 1024w, https:\/\/webs.uab.cat\/gabrmn\/wp-content\/uploads\/sites\/424\/2025\/05\/worshopzgz-1-300x191.jpg 300w, https:\/\/webs.uab.cat\/gabrmn\/wp-content\/uploads\/sites\/424\/2025\/05\/worshopzgz-1-768x489.jpg 768w, https:\/\/webs.uab.cat\/gabrmn\/wp-content\/uploads\/sites\/424\/2025\/05\/worshopzgz-1-1536x977.jpg 1536w, https:\/\/webs.uab.cat\/gabrmn\/wp-content\/uploads\/sites\/424\/2025\/05\/worshopzgz-1-1200x764.jpg 1200w, https:\/\/webs.uab.cat\/gabrmn\/wp-content\/uploads\/sites\/424\/2025\/05\/worshopzgz-1.jpg 1600w\" sizes=\"auto, (max-width: 1024px) 100vw, 1024px\" \/><\/figure>\n\n\n\n<p><strong>Scientific Visit to I3S: Instituto de Investiga\u00e7\u00e3o e Inova\u00e7\u00e3o em Sa\u00fade at the University of Porto<\/strong><\/p>\n\n\n\n<p>The PI of GABRMN, Dr. Ana Paula Candiota, is currently benefiting from a mobility grant provided by CIBER-BBN, awarded for a scientific exchange with the Preclinical Magnetic Resonance section at the <a href=\"https:\/\/www.i3s.up.pt\/\">Instituto de Investiga\u00e7\u00e3o e Inova\u00e7\u00e3o em Sa\u00fade at the University of Porto<\/a>, currently led by Dr. Rui Sim\u00f5es, a former member of GABRMN from 2006 to 2010. This exchange aims to explore the compatibility of data acquired at different magnetic field strengths (3T vs. 7T) and to address differences in data formats between versions of the Bruker Paravision 360 software. Notably, this will also be the version that the Magnetic Resonance Service at UAB will soon acquire following the console upgrade of its current equipment. This work will also have implications for the TIMER-GLIO project (of which Dr. Sim\u00f5es is a team member) and the EUCAIM project, further strengthening the collaboration between the two institutions. <a href=\"https:\/\/www.i3s.up.pt\/seminars.php\">Dr. Candiota will also deliver a seminar on the group\u2019s work<\/a> and the ties between the institutions on Monday, February 10th, at 3pm, at the Corino de Andrade auditorium at I3S.<\/p>\n\n\n\n<figure class=\"wp-block-image size-large is-resized\"><img loading=\"lazy\" decoding=\"async\" width=\"768\" height=\"1024\" src=\"https:\/\/webs.uab.cat\/gabrmn\/wp-content\/uploads\/sites\/424\/2025\/02\/Imatge-de-WhatsApp-2025-02-03-a-les-12.07.13_34b279a2-768x1024.jpg\" alt=\"\" class=\"wp-image-978\" style=\"width:529px;height:auto\" srcset=\"https:\/\/webs.uab.cat\/gabrmn\/wp-content\/uploads\/sites\/424\/2025\/02\/Imatge-de-WhatsApp-2025-02-03-a-les-12.07.13_34b279a2-768x1024.jpg 768w, https:\/\/webs.uab.cat\/gabrmn\/wp-content\/uploads\/sites\/424\/2025\/02\/Imatge-de-WhatsApp-2025-02-03-a-les-12.07.13_34b279a2-225x300.jpg 225w, https:\/\/webs.uab.cat\/gabrmn\/wp-content\/uploads\/sites\/424\/2025\/02\/Imatge-de-WhatsApp-2025-02-03-a-les-12.07.13_34b279a2-1152x1536.jpg 1152w, https:\/\/webs.uab.cat\/gabrmn\/wp-content\/uploads\/sites\/424\/2025\/02\/Imatge-de-WhatsApp-2025-02-03-a-les-12.07.13_34b279a2.jpg 1200w\" sizes=\"auto, (max-width: 768px) 100vw, 768px\" \/><\/figure>\n\n\n\n<p><strong>PhD extraordinary prizes<\/strong><\/p>\n\n\n\n<p>The GABRMN has recently received the news that the <a href=\"https:\/\/webs.uab.cat\/gabrmn\/en\/phd-theses\/\" data-type=\"page\" data-id=\"579\">doctoral thesis of Maria del Pilar Calero-P\u00e9rez<\/a>, supervised by Dr. Ana Paula Candiota and Dr. Carles Ar\u00fas and titled &#8220;On the road to improve glioblastoma therapy follow-up. Immune microenvironment: what is behind the MRSI-based nosological images?&#8221; has been awarded the <strong>Extraordinary Doctorate Prize<\/strong> by the UAB. The award ceremony will take place on November 15 at the Hotel Campus.<\/p>\n\n\n\n<p><strong>Scientific events in which GABRMN has recently participated or will participate:<\/strong><\/p>\n\n\n\n<figure class=\"wp-block-image size-large is-resized\"><img loading=\"lazy\" decoding=\"async\" width=\"1024\" height=\"577\" src=\"https:\/\/webs.uab.cat\/gabrmn\/wp-content\/uploads\/sites\/424\/2024\/10\/Imatge-de-WhatsApp-2024-10-05-a-les-12.12.21_a946affa-1024x577.jpg\" alt=\"\" class=\"wp-image-835\" style=\"width:641px;height:auto\" srcset=\"https:\/\/webs.uab.cat\/gabrmn\/wp-content\/uploads\/sites\/424\/2024\/10\/Imatge-de-WhatsApp-2024-10-05-a-les-12.12.21_a946affa-1024x577.jpg 1024w, https:\/\/webs.uab.cat\/gabrmn\/wp-content\/uploads\/sites\/424\/2024\/10\/Imatge-de-WhatsApp-2024-10-05-a-les-12.12.21_a946affa-300x169.jpg 300w, https:\/\/webs.uab.cat\/gabrmn\/wp-content\/uploads\/sites\/424\/2024\/10\/Imatge-de-WhatsApp-2024-10-05-a-les-12.12.21_a946affa-768x432.jpg 768w, https:\/\/webs.uab.cat\/gabrmn\/wp-content\/uploads\/sites\/424\/2024\/10\/Imatge-de-WhatsApp-2024-10-05-a-les-12.12.21_a946affa-1536x865.jpg 1536w, https:\/\/webs.uab.cat\/gabrmn\/wp-content\/uploads\/sites\/424\/2024\/10\/Imatge-de-WhatsApp-2024-10-05-a-les-12.12.21_a946affa-1200x676.jpg 1200w, https:\/\/webs.uab.cat\/gabrmn\/wp-content\/uploads\/sites\/424\/2024\/10\/Imatge-de-WhatsApp-2024-10-05-a-les-12.12.21_a946affa.jpg 1600w\" sizes=\"auto, (max-width: 1024px) 100vw, 1024px\" \/><\/figure>\n\n\n\n<p>1. <strong><a href=\"https:\/\/www.esmrmb.org\/congress\/esmrmb-2024\/\" target=\"_blank\" rel=\"noreferrer noopener\">ESMRMB (European Society for Magnetic Resonance in Medicine and Biology) 40th Annual Congress<\/a><\/strong>. <\/p>\n\n\n\n<p>Barcelona, 2-5 October, 2024<\/p>\n\n\n\n<p>The premier European congress for the scientific community dedicated to all modalities of magnetic resonance applied to medicine and biology<\/p>\n\n\n<div class=\"wp-block-image\">\n<figure class=\"aligncenter size-large is-resized\"><img loading=\"lazy\" decoding=\"async\" width=\"1024\" height=\"201\" src=\"https:\/\/webs.uab.cat\/gabrmn\/wp-content\/uploads\/sites\/424\/2024\/03\/image-2-1024x201.png\" alt=\"\" class=\"wp-image-718\" style=\"width:609px;height:auto\" srcset=\"https:\/\/webs.uab.cat\/gabrmn\/wp-content\/uploads\/sites\/424\/2024\/03\/image-2-1024x201.png 1024w, https:\/\/webs.uab.cat\/gabrmn\/wp-content\/uploads\/sites\/424\/2024\/03\/image-2-300x59.png 300w, https:\/\/webs.uab.cat\/gabrmn\/wp-content\/uploads\/sites\/424\/2024\/03\/image-2-768x150.png 768w, https:\/\/webs.uab.cat\/gabrmn\/wp-content\/uploads\/sites\/424\/2024\/03\/image-2-1536x301.png 1536w, https:\/\/webs.uab.cat\/gabrmn\/wp-content\/uploads\/sites\/424\/2024\/03\/image-2-1200x235.png 1200w, https:\/\/webs.uab.cat\/gabrmn\/wp-content\/uploads\/sites\/424\/2024\/03\/image-2.png 1843w\" sizes=\"auto, (max-width: 1024px) 100vw, 1024px\" \/><\/figure>\n<\/div>\n\n\n<p>El GABRMN will participate with a talk by Dr. Ana Paula Candiota entitled &#8220;<em>Tuning immunotherapy and molecular imaging to improve outcome in glioblastoma<\/em>&#8220;. <\/p>\n\n\n\n<p>Moreover, we will participate with a poster untitled &#8220;<em>Unraveling metabolomic changes in GL261 GB responding to TMZ therapy through high-resolution magic angle spinning data<\/em>&#8220;, accounting with participation of members from Instituto Interuniversitario de Investigaci\u00f3n de Reconocimiento Molecular y Desarrollo Tecnol\u00f3gico (IDM) (<a href=\"https:\/\/producciocientifica.uv.es\/investigadores\/334365\/detalle\">Dr. M\u00aa Carmen Mart\u00ednez-Bisbal<\/a>) and from Biomedical Magnetic Resonance Laboratory-BMRL (<a href=\"https:\/\/ibima.eu\/es\/area-7\/\">Dra. Maria Luisa Garc\u00eda-Mart\u00edn<\/a>). <\/p>\n\n\n\n<p><\/p>\n\n\n\n<p>2.<a href=\"https:\/\/ismrm-iberian.eu\/meeting2024.html\" target=\"_blank\" rel=\"noreferrer noopener\"> <\/a><a href=\"https:\/\/setcor.org\/conferences\/nanomed-2024\"><strong>NanoMedicine International Conference &#8211; NanoMed 2024<\/strong><\/a><\/p>\n\n\n\n<p>Barcelona, 23-25 October, 2024<\/p>\n\n\n<div class=\"wp-block-image\">\n<figure class=\"aligncenter size-large is-resized\"><img loading=\"lazy\" decoding=\"async\" width=\"1024\" height=\"432\" src=\"https:\/\/webs.uab.cat\/gabrmn\/wp-content\/uploads\/sites\/424\/2024\/09\/1700089609_NanoMed2024Banner-1024x432.jpg\" alt=\"\" class=\"wp-image-737\" style=\"width:433px;height:auto\" srcset=\"https:\/\/webs.uab.cat\/gabrmn\/wp-content\/uploads\/sites\/424\/2024\/09\/1700089609_NanoMed2024Banner-1024x432.jpg 1024w, https:\/\/webs.uab.cat\/gabrmn\/wp-content\/uploads\/sites\/424\/2024\/09\/1700089609_NanoMed2024Banner-300x127.jpg 300w, https:\/\/webs.uab.cat\/gabrmn\/wp-content\/uploads\/sites\/424\/2024\/09\/1700089609_NanoMed2024Banner-768x324.jpg 768w, https:\/\/webs.uab.cat\/gabrmn\/wp-content\/uploads\/sites\/424\/2024\/09\/1700089609_NanoMed2024Banner-1536x648.jpg 1536w, https:\/\/webs.uab.cat\/gabrmn\/wp-content\/uploads\/sites\/424\/2024\/09\/1700089609_NanoMed2024Banner-2048x864.jpg 2048w, https:\/\/webs.uab.cat\/gabrmn\/wp-content\/uploads\/sites\/424\/2024\/09\/1700089609_NanoMed2024Banner-1200x506.jpg 1200w, https:\/\/webs.uab.cat\/gabrmn\/wp-content\/uploads\/sites\/424\/2024\/09\/1700089609_NanoMed2024Banner-1980x835.jpg 1980w\" sizes=\"auto, (max-width: 1024px) 100vw, 1024px\" \/><\/figure>\n<\/div>\n\n\n<p>NanoMedicine 2024 will cover the most recent international developments in the fields of Nanobiotechnology and Nanomedicine. Participants will gain a comprehensive overview of the state of the art in these fields, as well as insights into ongoing research and the latest results. Recent advances, challenges, and breakthroughs, as well as emerging and future trends in the converging fields of Nanotechnology, Biotechnology, and Medicine, will be discussed. The event offers participants from both science and industry the opportunity to discuss new cooperation projects. GABRMN will specifically participate in the topic &#8216;Nano-Carriers for Drug Delivery and Drug Targeting    <\/p>\n\n\n\n<p>3.<a href=\"https:\/\/ismrm-iberian.eu\/meeting2024.html\" target=\"_blank\" rel=\"noreferrer noopener\"> <\/a><a href=\"https:\/\/setcor.org\/conferences\/nanomed-2024\"><strong>Congreso CIBER 10 a\u00f1os avanzando juntos en salud<\/strong><\/a><\/p>\n\n\n\n<p>Valencia, 27-29 November,  2024<\/p>\n\n\n<div class=\"wp-block-image\">\n<figure class=\"aligncenter size-large is-resized\"><img loading=\"lazy\" decoding=\"async\" width=\"1024\" height=\"396\" src=\"https:\/\/webs.uab.cat\/gabrmn\/wp-content\/uploads\/sites\/424\/2024\/09\/bannervalencia-1024x396.jpg\" alt=\"\" class=\"wp-image-740\" style=\"width:557px;height:auto\" srcset=\"https:\/\/webs.uab.cat\/gabrmn\/wp-content\/uploads\/sites\/424\/2024\/09\/bannervalencia-1024x396.jpg 1024w, https:\/\/webs.uab.cat\/gabrmn\/wp-content\/uploads\/sites\/424\/2024\/09\/bannervalencia-300x116.jpg 300w, https:\/\/webs.uab.cat\/gabrmn\/wp-content\/uploads\/sites\/424\/2024\/09\/bannervalencia-768x297.jpg 768w, https:\/\/webs.uab.cat\/gabrmn\/wp-content\/uploads\/sites\/424\/2024\/09\/bannervalencia-1536x594.jpg 1536w, https:\/\/webs.uab.cat\/gabrmn\/wp-content\/uploads\/sites\/424\/2024\/09\/bannervalencia-1200x464.jpg 1200w, https:\/\/webs.uab.cat\/gabrmn\/wp-content\/uploads\/sites\/424\/2024\/09\/bannervalencia.jpg 1925w\" sizes=\"auto, (max-width: 1024px) 100vw, 1024px\" \/><\/figure>\n<\/div>\n\n\n<p>From November 27th to 29th, the 10th anniversary of CIBER will take place at the Palau de Congressos in Valencia, with the participation of researchers from the 13 areas of the Consortium.<\/p>\n\n\n\n<p>This is an opportunity to delve deeper into the values of the CIBER Consortium and to foster collaboration and the search for health solutions.<\/p>\n\n\n\n<p>4.<strong> Stay tuned! GABRM is involved in the organization of the next ISMRM Iberian Chapter Annual Meeting, which will take place in Barcelona, July 3-4th<\/strong><\/p>\n\n\n\n<p><\/p>\n","protected":false},"excerpt":{"rendered":"<p>Upcoming: 2nd Webinar GliMR Preclinical Task Force &#8211; April 28th 3pm. REGISTRATION REQUIRED, link below the image. Webinar registration ESMRMB 41st Annual Meeting, 2025 The GABRMN has been involved in the prestigious ESMRMB annual meeting, taking place in Marseille, October 8-11, 2025, with a &#8220;late abstract&#8221; contribution entitled Longitudinal MRI for tumor evaluation in two [&hellip;]<\/p>\n","protected":false},"author":2658,"featured_media":0,"parent":0,"menu_order":0,"comment_status":"closed","ping_status":"closed","template":"","meta":{"footnotes":""},"class_list":["post-556","page","type-page","status-publish","hentry"],"_links":{"self":[{"href":"https:\/\/webs.uab.cat\/gabrmn\/en\/wp-json\/wp\/v2\/pages\/556","targetHints":{"allow":["GET"]}}],"collection":[{"href":"https:\/\/webs.uab.cat\/gabrmn\/en\/wp-json\/wp\/v2\/pages"}],"about":[{"href":"https:\/\/webs.uab.cat\/gabrmn\/en\/wp-json\/wp\/v2\/types\/page"}],"author":[{"embeddable":true,"href":"https:\/\/webs.uab.cat\/gabrmn\/en\/wp-json\/wp\/v2\/users\/2658"}],"replies":[{"embeddable":true,"href":"https:\/\/webs.uab.cat\/gabrmn\/en\/wp-json\/wp\/v2\/comments?post=556"}],"version-history":[{"count":13,"href":"https:\/\/webs.uab.cat\/gabrmn\/en\/wp-json\/wp\/v2\/pages\/556\/revisions"}],"predecessor-version":[{"id":1118,"href":"https:\/\/webs.uab.cat\/gabrmn\/en\/wp-json\/wp\/v2\/pages\/556\/revisions\/1118"}],"wp:attachment":[{"href":"https:\/\/webs.uab.cat\/gabrmn\/en\/wp-json\/wp\/v2\/media?parent=556"}],"curies":[{"name":"wp","href":"https:\/\/api.w.org\/{rel}","templated":true}]}}