{"id":579,"date":"2023-12-30T20:32:57","date_gmt":"2023-12-30T18:32:57","guid":{"rendered":"https:\/\/webs.uab.cat\/gabrmn\/phd-theses\/"},"modified":"2026-04-20T08:00:55","modified_gmt":"2026-04-20T06:00:55","slug":"phd-theses","status":"publish","type":"page","link":"https:\/\/webs.uab.cat\/gabrmn\/en\/phd-theses\/","title":{"rendered":"PhD Theses"},"content":{"rendered":"\n<p>In this section, you will find a summary of the PhD theses carried out at GABRMN and already finished. The <em>title<\/em> link direct readers to the TDX or similar (usually theses available for download in pdf format whenever available). At the <em>Details<\/em> link, readers will be directed to the TESEO record, in which details about jury members, international mention and abstract can be found.<\/p>\n\n\n\n<p>Marta Mulero-Acevedo. Advancing the characterisation of temozolomide response in murine syngeneic glioblastoma models: toward less immunogenic and more translational models. 22\/04\/2026. Directors: Ana Paula Candiota, Julia Lorenzo, Carles Ar\u00fas. Details and link not available  yet. <\/p>\n\n\n\n<p>Maria del Pilar Calero-P\u00e9rez. <a href=\"https:\/\/www.tdx.cat\/handle\/10803\/675453#page=1\" target=\"_blank\" rel=\"noreferrer noopener\">On the road to improve glioblastoma therapy follow-up. Immune microenvironment: what is behind the MRSI-based nosological images?<\/a> 29\/04\/2022. Directors: Carles Ar\u00fas, Ana Paula Candiota. <a href=\"https:\/\/webs.uab.cat\/gabrmn\/wp-content\/uploads\/sites\/424\/2023\/12\/PHDpilar-2.pdf\" target=\"_blank\" rel=\"noreferrer noopener\">Details<\/a><\/p>\n\n\n\n<p>Yanisleydis Hernandez Villegas. <a href=\"https:\/\/www.tdx.cat\/handle\/10803\/674858#page=1\" target=\"_blank\" rel=\"noreferrer noopener\">Desarrollo de T\u00e9cnicas de Control de Calidad Automatizado para la Mejora de la Clasificaci\u00f3n de Tumores Cerebrales a partir de sus Espectros de Resonancia Magn\u00e9tica Usando Convex NMF<\/a>. 17\/01\/2022. Directors: Margarida Juli\u00e0, Alfredo Vellido. <a href=\"https:\/\/webs.uab.cat\/gabrmn\/wp-content\/uploads\/sites\/424\/2023\/12\/PHDYeni.pdf\" target=\"_blank\" rel=\"noreferrer noopener\">Details<\/a><\/p>\n\n\n\n<p>Shuang Wu. <a href=\"https:\/\/www.tdx.cat\/handle\/10803\/670857\">When oncology meets immunology: improving GL261 glioblastoma treatment through cancer-related immunity and MRSI-based non-invasive follow-up of response<\/a>. 22\/09\/2020. Directors: Carles Ar\u00fas, Ana Paula Candiota. <a href=\"https:\/\/webs.uab.cat\/gabrmn\/wp-content\/uploads\/sites\/424\/2023\/12\/PHDshuang.pdf\" target=\"_blank\" rel=\"noreferrer noopener\">Details<\/a><\/p>\n\n\n\n<p>Nuria Arias Ramos. <a href=\"https:\/\/www.tdx.cat\/handle\/10803\/667287#page=1\" target=\"_blank\" rel=\"noreferrer noopener\">Towards improvement of preclinical glioblastoma management: detection, therapy and assessment of response using magnetic resonance techniques<\/a>. 04\/06\/2019. Directors: Carles Ar\u00fas, Ana Paula Candiota. <a href=\"https:\/\/webs.uab.cat\/gabrmn\/wp-content\/uploads\/sites\/424\/2023\/12\/phdNuria.pdf\" target=\"_blank\" rel=\"noreferrer noopener\">Details<\/a><\/p>\n\n\n\n<p>Laura Ferrer-Font. <a href=\"https:\/\/www.tdx.cat\/handle\/10803\/402400#page=1\" target=\"_blank\" rel=\"noreferrer noopener\">Tuning response to therapy in preclinical GL261 glioblastoma through CK2 targeting and temozolomide metronomic approaches: non-invasive assessment with MRI and MRSI-based molecular imaging strategies<\/a>. 15\/03\/2017. Directors: Carles Ar\u00fas, Ana Paula Candiota. <a href=\"https:\/\/webs.uab.cat\/gabrmn\/wp-content\/uploads\/sites\/424\/2023\/12\/phdlaura.pdf\" target=\"_blank\" rel=\"noreferrer noopener\">Details<\/a><\/p>\n\n\n\n<p>Magdalena Ciezka. <a href=\"https:\/\/www.tdx.cat\/handle\/10803\/666281#page=1\" target=\"_blank\" rel=\"noreferrer noopener\">Improvement of Protocols for Brain Cancer Diagnosis and Therapy Response Monitoring Using Magnetic Resonance Based Molecular Imaging Strategies<\/a>. 30\/04\/2015. Directors: Carles Ar\u00fas, Ana Paula Candiota. <a href=\"https:\/\/webs.uab.cat\/gabrmn\/wp-content\/uploads\/sites\/424\/2023\/12\/pdhmagda.pdf\" target=\"_blank\" rel=\"noreferrer noopener\">Details<\/a><\/p>\n\n\n\n<p>Myriam Davila Huerta. <a href=\"https:\/\/www.tdx.cat\/handle\/10803\/283221#page=1\" target=\"_blank\" rel=\"noreferrer noopener\">Preservaci\u00f3n del patr\u00f3n metabol\u00f3mico de tejidos mediante fijaci\u00f3n por irradiaci\u00f3n con microondas focalizadas. Aplicaci\u00f3n al estudio del tejido cerebral normal y patol\u00f3gico mediante espectroscop\u00eda HRMAS y metodolog\u00edas de reconocimiento de patrones.<\/a>  04\/04\/2014. Directors: Ana Paula Candiota, Carles Ar\u00fas. <a href=\"https:\/\/webs.uab.cat\/gabrmn\/wp-content\/uploads\/sites\/424\/2023\/12\/phdmyriam.pdf\" target=\"_blank\" rel=\"noreferrer noopener\">Details<\/a><\/p>\n\n\n\n<p>Milena Acosta. <a href=\"https:\/\/www.tdx.cat\/handle\/10803\/128995#page=1\" target=\"_blank\" rel=\"noreferrer noopener\">Mejora de los modelos precl\u00ednicos de tumores cerebrales. Aplicaci\u00f3n a la caracterizaci\u00f3n ex vivo e in vivo de agentes de contraste nanoparticulados para imagen de resonancia magnetica<\/a>. 03\/12\/2013. Directors: Carles Ar\u00fas, Ana Paula Candiota. <a href=\"https:\/\/webs.uab.cat\/gabrmn\/wp-content\/uploads\/sites\/424\/2023\/12\/phdmilena.pdf\" target=\"_blank\" rel=\"noreferrer noopener\">Details<\/a><\/p>\n\n\n\n<p>Juana Mart\u00edn Sitjar de Togores. <a href=\"https:\/\/www.tdx.cat\/handle\/10803\/133290#page=1\" target=\"_blank\" rel=\"noreferrer noopener\">Contribuci\u00f3n al fenotipado molecular de tumores cerebrales precl\u00ednicos mediante estudios in vitro e in vivo<\/a>. 04\/11\/2013. Directors: Carles Ar\u00fas, Margarida Juli\u00e0-Sap\u00e9. <a href=\"https:\/\/webs.uab.cat\/gabrmn\/wp-content\/uploads\/sites\/424\/2023\/12\/phdjuana.pdf\" target=\"_blank\" rel=\"noreferrer noopener\">Details<\/a><\/p>\n\n\n\n<p>Elena Jimenez Xarri\u00e9. <a href=\"https:\/\/www.tdx.cat\/handle\/10803\/131309#page=1\" target=\"_blank\" rel=\"noreferrer noopener\">Caracterizaci\u00f3n de la proliferaci\u00f3n celular en las zonas subventriculares y de la evoluci\u00f3n del infarto mediante espectroscop\u00eda de resonancia magn\u00e9tica en un modelo precl\u00ednico de isquemia cerebral<\/a>. 30\/10\/2013. Directors: Joan Mart\u00ed F\u00e0bregas, Carles Ar\u00fas, Josep Lluis Mart\u00ed Vilalta. <a href=\"https:\/\/webs.uab.cat\/gabrmn\/wp-content\/uploads\/sites\/424\/2023\/12\/phdelena.pdf\" target=\"_blank\" rel=\"noreferrer noopener\">Details<\/a><\/p>\n\n\n\n<p>Sandra Ortega-Martorell. <a href=\"https:\/\/www.tdx.cat\/handle\/10803\/284491#page=1\" target=\"_blank\" rel=\"noreferrer noopener\">On the use of advanced pattern recognition techniques for the analysis of MRS and MRSI data in neuro-oncology<\/a>. 22\/06\/2012. Directors: Alfredo Vellido, Paulo Lisboa, Carles Ar\u00fas. <a href=\"https:\/\/webs.uab.cat\/gabrmn\/wp-content\/uploads\/sites\/424\/2023\/12\/phdsandra.pdf\" target=\"_blank\" rel=\"noreferrer noopener\">Details<\/a><\/p>\n\n\n\n<p>Teresa Delgado Go\u00f1i. <a href=\"https:\/\/www.tdx.cat\/handle\/10803\/83967#page=1\" target=\"_blank\" rel=\"noreferrer noopener\">Aproximaci\u00f3n a la caracterizaci\u00f3n morfol\u00f3gica y molecular por IRM y ERM de la respuesta a la terapia en modelos pre-cl\u00ednicos de glioma<\/a>. 27\/02\/2012. Director: Carles Ar\u00fas. <a href=\"https:\/\/webs.uab.cat\/gabrmn\/wp-content\/uploads\/sites\/424\/2023\/12\/phdteresa.pdf\" target=\"_blank\" rel=\"noreferrer noopener\">Details<\/a><\/p>\n\n\n\n<p>Rui Vasco Portas Sim\u00f5es. <a href=\"https:\/\/estudogeral.uc.pt\/handle\/10316\/13879\" target=\"_blank\" rel=\"noreferrer noopener\">Towards Molecular Imaging of preclinical brain tumor models by MRS<\/a>. 26\/02\/2010. Director: Carles Ar\u00fas<\/p>\n\n\n\n<p>Daniel Valverde Saub\u00ed. <a href=\"https:\/\/dialnet.unirioja.es\/servlet\/tesis?codigo=231144&amp;info=resumen\" target=\"_blank\" rel=\"noreferrer noopener\">Estudi de possibles marcadors espectrosc\u00f2pics per RMN: de proliferaci\u00f3 en extractes cel\u00b7lulars i de tipus i grau tumoral en bi\u00f2psies de tumors cerebrals humans<\/a>. 15\/12\/2008. Director: Carles Ar\u00fas. <a href=\"https:\/\/webs.uab.cat\/gabrmn\/wp-content\/uploads\/sites\/424\/2023\/12\/phddani.pdf\" target=\"_blank\" rel=\"noreferrer noopener\">Details<\/a><\/p>\n\n\n\n<p>Maria Rosa Quintero. <a href=\"https:\/\/www.tdx.cat\/handle\/10803\/3563#page=1\">Estudi de la significaci\u00f3 cel\u00b7lular dels &#8220;l\u00edpids m\u00f2bils&#8221; visibles per RMN en c\u00e8l\u00b7lules C6 de glioma de rata<\/a>. 12\/02\/2007. Director: Carles Ar\u00fas. <a href=\"https:\/\/webs.uab.cat\/gabrmn\/wp-content\/uploads\/sites\/424\/2023\/12\/phdmariarosa.pdf\" target=\"_blank\" rel=\"noreferrer noopener\">Details<\/a><\/p>\n\n\n\n<p>Margarida Juli\u00e0-Sap\u00e9. <a href=\"https:\/\/www.tdx.cat\/handle\/10803\/3556#page=1\" target=\"_blank\" rel=\"noreferrer noopener\">Millora de la diagnosi no invasiva dels tumors cerebrals humans<\/a>. 06\/09\/2006. Director: Carles Ar\u00fas. <a href=\"https:\/\/webs.uab.cat\/gabrmn\/wp-content\/uploads\/sites\/424\/2023\/12\/phdmarga.pdf\" target=\"_blank\" rel=\"noreferrer noopener\">Details<\/a><\/p>\n\n\n\n<p>Ana Paula Candiota. <a href=\"https:\/\/www.tdx.cat\/handle\/10803\/3525#page=1\" target=\"_blank\" rel=\"noreferrer noopener\">Contribuci\u00f3 a la millora del diagn\u00f2stic i de la valoraci\u00f3 pron\u00f2stica de tumors cerebrals humans<\/a>. 24\/01\/2005. Director: Carles Ar\u00fas. <a href=\"https:\/\/webs.uab.cat\/gabrmn\/wp-content\/uploads\/sites\/424\/2023\/12\/phdap.pdf\" target=\"_blank\" rel=\"noreferrer noopener\">Details<\/a><\/p>\n\n\n\n<p>Maria Gisele dos Santos. <a href=\"https:\/\/www.tdx.cat\/handle\/10803\/3462#page=1\" target=\"_blank\" rel=\"noreferrer noopener\">Estudio del metabolismo energ\u00e9tico muscular y de la composici\u00f3n corporal de atletas por m\u00e9todos no destructivos<\/a>. 26\/09\/2001. Director: Carles Ar\u00fas<\/p>\n\n\n\n<p>Yolanda P\u00e9rez. <a href=\"https:\/\/dialnet.unirioja.es\/servlet\/tesis?codigo=247062&amp;info=resumen\" target=\"_blank\" rel=\"noreferrer noopener\">Caracterizaci\u00f3n biof\u00edsica del compartimento subcelular que contiene los l\u00edpidos m\u00f3viles en c\u00e9lulas C6 de glioma de rata mediante 1H RMN<\/a>. 18\/12\/2000. Director: Carles Ar\u00fas. <a href=\"https:\/\/webs.uab.cat\/gabrmn\/wp-content\/uploads\/sites\/424\/2023\/12\/phdyolanda.pdf\" target=\"_blank\" rel=\"noreferrer noopener\">Details<\/a><\/p>\n\n\n\n<p>Ignasi Barba Vert. <a href=\"https:\/\/portalrecerca.uab.cat\/en\/studentTheses\/espectrosc%C3%B2pia-1h-rmn-de-tumors-cerebrals-humans-origen-i-interpr\" target=\"_blank\" rel=\"noreferrer noopener\">Espectrosc\u00f2pia 1H RMN de tumors cerebrals humans. Origen i interpretaci\u00f3 biol\u00f2gica del senyal de l\u00edpids m\u00f2bils en models cel\u00b7lulars, animals i in vivo<\/a>. 29\/11\/1999. Director: Carles Ar\u00fas. <a href=\"https:\/\/webs.uab.cat\/gabrmn\/wp-content\/uploads\/sites\/424\/2023\/12\/phdignasi.pdf\" target=\"_blank\" rel=\"noreferrer noopener\">Details<\/a><\/p>\n\n\n\n<p>Irene Mart\u00ednez-P\u00e9rez. Aplicaci\u00f3n de la espectroscop\u00eda de resonancia magn\u00e9tica nuclear de prot\u00f3n al diagn\u00f3stico &#8216;in vitro&#8217; de tumores cerebrales humanos. 28\/01\/1999. Director: Carles Ar\u00fas. <a href=\"https:\/\/webs.uab.cat\/gabrmn\/wp-content\/uploads\/sites\/424\/2023\/12\/phdirene.pdf\" target=\"_blank\" rel=\"noreferrer noopener\">Details<\/a><\/p>\n\n\n\n<p>Angel Moreno-Torres. Recerca i caracteritzaci\u00f3 de marcadors tumorals mitjan\u00e7ant l&#8217;espectrosc\u00f2pia de resson\u00e0ncia magn\u00e8tica nuclear de prot\u00f3 en el cas del c\u00e0ncer de budell gruixut. 11\/11\/1996. Director: Carles Ar\u00fas. <a href=\"https:\/\/webs.uab.cat\/gabrmn\/wp-content\/uploads\/sites\/424\/2023\/12\/phdangel.pdf\" target=\"_blank\" rel=\"noreferrer noopener\">Details<\/a><\/p>\n","protected":false},"excerpt":{"rendered":"<p>In this section, you will find a summary of the PhD theses carried out at GABRMN and already finished. The title link direct readers to the TDX or similar (usually theses available for download in pdf format whenever available). At the Details link, readers will be directed to the TESEO record, in which details about [&hellip;]<\/p>\n","protected":false},"author":2658,"featured_media":0,"parent":0,"menu_order":0,"comment_status":"closed","ping_status":"closed","template":"","meta":{"footnotes":""},"class_list":["post-579","page","type-page","status-publish","hentry"],"_links":{"self":[{"href":"https:\/\/webs.uab.cat\/gabrmn\/en\/wp-json\/wp\/v2\/pages\/579","targetHints":{"allow":["GET"]}}],"collection":[{"href":"https:\/\/webs.uab.cat\/gabrmn\/en\/wp-json\/wp\/v2\/pages"}],"about":[{"href":"https:\/\/webs.uab.cat\/gabrmn\/en\/wp-json\/wp\/v2\/types\/page"}],"author":[{"embeddable":true,"href":"https:\/\/webs.uab.cat\/gabrmn\/en\/wp-json\/wp\/v2\/users\/2658"}],"replies":[{"embeddable":true,"href":"https:\/\/webs.uab.cat\/gabrmn\/en\/wp-json\/wp\/v2\/comments?post=579"}],"version-history":[{"count":4,"href":"https:\/\/webs.uab.cat\/gabrmn\/en\/wp-json\/wp\/v2\/pages\/579\/revisions"}],"predecessor-version":[{"id":1142,"href":"https:\/\/webs.uab.cat\/gabrmn\/en\/wp-json\/wp\/v2\/pages\/579\/revisions\/1142"}],"wp:attachment":[{"href":"https:\/\/webs.uab.cat\/gabrmn\/en\/wp-json\/wp\/v2\/media?parent=579"}],"curies":[{"name":"wp","href":"https:\/\/api.w.org\/{rel}","templated":true}]}}