{"id":587,"date":"2023-12-30T09:40:25","date_gmt":"2023-12-30T07:40:25","guid":{"rendered":"https:\/\/webs.uab.cat\/gabrmn\/ana-paula-candiota\/"},"modified":"2026-04-02T18:37:23","modified_gmt":"2026-04-02T16:37:23","slug":"ana-paula-candiota","status":"publish","type":"page","link":"https:\/\/webs.uab.cat\/gabrmn\/en\/ana-paula-candiota\/","title":{"rendered":"Ana Paula Candiota"},"content":{"rendered":"\n<div class=\"wp-block-columns is-layout-flex wp-container-core-columns-is-layout-9d6595d7 wp-block-columns-is-layout-flex\">\n<div class=\"wp-block-column is-layout-flow wp-block-column-is-layout-flow\" style=\"flex-basis:66.66%\">\n<p><strong>According to Web of Science:<\/strong><br>a) <strong>Total number of citations:<\/strong> 993 from 56 publications; average of <strong>98 citations\/year<\/strong> in the 5-year period 2020\u20132024.<br>b) <strong>36 publications in Q1 journals<\/strong> (2004\u20132025, JCR used), <strong>13 publications in D1 journals<\/strong> (Scopus used).<br>c) <strong>h-index: 19<\/strong>.<br>d) <strong>PhD theses supervised:<\/strong> 11 (8 finished, 3 in progress). <strong>Master theses supervised:<\/strong> 7 finished, 1 in progress. <strong>Final degree projects (TFG) supervised:<\/strong> 31.<\/p>\n<\/div>\n\n\n\n<div class=\"wp-block-column is-layout-flow wp-block-column-is-layout-flow\" style=\"flex-basis:33.33%\">\n<figure class=\"wp-block-image size-large is-resized\"><img loading=\"lazy\" decoding=\"async\" width=\"506\" height=\"1024\" src=\"https:\/\/webs.uab.cat\/gabrmn\/wp-content\/uploads\/sites\/424\/2023\/12\/anap-2-506x1024.png\" alt=\"\" class=\"wp-image-490\" srcset=\"https:\/\/webs.uab.cat\/gabrmn\/wp-content\/uploads\/sites\/424\/2023\/12\/anap-2-506x1024.png 506w, https:\/\/webs.uab.cat\/gabrmn\/wp-content\/uploads\/sites\/424\/2023\/12\/anap-2-148x300.png 148w, https:\/\/webs.uab.cat\/gabrmn\/wp-content\/uploads\/sites\/424\/2023\/12\/anap-2-768x1554.png 768w, https:\/\/webs.uab.cat\/gabrmn\/wp-content\/uploads\/sites\/424\/2023\/12\/anap-2-759x1536.png 759w, https:\/\/webs.uab.cat\/gabrmn\/wp-content\/uploads\/sites\/424\/2023\/12\/anap-2.png 872w\" sizes=\"auto, (max-width: 506px) 100vw, 506px\" \/><\/figure>\n<\/div>\n<\/div>\n\n\n\n<p>Born in Brazil, October 30, 1971 (dual citizenship Spanish-Brazilian). I graduated in Pharmacy at the Catholic University Pelotas, Brazil, 1997. I was granted three times with short term fellowships from <em>Agencia Espa\u00f1ola de Cooperaci\u00f3n Internacional<\/em> (1997, 1998 and 1999). With these grants, I visited as a short stage fellow <em>Universidad de Sevilla<\/em> (1997) and <em>Universitat de Barcelona <\/em>(1998 and 1999). Later on, I moved to Spain and started my predoctoral studies in 1999-2000 within the <em>Grup d\u2019Aplicacions Biom\u00e8diques de la RMN<\/em> (GABRMN, <em>Universitat Aut\u00f2noma de Barcelona<\/em>). I was recipient of a predoctoral fellowship from <em>Ministerio de Ciencia e Innovaci\u00f3n<\/em> for the period 2000-2004. After my PhD defense in 2005, I continued my research track with GABRMN and held a position of Associated Lecturer at <em>Universitat Aut\u00f2noma de Barcelona<\/em>.<\/p>\n\n\n\n<p>My predoctoral research was centered in NMR applications for brain tumour diagnosis in human samples. Solid collaborations were maintained with <em>Hospital Universitari de Bellvitge<\/em> and <em>Institut de Diagn\u00f2stic per la Imatge-Bellvitge<\/em> (Dr. Carles Maj\u00f3s, Dr. Carles Aguilera, Dr. Juan Jos\u00e9 Acebes). I participated in multicentric European projects in collaboration with <em>Hospital Sant Joan de D\u00e9u <\/em>(Dr. Antoni Capdevila) and <em>Institut de Diagn\u00f2stic per la Imatge<\/em> \u2013 Badalona (Dr. Jaume Capellades). The study of human MRS brain tumour data lead to the description of the myo-inositol\/glycine signal in glial tumours and its relationship with tumour aggressiveness which I published as first author in 2011, with a large cohort patient.<\/p>\n\n\n\n<p>After the PhD defense, I changed the main focus of my research, although maintaining brain tumours in the scope. My present research focuses in the characterization of the metabolomic pattern in preclinical brain tumours under treatment through molecular images of therapy response using multiple volume 1H MRS (spectroscopic imaging or MRSI) and machine learning approaches. My interest is to apply this knowledge to personalize therapy for achieving optimal response and be able to propose a change whenever applied therapy is proven not effective, bearing a clear translational potential. Moreover, the characterization of the immune system population and other local factors involved in therapy response is one of our goals, since it can be related to MR spectral changes seen during therapy. I am the last and corresponding author of articles published within this line. Finally, the preclinical characterization of novel contrast agents for brain tumours is also a strong point in the research developed under my supervision.<\/p>\n\n\n\n<p>From 2007 to 2023 I held a (senior) postdoctoral position in CIBER-BBN (<em>Centro de Investigaci\u00f3n Biom\u00e9dica en Red: Bioingenier\u00eda, Biomaterials y Nanomedicina<\/em>) being in charge of the coordination of preclinical studies and supervision of associated PhD and master students. In 2023 I moved to a permanent position at UAB (\u201cProfessor Agregat Laboral\u201d), now leading the <em>Grup d\u2019Aplicacions Biom\u00e8diques de la RMN<\/em> at UAB and also the CIBER-BBN Group CB06\/01\/0010 since 2024. Since July 2025, I am the coordinator of the Biosciences Unit in the Biochemistry and Molecular Biology Department.<\/p>\n\n\n\n<p>I am in charge of the scientific direction of Unit 25, NMR: Biomedical Applications I, of the Singular Scientific Technological Infrastructures (ICTS) NANBIOSIS. I was granted as project leader in an EU Horizon call for groundbreaking ideas with a project funded with 100,000\u20ac (period 2019-2020). Also funded as PI with a project in PGC-MICINN call (PID2020-113058GB-I00, 121,000\u20ac 2021-2023). I lead a research valorisation project awarded by CIBER in 2021-2022 (20,000\u20ac), and I am co-leading a scientific agreement with Parc Taul\u00ed Hospital Unversitari from Sabadell, as well as a collaborative project CIBER-BBN\/CIBERNED, with co-IP Marta Mart\u00ednez from VHIR.<\/p>\n","protected":false},"excerpt":{"rendered":"<p>According to Web of Science:a) Total number of citations: 993 from 56 publications; average of 98 citations\/year in the 5-year period 2020\u20132024.b) 36 publications in Q1 journals (2004\u20132025, JCR used), 13 publications in D1 journals (Scopus used).c) h-index: 19.d) PhD theses supervised: 11 (8 finished, 3 in progress). Master theses supervised: 7 finished, 1 in [&hellip;]<\/p>\n","protected":false},"author":2658,"featured_media":0,"parent":0,"menu_order":0,"comment_status":"closed","ping_status":"closed","template":"","meta":{"footnotes":""},"class_list":["post-587","page","type-page","status-publish","hentry"],"_links":{"self":[{"href":"https:\/\/webs.uab.cat\/gabrmn\/en\/wp-json\/wp\/v2\/pages\/587","targetHints":{"allow":["GET"]}}],"collection":[{"href":"https:\/\/webs.uab.cat\/gabrmn\/en\/wp-json\/wp\/v2\/pages"}],"about":[{"href":"https:\/\/webs.uab.cat\/gabrmn\/en\/wp-json\/wp\/v2\/types\/page"}],"author":[{"embeddable":true,"href":"https:\/\/webs.uab.cat\/gabrmn\/en\/wp-json\/wp\/v2\/users\/2658"}],"replies":[{"embeddable":true,"href":"https:\/\/webs.uab.cat\/gabrmn\/en\/wp-json\/wp\/v2\/comments?post=587"}],"version-history":[{"count":12,"href":"https:\/\/webs.uab.cat\/gabrmn\/en\/wp-json\/wp\/v2\/pages\/587\/revisions"}],"predecessor-version":[{"id":1092,"href":"https:\/\/webs.uab.cat\/gabrmn\/en\/wp-json\/wp\/v2\/pages\/587\/revisions\/1092"}],"wp:attachment":[{"href":"https:\/\/webs.uab.cat\/gabrmn\/en\/wp-json\/wp\/v2\/media?parent=587"}],"curies":[{"name":"wp","href":"https:\/\/api.w.org\/{rel}","templated":true}]}}