{"id":625,"date":"2023-12-29T11:04:01","date_gmt":"2023-12-29T09:04:01","guid":{"rendered":"https:\/\/webs.uab.cat\/gabrmn\/group-location\/"},"modified":"2024-01-02T21:15:31","modified_gmt":"2024-01-02T19:15:31","slug":"group-location","status":"publish","type":"page","link":"https:\/\/webs.uab.cat\/gabrmn\/en\/group-location\/","title":{"rendered":"Group Location"},"content":{"rendered":"\n<p>You will find us at the Biosciences Faculty of <a href=\"https:\/\/www.uab.cat\/\" target=\"_blank\" rel=\"noreferrer noopener\">Universitat Aut\u00f2noma de Barcelona<\/a> (<a href=\"https:\/\/www.google.com\/maps\/place\/UAB+Facultat+de+Bioci%C3%A8ncies\/@41.5000758,2.1054809,15z\/data=!3m1!5s0x12a4967f0b955863:0xa75832fcf2b7a27c!4m6!3m5!1s0x12a4967fb18fe6d1:0xb177473b214ac167!8m2!3d41.5000718!4d2.1080558!16s%2Fg%2F11bwym6n5k?entry=ttu\" target=\"_blank\" rel=\"noreferrer noopener\">link to google maps<\/a>), in the building Cs (Ci\u00e8ncies Sud), Lab C2-225.<\/p>\n\n<figure class=\"wp-block-gallery has-nested-images columns-default is-cropped wp-block-gallery-1 is-layout-flex wp-block-gallery-is-layout-flex\">\n<figure class=\"wp-block-image size-large\"><img loading=\"lazy\" decoding=\"async\" width=\"1024\" height=\"517\" data-id=\"35\" src=\"https:\/\/webs.uab.cat\/gabrmn\/wp-content\/uploads\/sites\/424\/2023\/12\/ubica-1024x517.png\" alt=\"\" class=\"wp-image-35\" srcset=\"https:\/\/webs.uab.cat\/gabrmn\/wp-content\/uploads\/sites\/424\/2023\/12\/ubica-1024x517.png 1024w, https:\/\/webs.uab.cat\/gabrmn\/wp-content\/uploads\/sites\/424\/2023\/12\/ubica-300x151.png 300w, https:\/\/webs.uab.cat\/gabrmn\/wp-content\/uploads\/sites\/424\/2023\/12\/ubica-768x388.png 768w, https:\/\/webs.uab.cat\/gabrmn\/wp-content\/uploads\/sites\/424\/2023\/12\/ubica-1536x775.png 1536w, https:\/\/webs.uab.cat\/gabrmn\/wp-content\/uploads\/sites\/424\/2023\/12\/ubica-1200x606.png 1200w, https:\/\/webs.uab.cat\/gabrmn\/wp-content\/uploads\/sites\/424\/2023\/12\/ubica.png 1652w\" sizes=\"auto, (max-width: 1024px) 100vw, 1024px\" \/><\/figure>\n<\/figure>\n\n<p>We are part of the <a href=\"https:\/\/www.uab.cat\/ca\/bioquimica\" target=\"_blank\" rel=\"noreferrer noopener\">Departament de Bioqu\u00edmica i Biologia Molecular<\/a> (Unitat Bioci\u00e8ncies), and most of the in vivo research is performed at the <a href=\"https:\/\/www.uab.cat\/ca\/servei-ressonancia\" target=\"_blank\" rel=\"noreferrer noopener\">NMR Facility<\/a>, at the same building, -1 floor. <\/p>\n\n<p>The Universitat Aut\u00f2noma de Barcelona is located between Cerdanyola del Vall\u00e8s and Bellaterra, 20km far from Barcelona. It can be easily reached both by car or public transportation (FGC, Renfe or bus). The general UAB page offers a <a href=\"https:\/\/www.uab.cat\/web\/viure-el-campus\/serveis\/transports-i-com-arribar-1345681847476.html\" target=\"_blank\" rel=\"noreferrer noopener\">complete description of public transports<\/a> that can be used. <\/p>\n\n<p>If you want to visit us, it is always advisable to ask in advance (<a href=\"mailto:AnaPaula.Candiota@uab.cat\">AnaPaula.Candiota@uab.cat<\/a>), since there are periods such as Summer or Christmas holidays in which some entrance doors are not available or restricted.<\/p>\n","protected":false},"excerpt":{"rendered":"<p>You will find us at the Biosciences Faculty of Universitat Aut\u00f2noma de Barcelona (link to google maps), in the building Cs (Ci\u00e8ncies Sud), Lab C2-225. We are part of the Departament de Bioqu\u00edmica i Biologia Molecular (Unitat Bioci\u00e8ncies), and most of the in vivo research is performed at the NMR Facility, at the same building, [&hellip;]<\/p>\n","protected":false},"author":2658,"featured_media":0,"parent":0,"menu_order":0,"comment_status":"closed","ping_status":"closed","template":"","meta":{"footnotes":""},"class_list":["post-625","page","type-page","status-publish","hentry"],"_links":{"self":[{"href":"https:\/\/webs.uab.cat\/gabrmn\/en\/wp-json\/wp\/v2\/pages\/625","targetHints":{"allow":["GET"]}}],"collection":[{"href":"https:\/\/webs.uab.cat\/gabrmn\/en\/wp-json\/wp\/v2\/pages"}],"about":[{"href":"https:\/\/webs.uab.cat\/gabrmn\/en\/wp-json\/wp\/v2\/types\/page"}],"author":[{"embeddable":true,"href":"https:\/\/webs.uab.cat\/gabrmn\/en\/wp-json\/wp\/v2\/users\/2658"}],"replies":[{"embeddable":true,"href":"https:\/\/webs.uab.cat\/gabrmn\/en\/wp-json\/wp\/v2\/comments?post=625"}],"version-history":[{"count":1,"href":"https:\/\/webs.uab.cat\/gabrmn\/en\/wp-json\/wp\/v2\/pages\/625\/revisions"}],"predecessor-version":[{"id":626,"href":"https:\/\/webs.uab.cat\/gabrmn\/en\/wp-json\/wp\/v2\/pages\/625\/revisions\/626"}],"wp:attachment":[{"href":"https:\/\/webs.uab.cat\/gabrmn\/en\/wp-json\/wp\/v2\/media?parent=625"}],"curies":[{"name":"wp","href":"https:\/\/api.w.org\/{rel}","templated":true}]}}