{"id":645,"date":"2023-12-29T11:02:55","date_gmt":"2023-12-29T09:02:55","guid":{"rendered":"https:\/\/webs.uab.cat\/gabrmn\/group-members\/"},"modified":"2026-04-02T20:17:35","modified_gmt":"2026-04-02T18:17:35","slug":"group-members","status":"publish","type":"page","link":"https:\/\/webs.uab.cat\/gabrmn\/en\/group-members\/","title":{"rendered":"Group Members"},"content":{"rendered":"\n<p><\/p>\n\n\n\n<div class=\"wp-block-columns is-layout-flex wp-container-core-columns-is-layout-9d6595d7 wp-block-columns-is-layout-flex\">\n<div class=\"wp-block-column is-layout-flow wp-block-column-is-layout-flow\">\n<p><strong>Principal Investigator <\/strong><\/p>\n\n\n\n<p><a href=\"https:\/\/webs.uab.cat\/gabrmn\/en\/ana-paula-candiota\/?preview=true\" target=\"_blank\" rel=\"noreferrer noopener\">Ana Paula Candiota<\/a><\/p>\n\n\n\n<ul class=\"wp-block-social-links is-layout-flex wp-block-social-links-is-layout-flex\"><li class=\"wp-social-link wp-social-link-mail  wp-block-social-link\"><a href=\"mailto:&#065;n&#097;P&#097;&#117;&#108;&#097;&#046;Ca&#110;d&#105;o&#116;&#097;&#064;u&#097;&#098;.&#099;a&#116;\" class=\"wp-block-social-link-anchor\"><svg width=\"24\" height=\"24\" viewBox=\"0 0 24 24\" version=\"1.1\" xmlns=\"http:\/\/www.w3.org\/2000\/svg\" aria-hidden=\"true\" focusable=\"false\"><path d=\"M19,5H5c-1.1,0-2,.9-2,2v10c0,1.1.9,2,2,2h14c1.1,0,2-.9,2-2V7c0-1.1-.9-2-2-2zm.5,12c0,.3-.2.5-.5.5H5c-.3,0-.5-.2-.5-.5V9.8l7.5,5.6,7.5-5.6V17zm0-9.1L12,13.6,4.5,7.9V7c0-.3.2-.5.5-.5h14c.3,0,.5.2.5.5v.9z\"><\/path><\/svg><span class=\"wp-block-social-link-label screen-reader-text\">Mail<\/span><\/a><\/li>\n\n<li class=\"wp-social-link wp-social-link-linkedin  wp-block-social-link\"><a href=\"https:\/\/www.linkedin.com\/in\/ana-paula-candiota-39151910\/?originalSubdomain=es\" class=\"wp-block-social-link-anchor\"><svg width=\"24\" height=\"24\" viewBox=\"0 0 24 24\" version=\"1.1\" xmlns=\"http:\/\/www.w3.org\/2000\/svg\" aria-hidden=\"true\" focusable=\"false\"><path d=\"M19.7,3H4.3C3.582,3,3,3.582,3,4.3v15.4C3,20.418,3.582,21,4.3,21h15.4c0.718,0,1.3-0.582,1.3-1.3V4.3 C21,3.582,20.418,3,19.7,3z M8.339,18.338H5.667v-8.59h2.672V18.338z M7.004,8.574c-0.857,0-1.549-0.694-1.549-1.548 c0-0.855,0.691-1.548,1.549-1.548c0.854,0,1.547,0.694,1.547,1.548C8.551,7.881,7.858,8.574,7.004,8.574z M18.339,18.338h-2.669 v-4.177c0-0.996-0.017-2.278-1.387-2.278c-1.389,0-1.601,1.086-1.601,2.206v4.249h-2.667v-8.59h2.559v1.174h0.037 c0.356-0.675,1.227-1.387,2.526-1.387c2.703,0,3.203,1.779,3.203,4.092V18.338z\"><\/path><\/svg><span class=\"wp-block-social-link-label screen-reader-text\">LinkedIn<\/span><\/a><\/li><\/ul>\n\n\n\n<p>AnaPaula.Candiota@uab.cat<\/p>\n\n\n\n<p>Check my <a href=\"https:\/\/www.scopus.com\/authid\/detail.uri?authorId=6504683335\" target=\"_blank\" rel=\"noreferrer noopener\">Scopus profile<\/a><\/p>\n\n\n\n<p>My Pubmed <a href=\"https:\/\/pubmed.ncbi.nlm.nih.gov\/?term=candiota+ap\" target=\"_blank\" rel=\"noreferrer noopener\">indexed publications<\/a><\/p>\n\n\n\n<p>Check my <a href=\"https:\/\/orcid.org\/0000-0002-1523-6505\">ORCID profile<\/a><\/p>\n<\/div>\n<\/div>\n\n\n\n<p><\/p>\n\n\n\n<p><strong>Current group members: <\/strong><\/p>\n\n\n\n<figure class=\"wp-block-table\"><table><tbody><tr><td><strong>Name<\/strong><\/td><td><strong>Position<\/strong><\/td><\/tr><tr><td><a href=\"https:\/\/www.scopus.com\/authid\/detail.uri?authorId=7003464896\">Carles Ar\u00fas<\/a><\/td><td>Former Principal Investigator \/ Full Professor<\/td><\/tr><tr><td><a href=\"https:\/\/www.linkedin.com\/in\/marta-mulero-acevedo\/?originalSubdomain=es\" target=\"_blank\" rel=\"noreferrer noopener\">Marta Mulero-Acevedo<\/a><\/td><td>Predoctoral student PIF UAB since 2021. Direcci\u00f3 compartida amb <a href=\"https:\/\/ibb.uab.cat\/wp-content\/themes\/viral\/modules\/ibb_membres\/view_grup.php?CodiGrup=35\" target=\"_blank\" rel=\"noreferrer noopener\">Grup d&#8217;Ingenieria de Prote\u00efnes i Nanomedicina<\/a><br><\/td><\/tr><tr><td><a href=\"https:\/\/www.linkedin.com\/in\/l%C3%ADdia-montes-ruiz-525748259\/?originalSubdomain=es\">L\u00eddia Montes Ruiz<\/a><\/td><td>Predoctoral student PIP UAB <\/td><\/tr><tr><td>Ana Azaustre Garcia<\/td><td>Predoctoral student CIBER hiring<\/td><\/tr><tr><td>Andrea M\u00e9rida P\u00e9rez<\/td><td>Master Student<\/td><\/tr><\/tbody><\/table><\/figure>\n\n\n\n<p><\/p>\n\n\n\n<p><\/p>\n\n\n\n<p><strong>Former group members in the last 10 years:<\/strong><\/p>\n\n\n\n<figure class=\"wp-block-table\"><table><tbody><tr><td><strong>Name<\/strong><\/td><td><strong>Position and period<\/strong><\/td><td><strong>Current position<\/strong><\/td><\/tr><tr><td><a href=\"https:\/\/www.uab.cat\/ca\/bioquimica\/doc\/docjulia.pdf\" target=\"_blank\" rel=\"noreferrer noopener\">M\u00aa Margarida Juli\u00e0-Sap\u00e9<\/a><\/td><td>Senior CIBER postdoctoral researcher until 2021<\/td><td>&#8220;Professora Agregada&#8221;, <a href=\"https:\/\/webs.uab.cat\/midalab\/\" target=\"_blank\" rel=\"noreferrer noopener\">PI Group MidaLab, UAB<\/a><\/td><\/tr><tr><td>Mercedes Crespo Hereu<\/td><td>Master student 2024-2025<\/td><td><\/td><\/tr><tr><td>Oliver K\u00fcbeck<\/td><td>Erasmus student from Philipps Universit\u00e4t Marburg (March-May 2023)<\/td><td>Predoctoral student at Universit\u00e4ts Klinikum Heidelberg<\/td><\/tr><tr><td><a href=\"https:\/\/www.linkedin.com\/in\/pilar-calero-56353475\/\" target=\"_blank\" rel=\"noreferrer noopener\">Maria del Pilar Calero-P\u00e9rez<\/a><\/td><td>Predoctoral student PIF UAB period 2017-2021<\/td><td>Member of <a href=\"https:\/\/www.semicrol.com\/\">Semicrol <\/a>(clinical trials dedicated software)<\/td><\/tr><tr><td><a href=\"https:\/\/www.linkedin.com\/in\/yanisleydis-hern%C3%A1ndez-villegas-689781111\/\" target=\"_blank\" rel=\"noreferrer noopener\">Yanisleidys Hernandez-Villegas<\/a><\/td><td>Predoctoral student FI (AGAUR) 2017-2021<\/td><td>Responsible electromedicine &#8211; Quir\u00f3nsalud<\/td><\/tr><tr><td>Shuang Wu<\/td><td>Predoctoral fellow China Scholarship Council period 2016-2020<\/td><td>Teacher at Southwest University, China<\/td><\/tr><tr><td><a href=\"https:\/\/www.linkedin.com\/in\/marcella-cardoso-msc-phd-4b85131a2\/\">Marcella Regina Cardoso<\/a><\/td><td>Predoctoral fellow (UNICAMP, Brasil) in international mobility program Santander (2018)<\/td><td><a href=\"https:\/\/connects.catalyst.harvard.edu\/Profiles\/display\/Person\/215696\">Research Fellow in Medicine<br>Massachusetts General Hospital<\/a>, Boston, USA<\/td><\/tr><tr><td><a href=\"https:\/\/www.linkedin.com\/in\/agust%C3%ADn-l%C3%B3pez-ortiz-3235141a3\/\" target=\"_blank\" rel=\"noreferrer noopener\">Agust\u00edn L\u00f3pez Ortiz<\/a><\/td><td>Master student, period 2019-2020<\/td><td>Data Manager at Science4Tech<\/td><\/tr><tr><td><a href=\"https:\/\/www.linkedin.com\/in\/lucia-villama%C3%B1an-757094a7\/\" target=\"_blank\" rel=\"noreferrer noopener\">Luc\u00eda Villama\u00f1an de Santiago<\/a><\/td><td>Predoctoral student PIF UAB period 2015-2019<\/td><td>Member of <a href=\"https:\/\/www.guardiacivil.es\/en\/institucional\/Conocenos\/especialidades\/InvestigacionCientifica\/index.html\" target=\"_blank\" rel=\"noreferrer noopener\">Servicio de Criminalistica de la guardia civil<\/a><\/td><\/tr><tr><td><a href=\"https:\/\/www.linkedin.com\/in\/nuria-arias-ramos-9302a4146\/?originalSubdomain=es\" target=\"_blank\" rel=\"noreferrer noopener\">Nuria Arias-Ramos<\/a><\/td><td>Predoctoral student FPI period 2013-2019<\/td><td>Technician at <a href=\"https:\/\/www.iib.uam.es\/portal\/personal?p_p_id=APPERSportlet_WAR_APIIBportlet_INSTANCE_vAb1&amp;p_p_lifecycle=0&amp;p_p_col_id=column-3&amp;p_p_col_count=1&amp;_APPERSportlet_WAR_APIIBportlet_INSTANCE_vAb1_idPersona=1803&amp;_APPERSportlet_WAR_APIIBportlet_INSTANCE_vAb1_action=detail_person\" target=\"_blank\" rel=\"noreferrer noopener\">Laboratorio de Resonancia Magn\u00e9tica Biom\u00e9dica en el Instituto de Investigaciones Biom\u00e9dicas Alberto Sols, CSIC, Madrid<\/a><\/td><\/tr><tr><td><a href=\"https:\/\/www.linkedin.com\/in\/victor-mocioiu-phd-95318862\/\" target=\"_blank\" rel=\"noreferrer noopener\">Victor Mo<\/a><a href=\"https:\/\/www.linkedin.com\/in\/victor-mocioiu-phd-95318862\/\">cioiu<\/a><\/td><td>Marie-Curie Fellow ITN period 2012-2016<\/td><td>Research and Innovation Engineer at AdsWizz<\/td><\/tr><tr><td><a href=\"https:\/\/www.linkedin.com\/in\/laura-ferrer-font\/\" target=\"_blank\" rel=\"noreferrer noopener\">Laura Ferrer-Font<\/a><\/td><td>Predoctoral student PIF UAB period 2013-2017<\/td><td><a href=\"https:\/\/www.researchgate.net\/profile\/Laura-Ferrer-Font\" target=\"_blank\" rel=\"noreferrer noopener\">Scientific Solucions Manager at Becton, Dickinson and Company (BD) Biosciences, leading spectral flow cytometry<\/a><\/td><\/tr><tr><td><a href=\"https:\/\/www.linkedin.com\/in\/mciezka\/?originalSubdomain=ie\" target=\"_blank\" rel=\"noreferrer noopener\">Magdalena Ciezka<\/a><\/td><td>Predoctoral student FI (Generalitat de Catalunya) period 2011-2015<\/td><td>Scientist \u2013 Technical Services \/ Manufacturing Science at Eli Lilly and Company<\/td><\/tr><tr><td><a href=\"https:\/\/www.linkedin.com\/in\/elenajimenezxarrie\/\" target=\"_blank\" rel=\"noreferrer noopener\">Elena Jim\u00e9nez Xarri\u00e9<\/a><\/td><td>Predoctoral student RETICS period 2012-2014<\/td><td><\/td><\/tr><tr><td><a href=\"https:\/\/www.linkedin.com\/in\/myriam-d%C3%A1vila-aa199564\/?originalSubdomain=es\" target=\"_blank\" rel=\"noreferrer noopener\">Miriam Davila Huerta<\/a><\/td><td>Predoctoral student PIF UAB period 2010-2014<\/td><td>Project Manager at BioVersys AG<\/td><\/tr><tr><td><a href=\"https:\/\/www.linkedin.com\/in\/juana-mart%C3%ADn-phd-pmp%C2%AE-741b7026\/\" target=\"_blank\" rel=\"noreferrer noopener\">Juana Mart\u00edn Sitjar de Togores<\/a><\/td><td>Predoctoral student FPU period 2006-2012<\/td><td>Senior Project Manager at<br>ICON Strategic Solutions<\/td><\/tr><tr><td><a href=\"https:\/\/www.linkedin.com\/in\/milena-acosta-gonz%C3%A1lez-a909a45a\/\" target=\"_blank\" rel=\"noreferrer noopener\">Milena Acosta<\/a><\/td><td>Predoctoral student CIBER period 2009-2013. NMR technological platform technician<\/td><td><\/td><\/tr><\/tbody><\/table><\/figure>\n\n\n\n<p><\/p>\n\n\n\n<p><strong>Personnel linked to the group before 2013<\/strong>:<\/p>\n\n\n\n<p><a rel=\"noreferrer noopener\" href=\"https:\/\/www.i3s.up.pt\/personal-info.php?id=3954&amp;idg=125\" target=\"_blank\">Rui Sim\u00f5es<\/a> &#8211; Neuroengineering and Computational Neuroscience Associate Researcher. Head of preclinical MRI (Part of the Animal Facility Platform), I3S Porto, Portugal<\/p>\n\n\n\n<p><a href=\"https:\/\/www.linkedin.com\/in\/teresa-delgado-goni\/?originalSubdomain=uk\" target=\"_blank\" rel=\"noreferrer noopener\">Teresa Delgado-Go\u00f1i<\/a> &#8211; Research Manager at Oxford Health NHS Foundation Trust, UK<\/p>\n\n\n\n<p><a href=\"https:\/\/www.ljmu.ac.uk\/about-us\/staff-profiles\/faculty-of-engineering-and-technology\/school-of-computer-science-and-mathematics\/ivan-olier-caparroso\" target=\"_blank\" rel=\"noreferrer noopener\">Ivan Olier<\/a> -Head of the Data Science Research Centre and a Reader in Artificial Intelligence and Data Science, Liverpool John Moores University, UK<\/p>\n\n\n\n<p><a href=\"https:\/\/www.ljmu.ac.uk\/about-us\/staff-profiles\/faculty-of-engineering-and-technology\/school-of-computer-science-and-mathematics\/sandra-ortega-martorell\" target=\"_blank\" rel=\"noreferrer noopener\">Sandra Ortega-Martorell<\/a> -Reader in Data Science, Liverpool John Moores University, UK<\/p>\n\n\n\n<p><a href=\"https:\/\/www.linkedin.com\/in\/mmier\/?originalSubdomain=es\" target=\"_blank\" rel=\"noreferrer noopener\">Mariola Mier<\/a> &#8211; General Manager Brazil, Corporate Ibero-America Regional Operations Director &amp; Senior Equity Partner at @PQE Group<\/p>\n\n\n\n<p><a href=\"https:\/\/www.linkedin.com\/in\/alexander-perez-ruiz\/\" target=\"_blank\" rel=\"noreferrer noopener\">Alexander P\u00e9rez<\/a> &#8211; Associate professor at Escuela Colombiana de Ingenier\u00eda Julio Garavito, Colombia<\/p>\n\n\n\n<p><a href=\"https:\/\/www.linkedin.com\/in\/guillem-mercadal-d%C3%ADaz-7a4b6826\/\" target=\"_blank\" rel=\"noreferrer noopener\">Guillem Mercadal<\/a> -Software engineer at Scopely, Barcelona<\/p>\n\n\n\n<p><a href=\"https:\/\/www.linkedin.com\/in\/mangelesverdugo\/\" target=\"_blank\" rel=\"noreferrer noopener\">Maria de los Angeles Verdugo<\/a> &#8211; Technical Director at BENCHMARK ANIMAL HEALTH LIMITED, Chile<\/p>\n\n\n\n<p><a href=\"https:\/\/www.linkedin.com\/in\/alinagchacon\/\" target=\"_blank\" rel=\"noreferrer noopener\">Alina Garc\u00eda Chac\u00f3n<\/a> &#8211; Teacher at iFP. Innovaci\u00f3n en Formaci\u00f3n Profesional, Barcelona<\/p>\n\n\n\n<p>Miriam Camison Sanchez<\/p>\n\n\n\n<p><a href=\"https:\/\/www.linkedin.com\/in\/edgar-villarraga-558b1162\/\" target=\"_blank\" rel=\"noreferrer noopener\">Edgar Villarraga<\/a><\/p>\n\n\n\n<p><a href=\"https:\/\/www.linkedin.com\/in\/oscar-tibaduisa-quijano-8311ab31\/\" target=\"_blank\" rel=\"noreferrer noopener\">Oscar Tibaduisa<\/a><\/p>\n\n\n\n<p><a href=\"https:\/\/www.linkedin.com\/in\/ra%C3%BAl-cruz-barbosa-b6a1b928\/\" target=\"_blank\" rel=\"noreferrer noopener\">Raul Cruz<\/a><\/p>\n\n\n\n<p><a href=\"https:\/\/www.linkedin.com\/in\/storralba\/\" target=\"_blank\" rel=\"noreferrer noopener\">Sergi Torralba<\/a> &#8211; Principal Quality Assurance Engineer at Backbase, Holanda<\/p>\n\n\n\n<p><a href=\"https:\/\/www.linkedin.com\/in\/carlos-arizmendi-10933146\/\" target=\"_blank\" rel=\"noreferrer noopener\">Carlos Arizmendi<\/a>&#8211; Teacher at Universidad Autonoma de Bucaramanga, Colombia<\/p>\n\n\n\n<p><a href=\"https:\/\/www.linkedin.com\/in\/jnebot\/\" target=\"_blank\" rel=\"noreferrer noopener\">Jordi Nebot<\/a> &#8211; Frontend Developer at King, Barcelona<\/p>\n\n\n\n<p><a href=\"https:\/\/www.linkedin.com\/in\/mariarosaquintero\/\" target=\"_blank\" rel=\"noreferrer noopener\">Maria Rosa Quintero<\/a> &#8211; Quality Assurance Team Leader at mgm technology partners GmbH, Grenoble<\/p>\n\n\n\n<p><a href=\"https:\/\/www.linkedin.com\/in\/danivalverde\/\" target=\"_blank\" rel=\"noreferrer noopener\">Daniel Valverde-Saubi<\/a><\/p>\n\n\n\n<p><a href=\"https:\/\/www.linkedin.com\/in\/dionisio-acosta-mena-3b4b0412\/\" target=\"_blank\" rel=\"noreferrer noopener\">Dionisio Acosta<\/a> &#8211; Data Scientist Director at Life Sciences, UK<\/p>\n\n\n\n<p><a href=\"https:\/\/www.linkedin.com\/in\/mzakari\/\" target=\"_blank\" rel=\"noreferrer noopener\">Mohamed Zakari <\/a>&#8211; Lead Project Manager at DXC Technology, Barcelona<\/p>\n\n\n\n<p><a href=\"https:\/\/www.linkedin.com\/in\/ignasi-barba-b0a4b114\/\" target=\"_blank\" rel=\"noreferrer noopener\">Ignasi Barba<\/a> &#8211; Professor Agregat at Universitat de Vic<\/p>\n\n\n\n<p><a href=\"https:\/\/www.carrerasresearch.org\/en\/directory\/albert-oriol-105\" target=\"_blank\" rel=\"noreferrer noopener\">Albert Oriol<\/a>&#8211; Senior group leader at Institut Josep Carreras<\/p>\n\n\n\n<p><a href=\"https:\/\/www.linkedin.com\/in\/angel-moreno-torres-19a37835\/\" target=\"_blank\" rel=\"noreferrer noopener\">Angel Moreno-Torres<\/a><\/p>\n\n\n\n<p><a href=\"https:\/\/www.linkedin.com\/in\/irenemartinezperez\/\" target=\"_blank\" rel=\"noreferrer noopener\">Irene Mart\u00ednez-P\u00e9rez<\/a><\/p>\n\n\n\n<p><a href=\"https:\/\/www.researchgate.net\/profile\/Miquel-Cabanas\" target=\"_blank\" rel=\"noreferrer noopener\">Miquel Caba\u00f1as-Ega\u00f1a<\/a> &#8211; Senior NMR spectroscopist at Servei de Resson\u00e0ncia Magn\u00e8tica Nuclear de la UAB<\/p>\n\n\n\n<p><a href=\"https:\/\/www.iqac.csic.es\/es\/servicios\/caracterizacion-espectroscopica-de-moleculas-i-materiales\/resonancia-magnetica-nuclear-rmn\/\" target=\"_blank\" rel=\"noreferrer noopener\">Yolanda P\u00e9rez<\/a> &#8211; responsible at Servei de Resson\u00e0ncia Magn\u00e8tica Institut de Qu\u00edmica Avan\u00e7ada de Catalunya<\/p>\n\n\n\n<p><a href=\"https:\/\/www.linkedin.com\/in\/maria-gisele-dos-santos-95b0b3233\/?originalSubdomain=br\" target=\"_blank\" rel=\"noreferrer noopener\">Maria Gisele dos Santos<\/a><\/p>\n\n\n\n<p><a href=\"https:\/\/vhir.vallhebron.com\/en\/professionals\/juli-alonso-farre\" target=\"_blank\" rel=\"noreferrer noopener\">Juli Alonso<\/a> &#8211; Neuroradiology, Vall d&#8217;Hebr\u00f3n Institut de Recerca<\/p>\n","protected":false},"excerpt":{"rendered":"<p>Principal Investigator Ana Paula Candiota AnaPaula.Candiota@uab.cat Check my Scopus profile My Pubmed indexed publications Check my ORCID profile Current group members: Name Position Carles Ar\u00fas Former Principal Investigator \/ Full Professor Marta Mulero-Acevedo Predoctoral student PIF UAB since 2021. Direcci\u00f3 compartida amb Grup d&#8217;Ingenieria de Prote\u00efnes i Nanomedicina L\u00eddia Montes Ruiz Predoctoral student PIP UAB [&hellip;]<\/p>\n","protected":false},"author":2658,"featured_media":0,"parent":0,"menu_order":0,"comment_status":"closed","ping_status":"closed","template":"","meta":{"footnotes":""},"class_list":["post-645","page","type-page","status-publish","hentry"],"_links":{"self":[{"href":"https:\/\/webs.uab.cat\/gabrmn\/en\/wp-json\/wp\/v2\/pages\/645","targetHints":{"allow":["GET"]}}],"collection":[{"href":"https:\/\/webs.uab.cat\/gabrmn\/en\/wp-json\/wp\/v2\/pages"}],"about":[{"href":"https:\/\/webs.uab.cat\/gabrmn\/en\/wp-json\/wp\/v2\/types\/page"}],"author":[{"embeddable":true,"href":"https:\/\/webs.uab.cat\/gabrmn\/en\/wp-json\/wp\/v2\/users\/2658"}],"replies":[{"embeddable":true,"href":"https:\/\/webs.uab.cat\/gabrmn\/en\/wp-json\/wp\/v2\/comments?post=645"}],"version-history":[{"count":14,"href":"https:\/\/webs.uab.cat\/gabrmn\/en\/wp-json\/wp\/v2\/pages\/645\/revisions"}],"predecessor-version":[{"id":1138,"href":"https:\/\/webs.uab.cat\/gabrmn\/en\/wp-json\/wp\/v2\/pages\/645\/revisions\/1138"}],"wp:attachment":[{"href":"https:\/\/webs.uab.cat\/gabrmn\/en\/wp-json\/wp\/v2\/media?parent=645"}],"curies":[{"name":"wp","href":"https:\/\/api.w.org\/{rel}","templated":true}]}}