{"id":641,"date":"2023-12-29T11:02:55","date_gmt":"2023-12-29T09:02:55","guid":{"rendered":"https:\/\/webs.uab.cat\/gabrmn\/articulos\/"},"modified":"2026-04-20T08:18:01","modified_gmt":"2026-04-20T06:18:01","slug":"articulos","status":"publish","type":"page","link":"https:\/\/webs.uab.cat\/gabrmn\/es\/articulos\/","title":{"rendered":"Art\u00edculos"},"content":{"rendered":"\n<div class=\"wp-block-group is-nowrap is-layout-flex wp-container-core-group-is-layout-ad2f72ca wp-block-group-is-layout-flex\">\n<pre class=\"wp-block-preformatted\">Recientemente publicado!<\/pre>\n<\/div>\n\n\n\n<figure class=\"wp-block-image size-large\"><img loading=\"lazy\" decoding=\"async\" width=\"1024\" height=\"258\" src=\"https:\/\/webs.uab.cat\/gabrmn\/wp-content\/uploads\/sites\/424\/2026\/04\/image-1-1024x258.png\" alt=\"\" class=\"wp-image-1150\" srcset=\"https:\/\/webs.uab.cat\/gabrmn\/wp-content\/uploads\/sites\/424\/2026\/04\/image-1-1024x258.png 1024w, https:\/\/webs.uab.cat\/gabrmn\/wp-content\/uploads\/sites\/424\/2026\/04\/image-1-300x75.png 300w, https:\/\/webs.uab.cat\/gabrmn\/wp-content\/uploads\/sites\/424\/2026\/04\/image-1-768x193.png 768w, https:\/\/webs.uab.cat\/gabrmn\/wp-content\/uploads\/sites\/424\/2026\/04\/image-1.png 1101w\" sizes=\"auto, (max-width: 1024px) 100vw, 1024px\" \/><\/figure>\n\n\n\n<h2 class=\"wp-block-heading\">Todos los art\u00edculos<\/h2>\n\n\n\n<p>Abajo encontrar\u00e9is un listado enlazado a art\u00edculos relacionados al grupo (o en que miembros del grupo son coautores), clasificados por a\u00f1o de publicaci\u00f3n. La mayor\u00eda son \u00abopen access\u00bb, y el enlace ya llevar\u00e1 al sitio web donde se pueden descargar. En negrita se indican los miembros actuales del grupo y en it\u00e1lico, los miembros anteriores del grupo. <\/p>\n\n\n\n<figure class=\"wp-block-table\"><table><tbody><tr><td><\/td><td><strong><em><a href=\"https:\/\/webs.uab.cat\/gabrmn\/2026-2\/\">2026<\/a><\/em><\/strong><\/td><td><strong><em><a href=\"https:\/\/webs.uab.cat\/gabrmn\/2025-2\/\">2025<\/a><\/em><\/strong><\/td><td><a href=\"https:\/\/webs.uab.cat\/gabrmn\/2024-2\/\" data-type=\"page\" data-id=\"948\"><strong><em>2024<\/em><\/strong><\/a><\/td><\/tr><tr><td><strong><em><a href=\"https:\/\/webs.uab.cat\/gabrmn\/2023-2\/?preview=true\" target=\"_blank\" rel=\"noreferrer noopener\">2023<\/a><\/em><\/strong><\/td><td><strong><em><a href=\"https:\/\/webs.uab.cat\/gabrmn\/2022-2\/?preview=true\" target=\"_blank\" rel=\"noreferrer noopener\">2022<\/a><\/em><\/strong><\/td><td><a href=\"https:\/\/webs.uab.cat\/gabrmn\/2021-2\/?preview=true\" target=\"_blank\" rel=\"noreferrer noopener\"><em><strong>2021<\/strong><\/em><\/a><\/td><td><strong><em><a href=\"https:\/\/webs.uab.cat\/gabrmn\/2020-2\/?preview=true\" target=\"_blank\" rel=\"noreferrer noopener\">2020<\/a><\/em><\/strong><\/td><\/tr><tr><td><strong><em><a href=\"https:\/\/webs.uab.cat\/gabrmn\/2019-2\/\">2019<\/a><\/em><\/strong><\/td><td><a href=\"https:\/\/webs.uab.cat\/gabrmn\/2018-2\/\" target=\"_blank\" rel=\"noreferrer noopener\"><strong><em>2018<\/em><\/strong><\/a><\/td><td><a href=\"https:\/\/webs.uab.cat\/gabrmn\/2017-2\/\" target=\"_blank\" rel=\"noreferrer noopener\"><strong><em>2017<\/em><\/strong><\/a><\/td><td><a href=\"https:\/\/webs.uab.cat\/gabrmn\/2016-2\/\" target=\"_blank\" rel=\"noreferrer noopener\"><strong><em>2016<\/em><\/strong><\/a><\/td><\/tr><tr><td><a href=\"https:\/\/webs.uab.cat\/gabrmn\/2015-2\/\" target=\"_blank\" rel=\"noreferrer noopener\"><strong><em>2015<\/em><\/strong><\/a><\/td><td><a href=\"https:\/\/webs.uab.cat\/gabrmn\/2014-2\/\" target=\"_blank\" rel=\"noreferrer noopener\"><strong><em>2014<\/em><\/strong><\/a><\/td><td><a href=\"https:\/\/webs.uab.cat\/gabrmn\/2013-2\/\"><strong><em>20<\/em><\/strong><\/a><strong><em><a href=\"https:\/\/webs.uab.cat\/gabrmn\/2013-2\/\" target=\"_blank\" rel=\"noreferrer noopener\">1<\/a><\/em><\/strong><a href=\"https:\/\/webs.uab.cat\/gabrmn\/2013-2\/\"><strong><em>3<\/em><\/strong><\/a><\/td><td><a href=\"https:\/\/webs.uab.cat\/gabrmn\/2012-2\/\" target=\"_blank\" rel=\"noreferrer noopener\"><strong><em>2012<\/em><\/strong><\/a><\/td><\/tr><tr><td><a href=\"https:\/\/webs.uab.cat\/gabrmn\/2011-2\/\" target=\"_blank\" rel=\"noreferrer noopener\"><strong><em>2011<\/em><\/strong><\/a><\/td><td><a href=\"https:\/\/webs.uab.cat\/gabrmn\/2010-2\/\" target=\"_blank\" rel=\"noreferrer noopener\"><strong><em>2010<\/em><\/strong><\/a><\/td><td><strong><em><a href=\"https:\/\/webs.uab.cat\/gabrmn\/2009-2\/\" target=\"_blank\" rel=\"noreferrer noopener\">200<\/a><\/em><\/strong><a href=\"https:\/\/webs.uab.cat\/gabrmn\/2009-2\/\"><strong><em>9<\/em><\/strong><\/a><\/td><td><a href=\"https:\/\/webs.uab.cat\/gabrmn\/2008-2\/\" target=\"_blank\" rel=\"noreferrer noopener\"><strong><em>2008<\/em><\/strong><\/a><\/td><\/tr><tr><td><a href=\"https:\/\/webs.uab.cat\/gabrmn\/2007-2\/\" target=\"_blank\" rel=\"noreferrer noopener\"><strong><em>2007<\/em><\/strong><\/a><\/td><td><a href=\"https:\/\/webs.uab.cat\/gabrmn\/2006-2\/\" target=\"_blank\" rel=\"noreferrer noopener\"><strong><em>2006<\/em><\/strong><\/a><\/td><td><strong><em><a href=\"https:\/\/webs.uab.cat\/gabrmn\/2005-2\/\" target=\"_blank\" rel=\"noreferrer noopener\">200<\/a><\/em><\/strong><a href=\"https:\/\/webs.uab.cat\/gabrmn\/2005-2\/\"><strong><em>5<\/em><\/strong><\/a><\/td><td><strong><em><a href=\"https:\/\/webs.uab.cat\/gabrmn\/2004-2\/\" target=\"_blank\" rel=\"noreferrer noopener\">20<\/a><\/em><\/strong><a href=\"https:\/\/webs.uab.cat\/gabrmn\/2004-2\/\"><strong><em>04<\/em><\/strong><\/a><\/td><\/tr><tr><td><a href=\"https:\/\/webs.uab.cat\/gabrmn\/2003-2\/\" target=\"_blank\" rel=\"noreferrer noopener\"><strong><em>2003<\/em><\/strong><\/a><\/td><td><a href=\"https:\/\/webs.uab.cat\/gabrmn\/2002-2\/\" target=\"_blank\" rel=\"noreferrer noopener\"><strong><em>2002<\/em><\/strong><\/a><\/td><td><a href=\"https:\/\/webs.uab.cat\/gabrmn\/2001-2\/\" target=\"_blank\" rel=\"noreferrer noopener\"><strong><em>2001<\/em><\/strong><\/a><\/td><td><a href=\"https:\/\/webs.uab.cat\/gabrmn\/2000-2\/?preview=true\" target=\"_blank\" rel=\"noreferrer noopener\"><strong><em>1999<\/em><\/strong><\/a><\/td><\/tr><tr><td><strong><em><a href=\"https:\/\/webs.uab.cat\/gabrmn\/1998-2\/\" target=\"_blank\" rel=\"noreferrer noopener\">199<\/a><\/em><\/strong><a href=\"https:\/\/webs.uab.cat\/gabrmn\/1998-2\/\"><strong><em>8<\/em><\/strong><\/a><\/td><td><strong><em><a href=\"https:\/\/webs.uab.cat\/gabrmn\/1997-2\/\" target=\"_blank\" rel=\"noreferrer noopener\">19<\/a><a href=\"https:\/\/webs.uab.cat\/gabrmn\/1997-2\/\">97<\/a><\/em><\/strong><\/td><td><strong><em><a href=\"https:\/\/webs.uab.cat\/gabrmn\/1996-2\/\" target=\"_blank\" rel=\"noreferrer noopener\">1996<\/a><\/em><\/strong><\/td><td><strong><em><a href=\"https:\/\/webs.uab.cat\/gabrmn\/1995-i-anteriors\/\" target=\"_blank\" rel=\"noreferrer noopener\">&lt;1995<\/a><\/em><\/strong><\/td><\/tr><\/tbody><\/table><\/figure>\n\n\n\n<p><strong><mark style=\"background-color:var(--color-blanc)\" class=\"has-inline-color\"><\/mark><\/strong><\/p>\n\n\n\n<p><\/p>\n\n\n\n<p><\/p>\n\n\n\n<p><\/p>\n\n\n\n<p><\/p>\n","protected":false},"excerpt":{"rendered":"<p>Recientemente publicado! Todos los art\u00edculos Abajo encontrar\u00e9is un listado enlazado a art\u00edculos relacionados al grupo (o en que miembros del grupo son coautores), clasificados por a\u00f1o de publicaci\u00f3n. La mayor\u00eda son \u00abopen access\u00bb, y el enlace ya llevar\u00e1 al sitio web donde se pueden descargar. En negrita se indican los miembros actuales del grupo y [&hellip;]<\/p>\n","protected":false},"author":2658,"featured_media":0,"parent":0,"menu_order":0,"comment_status":"closed","ping_status":"closed","template":"","meta":{"footnotes":""},"class_list":["post-641","page","type-page","status-publish","hentry"],"_links":{"self":[{"href":"https:\/\/webs.uab.cat\/gabrmn\/es\/wp-json\/wp\/v2\/pages\/641","targetHints":{"allow":["GET"]}}],"collection":[{"href":"https:\/\/webs.uab.cat\/gabrmn\/es\/wp-json\/wp\/v2\/pages"}],"about":[{"href":"https:\/\/webs.uab.cat\/gabrmn\/es\/wp-json\/wp\/v2\/types\/page"}],"author":[{"embeddable":true,"href":"https:\/\/webs.uab.cat\/gabrmn\/es\/wp-json\/wp\/v2\/users\/2658"}],"replies":[{"embeddable":true,"href":"https:\/\/webs.uab.cat\/gabrmn\/es\/wp-json\/wp\/v2\/comments?post=641"}],"version-history":[{"count":9,"href":"https:\/\/webs.uab.cat\/gabrmn\/es\/wp-json\/wp\/v2\/pages\/641\/revisions"}],"predecessor-version":[{"id":1159,"href":"https:\/\/webs.uab.cat\/gabrmn\/es\/wp-json\/wp\/v2\/pages\/641\/revisions\/1159"}],"wp:attachment":[{"href":"https:\/\/webs.uab.cat\/gabrmn\/es\/wp-json\/wp\/v2\/media?parent=641"}],"curies":[{"name":"wp","href":"https:\/\/api.w.org\/{rel}","templated":true}]}}