{"id":660,"date":"2023-05-02T12:52:18","date_gmt":"2023-05-02T10:52:18","guid":{"rendered":"https:\/\/webs.uab.cat\/gabrmn\/grupo-de-aplicaciones-biomedicas-de-la-rmn\/"},"modified":"2026-04-02T20:01:53","modified_gmt":"2026-04-02T18:01:53","slug":"grupo-de-aplicaciones-biomedicas-de-la-rmn","status":"publish","type":"page","link":"https:\/\/webs.uab.cat\/gabrmn\/es\/","title":{"rendered":"Grupo de Aplicaciones Biom\u00e9dicas de la RMN"},"content":{"rendered":"\n<p><\/p>\n\n\n\n<p>El Grupo de Aplicaciones Biom\u00e9dicas de la RMN existe desde 1985, con una reconocida trayectoria relacionada a la resonancia magn\u00e9tica y sus aplicaciones a la biolog\u00eda, bioqu\u00edmica y medicina. La experiencia del grupo se da tanto a nivel in vitro\/ex vivo con an\u00e1lisis de muestras y extractos, como a nivel in vivo, explorando el potencial de la imagen y espectroscop\u00eda por resonancia magn\u00e9tica.<\/p>\n\n\n\n<p>Actualmente, el grupo es liderado por la Dra. <a href=\"https:\/\/webs.uab.cat\/gabrmn\/es\/ana-paula-candiota\/?lang=es\">Ana Paula Candiota<\/a>, quien sucede el que hasta 2023 ha sido el IP del grupo, el Prof. <a href=\"https:\/\/webs.uab.cat\/gabrmn\/es\/carles-arus\/?lang=es\">Carles Ar\u00fas<\/a>. El grupo orienta su investigaci\u00f3n al seguimiento no invasivo de la terapia del c\u00e1ncer en modelos precl\u00ednicos, principalmente de glioblastoma, utilizando t\u00e9cnicas de resonancia magn\u00e9tica. El estudio de nuevas terapias, as\u00ed como las modificaciones en el microambiente tumoral y su impacto en el seguimiento no invasivo, son campos a destacar en la investigaci\u00f3n reciente del grupo.<\/p>\n\n\n\n<p>En el men\u00fa encontrar\u00e9is informaci\u00f3n sobre la ubicaci\u00f3n, composici\u00f3n actual del grupo, proyectos de investigaci\u00f3n y art\u00edculos a destacar. <\/p>\n","protected":false},"excerpt":{"rendered":"<p>El Grupo de Aplicaciones Biom\u00e9dicas de la RMN existe desde 1985, con una reconocida trayectoria relacionada a la resonancia magn\u00e9tica y sus aplicaciones a la biolog\u00eda, bioqu\u00edmica y medicina. La experiencia del grupo se da tanto a nivel in vitro\/ex vivo con an\u00e1lisis de muestras y extractos, como a nivel in vivo, explorando el potencial [&hellip;]<\/p>\n","protected":false},"author":2658,"featured_media":0,"parent":0,"menu_order":0,"comment_status":"closed","ping_status":"closed","template":"","meta":{"footnotes":""},"class_list":["post-660","page","type-page","status-publish","hentry"],"_links":{"self":[{"href":"https:\/\/webs.uab.cat\/gabrmn\/es\/wp-json\/wp\/v2\/pages\/660","targetHints":{"allow":["GET"]}}],"collection":[{"href":"https:\/\/webs.uab.cat\/gabrmn\/es\/wp-json\/wp\/v2\/pages"}],"about":[{"href":"https:\/\/webs.uab.cat\/gabrmn\/es\/wp-json\/wp\/v2\/types\/page"}],"author":[{"embeddable":true,"href":"https:\/\/webs.uab.cat\/gabrmn\/es\/wp-json\/wp\/v2\/users\/2658"}],"replies":[{"embeddable":true,"href":"https:\/\/webs.uab.cat\/gabrmn\/es\/wp-json\/wp\/v2\/comments?post=660"}],"version-history":[{"count":3,"href":"https:\/\/webs.uab.cat\/gabrmn\/es\/wp-json\/wp\/v2\/pages\/660\/revisions"}],"predecessor-version":[{"id":1132,"href":"https:\/\/webs.uab.cat\/gabrmn\/es\/wp-json\/wp\/v2\/pages\/660\/revisions\/1132"}],"wp:attachment":[{"href":"https:\/\/webs.uab.cat\/gabrmn\/es\/wp-json\/wp\/v2\/media?parent=660"}],"curies":[{"name":"wp","href":"https:\/\/api.w.org\/{rel}","templated":true}]}}