{"id":786,"date":"2024-01-02T08:49:30","date_gmt":"2024-01-02T06:49:30","guid":{"rendered":"https:\/\/webs.uab.cat\/gabrmn\/novedades-2\/"},"modified":"2026-04-02T19:43:13","modified_gmt":"2026-04-02T17:43:13","slug":"novedades-2","status":"publish","type":"page","link":"https:\/\/webs.uab.cat\/gabrmn\/es\/novedades-2\/","title":{"rendered":"Novedades"},"content":{"rendered":"\n<p><strong>Proximamente: 2n Webinar de la <em>Preclinical Task Force<\/em> de GliMR &#8211; 28 de Abril, 15h. ES NECESARIO REGISTRARSE, link a google forms despu\u00e9s de la imagen.<\/strong><\/p>\n\n\n\n<figure class=\"wp-block-image size-full is-resized\"><img loading=\"lazy\" decoding=\"async\" width=\"599\" height=\"869\" src=\"https:\/\/webs.uab.cat\/gabrmn\/wp-content\/uploads\/sites\/424\/2026\/04\/image.png\" alt=\"\" class=\"wp-image-1114\" style=\"width:464px;height:auto\" srcset=\"https:\/\/webs.uab.cat\/gabrmn\/wp-content\/uploads\/sites\/424\/2026\/04\/image.png 599w, https:\/\/webs.uab.cat\/gabrmn\/wp-content\/uploads\/sites\/424\/2026\/04\/image-207x300.png 207w\" sizes=\"auto, (max-width: 599px) 100vw, 599px\" \/><\/figure>\n\n\n\n<p><a href=\"https:\/\/forms.gle\/SWSVewJt9iHGwuAj7\">Registre al Webinar<\/a><\/p>\n\n\n\n<p><a href=\"https:\/\/esmrmb2025.org\/\"><strong>ESMRMB 41st Annual Meeting, 2025<\/strong><\/a><\/p>\n\n\n\n<p>El GABRMN ha participado del prestigioso congreso de la ESMRMB que se ha celebrado en Marseille, 8-11 d&#8217;octubre de 2025, con la contribuci\u00f3n de \u00ablate abstract\u00bb con el t\u00edtulo <em>Longitudinal MRI for tumor evaluation in two immunocompetent chicken chorioallantoic membrane (CAM) cancer xenograft models: A Registered Report<\/em>, que fue escogido para una flash talk, conducida por la IP Ana Paula Candiota, resultante de una colaboraci\u00f3n entre la UAB (AP Candiota, S. Lope-Piedrafita, M. Juli\u00e0-Sap\u00e9) y el Institut Josep Carreras (N Profit\u00f3s-Pellej\u00e0, G. Rou\u00e9).<\/p>\n\n\n\n<figure class=\"wp-block-image size-large\"><img loading=\"lazy\" decoding=\"async\" width=\"1024\" height=\"768\" src=\"https:\/\/webs.uab.cat\/gabrmn\/wp-content\/uploads\/sites\/424\/2025\/11\/esmrmbweb-2-1024x768.jpg\" alt=\"\" class=\"wp-image-1068\" srcset=\"https:\/\/webs.uab.cat\/gabrmn\/wp-content\/uploads\/sites\/424\/2025\/11\/esmrmbweb-2-1024x768.jpg 1024w, https:\/\/webs.uab.cat\/gabrmn\/wp-content\/uploads\/sites\/424\/2025\/11\/esmrmbweb-2-300x225.jpg 300w, https:\/\/webs.uab.cat\/gabrmn\/wp-content\/uploads\/sites\/424\/2025\/11\/esmrmbweb-2-768x576.jpg 768w, https:\/\/webs.uab.cat\/gabrmn\/wp-content\/uploads\/sites\/424\/2025\/11\/esmrmbweb-2-1536x1152.jpg 1536w, https:\/\/webs.uab.cat\/gabrmn\/wp-content\/uploads\/sites\/424\/2025\/11\/esmrmbweb-2-1200x900.jpg 1200w, https:\/\/webs.uab.cat\/gabrmn\/wp-content\/uploads\/sites\/424\/2025\/11\/esmrmbweb-2.jpg 1600w\" sizes=\"auto, (max-width: 1024px) 100vw, 1024px\" \/><\/figure>\n\n\n\n<p><strong><a href=\"https:\/\/events.ibecbarcelona.eu\/ismrm-2025\/\">ISMRM Iberian Chapter meeting, 2025<\/a><\/strong><\/p>\n\n\n\n<figure class=\"wp-block-image size-full\"><img loading=\"lazy\" decoding=\"async\" width=\"349\" height=\"144\" src=\"https:\/\/webs.uab.cat\/gabrmn\/wp-content\/uploads\/sites\/424\/2025\/07\/image.png\" alt=\"\" class=\"wp-image-1031\" srcset=\"https:\/\/webs.uab.cat\/gabrmn\/wp-content\/uploads\/sites\/424\/2025\/07\/image.png 349w, https:\/\/webs.uab.cat\/gabrmn\/wp-content\/uploads\/sites\/424\/2025\/07\/image-300x124.png 300w\" sizes=\"auto, (max-width: 349px) 100vw, 349px\" \/><\/figure>\n\n\n\n<p>El GABRMN participar\u00e1 activamente del 5\u00ba ISMRM Iberian Chapter Annual Meeting, en Barcelona en los pr\u00f3ximos dias 3 y 4 de julio. Adem\u00e1s de ser parte del comit\u00e9 local organizador (A.P. Candiota), participar\u00e1 con p\u00f3sters y presentaci\u00f3n oral en este congreso.<\/p>\n\n\n\n<p><em>P\u00f3sters<\/em>:<\/p>\n\n\n\n<ol class=\"wp-block-list\">\n<li><strong>Radiomics-Based Signature for Identifying Successful Response to TMZ<br>Treatment in Murine GL261 Glioblastoma: leveraging the peritumoral zone<\/strong> (Benito Farina, Juan E. Ortu\u00f1o, Andr\u00e9s Santos, Ana Paula Candiota, Mar\u00eda J. Ledesma-Carbayo). <em><em>Colaboraci\u00f3n <\/em>intra CIBER-BBN<\/em><\/li>\n\n\n\n<li><strong>Advanced AI strategies to estimate inflection point of response\/relapse in preclinical GL261 glioblastoma using T2w MRI data<\/strong> (Javier Gonz\u00e1lez B\u00e9jar, Alfredo Vellido, Ana Paula Candiota). <em><em>Colaboraci\u00f3n con<\/em> UPC<\/em><\/li>\n\n\n\n<li><strong>Bridging 3T and 7T MR: Towards Unified Metabolic Profiling for Preclinical Brain Tumor Studies. <\/strong>(Ana Paula Candiota, Rui V. Sim\u00f5es, Silvia Lope-Piedrafita). <em>Colaboraci\u00f3n con I3S<\/em><\/li>\n<\/ol>\n\n\n\n<p><em>Presentaci\u00f3n Oral<\/em>:<\/p>\n\n\n\n<p><strong>Applying longitudinal MRI for tumor evaluation in two immunocompetent chicken<br>chorioallantoic membrane (CAM) cancer xenograft models. <\/strong>(N\u00faria Profit\u00f3s-Pelej\u00e0, Margarida Juli\u00e0-Sap\u00e9, Ana Paula Candiota, Ga\u00ebl Rou\u00e9, Silvia Lope-Piedrafita)<\/p>\n\n\n\n<p><\/p>\n\n\n\n<p><strong>Workshop de IPs CIBER-BBN en Zaragoza, 7-10 de mayode 2025<\/strong><\/p>\n\n\n\n<p><em>La IP del GABRMN, Dr. Ana Paula Candiota, quien ha sucedido el prof. Carles Ar\u00fas tambi\u00e9n en la direcci\u00f3n del <a href=\"https:\/\/www.ciber-bbn.es\/grupos\/grupo-de-investigacion?id=5401\">grup CIBER-BBN CB06\/01\/0010<\/a><\/em>, ha participado del Workshop de IPs de CIBER que ha tenido lugar en Zaragoza, de 7 a 10 de mayo de 2025. Este workshop tuvo como finalidad redefinir algunas l\u00edneas estrat\u00e9gicas del conjunto, teniendo en cuenta los cambios en la composici\u00f3n de los grups y el relieve generacional con cambio de direcci\u00f3n en algunos grupos. <\/p>\n\n\n\n<figure class=\"wp-block-image size-large\"><img loading=\"lazy\" decoding=\"async\" width=\"1024\" height=\"652\" src=\"https:\/\/webs.uab.cat\/gabrmn\/wp-content\/uploads\/sites\/424\/2025\/05\/worshopzgz-2-1024x652.jpg\" alt=\"\" class=\"wp-image-1020\" srcset=\"https:\/\/webs.uab.cat\/gabrmn\/wp-content\/uploads\/sites\/424\/2025\/05\/worshopzgz-2-1024x652.jpg 1024w, https:\/\/webs.uab.cat\/gabrmn\/wp-content\/uploads\/sites\/424\/2025\/05\/worshopzgz-2-300x191.jpg 300w, https:\/\/webs.uab.cat\/gabrmn\/wp-content\/uploads\/sites\/424\/2025\/05\/worshopzgz-2-768x489.jpg 768w, https:\/\/webs.uab.cat\/gabrmn\/wp-content\/uploads\/sites\/424\/2025\/05\/worshopzgz-2-1536x977.jpg 1536w, https:\/\/webs.uab.cat\/gabrmn\/wp-content\/uploads\/sites\/424\/2025\/05\/worshopzgz-2-1200x764.jpg 1200w, https:\/\/webs.uab.cat\/gabrmn\/wp-content\/uploads\/sites\/424\/2025\/05\/worshopzgz-2.jpg 1600w\" sizes=\"auto, (max-width: 1024px) 100vw, 1024px\" \/><\/figure>\n\n\n\n<p><strong>Visita cient\u00edfica al I3S: Instituto de Investiga\u00e7\u00e3o e Inova\u00e7\u00e3o em Sa\u00fade de la Universidad de Oporto<\/strong><\/p>\n\n\n\n<p>La IP del GABRMN, Dra. Ana Paula Candiota, se encuentra actualmente benefici\u00e1ndose de una ayuda de movilidad concedida por CIBER-BBN, otorgada para un intercambio cient\u00edfico con la secci\u00f3n de Resonancia Magn\u00e9tica Precl\u00ednica del <a href=\"https:\/\/www.i3s.up.pt\/\">Instituto de Investiga\u00e7\u00e3o e Inova\u00e7\u00e3o em Sa\u00fade de la Universidad de Porto<\/a>, dirigido actualmente por el Dr. Rui Sim\u00f5es, antiguo miembro del GABRMN entre los a\u00f1os 2006 y 2010. Este intercambio tiene como objetivo explorar la compatibilidad de los datos adquiridos en diferentes intensidades de campo magn\u00e9tico (3T vs. 7T) y trabajar con las diferencias de formato de los datos obtenidos con la versi\u00f3n de software Bruker Paravision 360. Cabe destacar que esta tambi\u00e9n ser\u00e1 la versi\u00f3n que pr\u00f3ximamente tendr\u00e1 el Servicio de Resonancia Magn\u00e9tica de la UAB, tras la actualizaci\u00f3n de la consola del equipamiento actual. Este trabajo tendr\u00e1 adem\u00e1s repercusiones en los proyectos TIMER-GLIO (en el cual el Dr. Sim\u00f5es forma parte del equipo de trabajo) y EUCAIM, fortaleciendo as\u00ed la colaboraci\u00f3n entre ambas instituciones. <a href=\"https:\/\/www.i3s.up.pt\/seminars.php\">La Dra. Candiota tambi\u00e9n impartir\u00e1 un seminario sobre el trabajo del grupo<\/a> y los v\u00ednculos entre las instituciones el lunes 10 de febrero a las 15 h en el auditorio Corino de Andrade del I3S.<\/p>\n\n\n\n<figure class=\"wp-block-image size-large is-resized\"><img loading=\"lazy\" decoding=\"async\" width=\"768\" height=\"1024\" src=\"https:\/\/webs.uab.cat\/gabrmn\/wp-content\/uploads\/sites\/424\/2025\/02\/Imatge-de-WhatsApp-2025-02-03-a-les-12.07.13_34b279a2-768x1024.jpg\" alt=\"\" class=\"wp-image-979\" style=\"width:516px;height:auto\" srcset=\"https:\/\/webs.uab.cat\/gabrmn\/wp-content\/uploads\/sites\/424\/2025\/02\/Imatge-de-WhatsApp-2025-02-03-a-les-12.07.13_34b279a2-768x1024.jpg 768w, https:\/\/webs.uab.cat\/gabrmn\/wp-content\/uploads\/sites\/424\/2025\/02\/Imatge-de-WhatsApp-2025-02-03-a-les-12.07.13_34b279a2-225x300.jpg 225w, https:\/\/webs.uab.cat\/gabrmn\/wp-content\/uploads\/sites\/424\/2025\/02\/Imatge-de-WhatsApp-2025-02-03-a-les-12.07.13_34b279a2-1152x1536.jpg 1152w, https:\/\/webs.uab.cat\/gabrmn\/wp-content\/uploads\/sites\/424\/2025\/02\/Imatge-de-WhatsApp-2025-02-03-a-les-12.07.13_34b279a2.jpg 1200w\" sizes=\"auto, (max-width: 768px) 100vw, 768px\" \/><\/figure>\n\n\n\n<p><strong>Premios extraordinarios de doctorado<\/strong>:<\/p>\n\n\n\n<p>El GABRMN ha recibido recientemente la noticia de que la <a href=\"https:\/\/webs.uab.cat\/gabrmn\/es\/tesis-doctorales\/\" data-type=\"page\" data-id=\"583\">tesis doctoral de Mar\u00eda del Pilar Calero-P\u00e9rez<\/a>, dirigida por la Dra. Ana Paula Candiota y el Dr. Carles Ar\u00fas, y titulada \u00abEn el camino hacia la mejora del seguimiento de la terapia del glioblastoma. Microambiente inmunol\u00f3gico: \u00bfqu\u00e9 hay detr\u00e1s de las im\u00e1genes nosol\u00f3gicas basadas en MRSI?\u00bb, ha recibido el <strong>premio extraordinario de doctorado<\/strong> de la UAB. La ceremonia de entrega de los premios ser\u00e1 el pr\u00f3ximo 15 de noviembre en el Hotel Campus.<\/p>\n\n\n\n<p><strong>Pr\u00f3ximos eventos cient\u00edficos en los que ha participado o participar\u00e1 el GABRMN:<\/strong><\/p>\n\n\n\n<figure class=\"wp-block-image size-large is-resized\"><img loading=\"lazy\" decoding=\"async\" width=\"1024\" height=\"577\" src=\"https:\/\/webs.uab.cat\/gabrmn\/wp-content\/uploads\/sites\/424\/2024\/10\/Imatge-de-WhatsApp-2024-10-05-a-les-12.12.21_a946affa-3-1024x577.jpg\" alt=\"\" class=\"wp-image-849\" style=\"width:571px;height:auto\" srcset=\"https:\/\/webs.uab.cat\/gabrmn\/wp-content\/uploads\/sites\/424\/2024\/10\/Imatge-de-WhatsApp-2024-10-05-a-les-12.12.21_a946affa-3-1024x577.jpg 1024w, https:\/\/webs.uab.cat\/gabrmn\/wp-content\/uploads\/sites\/424\/2024\/10\/Imatge-de-WhatsApp-2024-10-05-a-les-12.12.21_a946affa-3-300x169.jpg 300w, https:\/\/webs.uab.cat\/gabrmn\/wp-content\/uploads\/sites\/424\/2024\/10\/Imatge-de-WhatsApp-2024-10-05-a-les-12.12.21_a946affa-3-768x432.jpg 768w, https:\/\/webs.uab.cat\/gabrmn\/wp-content\/uploads\/sites\/424\/2024\/10\/Imatge-de-WhatsApp-2024-10-05-a-les-12.12.21_a946affa-3-1536x865.jpg 1536w, https:\/\/webs.uab.cat\/gabrmn\/wp-content\/uploads\/sites\/424\/2024\/10\/Imatge-de-WhatsApp-2024-10-05-a-les-12.12.21_a946affa-3-1200x676.jpg 1200w, https:\/\/webs.uab.cat\/gabrmn\/wp-content\/uploads\/sites\/424\/2024\/10\/Imatge-de-WhatsApp-2024-10-05-a-les-12.12.21_a946affa-3.jpg 1600w\" sizes=\"auto, (max-width: 1024px) 100vw, 1024px\" \/><\/figure>\n\n\n\n<p>1. <strong><a href=\"https:\/\/www.esmrmb.org\/congress\/esmrmb-2024\/\" target=\"_blank\" rel=\"noreferrer noopener\">ESMRMB (European Society for Magnetic Resonance in Medicine and Biology) 40th Annual Congress<\/a><\/strong>. <\/p>\n\n\n\n<p>Barcelona, 2-5 de Octubre, 2024<\/p>\n\n\n\n<p>El congreso europeo por excelencia para la comunidad cient\u00edfica dedicada a todas las modalidades de resonancia magn\u00e9tica aplicadas a la medicina y la biolog\u00eda.<\/p>\n\n\n<div class=\"wp-block-image\">\n<figure class=\"aligncenter size-large is-resized\"><img loading=\"lazy\" decoding=\"async\" width=\"1024\" height=\"201\" src=\"https:\/\/webs.uab.cat\/gabrmn\/wp-content\/uploads\/sites\/424\/2024\/03\/image-2-1024x201.png\" alt=\"\" class=\"wp-image-720\" style=\"width:609px;height:auto\" srcset=\"https:\/\/webs.uab.cat\/gabrmn\/wp-content\/uploads\/sites\/424\/2024\/03\/image-2-1024x201.png 1024w, https:\/\/webs.uab.cat\/gabrmn\/wp-content\/uploads\/sites\/424\/2024\/03\/image-2-300x59.png 300w, https:\/\/webs.uab.cat\/gabrmn\/wp-content\/uploads\/sites\/424\/2024\/03\/image-2-768x150.png 768w, https:\/\/webs.uab.cat\/gabrmn\/wp-content\/uploads\/sites\/424\/2024\/03\/image-2-1536x301.png 1536w, https:\/\/webs.uab.cat\/gabrmn\/wp-content\/uploads\/sites\/424\/2024\/03\/image-2-1200x235.png 1200w, https:\/\/webs.uab.cat\/gabrmn\/wp-content\/uploads\/sites\/424\/2024\/03\/image-2.png 1843w\" sizes=\"auto, (max-width: 1024px) 100vw, 1024px\" \/><\/figure>\n<\/div>\n\n\n<p>El GABRMN participar\u00e1 con una charla de la Dr. Ana Paula Candiota titulada \u00ab<em>Tuning immunotherapy and molecular imaging to improve outcome in glioblastoma<\/em>\u00ab. <\/p>\n\n\n\n<p>Adem\u00e1s, el grupo participar\u00e1 con un trabajo en forma de p\u00f3ster con el t\u00edtulo \u00ab<em>Unraveling metabolomic changes in GL261 GB responding to TMZ therapy through high-resolution magic angle spinning data<\/em>\u00ab, que ha contado con la participaci\u00f3n de miembros del Instituto Interuniversitario de Investigaci\u00f3n de Reconocimiento Molecular y Desarrollo Tecnol\u00f3gico (IDM) (<a href=\"https:\/\/producciocientifica.uv.es\/investigadores\/334365\/detalle\">Dr. M\u00aa Carmen Mart\u00ednez-Bisbal<\/a>) y del Biomedical Magnetic Resonance Laboratory-BMRL (<a href=\"https:\/\/ibima.eu\/es\/area-7\/\">Dra. Maria Luisa Garc\u00eda-Mart\u00edn) <\/a>).  <\/p>\n\n\n\n<p><\/p>\n\n\n\n<p>2.<a href=\"https:\/\/ismrm-iberian.eu\/meeting2024.html\" target=\"_blank\" rel=\"noreferrer noopener\"> <\/a><a href=\"https:\/\/setcor.org\/conferences\/nanomed-2024\"><strong>NanoMedicine International Conference &#8211; NanoMed 2024<\/strong><\/a><\/p>\n\n\n\n<p>Barcelona, 23-25 de Octubre, 2024<\/p>\n\n\n<div class=\"wp-block-image\">\n<figure class=\"aligncenter size-large is-resized\"><img loading=\"lazy\" decoding=\"async\" width=\"1024\" height=\"432\" src=\"https:\/\/webs.uab.cat\/gabrmn\/wp-content\/uploads\/sites\/424\/2024\/09\/1700089609_NanoMed2024Banner-1024x432.jpg\" alt=\"\" class=\"wp-image-739\" style=\"width:433px;height:auto\" srcset=\"https:\/\/webs.uab.cat\/gabrmn\/wp-content\/uploads\/sites\/424\/2024\/09\/1700089609_NanoMed2024Banner-1024x432.jpg 1024w, https:\/\/webs.uab.cat\/gabrmn\/wp-content\/uploads\/sites\/424\/2024\/09\/1700089609_NanoMed2024Banner-300x127.jpg 300w, https:\/\/webs.uab.cat\/gabrmn\/wp-content\/uploads\/sites\/424\/2024\/09\/1700089609_NanoMed2024Banner-768x324.jpg 768w, https:\/\/webs.uab.cat\/gabrmn\/wp-content\/uploads\/sites\/424\/2024\/09\/1700089609_NanoMed2024Banner-1536x648.jpg 1536w, https:\/\/webs.uab.cat\/gabrmn\/wp-content\/uploads\/sites\/424\/2024\/09\/1700089609_NanoMed2024Banner-2048x864.jpg 2048w, https:\/\/webs.uab.cat\/gabrmn\/wp-content\/uploads\/sites\/424\/2024\/09\/1700089609_NanoMed2024Banner-1200x506.jpg 1200w, https:\/\/webs.uab.cat\/gabrmn\/wp-content\/uploads\/sites\/424\/2024\/09\/1700089609_NanoMed2024Banner-1980x835.jpg 1980w\" sizes=\"auto, (max-width: 1024px) 100vw, 1024px\" \/><\/figure>\n<\/div>\n\n\n<p>NanoMedicine 2024 abarcar\u00e1 los desarrollos internacionales m\u00e1s recientes en los campos de la Nanobiotecnolog\u00eda y la Nanomedicina. Los participantes obtendr\u00e1n una visi\u00f3n integral del estado del arte en estos campos, as\u00ed como perspectivas sobre la investigaci\u00f3n en curso y los resultados m\u00e1s recientes. Se discutir\u00e1n los avances recientes, desaf\u00edos y descubrimientos, as\u00ed como las tendencias emergentes y futuras en los campos convergentes de la Nanotecnolog\u00eda, la Biotecnolog\u00eda y la Medicina. El evento ofrece a los participantes de la ciencia y la industria la oportunidad de discutir nuevos proyectos de cooperaci\u00f3n. GABRMN participar\u00e1 espec\u00edficamente en el tema &#8216;Nano-Carriers for Drug Delivery and Drug Targeting     <\/p>\n\n\n\n<p>3.<a href=\"https:\/\/ismrm-iberian.eu\/meeting2024.html\" target=\"_blank\" rel=\"noreferrer noopener\"> <\/a><a href=\"https:\/\/setcor.org\/conferences\/nanomed-2024\"><strong>Congreso CIBER 10 a\u00f1os avanzando juntos en salud<\/strong><\/a><\/p>\n\n\n\n<p>Valencia, 27-29 de Noviembre, 2024<\/p>\n\n\n<div class=\"wp-block-image\">\n<figure class=\"aligncenter size-large is-resized\"><img loading=\"lazy\" decoding=\"async\" width=\"1024\" height=\"396\" src=\"https:\/\/webs.uab.cat\/gabrmn\/wp-content\/uploads\/sites\/424\/2024\/09\/bannervalencia-1024x396.jpg\" alt=\"\" class=\"wp-image-742\" style=\"width:557px;height:auto\" srcset=\"https:\/\/webs.uab.cat\/gabrmn\/wp-content\/uploads\/sites\/424\/2024\/09\/bannervalencia-1024x396.jpg 1024w, https:\/\/webs.uab.cat\/gabrmn\/wp-content\/uploads\/sites\/424\/2024\/09\/bannervalencia-300x116.jpg 300w, https:\/\/webs.uab.cat\/gabrmn\/wp-content\/uploads\/sites\/424\/2024\/09\/bannervalencia-768x297.jpg 768w, https:\/\/webs.uab.cat\/gabrmn\/wp-content\/uploads\/sites\/424\/2024\/09\/bannervalencia-1536x594.jpg 1536w, https:\/\/webs.uab.cat\/gabrmn\/wp-content\/uploads\/sites\/424\/2024\/09\/bannervalencia-1200x464.jpg 1200w, https:\/\/webs.uab.cat\/gabrmn\/wp-content\/uploads\/sites\/424\/2024\/09\/bannervalencia.jpg 1925w\" sizes=\"auto, (max-width: 1024px) 100vw, 1024px\" \/><\/figure>\n<\/div>\n\n\n<p>Del 27 a 29 de Noviembre, el 10\u00ba aniversario de CIBER tendr\u00e1 lugar en el Palau de Congressos en Valencia, con la participaci\u00f3n de investigadores de las 13 \u00e1reas del Consorcio.<\/p>\n\n\n\n<p>Esta es una oportunidad para profundizar en los valores del Consorcio CIBER y fomentar la colaboraci\u00f3n y la b\u00fasqueda de soluciones para la salud.<\/p>\n\n\n\n<p>4. <strong>Atenci\u00f3n: el GABRMN participar\u00e1 en la organizaci\u00f3n del ISMRM Iberian Chapter Annual Meeting, que tendr\u00e1 lugar en Barcelona, el 3 y 4 de julio de 2025. Proximamente habr\u00e1 m\u00e1s novedades. <\/strong><\/p>\n","protected":false},"excerpt":{"rendered":"<p>Proximamente: 2n Webinar de la Preclinical Task Force de GliMR &#8211; 28 de Abril, 15h. ES NECESARIO REGISTRARSE, link a google forms despu\u00e9s de la imagen. Registre al Webinar ESMRMB 41st Annual Meeting, 2025 El GABRMN ha participado del prestigioso congreso de la ESMRMB que se ha celebrado en Marseille, 8-11 d&#8217;octubre de 2025, con [&hellip;]<\/p>\n","protected":false},"author":2658,"featured_media":0,"parent":0,"menu_order":0,"comment_status":"closed","ping_status":"closed","template":"","meta":{"footnotes":""},"class_list":["post-786","page","type-page","status-publish","hentry"],"_links":{"self":[{"href":"https:\/\/webs.uab.cat\/gabrmn\/es\/wp-json\/wp\/v2\/pages\/786","targetHints":{"allow":["GET"]}}],"collection":[{"href":"https:\/\/webs.uab.cat\/gabrmn\/es\/wp-json\/wp\/v2\/pages"}],"about":[{"href":"https:\/\/webs.uab.cat\/gabrmn\/es\/wp-json\/wp\/v2\/types\/page"}],"author":[{"embeddable":true,"href":"https:\/\/webs.uab.cat\/gabrmn\/es\/wp-json\/wp\/v2\/users\/2658"}],"replies":[{"embeddable":true,"href":"https:\/\/webs.uab.cat\/gabrmn\/es\/wp-json\/wp\/v2\/comments?post=786"}],"version-history":[{"count":29,"href":"https:\/\/webs.uab.cat\/gabrmn\/es\/wp-json\/wp\/v2\/pages\/786\/revisions"}],"predecessor-version":[{"id":1121,"href":"https:\/\/webs.uab.cat\/gabrmn\/es\/wp-json\/wp\/v2\/pages\/786\/revisions\/1121"}],"wp:attachment":[{"href":"https:\/\/webs.uab.cat\/gabrmn\/es\/wp-json\/wp\/v2\/media?parent=786"}],"curies":[{"name":"wp","href":"https:\/\/api.w.org\/{rel}","templated":true}]}}