{"id":140,"date":"2023-12-30T14:28:06","date_gmt":"2023-12-30T12:28:06","guid":{"rendered":"https:\/\/webs.uab.cat\/gabrmn\/?page_id=140"},"modified":"2024-01-01T22:21:52","modified_gmt":"2024-01-01T20:21:52","slug":"2019-2","status":"publish","type":"page","link":"https:\/\/webs.uab.cat\/gabrmn\/2019-2\/","title":{"rendered":"2019"},"content":{"rendered":"\n<p><em>Juli\u00e0-Sap\u00e9 M,<\/em> <strong>Candiota AP, Ar\u00fas C. <\/strong>Cancer metabolism in a snapshot: MRS(I). NMR Biomed. 2019 Oct;32(10):e4054.<a href=\"https:\/\/analyticalsciencejournals.onlinelibrary.wiley.com\/doi\/10.1002\/nbm.4054\" target=\"_blank\" rel=\"noreferrer noopener\"> doi: 10.1002\/nbm.4054<\/a>. Epub 2019 Jan 11. PMID: 30633389.<\/p>\n\n\n\n<p><em>Villama\u00f1an L<\/em>, Alcaraz E, Pinna LA, Ruzzene M, Itarte E, <strong>Ar\u00fas C,<\/strong> Plana M, <strong>Candiota AP<\/strong>. Up-Regulation of the Alpha Prime Subunit of Protein Kinase CK2 as a Marker of Fast Proliferation in GL261 Cultured Cells. Pathol Oncol Res. 2019 Oct;25(4):1659-1663. <a href=\"http:\/\/por.hu\/2019\/25\/4\/1659\/1659a.pdf\" target=\"_blank\" rel=\"noreferrer noopener\">doi: 10.1007\/s12253-018-00567-z<\/a>. Epub 2019 Jan 4. PMID: 30607803.<\/p>\n\n\n\n<p><em>Ortega-Martorell S<\/em>, <strong>Candiota AP,<\/strong> Thomson R, Riley P, <em>Julia-Sape M, Olier I. <\/em>Embedding MRI information into MRSI data source extraction improves brain tumour delineation in animal models. PLoS One. 2019 Aug 15;14(8):e0220809. <a href=\"https:\/\/journals.plos.org\/plosone\/article?id=10.1371\/journal.pone.0220809\" target=\"_blank\" rel=\"noreferrer noopener\">doi: 10.1371\/journal.pone.0220809<\/a>. PMID: 31415601; PMCID: PMC6695141.<\/p>\n\n\n\n<p>Mora P, Pons A, Cos M, Camins A, Muntan\u00e9 A, Aguilera C, <strong>Ar\u00fas C,<\/strong> Maj\u00f3s C. Magnetic resonance spectroscopy in posterior fossa tumours: the tumour spectroscopic signature may improve discrimination in adults among haemangioblastoma, ependymal tumours, medulloblastoma, and metastasis. Eur Radiol. 2019 Jun;29(6):2792-2801. <a href=\"https:\/\/link.springer.com\/article\/10.1007\/s00330-018-5879-z\" target=\"_blank\" rel=\"noreferrer noopener\">doi: 10.1007\/s00330-018-5879-z<\/a>. Epub 2018 Dec 19. PMID: 30569184.<\/p>\n","protected":false},"excerpt":{"rendered":"<p>Juli\u00e0-Sap\u00e9 M, Candiota AP, Ar\u00fas C. Cancer metabolism in a snapshot: MRS(I). NMR Biomed. 2019 Oct;32(10):e4054. doi: 10.1002\/nbm.4054. Epub 2019 Jan 11. PMID: 30633389. Villama\u00f1an L, Alcaraz E, Pinna LA, Ruzzene M, Itarte E, Ar\u00fas C, Plana M, Candiota AP. Up-Regulation of the Alpha Prime Subunit of Protein Kinase CK2 as a Marker of Fast [&hellip;]<\/p>\n","protected":false},"author":2658,"featured_media":0,"parent":0,"menu_order":0,"comment_status":"closed","ping_status":"closed","template":"","meta":{"footnotes":""},"class_list":["post-140","page","type-page","status-publish","hentry"],"_links":{"self":[{"href":"https:\/\/webs.uab.cat\/gabrmn\/wp-json\/wp\/v2\/pages\/140","targetHints":{"allow":["GET"]}}],"collection":[{"href":"https:\/\/webs.uab.cat\/gabrmn\/wp-json\/wp\/v2\/pages"}],"about":[{"href":"https:\/\/webs.uab.cat\/gabrmn\/wp-json\/wp\/v2\/types\/page"}],"author":[{"embeddable":true,"href":"https:\/\/webs.uab.cat\/gabrmn\/wp-json\/wp\/v2\/users\/2658"}],"replies":[{"embeddable":true,"href":"https:\/\/webs.uab.cat\/gabrmn\/wp-json\/wp\/v2\/comments?post=140"}],"version-history":[{"count":3,"href":"https:\/\/webs.uab.cat\/gabrmn\/wp-json\/wp\/v2\/pages\/140\/revisions"}],"predecessor-version":[{"id":410,"href":"https:\/\/webs.uab.cat\/gabrmn\/wp-json\/wp\/v2\/pages\/140\/revisions\/410"}],"wp:attachment":[{"href":"https:\/\/webs.uab.cat\/gabrmn\/wp-json\/wp\/v2\/media?parent=140"}],"curies":[{"name":"wp","href":"https:\/\/api.w.org\/{rel}","templated":true}]}}