{"id":147,"date":"2023-12-30T14:35:01","date_gmt":"2023-12-30T12:35:01","guid":{"rendered":"https:\/\/webs.uab.cat\/gabrmn\/?page_id=147"},"modified":"2024-01-01T22:22:56","modified_gmt":"2024-01-01T20:22:56","slug":"2018-2","status":"publish","type":"page","link":"https:\/\/webs.uab.cat\/gabrmn\/2018-2\/","title":{"rendered":"2018"},"content":{"rendered":"\n<p>Su\u00e1rez-Garc\u00eda S, <em>Arias-Ramos N<\/em>, Frias C, <strong>Candiota AP, Ar\u00fas C<\/strong>, Lorenzo J, Ruiz-Molina D, Novio F. Dual T<sub>1<\/sub>\/ T<sub>2<\/sub> Nanoscale Coordination Polymers as Novel Contrast Agents for MRI: A Preclinical Study for Brain Tumor. ACS Appl Mater Interfaces. 2018 Nov 14;10(45):38819-38832. <a href=\"https:\/\/pubs.acs.org\/doi\/10.1021\/acsami.8b15594\" target=\"_blank\" rel=\"noreferrer noopener\">doi: 10.1021\/acsami.8b15594<\/a>. Epub 2018 Nov 1. PMID: 30351897.<\/p>\n\n\n\n<p>Kyathanahally SP, Mocioiu V, Pedrosa de Barros N, Slotboom J, Wright AJ, <em>Juli\u00e0-Sap\u00e9 M, <\/em><strong>Ar\u00fas C<\/strong>, Kreis R. Quality of clinical brain tumor MR spectra judged by humans and machine learning tools. Magn Reson Med. 2018 May;79(5):2500-2510. <a href=\"https:\/\/onlinelibrary.wiley.com\/doi\/10.1002\/mrm.26948\" target=\"_blank\" rel=\"noreferrer noopener\">doi: 10.1002\/mrm.26948<\/a>. Epub 2017 Oct 10. PMID: 28994492.<\/p>\n\n\n\n<p>Fern\u00e1ndez-Flores F, Garc\u00eda-Verdugo JM, Mart\u00edn-Ib\u00e1\u00f1ez R, Herranz C, Fondevila D, Canals JM, <strong>Ar\u00fas C, <\/strong>Pumarola M. Characterization of the canine rostral ventricular-subventricular zone: Morphological, immunohistochemical, ultrastructural, and neurosphere assay studies. J Comp Neurol. 2018 Mar 1;526(4):721-741. <a href=\"https:\/\/onlinelibrary.wiley.com\/doi\/10.1002\/cne.24365\" target=\"_blank\" rel=\"noreferrer noopener\">doi: 10.1002\/cne.24365<\/a>. Epub 2017 Dec 19. PMID: 29205371.<\/p>\n\n\n\n<p><\/p>\n","protected":false},"excerpt":{"rendered":"<p>Su\u00e1rez-Garc\u00eda S, Arias-Ramos N, Frias C, Candiota AP, Ar\u00fas C, Lorenzo J, Ruiz-Molina D, Novio F. Dual T1\/ T2 Nanoscale Coordination Polymers as Novel Contrast Agents for MRI: A Preclinical Study for Brain Tumor. ACS Appl Mater Interfaces. 2018 Nov 14;10(45):38819-38832. doi: 10.1021\/acsami.8b15594. Epub 2018 Nov 1. PMID: 30351897. Kyathanahally SP, Mocioiu V, Pedrosa de [&hellip;]<\/p>\n","protected":false},"author":2658,"featured_media":0,"parent":0,"menu_order":0,"comment_status":"closed","ping_status":"closed","template":"","meta":{"footnotes":""},"class_list":["post-147","page","type-page","status-publish","hentry"],"_links":{"self":[{"href":"https:\/\/webs.uab.cat\/gabrmn\/wp-json\/wp\/v2\/pages\/147","targetHints":{"allow":["GET"]}}],"collection":[{"href":"https:\/\/webs.uab.cat\/gabrmn\/wp-json\/wp\/v2\/pages"}],"about":[{"href":"https:\/\/webs.uab.cat\/gabrmn\/wp-json\/wp\/v2\/types\/page"}],"author":[{"embeddable":true,"href":"https:\/\/webs.uab.cat\/gabrmn\/wp-json\/wp\/v2\/users\/2658"}],"replies":[{"embeddable":true,"href":"https:\/\/webs.uab.cat\/gabrmn\/wp-json\/wp\/v2\/comments?post=147"}],"version-history":[{"count":2,"href":"https:\/\/webs.uab.cat\/gabrmn\/wp-json\/wp\/v2\/pages\/147\/revisions"}],"predecessor-version":[{"id":412,"href":"https:\/\/webs.uab.cat\/gabrmn\/wp-json\/wp\/v2\/pages\/147\/revisions\/412"}],"wp:attachment":[{"href":"https:\/\/webs.uab.cat\/gabrmn\/wp-json\/wp\/v2\/media?parent=147"}],"curies":[{"name":"wp","href":"https:\/\/api.w.org\/{rel}","templated":true}]}}