{"id":151,"date":"2023-12-30T14:39:36","date_gmt":"2023-12-30T12:39:36","guid":{"rendered":"https:\/\/webs.uab.cat\/gabrmn\/?page_id=151"},"modified":"2024-01-01T22:23:24","modified_gmt":"2024-01-01T20:23:24","slug":"2017-2","status":"publish","type":"page","link":"https:\/\/webs.uab.cat\/gabrmn\/2017-2\/","title":{"rendered":"2017"},"content":{"rendered":"\n<p><em>Ferrer-Font L, Arias-Ramos N<\/em>, Lope-Piedrafita S, <em>Juli\u00e0-Sap\u00e9 M, <\/em>Pumarola M,<strong> Ar\u00fas C, Candiota AP<\/strong>. Metronomic treatment in immunocompetent preclinical GL261 glioblastoma: effects of cyclophosphamide and temozolomide. NMR Biomed. 2017 Sep;30(9). <a href=\"https:\/\/analyticalsciencejournals.onlinelibrary.wiley.com\/doi\/10.1002\/nbm.3748\" target=\"_blank\" rel=\"noreferrer noopener\">doi: 10.1002\/nbm.3748<\/a>. Epub 2017 Jun 1. PMID: 28570014.<\/p>\n\n\n\n<p><em>Jim\u00e9nez-Xarri\u00e9 E, Davila M<\/em>, <strong>Candiota AP,<\/strong> Delgado-Mederos R, <em>Ortega-Martorell S, Juli\u00e0-Sap\u00e9 M<\/em>, <strong>Ar\u00fas C,<\/strong> Mart\u00ed-F\u00e0bregas J. Brain metabolic pattern analysis using a magnetic resonance spectra classification software in experimental stroke. BMC Neurosci. 2017 Jan 13;18(1):13. <a href=\"https:\/\/bmcneurosci.biomedcentral.com\/articles\/10.1186\/s12868-016-0328-x\" target=\"_blank\" rel=\"noreferrer noopener\">doi: 10.1186\/s12868-016-0328-x<\/a>. PMID: 28086802; PMCID: PMC5237280.<\/p>\n\n\n\n<p><em>Ferrer-Font L, Villama\u00f1an L, Arias-Ramos N,<\/em> Vilardell J, Plana M, Ruzzene M, Pinna LA, Itarte E, <strong>Ar\u00fas C, Candiota AP<\/strong>. Targeting Protein Kinase CK2: Evaluating CX-4945 Potential for GL261 Glioblastoma Therapy in Immunocompetent Mice. Pharmaceuticals (Basel). 2017 Feb 12;10(1):24. <a href=\"https:\/\/www.mdpi.com\/1424-8247\/10\/1\/24\" target=\"_blank\" rel=\"noreferrer noopener\">doi: 10.3390\/ph10010024<\/a>. PMID: 28208677; PMCID: PMC5374428.<\/p>\n\n\n\n<p><em>Arias-Ramos N, Ferrer-Font L<\/em>, Lope-Piedrafita S, <em>Mocioiu V, Juli\u00e0-Sap\u00e9 M, <\/em>Pumarola M, <strong>Ar\u00fas C, Candiota AP.<\/strong> Metabolomics of Therapy Response in Preclinical Glioblastoma: A Multi-Slice MRSI-Based Volumetric Analysis for Noninvasive Assessment of Temozolomide Treatment. Metabolites. 2017 May 18;7(2):20. <a href=\"https:\/\/www.mdpi.com\/2218-1989\/7\/2\/20\" target=\"_blank\" rel=\"noreferrer noopener\">doi: 10.3390\/metabo7020020<\/a>. PMID: 28524099; PMCID: PMC5487991.<\/p>\n","protected":false},"excerpt":{"rendered":"<p>Ferrer-Font L, Arias-Ramos N, Lope-Piedrafita S, Juli\u00e0-Sap\u00e9 M, Pumarola M, Ar\u00fas C, Candiota AP. Metronomic treatment in immunocompetent preclinical GL261 glioblastoma: effects of cyclophosphamide and temozolomide. NMR Biomed. 2017 Sep;30(9). doi: 10.1002\/nbm.3748. Epub 2017 Jun 1. PMID: 28570014. Jim\u00e9nez-Xarri\u00e9 E, Davila M, Candiota AP, Delgado-Mederos R, Ortega-Martorell S, Juli\u00e0-Sap\u00e9 M, Ar\u00fas C, Mart\u00ed-F\u00e0bregas J. Brain [&hellip;]<\/p>\n","protected":false},"author":2658,"featured_media":0,"parent":0,"menu_order":0,"comment_status":"closed","ping_status":"closed","template":"","meta":{"footnotes":""},"class_list":["post-151","page","type-page","status-publish","hentry"],"_links":{"self":[{"href":"https:\/\/webs.uab.cat\/gabrmn\/wp-json\/wp\/v2\/pages\/151","targetHints":{"allow":["GET"]}}],"collection":[{"href":"https:\/\/webs.uab.cat\/gabrmn\/wp-json\/wp\/v2\/pages"}],"about":[{"href":"https:\/\/webs.uab.cat\/gabrmn\/wp-json\/wp\/v2\/types\/page"}],"author":[{"embeddable":true,"href":"https:\/\/webs.uab.cat\/gabrmn\/wp-json\/wp\/v2\/users\/2658"}],"replies":[{"embeddable":true,"href":"https:\/\/webs.uab.cat\/gabrmn\/wp-json\/wp\/v2\/comments?post=151"}],"version-history":[{"count":3,"href":"https:\/\/webs.uab.cat\/gabrmn\/wp-json\/wp\/v2\/pages\/151\/revisions"}],"predecessor-version":[{"id":413,"href":"https:\/\/webs.uab.cat\/gabrmn\/wp-json\/wp\/v2\/pages\/151\/revisions\/413"}],"wp:attachment":[{"href":"https:\/\/webs.uab.cat\/gabrmn\/wp-json\/wp\/v2\/media?parent=151"}],"curies":[{"name":"wp","href":"https:\/\/api.w.org\/{rel}","templated":true}]}}