{"id":154,"date":"2023-12-30T14:43:53","date_gmt":"2023-12-30T12:43:53","guid":{"rendered":"https:\/\/webs.uab.cat\/gabrmn\/?page_id=154"},"modified":"2024-01-01T22:23:58","modified_gmt":"2024-01-01T20:23:58","slug":"2016-2","status":"publish","type":"page","link":"https:\/\/webs.uab.cat\/gabrmn\/2016-2\/","title":{"rendered":"2016"},"content":{"rendered":"\n<p><em>Delgado-Go\u00f1i T, Ortega-Martorell S, Ciezka M, Olier I, <\/em><strong>Candiota AP<\/strong>, <em>Juli\u00e0-Sap\u00e9 M, <\/em>Fern\u00e1ndez F, Pumarola M, Lisboa PJ,<strong> Ar\u00fas C.<\/strong> MRSI-based molecular imaging of therapy response to temozolomide in preclinical glioblastoma using source analysis. NMR Biomed. 2016 Jun;29(6):732-43. <a href=\"https:\/\/analyticalsciencejournals.onlinelibrary.wiley.com\/doi\/10.1002\/nbm.3521\" target=\"_blank\" rel=\"noreferrer noopener\">doi: 10.1002\/nbm.3521<\/a>. Epub 2016 Apr 8. PMID: 27061401.<\/p>\n\n\n\n<p><em>Ciezka M,<\/em> Acosta M, Herranz C, Canals JM, Pumarola M, <strong>Candiota AP, Ar\u00fas C.<\/strong> Development of a transplantable glioma tumour model from genetically engineered mice: MRI\/MRS\/MRSI characterisation. J Neurooncol. 2016 Aug;129(1):67-76. <a href=\"https:\/\/link.springer.com\/article\/10.1007\/s11060-016-2164-3\" target=\"_blank\" rel=\"noreferrer noopener\">doi: 10.1007\/s11060-016-2164-3<\/a>. Epub 2016 Jun 21. PMID: 27324642.,<\/p>\n\n\n\n<p><em>Ferrer-Font L,<\/em> Alcaraz E, Plana M, <strong>Candiota AP<\/strong>, Itarte E, <strong>Ar\u00fas C<\/strong>. Protein Kinase CK2 Content in GL261 Mouse Glioblastoma. Pathol Oncol Res. 2016 Jul;22(3):633-7. <a href=\"http:\/\/por.hu\/2016\/22\/3\/0633\/0633a.pdf\" target=\"_blank\" rel=\"noreferrer noopener\">doi: 10.1007\/s12253-015-9987-7<\/a>. Epub 2015 Oct 14. PMID: 26466942.<\/p>\n\n\n\n<p>Castells Domingo X, <em>Ferrer-Font L, Davila M<\/em>, <strong>Candiota AP<\/strong>, <em>Sim\u00f5es RV,<\/em> Fern\u00e1ndez-Coello A, Gabarr\u00f3s A, Boluda S, Barcel\u00f3 A, Ari\u00f1o J, <strong>Ar\u00fas C. <\/strong>Improving Ribosomal RNA Integrity in Surgically Resected Human Brain Tumor Biopsies. Biopreserv Biobank. 2016 Apr;14(2):156-64. <a href=\"https:\/\/www.liebertpub.com\/doi\/10.1089\/bio.2015.0086?url_ver=Z39.88-2003&amp;rfr_id=ori%3Arid%3Acrossref.org&amp;rfr_dat=cr_pub++0pubmed\" target=\"_blank\" rel=\"noreferrer noopener\">doi: 10.1089\/bio.2015.0086<\/a>. Epub 2016 Feb 17. PMID: 26886080.<\/p>\n","protected":false},"excerpt":{"rendered":"<p>Delgado-Go\u00f1i T, Ortega-Martorell S, Ciezka M, Olier I, Candiota AP, Juli\u00e0-Sap\u00e9 M, Fern\u00e1ndez F, Pumarola M, Lisboa PJ, Ar\u00fas C. MRSI-based molecular imaging of therapy response to temozolomide in preclinical glioblastoma using source analysis. NMR Biomed. 2016 Jun;29(6):732-43. doi: 10.1002\/nbm.3521. Epub 2016 Apr 8. PMID: 27061401. Ciezka M, Acosta M, Herranz C, Canals JM, Pumarola [&hellip;]<\/p>\n","protected":false},"author":2658,"featured_media":0,"parent":0,"menu_order":0,"comment_status":"closed","ping_status":"closed","template":"","meta":{"footnotes":""},"class_list":["post-154","page","type-page","status-publish","hentry"],"_links":{"self":[{"href":"https:\/\/webs.uab.cat\/gabrmn\/wp-json\/wp\/v2\/pages\/154","targetHints":{"allow":["GET"]}}],"collection":[{"href":"https:\/\/webs.uab.cat\/gabrmn\/wp-json\/wp\/v2\/pages"}],"about":[{"href":"https:\/\/webs.uab.cat\/gabrmn\/wp-json\/wp\/v2\/types\/page"}],"author":[{"embeddable":true,"href":"https:\/\/webs.uab.cat\/gabrmn\/wp-json\/wp\/v2\/users\/2658"}],"replies":[{"embeddable":true,"href":"https:\/\/webs.uab.cat\/gabrmn\/wp-json\/wp\/v2\/comments?post=154"}],"version-history":[{"count":2,"href":"https:\/\/webs.uab.cat\/gabrmn\/wp-json\/wp\/v2\/pages\/154\/revisions"}],"predecessor-version":[{"id":414,"href":"https:\/\/webs.uab.cat\/gabrmn\/wp-json\/wp\/v2\/pages\/154\/revisions\/414"}],"wp:attachment":[{"href":"https:\/\/webs.uab.cat\/gabrmn\/wp-json\/wp\/v2\/media?parent=154"}],"curies":[{"name":"wp","href":"https:\/\/api.w.org\/{rel}","templated":true}]}}