{"id":162,"date":"2023-12-30T14:56:03","date_gmt":"2023-12-30T12:56:03","guid":{"rendered":"https:\/\/webs.uab.cat\/gabrmn\/?page_id=162"},"modified":"2024-01-01T22:24:19","modified_gmt":"2024-01-01T20:24:19","slug":"2015-2","status":"publish","type":"page","link":"https:\/\/webs.uab.cat\/gabrmn\/2015-2\/","title":{"rendered":"2015"},"content":{"rendered":"\n<p>Castells X, Acebes JJ, Maj\u00f3s C, Boluda S, <em>Juli\u00e0-Sap\u00e9 M<\/em>, <strong>Candiota AP,<\/strong> Ari\u00f1o J, Barcel\u00f3 A, <strong>Ar\u00fas C<\/strong>. Robustness of equations that define molecular subtypes of glioblastoma tumors based on five transcripts measured by RT-PCR. OMICS. 2015 Jan;19(1):41-51. <a href=\"https:\/\/www.ncbi.nlm.nih.gov\/pmc\/articles\/PMC4281848\/\" target=\"_blank\" rel=\"noreferrer noopener\">doi: 10.1089\/omi.2014.0077<\/a>. PMID: 25562199; PMCID: PMC4281848.<\/p>\n\n\n\n<p><em>Sim\u00f5es RV,<\/em> Ortu\u00f1o JE, Bokacheva L, <strong>Candiota AP<\/strong>, Ledesma-Carbayo MJ, <em>Delgado-Go\u00f1i T<\/em>, Garc\u00eda-Mart\u00edn ML, Santos A, <strong>Ar\u00fas C.<\/strong> Effect of acute hyperglycemia on moderately hypothermic GL261 mouse glioma monitored by T1-weighted DCE MRI. MAGMA. 2015 Apr;28(2):119-26. <a href=\"https:\/\/link.springer.com\/article\/10.1007\/s10334-014-0447-2\" target=\"_blank\" rel=\"noreferrer noopener\">doi: 10.1007\/s10334-014-0447-2<\/a>. Epub 2014 Jun 11. PMID: 24916487.<\/p>\n\n\n\n<p><em>Jim\u00e9nez-Xarri\u00e9 E, Davila M<\/em>, Gil-Perot\u00edn S, Jurado-Rodr\u00edguez A, <strong>Candiota AP, <\/strong>Delgado-Mederos R, Lope-Piedrafita S, Garc\u00eda-Verdugo JM,<strong> Ar\u00fas C, <\/strong>Mart\u00ed-F\u00e0bregas J. In vivo and ex vivo magnetic resonance spectroscopy of the infarct and the subventricular zone in experimental stroke. J Cereb Blood Flow Metab. 2015 May;35(5):828-34. <a href=\"https:\/\/journals.sagepub.com\/doi\/10.1038\/jcbfm.2014.257?url_ver=Z39.88-2003&amp;rfr_id=ori:rid:crossref.org&amp;rfr_dat=cr_pub%20%200pubmed\" target=\"_blank\" rel=\"noreferrer noopener\">doi: 10.1038\/jcbfm.2014.257<\/a>. Epub 2015 Jan 21. PMID: 25605287; PMCID: PMC4420856.<\/p>\n\n\n\n<p><em>Juli\u00e0-Sap\u00e9 M,<\/em> Griffiths JR, Tate AR, Howe FA, <em>Acosta D<\/em>, Postma G, Underwood J, Maj\u00f3s C, <strong>Ar\u00fas C.<\/strong> Classification of brain tumours from MR spectra: the INTERPRET collaboration and its outcomes. NMR Biomed. 2015 Dec;28(12):1772-87. <a href=\"https:\/\/analyticalsciencejournals.onlinelibrary.wiley.com\/doi\/10.1002\/nbm.3439\">doi: 10.1002\/nbm.3439<\/a>. Erratum in: NMR Biomed. 2016 Mar;29(3):371. Tate, Rosemary A [Corrected to Tate, A Rosemary]. PMID: 26768492.<\/p>\n\n\n\n<p><em>Mocioiu V, Ortega-Martorell S, Olier I,<\/em> Jablonski M, Starcukova J, Lisboa P, <strong>Ar\u00fas C, <\/strong><em>Juli\u00e0-Sap\u00e9 M<\/em>. From raw data to data-analysis for magnetic resonance spectroscopy&#8211;the missing link: jMRUI2XML. BMC Bioinformatics. 2015 Nov 9;16:378. <a href=\"https:\/\/bmcbioinformatics.biomedcentral.com\/articles\/10.1186\/s12859-015-0796-5\" target=\"_blank\" rel=\"noreferrer noopener\">doi: 10.1186\/s12859-015-0796-5<\/a>. PMID: 26552737; PMCID: PMC4640235.<\/p>\n","protected":false},"excerpt":{"rendered":"<p>Castells X, Acebes JJ, Maj\u00f3s C, Boluda S, Juli\u00e0-Sap\u00e9 M, Candiota AP, Ari\u00f1o J, Barcel\u00f3 A, Ar\u00fas C. Robustness of equations that define molecular subtypes of glioblastoma tumors based on five transcripts measured by RT-PCR. OMICS. 2015 Jan;19(1):41-51. doi: 10.1089\/omi.2014.0077. PMID: 25562199; PMCID: PMC4281848. Sim\u00f5es RV, Ortu\u00f1o JE, Bokacheva L, Candiota AP, Ledesma-Carbayo MJ, Delgado-Go\u00f1i [&hellip;]<\/p>\n","protected":false},"author":2658,"featured_media":0,"parent":0,"menu_order":0,"comment_status":"closed","ping_status":"closed","template":"","meta":{"footnotes":""},"class_list":["post-162","page","type-page","status-publish","hentry"],"_links":{"self":[{"href":"https:\/\/webs.uab.cat\/gabrmn\/wp-json\/wp\/v2\/pages\/162","targetHints":{"allow":["GET"]}}],"collection":[{"href":"https:\/\/webs.uab.cat\/gabrmn\/wp-json\/wp\/v2\/pages"}],"about":[{"href":"https:\/\/webs.uab.cat\/gabrmn\/wp-json\/wp\/v2\/types\/page"}],"author":[{"embeddable":true,"href":"https:\/\/webs.uab.cat\/gabrmn\/wp-json\/wp\/v2\/users\/2658"}],"replies":[{"embeddable":true,"href":"https:\/\/webs.uab.cat\/gabrmn\/wp-json\/wp\/v2\/comments?post=162"}],"version-history":[{"count":2,"href":"https:\/\/webs.uab.cat\/gabrmn\/wp-json\/wp\/v2\/pages\/162\/revisions"}],"predecessor-version":[{"id":415,"href":"https:\/\/webs.uab.cat\/gabrmn\/wp-json\/wp\/v2\/pages\/162\/revisions\/415"}],"wp:attachment":[{"href":"https:\/\/webs.uab.cat\/gabrmn\/wp-json\/wp\/v2\/media?parent=162"}],"curies":[{"name":"wp","href":"https:\/\/api.w.org\/{rel}","templated":true}]}}