{"id":165,"date":"2023-12-30T15:00:21","date_gmt":"2023-12-30T13:00:21","guid":{"rendered":"https:\/\/webs.uab.cat\/gabrmn\/?page_id=165"},"modified":"2024-01-01T22:24:40","modified_gmt":"2024-01-01T20:24:40","slug":"2014-2","status":"publish","type":"page","link":"https:\/\/webs.uab.cat\/gabrmn\/2014-2\/","title":{"rendered":"2014"},"content":{"rendered":"\n<p><strong>Candiota AP<\/strong>, <em>Acosta M, Sim\u00f5es RV, Delgado-Go\u00f1i T<\/em>, Lope-Piedrafita S, Irure A, Marradi M, Bomati-Miguel O, Miguel-Sancho N, Abasolo I, Schwartz S Jr, Santamaria J, Penad\u00e9s S, <strong>Ar\u00fas C<\/strong>. A new ex vivo method to evaluate the performance of candidate MRI contrast agents: a proof-of-concept study. J Nanobiotechnology. 2014 Apr 5;12:12. <a href=\"https:\/\/jnanobiotechnology.biomedcentral.com\/articles\/10.1186\/1477-3155-12-12\" target=\"_blank\" rel=\"noreferrer noopener\">doi: 10.1186\/1477-3155-12-12<\/a>. PMID: 24708566; PMCID: PMC4021710.<\/p>\n\n\n\n<p><em>Delgado-Go\u00f1i T, Juli\u00e0-Sap\u00e9 M<\/em>, <strong>Candiota AP<\/strong>, Pumarola M, <strong>Ar\u00fas C. <\/strong>Molecular imaging coupled to pattern recognition distinguishes response to temozolomide in preclinical glioblastoma. NMR Biomed. 2014 Nov;27(11):1333-45. <a href=\"https:\/\/analyticalsciencejournals.onlinelibrary.wiley.com\/doi\/10.1002\/nbm.3194\" target=\"_blank\" rel=\"noreferrer noopener\">doi: 10.1002\/nbm.3194<\/a>. Epub 2014 Sep 10. PMID: 25208348.<\/p>\n\n\n\n<p>Mora P, Maj\u00f3s C, Casta\u00f1er S, S\u00e1nchez JJ, Gabarr\u00f3s A, Muntan\u00e9 A, Aguilera C, <strong>Ar\u00fas C.<\/strong> (1)H-MRS is useful to reinforce the suspicion of primary central nervous system lymphoma prior to surgery. Eur Radiol. 2014 Nov;24(11):2895-905. <a href=\"https:\/\/link.springer.com\/article\/10.1007\/s00330-014-3308-5\" target=\"_blank\" rel=\"noreferrer noopener\">doi: 10.1007\/s00330-014-3308-5<\/a>. Epub 2014 Jul 17. PMID: 25027839.<\/p>\n\n\n\n<p><em>Juli\u00e0-Sap\u00e9 M, <\/em>Maj\u00f3s C, Camins \u00c0, Samitier A, Baquero M, Serrallonga M, Dom\u00e9nech S, Griv\u00e9 E, Howe FA, Opstad K, Calvar J, Aguilera C, <strong>Ar\u00fas C. <\/strong>Multicentre evaluation of the INTERPRET decision support system 2.0 for brain tumour classification. NMR Biomed. 2014 Sep;27(9):1009-18. <a href=\"https:\/\/analyticalsciencejournals.onlinelibrary.wiley.com\/doi\/10.1002\/nbm.3144\" target=\"_blank\" rel=\"noreferrer noopener\">doi: 10.1002\/nbm.3144<\/a>. Epub 2014 Jul 18. PMID: 25042391.<\/p>\n\n\n\n<p><\/p>\n","protected":false},"excerpt":{"rendered":"<p>Candiota AP, Acosta M, Sim\u00f5es RV, Delgado-Go\u00f1i T, Lope-Piedrafita S, Irure A, Marradi M, Bomati-Miguel O, Miguel-Sancho N, Abasolo I, Schwartz S Jr, Santamaria J, Penad\u00e9s S, Ar\u00fas C. A new ex vivo method to evaluate the performance of candidate MRI contrast agents: a proof-of-concept study. J Nanobiotechnology. 2014 Apr 5;12:12. doi: 10.1186\/1477-3155-12-12. PMID: 24708566; [&hellip;]<\/p>\n","protected":false},"author":2658,"featured_media":0,"parent":0,"menu_order":0,"comment_status":"closed","ping_status":"closed","template":"","meta":{"footnotes":""},"class_list":["post-165","page","type-page","status-publish","hentry"],"_links":{"self":[{"href":"https:\/\/webs.uab.cat\/gabrmn\/wp-json\/wp\/v2\/pages\/165","targetHints":{"allow":["GET"]}}],"collection":[{"href":"https:\/\/webs.uab.cat\/gabrmn\/wp-json\/wp\/v2\/pages"}],"about":[{"href":"https:\/\/webs.uab.cat\/gabrmn\/wp-json\/wp\/v2\/types\/page"}],"author":[{"embeddable":true,"href":"https:\/\/webs.uab.cat\/gabrmn\/wp-json\/wp\/v2\/users\/2658"}],"replies":[{"embeddable":true,"href":"https:\/\/webs.uab.cat\/gabrmn\/wp-json\/wp\/v2\/comments?post=165"}],"version-history":[{"count":2,"href":"https:\/\/webs.uab.cat\/gabrmn\/wp-json\/wp\/v2\/pages\/165\/revisions"}],"predecessor-version":[{"id":416,"href":"https:\/\/webs.uab.cat\/gabrmn\/wp-json\/wp\/v2\/pages\/165\/revisions\/416"}],"wp:attachment":[{"href":"https:\/\/webs.uab.cat\/gabrmn\/wp-json\/wp\/v2\/media?parent=165"}],"curies":[{"name":"wp","href":"https:\/\/api.w.org\/{rel}","templated":true}]}}