{"id":168,"date":"2023-12-30T15:04:49","date_gmt":"2023-12-30T13:04:49","guid":{"rendered":"https:\/\/webs.uab.cat\/gabrmn\/?page_id=168"},"modified":"2024-01-01T22:24:59","modified_gmt":"2024-01-01T20:24:59","slug":"2013-2","status":"publish","type":"page","link":"https:\/\/webs.uab.cat\/gabrmn\/2013-2\/","title":{"rendered":"2013"},"content":{"rendered":"\n<p>Ortu\u00f1o JE, Ledesma-Carbayo MJ, <em>Sim\u00f5es RV, <\/em><strong>Candiota AP, Ar\u00fas C,<\/strong> Santos A. DCE@urLAB: a dynamic contrast-enhanced MRI pharmacokinetic analysis tool for preclinical data. BMC Bioinformatics. 2013 Nov 4;14:316. <a href=\"https:\/\/bmcbioinformatics.biomedcentral.com\/articles\/10.1186\/1471-2105-14-316\" target=\"_blank\" rel=\"noreferrer noopener\">doi: 10.1186\/1471-2105-14-316<\/a>. PMID: 24180558; PMCID: PMC4228420.<\/p>\n\n\n\n<p><em>Delgado-Go\u00f1i T, Mart\u00edn-Sitjar J, Sim\u00f5es RV, Acosta M,<\/em> Lope-Piedrafita S, <strong>Ar\u00fas C<\/strong>. Dimethyl sulfoxide (DMSO) as a potential contrast agent for brain tumors. NMR Biomed. 2013 Feb;26(2):173-84. <a href=\"https:\/\/analyticalsciencejournals.onlinelibrary.wiley.com\/doi\/10.1002\/nbm.2832\" target=\"_blank\" rel=\"noreferrer noopener\">doi: 10.1002\/nbm.2832<\/a>. Epub 2012 Jul 20. PMID: 22814967.<\/p>\n\n\n\n<p><em>Ortega-Martorell S<\/em>, Ruiz H, Vellido A, <em>Olier I, <\/em>Romero E, <em>Juli\u00e0-Sap\u00e9 M<\/em>, Mart\u00edn JD, Jarman IH, <strong>Ar\u00fas C,<\/strong> Lisboa PJ. A novel semi-supervised methodology for extracting tumor type-specific MRS sources in human brain data. PLoS One. 2013 Dec 23;8(12):e83773. <a href=\"https:\/\/journals.plos.org\/plosone\/article?id=10.1371\/journal.pone.0083773\" target=\"_blank\" rel=\"noreferrer noopener\">doi: 10.1371\/journal.pone.0083773<\/a>. PMID: 24376744; PMCID: PMC3871596.<\/p>\n\n\n\n<p><em>Delgado-Go\u00f1i T,<\/em> Campo S, <em>Mart\u00edn-Sitjar J, Caba\u00f1as ME, <\/em>San Segundo B, <strong>Ar\u00fas C.<\/strong> Assessment of a 1H high-resolution magic angle spinning NMR spectroscopy procedure for free sugars quantification in intact plant tissue. Planta. 2013 Aug;238(2):397-413. <a href=\"https:\/\/digital.csic.es\/handle\/10261\/248069\" target=\"_blank\" rel=\"noreferrer noopener\">doi: 10.1007\/s00425-013-1924-y<\/a>. Epub 2013 Jul 4. PMID: 23824526.<\/p>\n","protected":false},"excerpt":{"rendered":"<p>Ortu\u00f1o JE, Ledesma-Carbayo MJ, Sim\u00f5es RV, Candiota AP, Ar\u00fas C, Santos A. DCE@urLAB: a dynamic contrast-enhanced MRI pharmacokinetic analysis tool for preclinical data. BMC Bioinformatics. 2013 Nov 4;14:316. doi: 10.1186\/1471-2105-14-316. PMID: 24180558; PMCID: PMC4228420. Delgado-Go\u00f1i T, Mart\u00edn-Sitjar J, Sim\u00f5es RV, Acosta M, Lope-Piedrafita S, Ar\u00fas C. Dimethyl sulfoxide (DMSO) as a potential contrast agent for [&hellip;]<\/p>\n","protected":false},"author":2658,"featured_media":0,"parent":0,"menu_order":0,"comment_status":"closed","ping_status":"closed","template":"","meta":{"footnotes":""},"class_list":["post-168","page","type-page","status-publish","hentry"],"_links":{"self":[{"href":"https:\/\/webs.uab.cat\/gabrmn\/wp-json\/wp\/v2\/pages\/168","targetHints":{"allow":["GET"]}}],"collection":[{"href":"https:\/\/webs.uab.cat\/gabrmn\/wp-json\/wp\/v2\/pages"}],"about":[{"href":"https:\/\/webs.uab.cat\/gabrmn\/wp-json\/wp\/v2\/types\/page"}],"author":[{"embeddable":true,"href":"https:\/\/webs.uab.cat\/gabrmn\/wp-json\/wp\/v2\/users\/2658"}],"replies":[{"embeddable":true,"href":"https:\/\/webs.uab.cat\/gabrmn\/wp-json\/wp\/v2\/comments?post=168"}],"version-history":[{"count":2,"href":"https:\/\/webs.uab.cat\/gabrmn\/wp-json\/wp\/v2\/pages\/168\/revisions"}],"predecessor-version":[{"id":417,"href":"https:\/\/webs.uab.cat\/gabrmn\/wp-json\/wp\/v2\/pages\/168\/revisions\/417"}],"wp:attachment":[{"href":"https:\/\/webs.uab.cat\/gabrmn\/wp-json\/wp\/v2\/media?parent=168"}],"curies":[{"name":"wp","href":"https:\/\/api.w.org\/{rel}","templated":true}]}}